{"id":68317557,"date":"2025-03-29T22:28:43","date_gmt":"2025-03-29T21:28:43","guid":{"rendered":"https:\/\/kraftwerk-shop.cc\/?post_type=product&#038;p=68317557"},"modified":"2026-03-30T02:10:34","modified_gmt":"2026-03-30T00:10:34","slug":"mopar-colector-de-escape-ram-68591585aa-68591586aa","status":"publish","type":"product","link":"https:\/\/kraftwerk-shop.cc\/es\/produkt\/mopar-abgaskruemmer-ram-68591585aa-68591586aa\/","title":{"rendered":"Kit colector de escape Mopar RAM 1500 5.7 (68591585AA \/ 68591586AA)"},"content":{"rendered":"<h1>Kit de colector de escape original Mopar para RAM 1500 5.7 de 2009 a 2018 y RAM Classic 2019 - 2024<\/h1>\n<p>&nbsp;<\/p>\n<p><span lang=\"DE\"><strong>N\u00famero de pieza Mopar:<\/strong> 68591585AA, 68591586AA<br \/>\n<strong>Reemplazado:<\/strong> <span class=\"list-value\">\u2014<\/span><\/span><\/p>\n<p>&nbsp;<\/p>\n<p><strong>Adecuado para:<\/strong><\/p>\n<table width=\"1071\">\n<tbody>\n<tr>\n<td width=\"80\"><strong>A\u00f1o de construcci\u00f3n<\/strong><\/td>\n<td width=\"80\"><strong>Marca<\/strong><\/td>\n<td width=\"121\"><strong>Modelo<\/strong><\/td>\n<td width=\"592\"><strong>Versi\u00f3n<\/strong><\/td>\n<td width=\"198\"><strong>Motor<\/strong><\/td>\n<\/tr>\n<tr>\n<td width=\"80\">2024<\/td>\n<td width=\"80\">Ram<\/td>\n<td width=\"121\">1500 Classic<\/td>\n<td width=\"592\">Tradesman, Warlock<\/td>\n<td width=\"198\">5.7L<\/td>\n<\/tr>\n<tr>\n<td width=\"80\">2023<\/td>\n<td width=\"80\">Ram<\/td>\n<td width=\"121\">1500 Classic<\/td>\n<td width=\"592\">Tradesman, Warlock<\/td>\n<td width=\"198\">5.7L<\/td>\n<\/tr>\n<tr>\n<td width=\"80\">2022<\/td>\n<td width=\"80\">Ram<\/td>\n<td width=\"121\">1500 Classic<\/td>\n<td width=\"592\">Express, SLT, Tradesman, Warlock<\/td>\n<td width=\"198\">5.7L<\/td>\n<\/tr>\n<tr>\n<td width=\"80\">2021<\/td>\n<td width=\"80\">Ram<\/td>\n<td width=\"121\">1500 Classic<\/td>\n<td width=\"592\">Express, SLT, Tradesman, Warlock<\/td>\n<td width=\"198\">5.7L<\/td>\n<\/tr>\n<tr>\n<td width=\"80\">2020<\/td>\n<td width=\"80\">Ram<\/td>\n<td width=\"121\">1500 Classic<\/td>\n<td width=\"592\">Express, SLT, Special Service, Tradesman, Warlock<\/td>\n<td width=\"198\">5.7L<\/td>\n<\/tr>\n<tr>\n<td width=\"80\">2019<\/td>\n<td width=\"80\">Ram<\/td>\n<td width=\"121\">1500 Classic<\/td>\n<td width=\"592\">Big Horn, Express, Lone Star, SLT, Special Service, Tradesman, Warlock<\/td>\n<td width=\"198\">5.7L<\/td>\n<\/tr>\n<tr>\n<td width=\"80\">2018<\/td>\n<td width=\"80\">Ram<\/td>\n<td width=\"121\">1500<\/td>\n<td width=\"592\">Big Horn, Express, Laramie, Laramie Longhorn, Limited, Lone Star, Rebel, SLT, Special Service, Sport, Tradesman<\/td>\n<td width=\"198\">5.7L<\/td>\n<\/tr>\n<tr>\n<td width=\"80\">2017<\/td>\n<td width=\"80\">Ram<\/td>\n<td width=\"121\">1500<\/td>\n<td width=\"592\">Big Horn, Express, Laramie, Laramie Longhorn, Limited, Lone Star, Rebel, SLT, Special Service, Sport, Tradesman<\/td>\n<td width=\"198\">5.7L<\/td>\n<\/tr>\n<tr>\n<td width=\"80\">2016<\/td>\n<td width=\"80\">Ram<\/td>\n<td width=\"121\">1500<\/td>\n<td width=\"592\">Big Horn, Express, Laramie, Laramie Longhorn, Limited, Lone Star, Outdoorsman, Rebel, SLT, Special Service, Sport, Tradesman<\/td>\n<td width=\"198\">5.7L<\/td>\n<\/tr>\n<tr>\n<td width=\"80\">2015<\/td>\n<td width=\"80\">Ram<\/td>\n<td width=\"121\">1500<\/td>\n<td width=\"592\">Big Horn, Express, Laramie, Laramie Limited, Laramie Longhorn, Limited, Lone Star, Outdoorsman, Rebel, SLT, Special Service, Sport, Tradesman<\/td>\n<td width=\"198\">5.7L<\/td>\n<\/tr>\n<tr>\n<td width=\"80\">2014<\/td>\n<td width=\"80\">Ram<\/td>\n<td width=\"121\">1500<\/td>\n<td width=\"592\">Big Horn, Express, HFE, Laramie, Laramie Limited, Laramie Longhorn, Lone Star, Outdoorsman, SLT, Special Service, Sport, Tradesman<\/td>\n<td width=\"198\">5.7L<\/td>\n<\/tr>\n<tr>\n<td width=\"80\">2013<\/td>\n<td width=\"80\">Ram<\/td>\n<td width=\"121\">1500<\/td>\n<td width=\"592\">Big Horn, Express, Laramie, Laramie Longhorn, Outdoorsman, R\/T, SLT, Sport, Tradesman<\/td>\n<td width=\"198\">5.7L<\/td>\n<\/tr>\n<tr>\n<td width=\"80\">2012<\/td>\n<td width=\"80\">Ram<\/td>\n<td width=\"121\">1500<\/td>\n<td width=\"592\">Big Horn, Express, Laramie, Laramie Longhorn, Outdoorsman, SLT, ST, Sport, Tradesman, Tradesman HD<\/td>\n<td width=\"198\">5.7L<\/td>\n<\/tr>\n<tr>\n<td width=\"80\">2011<\/td>\n<td width=\"80\">Ram<\/td>\n<td width=\"121\">1500<\/td>\n<td width=\"592\">Big Horn, Laramie, Laramie Longhorn, Outdoorsman, SLT, ST, Sport, Tradesman<\/td>\n<td width=\"198\">5.7L<\/td>\n<\/tr>\n<tr>\n<td width=\"80\">2010<\/td>\n<td width=\"80\">Dodge<\/td>\n<td width=\"121\">Ram 1500<\/td>\n<td width=\"592\">Laramie, SLT, ST, Sport, TRX, TRX4<\/td>\n<td width=\"198\">5.7L<\/td>\n<\/tr>\n<tr>\n<td width=\"80\">2009<\/td>\n<td width=\"80\">Dodge<\/td>\n<td width=\"121\">Ram 1500<\/td>\n<td width=\"592\">Laramie, SLT, ST, Sport, TRX, TRX4<\/td>\n<td width=\"198\">5.7L<\/td>\n<\/tr>\n<\/tbody>\n<\/table>\n<p>&nbsp;<\/p>\n<p>&nbsp;<\/p>\n<h4>\u00bfPor qu\u00e9 elegir recambios originales Mopar?<\/h4>\n<p><strong>Ajuste perfecto y calidad superior:<\/strong> Los recambios originales Mopar se fabrican siguiendo las estrictas especificaciones del fabricante, lo que significa que encajan perfectamente en su veh\u00edculo. Esto no solo garantiza una instalaci\u00f3n sencilla, sino tambi\u00e9n un funcionamiento y una seguridad \u00f3ptimos.<\/p>\n<p><strong>Fiabilidad y durabilidad:<\/strong> Mediante el uso de materiales de alta calidad y estrictos controles de calidad, los recambios Mopar garantizan que su veh\u00edculo funcione de forma fiable incluso en condiciones extremas. Est\u00e1n dise\u00f1ados para durar y maximizar el rendimiento de su veh\u00edculo.<\/p>\n<p>&nbsp;<\/p>\n<p>&nbsp;<\/p>","protected":false},"excerpt":{"rendered":"<p>Pieza original Mopar<\/p>\n<p>2009 - 2018 &amp; Cl\u00e1sico 2019 - 2024<\/p>","protected":false},"featured_media":68317564,"comment_status":"open","ping_status":"closed","template":"","meta":{"_acf_changed":false},"product_brand":[16270],"product_cat":[6621],"product_tag":[11778,11781,475,252,419,420,2066,2373,4526,6297,10814,91,11855,11857,11856,10883,9408,11784,11785,11786,11787,2219,49,7809,10854,10861,10858,10874,10868,10853,10860,10867,10857,10864,10863,10859,10870,10875,10869,10880,10879,10862,10856,10872,10877,10873,10855,10881,10878,10876,10871,10865,10882,10866,10530,10531,11799,11800,477,11805,11806,11804,11849,11808,11809,11807,11788,11789,31,11780,11783,11779,11782,11790,11794,11791,11795,11792,11793,11852,11853,11854,7221,11850,11851,86,3507,11372,11818,10913,11817,11819,11810,11811,11815,11816,11814,11812,11820,11821,11866,11813,6333,11828,10976,11831,11829,11830,11822,10980,11826,11827,11825,11823,11832,11833,11824,7666,11840,10978,11843,11841,11842,11834,11835,11838,11839,11837,10977,11844,11845,11836,11859,11860,11858,11864,11863,11796,11802,11861,11797,11803,11865,11862,11798,11801,11846,11847,11848],"class_list":{"0":"post-68317557","1":"product","2":"type-product","3":"status-publish","4":"has-post-thumbnail","6":"product_brand-mopar","7":"product_cat-1500-57-2009-2018-classic-abgaskruemmer-katalysatoren","8":"product_tag-068591585aa","9":"product_tag-068591586aa","10":"product_tag-475","11":"product_tag-252","12":"product_tag-419","13":"product_tag-420","14":"product_tag-2066","15":"product_tag-2373","16":"product_tag-4526","17":"product_tag-6297","18":"product_tag-10814","19":"product_tag-5-7","20":"product_tag-5-7-v8-abgaskruemmer","21":"product_tag-5-7-v8-hemi-kruemmer","22":"product_tag-5-7-v8-kruemmer","23":"product_tag-68591585aa","24":"product_tag-68591586aa","25":"product_tag-abgaskruemmer-68591585aa","26":"product_tag-abgaskruemmer-68591586aa","27":"product_tag-auspuffkruemmer-68591585aa","28":"product_tag-auspuffkruemmer-68591586aa","29":"product_tag-classic","30":"product_tag-dodge","31":"product_tag-dodge-ram-1500","32":"product_tag-dodge-ram-1500-5-7-abgaskruemmer","33":"product_tag-dodge-ram-1500-5-7-abgaskruemmer-kosten","34":"product_tag-dodge-ram-1500-5-7-abgaskruemmer-riss","35":"product_tag-dodge-ram-1500-5-7-abgaskruemmer-temperatur","36":"product_tag-dodge-ram-1500-5-7-abgaskruemmer-torque-specs","37":"product_tag-dodge-ram-1500-5-7-auspuffkruemmer","38":"product_tag-dodge-ram-1500-5-7-auspuffkruemmer-reparatur","39":"product_tag-dodge-ram-1500-5-7-auspuffkruemmer-symptome","40":"product_tag-dodge-ram-1500-5-7-auspuffkruemmer-undichtigkeit","41":"product_tag-dodge-ram-1500-5-7-edelstahlkruemmer","42":"product_tag-dodge-ram-1500-5-7-faecherkruemmer","43":"product_tag-dodge-ram-1500-5-7-kruemmer-austausch","44":"product_tag-dodge-ram-1500-5-7-kruemmer-ersatzteile","45":"product_tag-dodge-ram-1500-5-7-kruemmer-geraeusche","46":"product_tag-dodge-ram-1500-5-7-kruemmer-leck","47":"product_tag-dodge-ram-1500-5-7-kruemmer-montage","48":"product_tag-dodge-ram-1500-5-7-kruemmer-schrauben","49":"product_tag-dodge-ram-1500-5-7-kruemmer-upgrade","50":"product_tag-dodge-ram-1500-5-7-kruemmerbolzen","51":"product_tag-dodge-ram-1500-5-7-kruemmerbolzen-drehmoment","52":"product_tag-dodge-ram-1500-5-7-kruemmerbolzen-problem","53":"product_tag-dodge-ram-1500-5-7-kruemmerbruch","54":"product_tag-dodge-ram-1500-5-7-kruemmerdichtung","55":"product_tag-dodge-ram-1500-5-7-kruemmerdichtung-anzugsdrehmoment","56":"product_tag-dodge-ram-1500-5-7-kruemmerdichtung-material","57":"product_tag-dodge-ram-1500-5-7-kruemmerdichtung-symptome","58":"product_tag-dodge-ram-1500-5-7-kruemmerdichtung-wechseln","59":"product_tag-dodge-ram-1500-5-7-kruemmerdichtungssatz","60":"product_tag-dodge-ram-1500-5-7-kruemmerdichtungssatz-kaufen","61":"product_tag-dodge-ram-1500-5-7-kruemmerprobleme","62":"product_tag-dodge-ram-2500","63":"product_tag-dodge-ram-3500","64":"product_tag-dodge-ram-abgaskruemmer","65":"product_tag-dodge-ram-kruemmer","66":"product_tag-ds","67":"product_tag-hemi-abgaskruemmer","68":"product_tag-hemi-auspuffkruemmer","69":"product_tag-hemi-kruemmer","70":"product_tag-hemi-kruemmer-ram","71":"product_tag-hemi-v8-abgaskruemmer","72":"product_tag-hemi-v8-auspuffkruemmer","73":"product_tag-hemi-v8-kruemmer","74":"product_tag-kruemmer-68591585aa","75":"product_tag-kruemmer-68591586aa","76":"product_tag-mopar","77":"product_tag-mopar-068591585aa","78":"product_tag-mopar-068591586aa","79":"product_tag-mopar-68591585aa","80":"product_tag-mopar-68591586aa","81":"product_tag-mopar-abgaskruemmer","82":"product_tag-mopar-abgaskruemmer-v8","83":"product_tag-mopar-auspuffkruemmer","84":"product_tag-mopar-auspuffkruemmer-v8","85":"product_tag-mopar-kruemmer","86":"product_tag-mopar-kruemmer-hemi","87":"product_tag-mopar-kruemmer-ram-1500","88":"product_tag-mopar-kruemmer-ram-2500","89":"product_tag-mopar-kruemmer-ram-3500","90":"product_tag-mopar10","91":"product_tag-original-ram-abgaskruemmer","92":"product_tag-original-ram-kruemmer","93":"product_tag-ram","94":"product_tag-ram1500","95":"product_tag-ram-1500-5-7","96":"product_tag-ram-1500-5-7-abgaskruemmer","97":"product_tag-ram-1500-5-7-auspuffkruemmer","98":"product_tag-ram-1500-5-7-hemi","99":"product_tag-ram-1500-5-7-kruemmer","100":"product_tag-ram-1500-abgaskruemmer","101":"product_tag-ram-1500-auspuffkruemmer","102":"product_tag-ram-1500-hemi-abgaskruemmer","103":"product_tag-ram-1500-hemi-auspuffkruemmer","104":"product_tag-ram-1500-hemi-kruemmer","105":"product_tag-ram-1500-kruemmer","106":"product_tag-ram-1500-kruemmer-links","107":"product_tag-ram-1500-kruemmer-rechts","108":"product_tag-ram-1500-original-kruemmer","109":"product_tag-ram-1500-v8-kruemmer","110":"product_tag-ram-2500","111":"product_tag-ram-2500-5-7","112":"product_tag-ram-2500-5-7-abgaskruemmer","113":"product_tag-ram-2500-5-7-auspuffkruemmer","114":"product_tag-ram-2500-5-7-hemi","115":"product_tag-ram-2500-5-7-kruemmer","116":"product_tag-ram-2500-abgaskruemmer","117":"product_tag-ram-2500-auspuffkruemmer","118":"product_tag-ram-2500-hemi-abgaskruemmer","119":"product_tag-ram-2500-hemi-auspuffkruemmer","120":"product_tag-ram-2500-hemi-kruemmer","121":"product_tag-ram-2500-kruemmer","122":"product_tag-ram-2500-kruemmer-links","123":"product_tag-ram-2500-kruemmer-rechts","124":"product_tag-ram-2500-v8-kruemmer","125":"product_tag-ram-3500","126":"product_tag-ram-3500-5-7","127":"product_tag-ram-3500-5-7-abgaskruemmer","128":"product_tag-ram-3500-5-7-auspuffkruemmer","129":"product_tag-ram-3500-5-7-hemi","130":"product_tag-ram-3500-5-7-kruemmer","131":"product_tag-ram-3500-abgaskruemmer","132":"product_tag-ram-3500-auspuffkruemmer","133":"product_tag-ram-3500-hemi-abgaskruemmer","134":"product_tag-ram-3500-hemi-auspuffkruemmer","135":"product_tag-ram-3500-hemi-kruemmer","136":"product_tag-ram-3500-kruemmer","137":"product_tag-ram-3500-kruemmer-links","138":"product_tag-ram-3500-kruemmer-rechts","139":"product_tag-ram-3500-v8-kruemmer","140":"product_tag-ram-5-7-auspuffkruemmer","141":"product_tag-ram-5-7-hemi-kruemmer","142":"product_tag-ram-5-7-kruemmer","143":"product_tag-ram-5-7-kruemmer-austausch","144":"product_tag-ram-5-7-v8-auspuffteil","145":"product_tag-ram-abgaskruemmer","146":"product_tag-ram-abgaskruemmer-5-7","147":"product_tag-ram-abgaskruemmer-dichtung","148":"product_tag-ram-auspuffkruemmer","149":"product_tag-ram-auspuffkruemmer-5-7","150":"product_tag-ram-hemi-kruemmer-oem","151":"product_tag-ram-hemi-kruemmer-set","152":"product_tag-ram-kruemmer","153":"product_tag-ram-kruemmer-5-7","154":"product_tag-ram-v8-abgaskruemmer","155":"product_tag-ram-v8-kruemmer","156":"product_tag-v8-abgaskruemmer-ram","157":"product_shipping_class-deutschlandohne","159":"first","160":"instock","161":"taxable","162":"shipping-taxable","163":"purchasable","164":"product-type-variable"},"bundled_by":[],"bundle_stock_status":"instock","bundle_stock_quantity":3,"bundle_virtual":false,"bundle_layout":"","bundle_add_to_cart_form_location":"","bundle_editable_in_cart":false,"bundle_sold_individually_context":"","bundle_item_grouping":"","bundle_min_size":"","bundle_max_size":"","bundle_price":[],"bundled_items":[],"bundle_sell_ids":[],"exclude_global_add_ons":[],"addons":[],"acf":[],"_links":{"self":[{"href":"https:\/\/kraftwerk-shop.cc\/es\/wp-json\/wp\/v2\/product\/68317557","targetHints":{"allow":["GET"]}}],"collection":[{"href":"https:\/\/kraftwerk-shop.cc\/es\/wp-json\/wp\/v2\/product"}],"about":[{"href":"https:\/\/kraftwerk-shop.cc\/es\/wp-json\/wp\/v2\/types\/product"}],"replies":[{"embeddable":true,"href":"https:\/\/kraftwerk-shop.cc\/es\/wp-json\/wp\/v2\/comments?post=68317557"}],"version-history":[{"count":0,"href":"https:\/\/kraftwerk-shop.cc\/es\/wp-json\/wp\/v2\/product\/68317557\/revisions"}],"wp:featuredmedia":[{"embeddable":true,"href":"https:\/\/kraftwerk-shop.cc\/es\/wp-json\/wp\/v2\/media\/68317564"}],"wp:attachment":[{"href":"https:\/\/kraftwerk-shop.cc\/es\/wp-json\/wp\/v2\/media?parent=68317557"}],"wp:term":[{"taxonomy":"product_brand","embeddable":true,"href":"https:\/\/kraftwerk-shop.cc\/es\/wp-json\/wp\/v2\/product_brand?post=68317557"},{"taxonomy":"product_cat","embeddable":true,"href":"https:\/\/kraftwerk-shop.cc\/es\/wp-json\/wp\/v2\/product_cat?post=68317557"},{"taxonomy":"product_tag","embeddable":true,"href":"https:\/\/kraftwerk-shop.cc\/es\/wp-json\/wp\/v2\/product_tag?post=68317557"}],"curies":[{"name":"wp","href":"https:\/\/api.w.org\/{rel}","templated":true}]}}