{"id":68318766,"date":"2025-04-08T22:19:12","date_gmt":"2025-04-08T20:19:12","guid":{"rendered":"https:\/\/kraftwerk-shop.cc\/?post_type=product&#038;p=68318766"},"modified":"2026-03-30T02:10:07","modified_gmt":"2026-03-30T00:10:07","slug":"qtp-escape-flaps-ram-ds","status":"publish","type":"product","link":"https:\/\/kraftwerk-shop.cc\/es\/produkt\/qtp-auspuffklappen-ram-ds\/","title":{"rendered":"QTP Aggressor juego de aletas de escape RAM 5.7 Hemi"},"content":{"rendered":"<h1>QTP Aggressor juego de aletas de escape para RAM 1500 5.7 2009 - 2018 y Classic 2019 - 2024<\/h1>\n<p>&nbsp;<\/p>\n<p>El Aggressor es un kit de instalaci\u00f3n de cortacircuitos el\u00e9ctrico personalizado para el veh\u00edculo.<br \/>\nQuick Time Performance (QTP) ha desarrollado cada aplicaci\u00f3n para obtener la posici\u00f3n de instalaci\u00f3n, el sonido y el rendimiento \u00f3ptimos.<br \/>\nNo tiene que preocuparse por el lugar de instalaci\u00f3n. El problema ya est\u00e1 resuelto. La mayor\u00eda de los kits no requieren ning\u00fan trabajo de soldadura.<\/p>\n<p>Pase del silencio de f\u00e1brica al alboroto agresor. Simplemente enr\u00f3scalo y se desatar\u00e1 el infierno.<\/p>\n<p>Todos los sistemas son de acero inoxidable para ofrecer un aspecto limpio y est\u00e1n fabricados en EE.UU.<\/p>\n<p>&nbsp;<\/p>\n<ul>\n<li>Adecuado para RAM 2009 - 2018 y Classic 2019 - 2024<\/li>\n<li>Funciona con sistemas de escape auxiliares<\/li>\n<li>No encaja con los codos de ventilador de tubo largo<\/li>\n<li>No requiere soldadura<\/li>\n<li>Control total del usuario sobre el rendimiento y el sonido<\/li>\n<li>Construcci\u00f3n de acero inoxidable 304<\/li>\n<li>De silencioso a ruidoso con s\u00f3lo pulsar un bot\u00f3n<\/li>\n<li>Fabricado en EE.UU.<\/li>\n<\/ul>\n<p>&nbsp;<\/p>\n<p><strong>Volumen de suministro:<\/strong><\/p>\n<ul>\n<li>Trampilla de escape para RAM 1500<\/li>\n<li>Tapa<\/li>\n<li>Mazo de cables<\/li>\n<li>Junta<\/li>\n<li>Instrucciones de instalaci\u00f3n<\/li>\n<\/ul>\n<p>&nbsp;<\/p>\n<p><strong>Adecuado para:<\/strong><\/p>\n<table width=\"437\">\n<tbody>\n<tr>\n<td width=\"122\"><strong>Marca<\/strong><\/td>\n<td width=\"136\"><strong>Modelo<\/strong><\/td>\n<td width=\"96\"><strong>Motor<\/strong><\/td>\n<td width=\"83\"><strong>A\u00f1o de construcci\u00f3n<\/strong><\/td>\n<\/tr>\n<tr>\n<td>RAM<\/td>\n<td>1500<\/td>\n<td>5.7<\/td>\n<td>2009-2018<\/td>\n<\/tr>\n<tr>\n<td>RAM<\/td>\n<td>1500 Classic<\/td>\n<td>5.7<\/td>\n<td>2019-2024<\/td>\n<\/tr>\n<\/tbody>\n<\/table>\n<p>&nbsp;<\/p>","protected":false},"excerpt":{"rendered":"<p>2009 - 2018 &amp; Cl\u00e1sico 2019 - 2024<\/p>","protected":false},"featured_media":68318770,"comment_status":"open","ping_status":"closed","template":"","meta":{"_acf_changed":false},"product_brand":[],"product_cat":[6620],"product_tag":[91,15561,1035,3381,3378,546,2993,3382,49,477,692,549,126,20273,34,186,3379,7223,3380,86,3368,3055,547],"class_list":{"0":"post-68318766","1":"product","2":"type-product","3":"status-publish","4":"has-post-thumbnail","6":"product_cat-1500-57-2009-2018-classic-abgasanlage-catback","7":"product_tag-5-7","8":"product_tag-15561","9":"product_tag-abgasanlage","10":"product_tag-abgasklappen","11":"product_tag-aggressor","12":"product_tag-auspuff","13":"product_tag-auspuffklappen","14":"product_tag-cutout","15":"product_tag-dodge","16":"product_tag-ds","17":"product_tag-ersatzteil","18":"product_tag-header","19":"product_tag-hemi","20":"product_tag-keintuev","21":"product_tag-original","22":"product_tag-performance","23":"product_tag-qtp","24":"product_tag-qtp10","25":"product_tag-quick-time-performance","26":"product_tag-ram","27":"product_tag-shorties","28":"product_tag-sportabgasanlage","29":"product_tag-sportauspuff","31":"first","32":"onbackorder","33":"taxable","34":"shipping-taxable","35":"purchasable","36":"product-type-simple"},"bundled_by":[],"bundle_stock_status":"onbackorder","bundle_stock_quantity":0,"bundle_virtual":false,"bundle_layout":"","bundle_add_to_cart_form_location":"","bundle_editable_in_cart":false,"bundle_sold_individually_context":"","bundle_item_grouping":"","bundle_min_size":"","bundle_max_size":"","bundle_price":[],"bundled_items":[],"bundle_sell_ids":[],"exclude_global_add_ons":[],"addons":[],"acf":[],"_links":{"self":[{"href":"https:\/\/kraftwerk-shop.cc\/es\/wp-json\/wp\/v2\/product\/68318766","targetHints":{"allow":["GET"]}}],"collection":[{"href":"https:\/\/kraftwerk-shop.cc\/es\/wp-json\/wp\/v2\/product"}],"about":[{"href":"https:\/\/kraftwerk-shop.cc\/es\/wp-json\/wp\/v2\/types\/product"}],"replies":[{"embeddable":true,"href":"https:\/\/kraftwerk-shop.cc\/es\/wp-json\/wp\/v2\/comments?post=68318766"}],"version-history":[{"count":0,"href":"https:\/\/kraftwerk-shop.cc\/es\/wp-json\/wp\/v2\/product\/68318766\/revisions"}],"wp:featuredmedia":[{"embeddable":true,"href":"https:\/\/kraftwerk-shop.cc\/es\/wp-json\/wp\/v2\/media\/68318770"}],"wp:attachment":[{"href":"https:\/\/kraftwerk-shop.cc\/es\/wp-json\/wp\/v2\/media?parent=68318766"}],"wp:term":[{"taxonomy":"product_brand","embeddable":true,"href":"https:\/\/kraftwerk-shop.cc\/es\/wp-json\/wp\/v2\/product_brand?post=68318766"},{"taxonomy":"product_cat","embeddable":true,"href":"https:\/\/kraftwerk-shop.cc\/es\/wp-json\/wp\/v2\/product_cat?post=68318766"},{"taxonomy":"product_tag","embeddable":true,"href":"https:\/\/kraftwerk-shop.cc\/es\/wp-json\/wp\/v2\/product_tag?post=68318766"}],"curies":[{"name":"wp","href":"https:\/\/api.w.org\/{rel}","templated":true}]}}