{"id":68318962,"date":"2025-04-20T00:06:53","date_gmt":"2025-04-19T22:06:53","guid":{"rendered":"https:\/\/kraftwerk-shop.cc\/?post_type=product&#038;p=68318962"},"modified":"2026-03-31T12:36:22","modified_gmt":"2026-03-31T10:36:22","slug":"vaico-aceite-transmision-dodge-jeep-ram-zf8hp","status":"publish","type":"product","link":"https:\/\/kraftwerk-shop.cc\/es\/produkt\/vaico-getriebeoel-dodge-jeep-ram-zf8hp\/","title":{"rendered":"Aceite para transmisiones autom\u00e1ticas VAICO Chrysler, Dodge, Jeep &amp; RAM de 8 velocidades"},"content":{"rendered":"<h1>VAICO ATF 8HP l\u00edquido de transmisi\u00f3n autom\u00e1tica para transmisiones ZF de 8 velocidades de Chrysler, Dodge, Jeep y RAM<\/h1>\n<p>&nbsp;<\/p>\n<p>El l\u00edquido de transmisi\u00f3n autom\u00e1tica VAICO ATF 8HP es un l\u00edquido de transmisi\u00f3n de alta calidad, totalmente sint\u00e9tico, que cumple los exigentes requisitos de las transmisiones autom\u00e1ticas modernas, especialmente la transmisi\u00f3n de 8 velocidades de ZF.<\/p>\n<p>En <strong data-start=\"179\" data-end=\"189\">ZF 8HP<\/strong> es una transmisi\u00f3n autom\u00e1tica de 8 velocidades del fabricante alem\u00e1n <strong data-start=\"249\" data-end=\"271\">ZF Friedrichshafen<\/strong>que se utiliza desde 2008. Est\u00e1 considerada como una de las mejores transmisiones autom\u00e1ticas de convertidor de par del mundo y se instala en un gran n\u00famero de veh\u00edculos -incluidos muchos modelos de <strong data-start=\"446\" data-end=\"479\">Chrysler, Dodge, Jeep y RAM<\/strong>. Esta transmisi\u00f3n requiere un aceite autom\u00e1tico especial conforme a la especificaci\u00f3n MB 236.14, que VAICO ATF 14 cumple plenamente.<\/p>\n<p>&nbsp;<\/p>\n<p><strong>Datos t\u00e9cnicos<\/strong><\/p>\n<ul>\n<li>Tipo: ATF (Automatic Transmission Fluid) totalmente sint\u00e9tico<\/li>\n<li>Color: verde<\/li>\n<li>Cumple las especificaciones ZF Lifeguard 8 y Mopar ATF+8<\/li>\n<li>N\u00fameros de referencia Mopar: 68339073AA, 68157995AA, 68157995AB,68218925AA, 68218925AB<\/li>\n<li>Tama\u00f1o del envase: bidones de pl\u00e1stico de 1 y 5 litros<\/li>\n<\/ul>\n<p>Homologaciones del fabricante y calidad de equipo original: Desarrollado seg\u00fan las especificaciones del fabricante: estabilidad a altas temperaturas, desgaste m\u00ednimo, rendimiento \u00f3ptimo del cambio.<\/p>\n<p>&nbsp;<\/p>\n<p>Adecuado para todos los Chrysler, Dodge, Jeep y RAM con cajas de cambios ZF 8HP45, 8HP50, 8HP70, 8HP75, 8HP90 y 8HP95.<\/p>\n<p>&nbsp;<\/p>","protected":false},"excerpt":{"rendered":"<p>L\u00edquido de transmisi\u00f3n autom\u00e1tica VAICO ATF 8HP para transmisiones ZF de 8 velocidades de Chrysler, Dodge, Jeep y RAM El l\u00edquido de transmisi\u00f3n autom\u00e1tica VAICO ATF 8HP<\/p>","protected":false},"featured_media":68319715,"comment_status":"open","ping_status":"closed","template":"","meta":{"_acf_changed":false},"product_brand":[19064],"product_cat":[10262,1565,1566,4978,4985,1589,1590,1670,1671,1678,1679,1694,1695,1702,1703,1605,1606,5157,5163,1629,1630,1637,1638,1646,1647,1654,1655,3857,2710,1662,1663,3363,3015,1734,1735,1742,1743,1750,1751,1766,1767,1774,1775,17019,6788,6793,2942,3362,2952,2963,4239,4242,19415,19418,4761,19691,1521,5021,9954,2922,2706],"product_tag":[15979,15980,15978,15982,15981],"class_list":{"0":"post-68318962","1":"product","2":"type-product","3":"status-publish","4":"has-post-thumbnail","6":"product_brand-vaico","7":"product_cat-alle-produkte","8":"product_cat-300c-36-getriebe","9":"product_cat-300c-36-wartung","10":"product_cat-300c-57-2011-2023-getriebe","11":"product_cat-300c-57-2011-2023-wartung","12":"product_cat-300c-64-getriebe","13":"product_cat-300c-64-wartung","14":"product_cat-challenger-36-getriebe","15":"product_cat-challenger-36-wartung","16":"product_cat-challenger-57-getriebe","17":"product_cat-challenger-57-wartung","18":"product_cat-challenger-hellcat-getriebe","19":"product_cat-challenger-hellcat-wartung","20":"product_cat-challenger-64-getriebe","21":"product_cat-challenger-64-wartung","22":"product_cat-charger-36-getriebe","23":"product_cat-charger-36-wartung","24":"product_cat-charger-57-2011-2023-getriebe","25":"product_cat-dodge-charger-57-2011-2023-wartung","26":"product_cat-charger-hellcat-getriebe","27":"product_cat-charger-hellcat-wartung","28":"product_cat-charger-64-getriebe","29":"product_cat-charger-64-wartung","30":"product_cat-durango-36-getriebe","31":"product_cat-durango-36-wartung","32":"product_cat-durango-57-getriebe","33":"product_cat-durango-57-wartung","34":"product_cat-durango-hellcat-getriebe","35":"product_cat-durango-hellcat-wartung","36":"product_cat-durango-64-getriebe","37":"product_cat-durango-64-wartung","38":"product_cat-gladiator-36-getriebe","39":"product_cat-gladiator-36-wartung","40":"product_cat-grand-cherokee-30-diesel-getriebe","41":"product_cat-grand-cherokee-30-diesel-wartung","42":"product_cat-grand-cherokee-36-getriebe","43":"product_cat-grand-cherokee-36-wartung","44":"product_cat-grand-cherokee-57-2011-2021-getriebe","45":"product_cat-grand-cherokee-57-2011-2021-wartung","46":"product_cat-trackhawk-getriebe","47":"product_cat-trackhawk-wartung","48":"product_cat-grand-cherokee-64-getriebe","49":"product_cat-grand-cherokee-64-wartung","50":"product_cat-wagoneer-30-wartung","51":"product_cat-wagoneer-64-getriebe","52":"product_cat-wagoneer-64-wartung","53":"product_cat-wrangler-20-turbo-wartung","54":"product_cat-wrangler-36-getriebe","55":"product_cat-wrangler-36-wartung","56":"product_cat-wrangler-64-wartung","57":"product_cat-1500-ecodiesel-getriebe","58":"product_cat-1500-ecodiesel-wartung","59":"product_cat-1500-ecodiesel-2020-2023-getriebe","60":"product_cat-1500-ecodiesel-2020-2023-wartung","61":"product_cat-1500-36-wartung","62":"product_cat-1500-36-dt-wartung","63":"product_cat-1500-57-2009-2018-classic-wartung","64":"product_cat-1500-57-dt-wartung","65":"product_cat-2500-3500-57-wartung","66":"product_cat-2500-3500-64-wartung","67":"product_cat-trx-wartung","68":"product_tag-68157995aa","69":"product_tag-68157995ab","70":"product_tag-68218925aa","71":"product_tag-68218925ab","72":"product_tag-68339073aa","73":"product_shipping_class-deutschlandohne","75":"first","76":"instock","77":"taxable","78":"shipping-taxable","79":"purchasable","80":"product-type-variable"},"bundled_by":[],"bundle_stock_status":"instock","bundle_stock_quantity":11,"bundle_virtual":false,"bundle_layout":"","bundle_add_to_cart_form_location":"","bundle_editable_in_cart":false,"bundle_sold_individually_context":"","bundle_item_grouping":"","bundle_min_size":"","bundle_max_size":"","bundle_price":[],"bundled_items":[],"bundle_sell_ids":[],"exclude_global_add_ons":[],"addons":[],"acf":[],"_links":{"self":[{"href":"https:\/\/kraftwerk-shop.cc\/es\/wp-json\/wp\/v2\/product\/68318962","targetHints":{"allow":["GET"]}}],"collection":[{"href":"https:\/\/kraftwerk-shop.cc\/es\/wp-json\/wp\/v2\/product"}],"about":[{"href":"https:\/\/kraftwerk-shop.cc\/es\/wp-json\/wp\/v2\/types\/product"}],"replies":[{"embeddable":true,"href":"https:\/\/kraftwerk-shop.cc\/es\/wp-json\/wp\/v2\/comments?post=68318962"}],"version-history":[{"count":0,"href":"https:\/\/kraftwerk-shop.cc\/es\/wp-json\/wp\/v2\/product\/68318962\/revisions"}],"wp:featuredmedia":[{"embeddable":true,"href":"https:\/\/kraftwerk-shop.cc\/es\/wp-json\/wp\/v2\/media\/68319715"}],"wp:attachment":[{"href":"https:\/\/kraftwerk-shop.cc\/es\/wp-json\/wp\/v2\/media?parent=68318962"}],"wp:term":[{"taxonomy":"product_brand","embeddable":true,"href":"https:\/\/kraftwerk-shop.cc\/es\/wp-json\/wp\/v2\/product_brand?post=68318962"},{"taxonomy":"product_cat","embeddable":true,"href":"https:\/\/kraftwerk-shop.cc\/es\/wp-json\/wp\/v2\/product_cat?post=68318962"},{"taxonomy":"product_tag","embeddable":true,"href":"https:\/\/kraftwerk-shop.cc\/es\/wp-json\/wp\/v2\/product_tag?post=68318962"}],"curies":[{"name":"wp","href":"https:\/\/api.w.org\/{rel}","templated":true}]}}