{"id":68319679,"date":"2025-04-17T14:56:39","date_gmt":"2025-04-17T12:56:39","guid":{"rendered":"https:\/\/kraftwerk-shop.cc\/?post_type=product&#038;p=68319679"},"modified":"2026-04-14T11:33:32","modified_gmt":"2026-04-14T09:33:32","slug":"mbrp-t5200blk-tubos-de-escape-ram-1500","status":"publish","type":"product","link":"https:\/\/kraftwerk-shop.cc\/es\/produkt\/mbrp-t5200blk-endrohre-ram-1500\/","title":{"rendered":"MBRP 5 pulgadas tubos de escape RAM 1500 5.7"},"content":{"rendered":"<h1>MBRP 5 pulgadas tubos de escape para RAM 1500 5.7<\/h1>\n<p>&nbsp;<\/p>\n<p>Si desea dar un nuevo aspecto al sistema de escape de su RAM, no tiene por qu\u00e9 sustituir todo el sistema.<br \/>\nTambi\u00e9n puede utilizar simplemente estas cubiertas de escape de acero inoxidable MBRP.<\/p>\n<p>Los tubos de escape est\u00e1n grabados con l\u00e1ser con el logotipo MBRP. Este elegante dise\u00f1o hace que el sistema de escape de su veh\u00edculo destaque entre la multitud. Adem\u00e1s, el gran di\u00e1metro de salida ayuda a mejorar el flujo de escape de su veh\u00edculo.<\/p>\n<p>Los tubos de escape est\u00e1n hechos de acero inoxidable 304 con revestimiento negro duradero para satisfacer las altas exigencias de su veh\u00edculo.<\/p>\n<p>Estos tubos de escape son f\u00e1ciles de atornillar. Como est\u00e1n dise\u00f1ados como una pieza de reemplazo directo, puede fijarlos r\u00e1pidamente a los puntos de f\u00e1brica de su veh\u00edculo utilizando las abrazaderas est\u00e1ndar. No es necesario soldar ni cortar.<\/p>\n<p>&nbsp;<\/p>\n<p>&nbsp;<\/p>\n<p><strong>Adecuado para:<\/strong><\/p>\n<table width=\"449\">\n<tbody>\n<tr>\n<td width=\"115\"><strong>Marca<\/strong><\/td>\n<td width=\"145\"><strong>Modelo<\/strong><\/td>\n<td width=\"106\"><strong>Motor<\/strong><\/td>\n<td width=\"83\"><strong>A\u00f1o de construcci\u00f3n<\/strong><\/td>\n<\/tr>\n<tr>\n<td>RAM<\/td>\n<td>1500<\/td>\n<td>5.7<\/td>\n<td width=\"83\">2009-2018<\/td>\n<\/tr>\n<tr>\n<td>RAM<\/td>\n<td>1500 Classic<\/td>\n<td>5.7<\/td>\n<td width=\"83\">2019-2024<\/td>\n<\/tr>\n<\/tbody>\n<\/table>\n<p>&nbsp;<\/p>\n<p><strong>Volumen de suministro:<\/strong><\/p>\n<ul>\n<li>2 tubos de escape<\/li>\n<\/ul>","protected":false},"excerpt":{"rendered":"<p>2009 - 2018 &amp; Cl\u00e1sico 2019 - 2024<\/p>","protected":false},"featured_media":68319682,"comment_status":"open","ping_status":"closed","template":"","meta":{"_acf_changed":false},"product_brand":[17169],"product_cat":[10262,6620,6623],"product_tag":[213,214,176,177,165,248,249,250,251,252,419,420,2066,2373,4526,6297,16387,16378,16380,16382,16501,16499,16494,16502,16496,16500,16493,16495,16498,16497,16453,16455,16456,16451,16446,16454,16448,16452,16445,16447,16450,16449,16477,16479,16480,16475,16470,16478,16472,16476,16469,16471,16474,16473,16489,16491,16492,16487,16482,16490,16484,16488,16481,16483,16486,16485,3407,7809,16401,16406,16403,16412,16414,16415,16409,16413,16407,16416,16410,16408,16411,16404,16405,16402,16465,16467,16468,16463,16458,16466,16460,16464,16457,16459,16462,16461,3653,2934,3405,2285,6826,6824,2286,4475,16433,16439,16442,16436,16434,16440,16443,16437,16435,16441,16444,16438,6827,783,3507,12752,16390,14190,16396,16398,16399,16393,16397,16391,16400,16394,16392,16395,16388,16389,11396,16417,16422,16419,16428,16430,16431,16425,16429,16423,16432,16426,16424,16427,16420,16421,16418,14191,2284,6825,16384,1041,3924,16377,16379,16381,3406,16386,2353,16383,16385],"class_list":{"0":"post-68319679","1":"product","2":"type-product","3":"status-publish","4":"has-post-thumbnail","6":"product_brand-mbrp","7":"product_cat-alle-produkte","8":"product_cat-1500-57-2009-2018-classic-abgasanlage-catback","9":"product_cat-1500-57-dt-abgasanlage-catback","10":"product_tag-213","11":"product_tag-214","12":"product_tag-176","13":"product_tag-177","14":"product_tag-165","15":"product_tag-248","16":"product_tag-249","17":"product_tag-250","18":"product_tag-251","19":"product_tag-252","20":"product_tag-419","21":"product_tag-420","22":"product_tag-2066","23":"product_tag-2373","24":"product_tag-4526","25":"product_tag-6297","26":"product_tag-5-7-v8","27":"product_tag-16378","28":"product_tag-5200blk","29":"product_tag-5200cf","30":"product_tag-auspuff-endstueck-5-zoll","31":"product_tag-auspuff-endstueck-carbon","32":"product_tag-auspuff-endstueck-dodge-ram-1500","33":"product_tag-auspuff-endstueck-dual-wall","34":"product_tag-auspuff-endstueck-mbrp","35":"product_tag-auspuff-endstueck-poliert","36":"product_tag-auspuff-endstueck-ram-1500","37":"product_tag-auspuff-endstueck-ram-1500-classic","38":"product_tag-auspuff-endstueck-schwarz","39":"product_tag-auspuff-endstueck-t304-edelstahl","40":"product_tag-auspuffblende-5-zoll","41":"product_tag-auspuffblende-angle-cut","42":"product_tag-auspuffblende-bolt-on","43":"product_tag-auspuffblende-carbon","44":"product_tag-auspuffblende-dodge-ram-1500","45":"product_tag-auspuffblende-dual-wall","46":"product_tag-auspuffblende-mbrp","47":"product_tag-auspuffblende-poliert","48":"product_tag-auspuffblende-ram-1500","49":"product_tag-auspuffblende-ram-1500-classic","50":"product_tag-auspuffblende-schwarz","51":"product_tag-auspuffblende-t304-edelstahl","52":"product_tag-auspuffspitze-5-zoll","53":"product_tag-auspuffspitze-angle-cut","54":"product_tag-auspuffspitze-bolt-on","55":"product_tag-auspuffspitze-carbon","56":"product_tag-auspuffspitze-dodge-ram-1500","57":"product_tag-auspuffspitze-dual-wall","58":"product_tag-auspuffspitze-mbrp","59":"product_tag-auspuffspitze-poliert","60":"product_tag-auspuffspitze-ram-1500","61":"product_tag-auspuffspitze-ram-1500-classic","62":"product_tag-auspuffspitze-schwarz","63":"product_tag-auspuffspitze-t304-edelstahl","64":"product_tag-auspufftip-5-zoll","65":"product_tag-auspufftip-angle-cut","66":"product_tag-auspufftip-bolt-on","67":"product_tag-auspufftip-carbon","68":"product_tag-auspufftip-dodge-ram-1500","69":"product_tag-auspufftip-dual-wall","70":"product_tag-auspufftip-mbrp","71":"product_tag-auspufftip-poliert","72":"product_tag-auspufftip-ram-1500","73":"product_tag-auspufftip-ram-1500-classic","74":"product_tag-auspufftip-schwarz","75":"product_tag-auspufftip-t304-edelstahl","76":"product_tag-big-horn","77":"product_tag-dodge-ram-1500","78":"product_tag-dodge-ram-1500-auspuff","79":"product_tag-dodge-ram-1500-auspuff-endstueck","80":"product_tag-dodge-ram-1500-auspuffblende","81":"product_tag-dodge-ram-1500-auspuffblende-5-zoll","82":"product_tag-dodge-ram-1500-auspuffblende-angle-cut","83":"product_tag-dodge-ram-1500-auspuffblende-bolt-on","84":"product_tag-dodge-ram-1500-auspuffblende-carbon","85":"product_tag-dodge-ram-1500-auspuffblende-dual-wall","86":"product_tag-dodge-ram-1500-auspuffblende-edelstahl","87":"product_tag-dodge-ram-1500-auspuffblende-mbrp","88":"product_tag-dodge-ram-1500-auspuffblende-poliert","89":"product_tag-dodge-ram-1500-auspuffblende-schwarz","90":"product_tag-dodge-ram-1500-auspuffblende-t304","91":"product_tag-dodge-ram-1500-auspuffspitze","92":"product_tag-dodge-ram-1500-auspufftip","93":"product_tag-dodge-ram-1500-endrohr","94":"product_tag-endrohr-5-zoll","95":"product_tag-endrohr-angle-cut","96":"product_tag-endrohr-bolt-on","97":"product_tag-endrohr-carbon","98":"product_tag-endrohr-dodge-ram-1500","99":"product_tag-endrohr-dual-wall","100":"product_tag-endrohr-mbrp","101":"product_tag-endrohr-poliert","102":"product_tag-endrohr-ram-1500","103":"product_tag-endrohr-ram-1500-classic","104":"product_tag-endrohr-schwarz","105":"product_tag-endrohr-t304-edelstahl","106":"product_tag-express","107":"product_tag-harder","108":"product_tag-hfe","109":"product_tag-laramie","110":"product_tag-laramie-limited","111":"product_tag-laramie-longhorn","112":"product_tag-limited","113":"product_tag-lone-star","114":"product_tag-mbrp-t5200-auspuffblende","115":"product_tag-mbrp-t5200-auspuffspitze","116":"product_tag-mbrp-t5200-auspufftip","117":"product_tag-mbrp-t5200-endrohr","118":"product_tag-mbrp-t5200blk-auspuffblende","119":"product_tag-mbrp-t5200blk-auspuffspitze","120":"product_tag-mbrp-t5200blk-auspufftip","121":"product_tag-mbrp-t5200blk-endrohr","122":"product_tag-mbrp-t5200cf-auspuffblende","123":"product_tag-mbrp-t5200cf-auspuffspitze","124":"product_tag-mbrp-t5200cf-auspufftip","125":"product_tag-mbrp-t5200cf-endrohr","126":"product_tag-outdoorsman","127":"product_tag-r-t","128":"product_tag-ram1500","129":"product_tag-ram-1500-auspuff","130":"product_tag-ram-1500-auspuff-endstueck","131":"product_tag-ram-1500-auspuffblende","132":"product_tag-ram-1500-auspuffblende-5-zoll","133":"product_tag-ram-1500-auspuffblende-angle-cut","134":"product_tag-ram-1500-auspuffblende-bolt-on","135":"product_tag-ram-1500-auspuffblende-carbon","136":"product_tag-ram-1500-auspuffblende-dual-wall","137":"product_tag-ram-1500-auspuffblende-edelstahl","138":"product_tag-ram-1500-auspuffblende-mbrp","139":"product_tag-ram-1500-auspuffblende-poliert","140":"product_tag-ram-1500-auspuffblende-schwarz","141":"product_tag-ram-1500-auspuffblende-t304","142":"product_tag-ram-1500-auspuffspitze","143":"product_tag-ram-1500-auspufftip","144":"product_tag-ram-1500-classic","145":"product_tag-ram-1500-classic-auspuff","146":"product_tag-ram-1500-classic-auspuff-endstueck","147":"product_tag-ram-1500-classic-auspuffblende","148":"product_tag-ram-1500-classic-auspuffblende-5-zoll","149":"product_tag-ram-1500-classic-auspuffblende-angle-cut","150":"product_tag-ram-1500-classic-auspuffblende-bolt-on","151":"product_tag-ram-1500-classic-auspuffblende-carbon","152":"product_tag-ram-1500-classic-auspuffblende-dual-wall","153":"product_tag-ram-1500-classic-auspuffblende-edelstahl","154":"product_tag-ram-1500-classic-auspuffblende-mbrp","155":"product_tag-ram-1500-classic-auspuffblende-poliert","156":"product_tag-ram-1500-classic-auspuffblende-schwarz","157":"product_tag-ram-1500-classic-auspuffblende-t304","158":"product_tag-ram-1500-classic-auspuffspitze","159":"product_tag-ram-1500-classic-auspufftip","160":"product_tag-ram-1500-classic-endrohr","161":"product_tag-ram-1500-endrohr","162":"product_tag-rebel","163":"product_tag-slt","164":"product_tag-special-service","165":"product_tag-sport","166":"product_tag-st","167":"product_tag-t5200","168":"product_tag-t5200blk","169":"product_tag-t5200cf","170":"product_tag-tradesman","171":"product_tag-tradesman-hd","172":"product_tag-trx","173":"product_tag-trx4","174":"product_tag-warlock","176":"first","177":"onbackorder","178":"taxable","179":"shipping-taxable","180":"purchasable","181":"product-type-simple"},"bundled_by":[],"bundle_stock_status":"onbackorder","bundle_stock_quantity":0,"bundle_virtual":false,"bundle_layout":"","bundle_add_to_cart_form_location":"","bundle_editable_in_cart":false,"bundle_sold_individually_context":"","bundle_item_grouping":"","bundle_min_size":"","bundle_max_size":"","bundle_price":[],"bundled_items":[],"bundle_sell_ids":[],"exclude_global_add_ons":[],"addons":[],"acf":[],"_links":{"self":[{"href":"https:\/\/kraftwerk-shop.cc\/es\/wp-json\/wp\/v2\/product\/68319679","targetHints":{"allow":["GET"]}}],"collection":[{"href":"https:\/\/kraftwerk-shop.cc\/es\/wp-json\/wp\/v2\/product"}],"about":[{"href":"https:\/\/kraftwerk-shop.cc\/es\/wp-json\/wp\/v2\/types\/product"}],"replies":[{"embeddable":true,"href":"https:\/\/kraftwerk-shop.cc\/es\/wp-json\/wp\/v2\/comments?post=68319679"}],"version-history":[{"count":0,"href":"https:\/\/kraftwerk-shop.cc\/es\/wp-json\/wp\/v2\/product\/68319679\/revisions"}],"wp:featuredmedia":[{"embeddable":true,"href":"https:\/\/kraftwerk-shop.cc\/es\/wp-json\/wp\/v2\/media\/68319682"}],"wp:attachment":[{"href":"https:\/\/kraftwerk-shop.cc\/es\/wp-json\/wp\/v2\/media?parent=68319679"}],"wp:term":[{"taxonomy":"product_brand","embeddable":true,"href":"https:\/\/kraftwerk-shop.cc\/es\/wp-json\/wp\/v2\/product_brand?post=68319679"},{"taxonomy":"product_cat","embeddable":true,"href":"https:\/\/kraftwerk-shop.cc\/es\/wp-json\/wp\/v2\/product_cat?post=68319679"},{"taxonomy":"product_tag","embeddable":true,"href":"https:\/\/kraftwerk-shop.cc\/es\/wp-json\/wp\/v2\/product_tag?post=68319679"}],"curies":[{"name":"wp","href":"https:\/\/api.w.org\/{rel}","templated":true}]}}