{"id":68319760,"date":"2025-04-20T20:17:41","date_gmt":"2025-04-20T18:17:41","guid":{"rendered":"https:\/\/kraftwerk-shop.cc\/?post_type=product&#038;p=68319760"},"modified":"2026-02-15T01:19:52","modified_gmt":"2026-02-15T00:19:52","slug":"kit-de-limpieza-afe-filtro-seco","status":"publish","type":"product","link":"https:\/\/kraftwerk-shop.cc\/es\/produkt\/afe-reinigungskit-trockenfilter\/","title":{"rendered":"Kit de limpieza aFe POWER para filtros secos aFe"},"content":{"rendered":"<h1>Kit de limpieza aFe POWER para filtros secos aFe<\/h1>\n<p>&nbsp;<\/p>\n<p>El aFe Power Dry Air Filter Cleaner es un limpiador especialmente desarrollado para limpiar y restaurar el rendimiento de los filtros de aire aFe Pro DRY S. Con su f\u00f3rmula no da\u00f1ina, elimina eficazmente la suciedad y el polvo sin da\u00f1ar el medio filtrante sint\u00e9tico.<\/p>\n<p>&nbsp;<\/p>\n<p><strong>Caracter\u00edsticas del producto:<\/strong><\/p>\n<ul>\n<li>Especialmente desarrollado para los filtros aFe Pro DRY S: Ideal para la limpieza y el cuidado de filtros de aire no engrasados.<\/li>\n<li>F\u00e1cil de usar: basta con pulverizar, aclarar y dejar secar, sin necesidad de engrasar.<\/li>\n<li>Rendimiento \u00f3ptimo del filtro: Ayuda a restaurar la permeabilidad al aire y la eficacia originales del filtro.<\/li>\n<li>Intervalos de limpieza recomendados: Cada 20.000 a 30.000 millas (aprox. 32.000 a 48.000 km) o seg\u00fan sea necesario.<\/li>\n<li>Pr\u00e1ctico pulverizador de 355 ml<\/li>\n<li><\/li>\n<\/ul>\n<p>Este limpiador es la soluci\u00f3n perfecta para maximizar la vida \u00fatil y el rendimiento de su filtro de aire aFe Pro DRY S. La limpieza regular asegura que su motor siempre se suministra de manera \u00f3ptima con aire limpio<\/p>\n<p>&nbsp;<\/p>\n<p><strong>Volumen de suministro:<\/strong><\/p>\n<ul>\n<li>2 x 355 ml Limpiador de filtro de aire seco<\/li>\n<\/ul>\n<p>&nbsp;<\/p>","protected":false},"excerpt":{"rendered":"<p>Kit de limpieza aFe POWER para filtros secos aFe El limpiador de filtros de aire secos aFe Power es un limpiador especialmente desarrollado para filtros de aire secos.<\/p>","protected":false},"featured_media":68319765,"comment_status":"open","ping_status":"closed","template":"","meta":{"_acf_changed":false},"product_brand":[16879],"product_cat":[10262,3649,3984,3683,3986,4955,3336,7042,5234,2717,3972,3074,3973,3115,3122,3126,3134,3137,3143,3688,3983,3705,3990,3695,3988,3712,3992,2744,1550,2728,1558,2522,1566,2506,1574,4973,4985,2507,1582,2517,1590,19657,2729,2575,2523,1671,2501,1679,2514,1687,1790,1695,2512,1703,2589,1598,2524,1606,2502,1614,5151,5163,2504,1622,2515,1630,2516,1638,2525,1647,2521,1655,2711,2710,2520,1663,2726,1711,2503,1719,2505,1727,4671,4672,6336,6337,7051,6305,4041,4042,4043,4044,4045,2745,2716,3008,3015,2721,1735,2526,1743,4798,4810,2500,1751,2499,1759,2668,1767,2518,1775,6784,6793,2939,2942,2946,2952,2955,2963,19390,19391,4234,4242,19404,19418,4752,4761,19675,19691,7750,7771,1512,1521,5009,5021,9941,9954,2916,2922,2926,2927,2700,2706],"product_tag":[16662,16880,498,2441,824,825,3853,222,57,406,985,699,700,986,500,987,16663],"class_list":{"0":"post-68319760","1":"product","2":"type-product","3":"status-publish","4":"has-post-thumbnail","6":"product_brand-afe-power","7":"product_cat-alle-produkte","8":"product_cat-escalade-ansaugung","9":"product_cat-escalade-wartung","10":"product_cat-avalanche-ansaugung","11":"product_cat-avalanche-wartung","12":"product_cat-camaro-20-2016-2024-ansaugung","13":"product_cat-camaro-36-2010-2015-ansaugung","14":"product_cat-camaro-36-2010-2015-wartung","15":"product_cat-camaro-36-2016-2024-ansaugung","16":"product_cat-camaro-62-2010-2015-ansaugung","17":"product_cat-camaro-62-2010-2015-wartung","18":"product_cat-camaro-62-2016-ansaugung","19":"product_cat-camaro-62-2016-wartung","20":"product_cat-corvette-c6-ansaugung","21":"product_cat-corvette-c6-wartung","22":"product_cat-corvette-c7-ansaugung","23":"product_cat-corvette-c7-wartung","24":"product_cat-corvette-c8-ansaugung","25":"product_cat-corvette-c8-wartung","26":"product_cat-silverado-ansaugung","27":"product_cat-silverado-wartung","28":"product_cat-suburban-ansaugung","29":"product_cat-suburban-wartung","30":"product_cat-tahoe-ansaugung","31":"product_cat-tahoe-wartung","32":"product_cat-trailblazer-ansaugung","33":"product_cat-trailblazer-wartung","34":"product_cat-300c-30-diesel-ansaugung","35":"product_cat-300c-30-diesel-wartung","36":"product_cat-300c-35-ansaugung","37":"product_cat-300c-35-wartung","38":"product_cat-300c-36-ansaugung","39":"product_cat-300c-36-wartung","40":"product_cat-300c-57-2005-2010-ansaugung","41":"product_cat-300c-57-2005-2010-wartung","42":"product_cat-300c-57-2011-2023-ansaugung","43":"product_cat-300c-57-2011-2023-wartung","44":"product_cat-300c-61-ansaugung","45":"product_cat-300c-61-wartung","46":"product_cat-300c-64-ansaugung","47":"product_cat-300c-64-wartung","48":"product_cat-pacifica-wartung","49":"product_cat-challenger-35-ansaugung","50":"product_cat-challenger-35-wartung","51":"product_cat-challenger-36-ansaugung","52":"product_cat-challenger-36-wartung","53":"product_cat-challenger-57-ansaugung","54":"product_cat-challenger-57-wartung","55":"product_cat-challenger-61-ansaugung","56":"product_cat-challenger-61-wartung","57":"product_cat-challenger-hellcat-ansaugung","58":"product_cat-challenger-hellcat-wartung","59":"product_cat-challenger-64-ansaugung","60":"product_cat-challenger-64-wartung","61":"product_cat-charger-35-ansaugung","62":"product_cat-charger-35-wartung","63":"product_cat-charger-36-ansaugung","64":"product_cat-charger-36-wartung","65":"product_cat-charger-57-ansaugung","66":"product_cat-charger-57-wartung","67":"product_cat-charger-57-2011-2023-ansaugung","68":"product_cat-dodge-charger-57-2011-2023-wartung","69":"product_cat-charger-61-ansaugung","70":"product_cat-charger-61-wartung","71":"product_cat-charger-hellcat-ansaugung","72":"product_cat-charger-hellcat-wartung","73":"product_cat-charger-64-ansaugung","74":"product_cat-charger-64-wartung","75":"product_cat-durango-36-ansaugung","76":"product_cat-durango-36-wartung","77":"product_cat-durango-57-ansaugung","78":"product_cat-durango-57-wartung","79":"product_cat-durango-hellcat-ansaugung","80":"product_cat-durango-hellcat-wartung","81":"product_cat-durango-64-ansaugung","82":"product_cat-durango-64-wartung","83":"product_cat-magnum-35-ansaugung","84":"product_cat-magnum-35-wartung","85":"product_cat-magnum-57-ansaugung","86":"product_cat-magnum-57-wartung","87":"product_cat-magnum-61-ansaugung","88":"product_cat-magnum-61-wartung","89":"product_cat-bronco-23-ecoboost-ansaugung","90":"product_cat-bronco-27-ecoboost-ansaugung","91":"product_cat-f-150-27-ecoboost-ansaugung","92":"product_cat-f-150-35-ecoboost-ansaugung","93":"product_cat-f-150-35-ecoboost-raptor-ansaugung","94":"product_cat-f-150-50-2015-ansaugung","95":"product_cat-mustang-23-ecoboost-ansaugung","96":"product_cat-mustang-37-ansaugung","97":"product_cat-mustang-50-gt-ansaugung","98":"product_cat-shelby-gt350-ansaugung","99":"product_cat-shelby-gt500-ansaugung","100":"product_cat-commander-ansaugung","101":"product_cat-commander-wartung","102":"product_cat-gladiator-36-ansaugung","103":"product_cat-gladiator-36-wartung","104":"product_cat-grand-cherokee-30-diesel-ansaugung","105":"product_cat-grand-cherokee-30-diesel-wartung","106":"product_cat-grand-cherokee-36-ansaugung","107":"product_cat-grand-cherokee-36-wartung","108":"product_cat-grand-cherokee-57-2005-2010-ansaugung","109":"product_cat-grand-cherokee-57-2005-2010-wartung","110":"product_cat-grand-cherokee-57-2011-2021-ansaugung","111":"product_cat-grand-cherokee-57-2011-2021-wartung","112":"product_cat-grand-cherokee-61-ansaugung","113":"product_cat-grand-cherokee-61-wartung","114":"product_cat-trackhawk-ansaugung","115":"product_cat-trackhawk-wartung","116":"product_cat-grand-cherokee-64-ansaugung","117":"product_cat-grand-cherokee-64-wartung","118":"product_cat-wagoneer-64-ansaugung","119":"product_cat-wagoneer-64-wartung","120":"product_cat-wrangler-20-turbo-ansaugung","121":"product_cat-wrangler-20-turbo-wartung","122":"product_cat-wrangler-36-ansaugung","123":"product_cat-wrangler-36-wartung","124":"product_cat-wrangler-64-ansaugung","125":"product_cat-wrangler-64-wartung","126":"product_cat-1500-30-ansaugung","127":"product_cat-1500-30-wartung","128":"product_cat-1500-ecodiesel-ansaugung","129":"product_cat-1500-ecodiesel-wartung","130":"product_cat-1500-ecodiesel-2020-2023-ansaugung","131":"product_cat-1500-ecodiesel-2020-2023-wartung","132":"product_cat-1500-36-ansaugung","133":"product_cat-1500-36-wartung","134":"product_cat-1500-36-ansaugung-dt","135":"product_cat-1500-36-dt-wartung","136":"product_cat-1500-57-2003-2008-ansaugung","137":"product_cat-1500-57-2003-2008-wartung","138":"product_cat-1500-57-2009-2018-classic-ansaugung","139":"product_cat-1500-57-2009-2018-classic-wartung","140":"product_cat-1500-57-dt-ansaugung","141":"product_cat-1500-57-dt-wartung","142":"product_cat-2500-3500-57-ansaugung","143":"product_cat-2500-3500-57-wartung","144":"product_cat-2500-3500-64-ansaugung","145":"product_cat-2500-3500-64-wartung","146":"product_cat-67-cummins-ansaugung","147":"product_cat-67-cummins-wartung","148":"product_cat-trx-ansaugung","149":"product_cat-trx-wartung","150":"product_tag-90-59999","151":"product_tag-advanced-flow-engineering","152":"product_tag-afe","153":"product_tag-afe-power","154":"product_tag-cai","155":"product_tag-cold-air-intake","156":"product_tag-dodge-challenger","157":"product_tag-kit","158":"product_tag-luftfilter","159":"product_tag-oel","160":"product_tag-pflege","161":"product_tag-reiniger","162":"product_tag-reinigung","163":"product_tag-set","164":"product_tag-sportluftfilter","165":"product_tag-spray","166":"product_tag-trockenfilter","168":"first","169":"instock","170":"taxable","171":"shipping-taxable","172":"purchasable","173":"product-type-simple"},"bundled_by":[],"bundle_stock_status":"instock","bundle_stock_quantity":3,"bundle_virtual":false,"bundle_layout":"","bundle_add_to_cart_form_location":"","bundle_editable_in_cart":false,"bundle_sold_individually_context":"","bundle_item_grouping":"","bundle_min_size":"","bundle_max_size":"","bundle_price":[],"bundled_items":[],"bundle_sell_ids":[],"exclude_global_add_ons":[],"addons":[],"acf":[],"_links":{"self":[{"href":"https:\/\/kraftwerk-shop.cc\/es\/wp-json\/wp\/v2\/product\/68319760","targetHints":{"allow":["GET"]}}],"collection":[{"href":"https:\/\/kraftwerk-shop.cc\/es\/wp-json\/wp\/v2\/product"}],"about":[{"href":"https:\/\/kraftwerk-shop.cc\/es\/wp-json\/wp\/v2\/types\/product"}],"replies":[{"embeddable":true,"href":"https:\/\/kraftwerk-shop.cc\/es\/wp-json\/wp\/v2\/comments?post=68319760"}],"version-history":[{"count":0,"href":"https:\/\/kraftwerk-shop.cc\/es\/wp-json\/wp\/v2\/product\/68319760\/revisions"}],"wp:featuredmedia":[{"embeddable":true,"href":"https:\/\/kraftwerk-shop.cc\/es\/wp-json\/wp\/v2\/media\/68319765"}],"wp:attachment":[{"href":"https:\/\/kraftwerk-shop.cc\/es\/wp-json\/wp\/v2\/media?parent=68319760"}],"wp:term":[{"taxonomy":"product_brand","embeddable":true,"href":"https:\/\/kraftwerk-shop.cc\/es\/wp-json\/wp\/v2\/product_brand?post=68319760"},{"taxonomy":"product_cat","embeddable":true,"href":"https:\/\/kraftwerk-shop.cc\/es\/wp-json\/wp\/v2\/product_cat?post=68319760"},{"taxonomy":"product_tag","embeddable":true,"href":"https:\/\/kraftwerk-shop.cc\/es\/wp-json\/wp\/v2\/product_tag?post=68319760"}],"curies":[{"name":"wp","href":"https:\/\/api.w.org\/{rel}","templated":true}]}}