{"id":68320311,"date":"2025-05-01T21:55:06","date_gmt":"2025-05-01T19:55:06","guid":{"rendered":"https:\/\/kraftwerk-shop.cc\/?post_type=product&#038;p=68320311"},"modified":"2026-03-24T14:33:53","modified_gmt":"2026-03-24T13:33:53","slug":"pastillas-de-freno-mopar-durango-68052369ae","status":"publish","type":"product","link":"https:\/\/kraftwerk-shop.cc\/es\/produkt\/mopar-bremsbelaege-durango-68052369ae\/","title":{"rendered":"Mopar pastillas de freno Durango (68052369AE)"},"content":{"rendered":"<h1>Pastillas de freno originales Mopar 68052369AE para Dodge Durango 3.6 y 5.7 de 2011 a 2025 (eje delantero)<\/h1>\n<p>&nbsp;<\/p>\n<p><span lang=\"DE\"><strong>N\u00famero de pieza Mopar:<\/strong> 68052369AE<br \/>\n<strong>Reemplazado: <\/strong>68052369AA, 68052369AB, 68052369AC, 68052369AD<br \/>\n<\/span><\/p>\n<p>&nbsp;<\/p>\n<p><strong>Adecuado para:<\/strong><\/p>\n<table width=\"695\">\n<tbody>\n<tr>\n<td width=\"178\">Dodge<\/td>\n<td width=\"225\">Durango<\/td>\n<td width=\"120\">3.6<\/td>\n<td width=\"172\">2011-2025<\/td>\n<\/tr>\n<tr>\n<td width=\"178\">Dodge<\/td>\n<td width=\"225\">Durango<\/td>\n<td width=\"120\">5.7<\/td>\n<td width=\"172\">2011-2025<\/td>\n<\/tr>\n<\/tbody>\n<\/table>\n<p>&nbsp;<\/p>\n<p>Adecuado para discos de freno de 350 mm<\/p>\n<p>&nbsp;<\/p>\n<p>&nbsp;<\/p>\n<p><strong>Volumen de suministro:<\/strong><\/p>\n<ul>\n<li>1 juego <span lang=\"DE\">Pastillas de freno 68052369AE para el eje delantero<\/span><\/li>\n<\/ul>\n<p>&nbsp;<\/p>\n<h4>\u00bfPor qu\u00e9 elegir recambios originales Mopar?<\/h4>\n<p><strong>Ajuste perfecto y calidad superior:<\/strong> Los recambios originales Mopar se fabrican siguiendo las estrictas especificaciones del fabricante, lo que significa que encajan perfectamente en su veh\u00edculo. Esto no solo garantiza una instalaci\u00f3n sencilla, sino tambi\u00e9n un funcionamiento y una seguridad \u00f3ptimos.<\/p>\n<p><strong>Fiabilidad y durabilidad:<\/strong> Mediante el uso de materiales de alta calidad y estrictos controles de calidad, los recambios Mopar garantizan que su veh\u00edculo funcione de forma fiable incluso en condiciones extremas. Est\u00e1n dise\u00f1ados para durar y maximizar el rendimiento de su veh\u00edculo.<\/p>\n<p>&nbsp;<\/p>","protected":false},"excerpt":{"rendered":"<p>Pieza original Mopar<\/p>\n<p>2011-2025<\/p>","protected":false},"featured_media":68320986,"comment_status":"open","ping_status":"closed","template":"","meta":{"_acf_changed":false},"product_brand":[16270],"product_cat":[17916,17920],"product_tag":[169,91,1187,1188,16866,16867,16865,590,795,49,4432,95,692,126,36,7221,842,841],"class_list":{"0":"post-68320311","1":"product","2":"type-product","3":"status-publish","4":"has-post-thumbnail","6":"product_brand-mopar","7":"product_cat-durango-36-bremsbelaege-vorne","8":"product_cat-durango-57-bremsbelaege-vorne","9":"product_tag-3-6","10":"product_tag-5-7","11":"product_tag-68052369aa","12":"product_tag-68052369ab","13":"product_tag-68052369ac","14":"product_tag-68052369ad","15":"product_tag-68052369ae","16":"product_tag-bremsbelaege","17":"product_tag-bremse","18":"product_tag-dodge","19":"product_tag-dodge-durango","20":"product_tag-durango","21":"product_tag-ersatzteil","22":"product_tag-hemi","23":"product_tag-kraftwerk","24":"product_tag-mopar10","25":"product_tag-vorderachse","26":"product_tag-vorne","28":"first","29":"instock","30":"taxable","31":"shipping-taxable","32":"purchasable","33":"product-type-simple"},"bundled_by":[],"bundle_stock_status":"instock","bundle_stock_quantity":1,"bundle_virtual":false,"bundle_layout":"","bundle_add_to_cart_form_location":"","bundle_editable_in_cart":false,"bundle_sold_individually_context":"","bundle_item_grouping":"","bundle_min_size":"","bundle_max_size":"","bundle_price":[],"bundled_items":[],"bundle_sell_ids":[],"exclude_global_add_ons":[],"addons":[],"acf":[],"_links":{"self":[{"href":"https:\/\/kraftwerk-shop.cc\/es\/wp-json\/wp\/v2\/product\/68320311","targetHints":{"allow":["GET"]}}],"collection":[{"href":"https:\/\/kraftwerk-shop.cc\/es\/wp-json\/wp\/v2\/product"}],"about":[{"href":"https:\/\/kraftwerk-shop.cc\/es\/wp-json\/wp\/v2\/types\/product"}],"replies":[{"embeddable":true,"href":"https:\/\/kraftwerk-shop.cc\/es\/wp-json\/wp\/v2\/comments?post=68320311"}],"version-history":[{"count":0,"href":"https:\/\/kraftwerk-shop.cc\/es\/wp-json\/wp\/v2\/product\/68320311\/revisions"}],"wp:featuredmedia":[{"embeddable":true,"href":"https:\/\/kraftwerk-shop.cc\/es\/wp-json\/wp\/v2\/media\/68320986"}],"wp:attachment":[{"href":"https:\/\/kraftwerk-shop.cc\/es\/wp-json\/wp\/v2\/media?parent=68320311"}],"wp:term":[{"taxonomy":"product_brand","embeddable":true,"href":"https:\/\/kraftwerk-shop.cc\/es\/wp-json\/wp\/v2\/product_brand?post=68320311"},{"taxonomy":"product_cat","embeddable":true,"href":"https:\/\/kraftwerk-shop.cc\/es\/wp-json\/wp\/v2\/product_cat?post=68320311"},{"taxonomy":"product_tag","embeddable":true,"href":"https:\/\/kraftwerk-shop.cc\/es\/wp-json\/wp\/v2\/product_tag?post=68320311"}],"curies":[{"name":"wp","href":"https:\/\/api.w.org\/{rel}","templated":true}]}}