{"id":68320328,"date":"2025-05-01T21:54:58","date_gmt":"2025-05-01T19:54:58","guid":{"rendered":"https:\/\/kraftwerk-shop.cc\/?post_type=product&#038;p=68320328"},"modified":"2026-02-15T01:20:03","modified_gmt":"2026-02-15T00:20:03","slug":"bproauto-pastillas-de-freno-grand-cherokee-1bp00318ab","status":"publish","type":"product","link":"https:\/\/kraftwerk-shop.cc\/es\/produkt\/bproauto-bremsbelaege-grand-cherokee-1bp00318ab\/","title":{"rendered":"bproauto pastillas de freno Grand Cherokee (1BP00318AB)"},"content":{"rendered":"<h1>Pastillas de freno bproauto 1BP00318AB para Jeep Grand Cherokee 3.0, 3.6 y 5.7 de 2011 a 2020 (eje delantero)<\/h1>\n<p><span lang=\"DE\"><br \/>\n<strong>N\u00fameros de comparaci\u00f3n Mopar: <\/strong>68052369AA, 68052369AB, 68052369AC, 68052369AD, 68052369AE<br \/>\n<\/span><\/p>\n<p>&nbsp;<\/p>\n<ul>\n<li>Recubrimiento en polvo resistente a la corrosi\u00f3n<\/li>\n<li>Excelente resistencia a la decoloraci\u00f3n<\/li>\n<li>Materiales de fricci\u00f3n compatibles con OEM<\/li>\n<li>Baja generaci\u00f3n de polvo de frenado<\/li>\n<li>Bajo nivel de ruido<\/li>\n<li>Alto rendimiento con m\u00e1s potencia de frenado<\/li>\n<li>Ajuste y funcionamiento OEM<\/li>\n<\/ul>\n<p>&nbsp;<\/p>\n<p>&nbsp;<\/p>\n<p><strong>Adecuado para:<\/strong><\/p>\n<table width=\"695\">\n<tbody>\n<tr>\n<td width=\"178\">Jeep<\/td>\n<td width=\"225\">Grand Cherokee<\/td>\n<td width=\"120\">3.0 MultiJet<\/td>\n<td width=\"172\">2011-2020<\/td>\n<\/tr>\n<tr>\n<td width=\"178\">Jeep<\/td>\n<td width=\"225\">Grand Cherokee<\/td>\n<td width=\"120\">3.6<\/td>\n<td width=\"172\">2011-2020<\/td>\n<\/tr>\n<tr>\n<td width=\"178\">Jeep<\/td>\n<td width=\"225\">Grand Cherokee<\/td>\n<td width=\"120\">5.7<\/td>\n<td width=\"172\">2011-2020<\/td>\n<\/tr>\n<\/tbody>\n<\/table>\n<p><strong><br \/>\n<\/strong>Adecuado para discos de freno de 350 mm<\/p>\n<p>&nbsp;<\/p>\n<p><strong>Volumen de suministro:<\/strong><\/p>\n<ul>\n<li>1 juego <span lang=\"DE\">Pastillas de freno 1BP00318AB para el eje delantero<br \/>\n<\/span><\/li>\n<\/ul>\n<p>&nbsp;<\/p>\n<p>&nbsp;<\/p>\n<h4>Acerca de bproauto<\/h4>\n<p>bproauto es una marca de recambios de Stellantis que se ha desarrollado espec\u00edficamente para ofrecer piezas de recambio de alta calidad para veh\u00edculos de las marcas del grupo Chrysler, Dodge, Jeep y RAM. El objetivo: ofrecer a los propietarios de veh\u00edculos una alternativa econ\u00f3mica, fiable y de alta calidad a las piezas de recambio originales, sin comprometer la calidad, la precisi\u00f3n de ajuste o la seguridad.<br \/>\nCalidad OEM para el mercado posventa<\/p>\n<p>bproauto ofrece una amplia gama de piezas de recambio que se fabrican y prueban exhaustivamente de acuerdo con las estrictas normas de equipamiento original (normas O.E.). Los productos est\u00e1n dise\u00f1ados para ajustarse exactamente a las especificaciones de los respectivos modelos de veh\u00edculos, tanto en t\u00e9rminos de rendimiento como de ajuste.<\/p>","protected":false},"excerpt":{"rendered":"<p>2011-2020<\/p>","protected":false},"featured_media":68321904,"comment_status":"open","ping_status":"closed","template":"","meta":{"_acf_changed":false},"product_brand":[16873],"product_cat":[17936,17941,17951],"product_tag":[16870,572,169,91,1187,1188,16866,16867,16865,16871,590,795,692,56,126,50,4425,36,7221,877,842,841],"class_list":{"0":"post-68320328","1":"product","2":"type-product","3":"status-publish","4":"has-post-thumbnail","6":"product_brand-bproauto","7":"product_cat-grand-cherokee-30-diesel-bremsbelaege-vorne","8":"product_cat-grand-cherokee-36-bremsbelaege-vorne","9":"product_cat-grand-cherokee-57-2011-2021-bremsbelaege-vorne","10":"product_tag-1bp00318ab","11":"product_tag-3-0-crd","12":"product_tag-3-6","13":"product_tag-5-7","14":"product_tag-68052369aa","15":"product_tag-68052369ab","16":"product_tag-68052369ac","17":"product_tag-68052369ad","18":"product_tag-68052369ae","19":"product_tag-bproauto","20":"product_tag-bremsbelaege","21":"product_tag-bremse","22":"product_tag-ersatzteil","23":"product_tag-grand-cherokee","24":"product_tag-hemi","25":"product_tag-jeep","26":"product_tag-jeep-grand-cherokee","27":"product_tag-kraftwerk","28":"product_tag-mopar10","29":"product_tag-multijet","30":"product_tag-vorderachse","31":"product_tag-vorne","33":"first","34":"instock","35":"taxable","36":"shipping-taxable","37":"purchasable","38":"product-type-simple"},"bundled_by":[],"bundle_stock_status":"instock","bundle_stock_quantity":3,"bundle_virtual":false,"bundle_layout":"","bundle_add_to_cart_form_location":"","bundle_editable_in_cart":false,"bundle_sold_individually_context":"","bundle_item_grouping":"","bundle_min_size":"","bundle_max_size":"","bundle_price":[],"bundled_items":[],"bundle_sell_ids":[],"exclude_global_add_ons":[],"addons":[],"acf":[],"_links":{"self":[{"href":"https:\/\/kraftwerk-shop.cc\/es\/wp-json\/wp\/v2\/product\/68320328","targetHints":{"allow":["GET"]}}],"collection":[{"href":"https:\/\/kraftwerk-shop.cc\/es\/wp-json\/wp\/v2\/product"}],"about":[{"href":"https:\/\/kraftwerk-shop.cc\/es\/wp-json\/wp\/v2\/types\/product"}],"replies":[{"embeddable":true,"href":"https:\/\/kraftwerk-shop.cc\/es\/wp-json\/wp\/v2\/comments?post=68320328"}],"version-history":[{"count":0,"href":"https:\/\/kraftwerk-shop.cc\/es\/wp-json\/wp\/v2\/product\/68320328\/revisions"}],"wp:featuredmedia":[{"embeddable":true,"href":"https:\/\/kraftwerk-shop.cc\/es\/wp-json\/wp\/v2\/media\/68321904"}],"wp:attachment":[{"href":"https:\/\/kraftwerk-shop.cc\/es\/wp-json\/wp\/v2\/media?parent=68320328"}],"wp:term":[{"taxonomy":"product_brand","embeddable":true,"href":"https:\/\/kraftwerk-shop.cc\/es\/wp-json\/wp\/v2\/product_brand?post=68320328"},{"taxonomy":"product_cat","embeddable":true,"href":"https:\/\/kraftwerk-shop.cc\/es\/wp-json\/wp\/v2\/product_cat?post=68320328"},{"taxonomy":"product_tag","embeddable":true,"href":"https:\/\/kraftwerk-shop.cc\/es\/wp-json\/wp\/v2\/product_tag?post=68320328"}],"curies":[{"name":"wp","href":"https:\/\/api.w.org\/{rel}","templated":true}]}}