{"id":68320347,"date":"2025-05-01T21:54:47","date_gmt":"2025-05-01T19:54:47","guid":{"rendered":"https:\/\/kraftwerk-shop.cc\/?post_type=product&#038;p=68320347"},"modified":"2026-02-15T01:20:02","modified_gmt":"2026-02-15T00:20:02","slug":"bproauto-pastillas-de-freno-durango-1bp00330aa","status":"publish","type":"product","link":"https:\/\/kraftwerk-shop.cc\/es\/produkt\/bproauto-bremsbelaege-durango-1bp00330aa\/","title":{"rendered":"bproauto pastillas de freno Durango (1BP00330AA)"},"content":{"rendered":"<h1>bproauto pastillas de freno 1BP00330AA para Dodge Durango 3.6 y 5.7 de 2011 a 2022 (<span lang=\"DE\">Eje trasero<\/span>)<\/h1>\n<p>&nbsp;<\/p>\n<p><span lang=\"DE\"><strong>N\u00fameros de comparaci\u00f3n Mopar: <\/strong>68052386AA, 68052386AB, 68052386AC, 68052386AD<br \/>\n<\/span><\/p>\n<p>&nbsp;<\/p>\n<ul>\n<li>Recubrimiento en polvo resistente a la corrosi\u00f3n<\/li>\n<li>Excelente resistencia a la decoloraci\u00f3n<\/li>\n<li>Materiales de fricci\u00f3n compatibles con OEM<\/li>\n<li>Baja generaci\u00f3n de polvo de frenado<\/li>\n<li>Bajo nivel de ruido<\/li>\n<li>Alto rendimiento con m\u00e1s potencia de frenado<\/li>\n<li>Ajuste y funcionamiento OEM<\/li>\n<\/ul>\n<p><span lang=\"DE\">\u00a0<\/span><\/p>\n<p>&nbsp;<\/p>\n<p><strong>Adecuado para:<\/strong><\/p>\n<table width=\"695\">\n<tbody>\n<tr>\n<td width=\"178\">Dodge<\/td>\n<td width=\"225\">Durango<\/td>\n<td width=\"120\">3.6<\/td>\n<td width=\"172\">2011-2022<\/td>\n<\/tr>\n<tr>\n<td width=\"178\">Dodge<\/td>\n<td width=\"225\">Durango<\/td>\n<td width=\"120\">5.7<\/td>\n<td width=\"172\">2011-2022<\/td>\n<\/tr>\n<\/tbody>\n<\/table>\n<p>&nbsp;<\/p>\n<p>Adecuado para discos de freno de 330 mm<\/p>\n<p>&nbsp;<\/p>\n<p><strong>Volumen de suministro:<\/strong><\/p>\n<ul>\n<li>1 juego de pastillas de freno 1BP00330AA para el eje delantero<\/li>\n<\/ul>\n<p>&nbsp;<\/p>\n<h4>Acerca de bproauto<\/h4>\n<p>bproauto es una marca de recambios de Stellantis que se ha desarrollado espec\u00edficamente para ofrecer piezas de recambio de alta calidad para veh\u00edculos de las marcas del grupo Chrysler, Dodge, Jeep y RAM. El objetivo: ofrecer a los propietarios de veh\u00edculos una alternativa econ\u00f3mica, fiable y de alta calidad a las piezas de recambio originales, sin comprometer la calidad, la precisi\u00f3n de ajuste o la seguridad.<br \/>\nCalidad OEM para el mercado posventa<\/p>\n<p>bproauto ofrece una amplia gama de piezas de recambio que se fabrican y prueban exhaustivamente de acuerdo con las estrictas normas de equipamiento original (normas O.E.). Los productos est\u00e1n dise\u00f1ados para ajustarse exactamente a las especificaciones de los respectivos modelos de veh\u00edculos, tanto en t\u00e9rminos de rendimiento como de ajuste.<\/p>\n<p>&nbsp;<\/p>","protected":false},"excerpt":{"rendered":"<p>2011-2022<\/p>","protected":false},"featured_media":68321918,"comment_status":"open","ping_status":"closed","template":"","meta":{"_acf_changed":false},"product_brand":[16873],"product_cat":[17917,17921],"product_tag":[16872,169,91,2164,16863,16864,16862,16871,590,795,49,4432,95,692,126,798,799,36,7221],"class_list":{"0":"post-68320347","1":"product","2":"type-product","3":"status-publish","4":"has-post-thumbnail","6":"product_brand-bproauto","7":"product_cat-durango-36-bremsbelaege-hinten","8":"product_cat-durango-57-bremsbelaege-hinten","9":"product_tag-1bp00330aa","10":"product_tag-3-6","11":"product_tag-5-7","12":"product_tag-68052386aa","13":"product_tag-68052386ab","14":"product_tag-68052386ac","15":"product_tag-68052386ad","16":"product_tag-bproauto","17":"product_tag-bremsbelaege","18":"product_tag-bremse","19":"product_tag-dodge","20":"product_tag-dodge-durango","21":"product_tag-durango","22":"product_tag-ersatzteil","23":"product_tag-hemi","24":"product_tag-hinten","25":"product_tag-hinterachse","26":"product_tag-kraftwerk","27":"product_tag-mopar10","29":"first","30":"instock","31":"taxable","32":"shipping-taxable","33":"purchasable","34":"product-type-simple"},"bundled_by":[],"bundle_stock_status":"instock","bundle_stock_quantity":1,"bundle_virtual":false,"bundle_layout":"","bundle_add_to_cart_form_location":"","bundle_editable_in_cart":false,"bundle_sold_individually_context":"","bundle_item_grouping":"","bundle_min_size":"","bundle_max_size":"","bundle_price":[],"bundled_items":[],"bundle_sell_ids":[],"exclude_global_add_ons":[],"addons":[],"acf":[],"_links":{"self":[{"href":"https:\/\/kraftwerk-shop.cc\/es\/wp-json\/wp\/v2\/product\/68320347","targetHints":{"allow":["GET"]}}],"collection":[{"href":"https:\/\/kraftwerk-shop.cc\/es\/wp-json\/wp\/v2\/product"}],"about":[{"href":"https:\/\/kraftwerk-shop.cc\/es\/wp-json\/wp\/v2\/types\/product"}],"replies":[{"embeddable":true,"href":"https:\/\/kraftwerk-shop.cc\/es\/wp-json\/wp\/v2\/comments?post=68320347"}],"version-history":[{"count":0,"href":"https:\/\/kraftwerk-shop.cc\/es\/wp-json\/wp\/v2\/product\/68320347\/revisions"}],"wp:featuredmedia":[{"embeddable":true,"href":"https:\/\/kraftwerk-shop.cc\/es\/wp-json\/wp\/v2\/media\/68321918"}],"wp:attachment":[{"href":"https:\/\/kraftwerk-shop.cc\/es\/wp-json\/wp\/v2\/media?parent=68320347"}],"wp:term":[{"taxonomy":"product_brand","embeddable":true,"href":"https:\/\/kraftwerk-shop.cc\/es\/wp-json\/wp\/v2\/product_brand?post=68320347"},{"taxonomy":"product_cat","embeddable":true,"href":"https:\/\/kraftwerk-shop.cc\/es\/wp-json\/wp\/v2\/product_cat?post=68320347"},{"taxonomy":"product_tag","embeddable":true,"href":"https:\/\/kraftwerk-shop.cc\/es\/wp-json\/wp\/v2\/product_tag?post=68320347"}],"curies":[{"name":"wp","href":"https:\/\/api.w.org\/{rel}","templated":true}]}}