{"id":68320735,"date":"2025-05-04T13:47:04","date_gmt":"2025-05-04T11:47:04","guid":{"rendered":"https:\/\/kraftwerk-shop.cc\/?post_type=product&#038;p=68320735"},"modified":"2026-02-15T01:20:09","modified_gmt":"2026-02-15T00:20:09","slug":"placa-proteccion-termica-colector-escape-mopar-5038539ad","status":"publish","type":"product","link":"https:\/\/kraftwerk-shop.cc\/es\/produkt\/mopar-abgaskruemmer-hitzeschutzblech-5038539ad\/","title":{"rendered":"Placa de protecci\u00f3n t\u00e9rmica del colector de escape Mopar (5038539AD)"},"content":{"rendered":"<h1>Escudo t\u00e9rmico del colector de escape original Mopar (5038539AD) para Jeep Grand Cherokee SRT &amp; Trackhawk y Dodge Durango SRT &amp; Hellcat, lado izquierdo<\/h1>\n<p>&nbsp;<\/p>\n<p><span lang=\"DE\"><strong>N\u00famero de pieza Mopar:<\/strong> 5038539AD<br \/>\n<strong>Reemplazado:\u00a0<\/strong>5038539AB, 5038539AC<\/span><\/p>\n<p>&nbsp;<\/p>\n<p><strong>Adecuado para:<\/strong><\/p>\n<table width=\"972\">\n<tbody>\n<tr>\n<td width=\"80\"><strong>A\u00f1o de construcci\u00f3n<\/strong><\/td>\n<td width=\"80\"><strong>Marca<\/strong><\/td>\n<td width=\"121\"><strong>Modelo<\/strong><\/td>\n<td width=\"493\"><strong>Versi\u00f3n<\/strong><\/td>\n<td width=\"198\"><strong>Motor<\/strong><\/td>\n<\/tr>\n<tr>\n<td width=\"80\">2025<\/td>\n<td width=\"80\">Dodge<\/td>\n<td width=\"121\">Durango<\/td>\n<td width=\"493\">SRT Hellcat Hammerhead, SRT Hellcat Plus, SRT Hellcat Premium, SRT Hellcat Silver Bullet<\/td>\n<td width=\"198\">6.2L<\/td>\n<\/tr>\n<tr>\n<td width=\"80\">2024<\/td>\n<td width=\"80\">Dodge<\/td>\n<td width=\"121\">Durango<\/td>\n<td width=\"493\">SRT 392, SRT 392 Plus, SRT 392 Premium, SRT Hellcat, SRT Hellcat Plus, SRT Hellcat Premium<\/td>\n<td width=\"198\">6.2L, 6.4L<\/td>\n<\/tr>\n<tr>\n<td width=\"80\">2023<\/td>\n<td width=\"80\">Dodge<\/td>\n<td width=\"121\">Durango<\/td>\n<td width=\"493\">SRT 392, SRT 392 Plus, SRT 392 Premium, SRT Hellcat, SRT Hellcat Plus, SRT Hellcat Premium<\/td>\n<td width=\"198\">6.2L, 6.4L<\/td>\n<\/tr>\n<tr>\n<td width=\"80\">2022<\/td>\n<td width=\"80\">Dodge<\/td>\n<td width=\"121\">Durango<\/td>\n<td width=\"493\">SRT 392<\/td>\n<td width=\"198\">6.4L<\/td>\n<\/tr>\n<tr>\n<td width=\"80\">2021<\/td>\n<td width=\"80\">Dodge<\/td>\n<td width=\"121\">Durango<\/td>\n<td width=\"493\">SRT, SRT Hellcat<\/td>\n<td width=\"198\">6.2L, 6.4L<\/td>\n<\/tr>\n<tr>\n<td width=\"80\">2021<\/td>\n<td width=\"80\">Jeep<\/td>\n<td width=\"121\">Grand Cherokee<\/td>\n<td width=\"493\">SRT, Trackhawk<\/td>\n<td width=\"198\">6.2L, 6.4L<\/td>\n<\/tr>\n<tr>\n<td width=\"80\">2020<\/td>\n<td width=\"80\">Dodge<\/td>\n<td width=\"121\">Durango<\/td>\n<td width=\"493\">SRT<\/td>\n<td width=\"198\">6.4L<\/td>\n<\/tr>\n<tr>\n<td width=\"80\">2020<\/td>\n<td width=\"80\">Jeep<\/td>\n<td width=\"121\">Grand Cherokee<\/td>\n<td width=\"493\">SRT, Trackhawk<\/td>\n<td width=\"198\">6.2L, 6.4L<\/td>\n<\/tr>\n<tr>\n<td width=\"80\">2019<\/td>\n<td width=\"80\">Dodge<\/td>\n<td width=\"121\">Durango<\/td>\n<td width=\"493\">SRT<\/td>\n<td width=\"198\">6.4L<\/td>\n<\/tr>\n<tr>\n<td width=\"80\">2019<\/td>\n<td width=\"80\">Jeep<\/td>\n<td width=\"121\">Grand Cherokee<\/td>\n<td width=\"493\">SRT, Trackhawk<\/td>\n<td width=\"198\">6.2L, 6.4L<\/td>\n<\/tr>\n<tr>\n<td width=\"80\">2018<\/td>\n<td width=\"80\">Dodge<\/td>\n<td width=\"121\">Durango<\/td>\n<td width=\"493\">SRT<\/td>\n<td width=\"198\">6.4L<\/td>\n<\/tr>\n<tr>\n<td width=\"80\">2018<\/td>\n<td width=\"80\">Jeep<\/td>\n<td width=\"121\">Grand Cherokee<\/td>\n<td width=\"493\">SRT, Trackhawk<\/td>\n<td width=\"198\">6.2L, 6.4L<\/td>\n<\/tr>\n<tr>\n<td width=\"80\">2017<\/td>\n<td width=\"80\">Jeep<\/td>\n<td width=\"121\">Grand Cherokee<\/td>\n<td width=\"493\">SRT<\/td>\n<td width=\"198\">6.4L<\/td>\n<\/tr>\n<tr>\n<td width=\"80\">2016<\/td>\n<td width=\"80\">Jeep<\/td>\n<td width=\"121\">Grand Cherokee<\/td>\n<td width=\"493\">SRT<\/td>\n<td width=\"198\">6.4L<\/td>\n<\/tr>\n<tr>\n<td width=\"80\">2015<\/td>\n<td width=\"80\">Jeep<\/td>\n<td width=\"121\">Grand Cherokee<\/td>\n<td width=\"493\">SRT<\/td>\n<td width=\"198\">6.4L<\/td>\n<\/tr>\n<tr>\n<td width=\"80\">2014<\/td>\n<td width=\"80\">Jeep<\/td>\n<td width=\"121\">Grand Cherokee<\/td>\n<td width=\"493\">SRT<\/td>\n<td width=\"198\">6.4L<\/td>\n<\/tr>\n<tr>\n<td width=\"80\">2013<\/td>\n<td width=\"80\">Jeep<\/td>\n<td width=\"121\">Grand Cherokee<\/td>\n<td width=\"493\">SRT8<\/td>\n<td width=\"198\">6.4L<\/td>\n<\/tr>\n<tr>\n<td width=\"80\">2012<\/td>\n<td width=\"80\">Jeep<\/td>\n<td width=\"121\">Grand Cherokee<\/td>\n<td width=\"493\">SRT8<\/td>\n<td width=\"198\">6.4L<\/td>\n<\/tr>\n<\/tbody>\n<\/table>\n<p>&nbsp;<\/p>\n<h4>\u00bfPor qu\u00e9 elegir recambios originales Mopar?<\/h4>\n<p><strong>Ajuste perfecto y calidad superior:<\/strong> Los recambios originales Mopar se fabrican siguiendo las estrictas especificaciones del fabricante, lo que significa que encajan perfectamente en su veh\u00edculo. Esto no solo garantiza una instalaci\u00f3n sencilla, sino tambi\u00e9n un funcionamiento y una seguridad \u00f3ptimos.<\/p>\n<p><strong>Fiabilidad y durabilidad:<\/strong> Mediante el uso de materiales de alta calidad y estrictos controles de calidad, los recambios Mopar garantizan que su veh\u00edculo funcione de forma fiable incluso en condiciones extremas. Est\u00e1n dise\u00f1ados para durar y maximizar el rendimiento de su veh\u00edculo.<\/p>\n<p>&nbsp;<\/p>\n<p>&nbsp;<\/p>","protected":false},"excerpt":{"rendered":"<p>Pieza original Mopar, lado izquierdo<\/p>","protected":false},"featured_media":68320738,"comment_status":"open","ping_status":"closed","template":"","meta":{"_acf_changed":false},"product_brand":[16270],"product_cat":[6601,6587,6634,6592],"product_tag":[17030,17031,17026,17027,17028,17029,101,93,4432,56,100,50,31,8813,9424,16271,16273,16275,16272,16274,7221,96,102],"class_list":{"0":"post-68320735","1":"product","2":"type-product","3":"status-publish","4":"has-post-thumbnail","6":"product_brand-mopar","7":"product_cat-durango-hellcat-abgasanlage-dichtungen-hardware","8":"product_cat-durango-64-abgasanlage-dichtungen-hardware","9":"product_cat-trackhawk-abgasanlage-dichtungen-hardware","10":"product_cat-grand-cherokee-64-abgasanlage-dichtungen-hardware","11":"product_tag-05038539ab","12":"product_tag-05038539ac","13":"product_tag-05038539ad","14":"product_tag-5038539ab","15":"product_tag-5038539ac","16":"product_tag-5038539ad","17":"product_tag-6-2","18":"product_tag-6-4","19":"product_tag-dodge-durango","20":"product_tag-grand-cherokee","21":"product_tag-hellcat","22":"product_tag-jeep","23":"product_tag-mopar","24":"product_tag-mopar-autoteile","25":"product_tag-mopar-ersatzteile","26":"product_tag-mopar-ersatzteile-kaufen","27":"product_tag-mopar-performance-teile","28":"product_tag-mopar-teile-katalog","29":"product_tag-mopar-teile-online","30":"product_tag-mopar-tuningteile","31":"product_tag-mopar10","32":"product_tag-srt","33":"product_tag-trackhawk","35":"first","36":"instock","37":"taxable","38":"shipping-taxable","39":"purchasable","40":"product-type-simple"},"bundled_by":[],"bundle_stock_status":"instock","bundle_stock_quantity":1,"bundle_virtual":false,"bundle_layout":"","bundle_add_to_cart_form_location":"","bundle_editable_in_cart":false,"bundle_sold_individually_context":"","bundle_item_grouping":"","bundle_min_size":"","bundle_max_size":"","bundle_price":[],"bundled_items":[],"bundle_sell_ids":[],"exclude_global_add_ons":[],"addons":[],"acf":[],"_links":{"self":[{"href":"https:\/\/kraftwerk-shop.cc\/es\/wp-json\/wp\/v2\/product\/68320735","targetHints":{"allow":["GET"]}}],"collection":[{"href":"https:\/\/kraftwerk-shop.cc\/es\/wp-json\/wp\/v2\/product"}],"about":[{"href":"https:\/\/kraftwerk-shop.cc\/es\/wp-json\/wp\/v2\/types\/product"}],"replies":[{"embeddable":true,"href":"https:\/\/kraftwerk-shop.cc\/es\/wp-json\/wp\/v2\/comments?post=68320735"}],"version-history":[{"count":0,"href":"https:\/\/kraftwerk-shop.cc\/es\/wp-json\/wp\/v2\/product\/68320735\/revisions"}],"wp:featuredmedia":[{"embeddable":true,"href":"https:\/\/kraftwerk-shop.cc\/es\/wp-json\/wp\/v2\/media\/68320738"}],"wp:attachment":[{"href":"https:\/\/kraftwerk-shop.cc\/es\/wp-json\/wp\/v2\/media?parent=68320735"}],"wp:term":[{"taxonomy":"product_brand","embeddable":true,"href":"https:\/\/kraftwerk-shop.cc\/es\/wp-json\/wp\/v2\/product_brand?post=68320735"},{"taxonomy":"product_cat","embeddable":true,"href":"https:\/\/kraftwerk-shop.cc\/es\/wp-json\/wp\/v2\/product_cat?post=68320735"},{"taxonomy":"product_tag","embeddable":true,"href":"https:\/\/kraftwerk-shop.cc\/es\/wp-json\/wp\/v2\/product_tag?post=68320735"}],"curies":[{"name":"wp","href":"https:\/\/api.w.org\/{rel}","templated":true}]}}