{"id":68321969,"date":"2025-05-25T01:25:13","date_gmt":"2025-05-24T23:25:13","guid":{"rendered":"https:\/\/kraftwerk-shop.cc\/?post_type=product&#038;p=68321969"},"modified":"2026-02-15T01:20:28","modified_gmt":"2026-02-15T00:20:28","slug":"bproauto-pastillas-de-freno-durango-1bp00302aa","status":"publish","type":"product","link":"https:\/\/kraftwerk-shop.cc\/es\/produkt\/bproauto-bremsbelaege-durango-1bp00302aa\/","title":{"rendered":"bproauto pastillas de freno Durango (1BP00302AA)"},"content":{"rendered":"<h1>Pastillas de freno bproauto 1BP00302AA para Dodge Durango 3.7, 4.7 y 5.7 de 2003 a 2009 (eje trasero)<\/h1>\n<p>&nbsp;<\/p>\n<p><span lang=\"DE\"><strong>N\u00fameros de comparaci\u00f3n Mopar:<\/strong> 5080563AB, 5080563AC, 5080563AD, 68071076AA, 68071076AB, 68334863AA<\/span><\/p>\n<p>&nbsp;<\/p>\n<p><strong>Adecuado para:<\/strong><\/p>\n<table width=\"904\">\n<tbody>\n<tr>\n<td width=\"80\">A\u00f1o de construcci\u00f3n<\/td>\n<td width=\"80\">Marca<\/td>\n<td width=\"121\">Modelo<\/td>\n<td width=\"425\">Versi\u00f3n<\/td>\n<td width=\"198\">Motor<\/td>\n<\/tr>\n<tr>\n<td width=\"80\">2009<\/td>\n<td width=\"80\">Dodge<\/td>\n<td width=\"121\">Durango<\/td>\n<td width=\"425\">Limited, Limited Hybrid, SE, SLT<\/td>\n<td width=\"198\">3.7L, 4.7L V8 - Flex, 5.7L V8 - El\u00e9ctrico\/Gas, 5.7L<\/td>\n<\/tr>\n<tr>\n<td width=\"80\">2008<\/td>\n<td width=\"80\">Dodge<\/td>\n<td width=\"121\">Durango<\/td>\n<td width=\"425\">Adventurer, Limited, SLT, SXT<\/td>\n<td width=\"198\">3.7L, 4.7L V8 - Flex, 5.7L<\/td>\n<\/tr>\n<tr>\n<td width=\"80\">2007<\/td>\n<td width=\"80\">Dodge<\/td>\n<td width=\"121\">Durango<\/td>\n<td width=\"425\">Adventurer, Limited, SLT, SXT<\/td>\n<td width=\"198\">3.7L, 4.7L V8 - Flex, 5.7L<\/td>\n<\/tr>\n<tr>\n<td width=\"80\">2006<\/td>\n<td width=\"80\">Dodge<\/td>\n<td width=\"121\">Durango<\/td>\n<td width=\"425\">Adventurer, Limited, SLT, SXT<\/td>\n<td width=\"198\">3.7L, 4.7L V8 - Flex, 5.7L<\/td>\n<\/tr>\n<tr>\n<td width=\"80\">2005<\/td>\n<td width=\"80\">Dodge<\/td>\n<td width=\"121\">Durango<\/td>\n<td width=\"425\">Limited, SLT, ST, SXT<\/td>\n<td width=\"198\">3.7L, 4.7L, 5.7L<\/td>\n<\/tr>\n<tr>\n<td width=\"80\">2004<\/td>\n<td width=\"80\">Dodge<\/td>\n<td width=\"121\">Durango<\/td>\n<td width=\"425\">Limited, SLT, ST<\/td>\n<td width=\"198\">3.7L, 4.7L, 5.7L<\/td>\n<\/tr>\n<tr>\n<td width=\"80\">2003<\/td>\n<td width=\"80\">Dodge<\/td>\n<td width=\"121\">Durango<\/td>\n<td width=\"425\">R\/T, SLT, SLT Plus, SXT, Sport<\/td>\n<td width=\"198\">4.7L, 5.9L<\/td>\n<\/tr>\n<\/tbody>\n<\/table>\n<p>&nbsp;<\/p>\n<p>&nbsp;<\/p>\n<h4>Acerca de bproauto<\/h4>\n<p>bproauto es una marca de recambios de Stellantis que se ha desarrollado espec\u00edficamente para ofrecer piezas de recambio de alta calidad para veh\u00edculos de las marcas del grupo Chrysler, Dodge, Jeep y RAM. El objetivo: ofrecer a los propietarios de veh\u00edculos una alternativa econ\u00f3mica, fiable y de alta calidad a las piezas de recambio originales, sin comprometer la calidad, la precisi\u00f3n de ajuste o la seguridad.<br \/>\nCalidad OEM para el mercado posventa.<\/p>\n<p>bproauto ofrece una amplia gama de piezas de recambio que se fabrican y prueban exhaustivamente de acuerdo con las estrictas normas de equipamiento original (normas O.E.). Los productos est\u00e1n dise\u00f1ados para ajustarse exactamente a las especificaciones de los respectivos modelos de veh\u00edculos, tanto en t\u00e9rminos de rendimiento como de ajuste.<\/p>\n<p>&nbsp;<\/p>","protected":false},"excerpt":{"rendered":"<p>2003 - 2009<\/p>","protected":false},"featured_media":68321975,"comment_status":"open","ping_status":"closed","template":"","meta":{"_acf_changed":false},"product_brand":[16873],"product_cat":[17921],"product_tag":[17468,17469,18454,17467,508,509,91,6765,6766,6767,6768,3511,3510,1099,590,795,49,95,798,799,31,8813,9424,16271,16273,16275,16272,16274,7221],"class_list":{"0":"post-68321969","1":"product","2":"type-product","3":"status-publish","4":"has-post-thumbnail","6":"product_brand-bproauto","7":"product_cat-durango-57-bremsbelaege-hinten","8":"product_tag-05080563ab","9":"product_tag-05080563ac","10":"product_tag-05080563ad","11":"product_tag-1bp00302aa","12":"product_tag-3-7","13":"product_tag-4-7","14":"product_tag-5-7","15":"product_tag-5080563ab","16":"product_tag-5080563ac","17":"product_tag-5080563ad","18":"product_tag-68071076aa","19":"product_tag-68071076ab","20":"product_tag-68334863aa","21":"product_tag-8-3","22":"product_tag-bremsbelaege","23":"product_tag-bremse","24":"product_tag-dodge","25":"product_tag-durango","26":"product_tag-hinten","27":"product_tag-hinterachse","28":"product_tag-mopar","29":"product_tag-mopar-autoteile","30":"product_tag-mopar-ersatzteile","31":"product_tag-mopar-ersatzteile-kaufen","32":"product_tag-mopar-performance-teile","33":"product_tag-mopar-teile-katalog","34":"product_tag-mopar-teile-online","35":"product_tag-mopar-tuningteile","36":"product_tag-mopar10","37":"product_shipping_class-deutschlandohne","39":"first","40":"instock","41":"taxable","42":"shipping-taxable","43":"purchasable","44":"product-type-simple"},"bundled_by":[],"bundle_stock_status":"instock","bundle_stock_quantity":1,"bundle_virtual":false,"bundle_layout":"","bundle_add_to_cart_form_location":"","bundle_editable_in_cart":false,"bundle_sold_individually_context":"","bundle_item_grouping":"","bundle_min_size":"","bundle_max_size":"","bundle_price":[],"bundled_items":[],"bundle_sell_ids":[],"exclude_global_add_ons":[],"addons":[],"acf":[],"_links":{"self":[{"href":"https:\/\/kraftwerk-shop.cc\/es\/wp-json\/wp\/v2\/product\/68321969","targetHints":{"allow":["GET"]}}],"collection":[{"href":"https:\/\/kraftwerk-shop.cc\/es\/wp-json\/wp\/v2\/product"}],"about":[{"href":"https:\/\/kraftwerk-shop.cc\/es\/wp-json\/wp\/v2\/types\/product"}],"replies":[{"embeddable":true,"href":"https:\/\/kraftwerk-shop.cc\/es\/wp-json\/wp\/v2\/comments?post=68321969"}],"version-history":[{"count":0,"href":"https:\/\/kraftwerk-shop.cc\/es\/wp-json\/wp\/v2\/product\/68321969\/revisions"}],"wp:featuredmedia":[{"embeddable":true,"href":"https:\/\/kraftwerk-shop.cc\/es\/wp-json\/wp\/v2\/media\/68321975"}],"wp:attachment":[{"href":"https:\/\/kraftwerk-shop.cc\/es\/wp-json\/wp\/v2\/media?parent=68321969"}],"wp:term":[{"taxonomy":"product_brand","embeddable":true,"href":"https:\/\/kraftwerk-shop.cc\/es\/wp-json\/wp\/v2\/product_brand?post=68321969"},{"taxonomy":"product_cat","embeddable":true,"href":"https:\/\/kraftwerk-shop.cc\/es\/wp-json\/wp\/v2\/product_cat?post=68321969"},{"taxonomy":"product_tag","embeddable":true,"href":"https:\/\/kraftwerk-shop.cc\/es\/wp-json\/wp\/v2\/product_tag?post=68321969"}],"curies":[{"name":"wp","href":"https:\/\/api.w.org\/{rel}","templated":true}]}}