{"id":68323572,"date":"2025-06-08T22:06:22","date_gmt":"2025-06-08T20:06:22","guid":{"rendered":"https:\/\/kraftwerk-shop.cc\/?post_type=product&#038;p=68323572"},"modified":"2026-02-15T01:20:42","modified_gmt":"2026-02-15T00:20:42","slug":"velas-brisk-iridium-rr15yir-2","status":"publish","type":"product","link":"https:\/\/kraftwerk-shop.cc\/es\/produkt\/brisk-iridium-rr15yir-zuendkerzen\/","title":{"rendered":"Buj\u00edas Brisk Iridium Performance RR15YIR (16 unidades)"},"content":{"rendered":"<h1>Buj\u00edas Brisk Iridium Performance RR15YIR para Chrysler, Dodge y Jeep 5.7, 6.1 y 6.4<\/h1>\n<p>&nbsp;<\/p>\n<p>Con una vida \u00fatil muy larga, las buj\u00edas de la serie P son el dise\u00f1o m\u00e1s moderno para motores modernos, altamente eficientes y de gran potencia.<br \/>\nEl electrodo del n\u00facleo de iridio est\u00e1 rodeado por un cuerpo de una aleaci\u00f3n de itrio y un electrodo de masa, que garantizan una demanda de tensi\u00f3n muy baja y prolongan as\u00ed la vida \u00fatil de la bobina de encendido.<br \/>\nEl menor voltaje requerido facilita el arranque en fr\u00edo y reduce el riesgo de fallos de encendido debidos a la contaminaci\u00f3n causada por la combusti\u00f3n de aceite, el uso de combustibles alternativos o los tiempos de ralent\u00ed m\u00e1s largos.<\/p>\n<p>&nbsp;<\/p>\n<p><strong>Propiedades:<\/strong><\/p>\n<ul>\n<li>Electrodo de masa de aleaci\u00f3n de itrio con n\u00facleo de iridio<\/li>\n<li>Recubrimiento de n\u00edquel\/zinc para proteger contra la corrosi\u00f3n<\/li>\n<li>Menor tensi\u00f3n requerida<\/li>\n<li>La forma cil\u00edndrica de la punta del aislador garantiza una r\u00e1pida autolimpieza a bajas temperaturas poco despu\u00e9s de arrancar el motor<\/li>\n<\/ul>\n<p>&nbsp;<\/p>\n<ul>\n<li>Di\u00e1metro de la rosca: 14 mm<\/li>\n<li>Alcance de la rosca: 25mm -1 \"<\/li>\n<li>Hex\u00e1gono: 16 mm -5\/8\u2033.<\/li>\n<li>Tipo de asiento: c\u00f3nico<\/li>\n<li>Versi\u00f3n: Iridum \/ Yttirum<\/li>\n<li>Resistencia: S\u00ed<\/li>\n<li>Proyectado: S\u00ed<\/li>\n<li>Poder calor\u00edfico: 15<\/li>\n<\/ul>\n<p>&nbsp;<\/p>\n<p>&nbsp;<\/p>\n<p><strong>Adecuado para:<\/strong><\/p>\n<p>Motores 5.7 Hemi (2 etapas m\u00e1s fr\u00edas que las buj\u00edas de serie) hasta 2008 inclusive<br \/>\nMotores 6.1 SRT8 (1 etapa m\u00e1s fr\u00eda que las buj\u00edas de serie)<br \/>\nMotores 6.4 SRT8 (mismo valor t\u00e9rmico que las buj\u00edas est\u00e1ndar)<\/p>\n<p>&nbsp;<\/p>\n<p><strong>Volumen de suministro:<br \/>\n<\/strong><br \/>\n16 buj\u00edas<\/p>","protected":false},"excerpt":{"rendered":"<p>Recambio ideal para NGK 2315<\/p>","protected":false},"featured_media":68323575,"comment_status":"open","ping_status":"closed","template":"","meta":{"_acf_changed":false},"product_brand":[18923],"product_cat":[7261,7272,7277,7294,7298,7316,7324,7332,7343,7353,7362,7368,7373,7393,7402,7412,7418,7428],"product_tag":[1122,52,217,1074,53,48,8852,8857,8856,8858,8854,94,49,8873,8871,8869,8860,8863,8861,8864,8865,56,4419,50,1123,55,17563,164,3574,1073,8851,8867,8859,8866,8853,4422],"class_list":{"0":"post-68323572","1":"product","2":"type-product","3":"status-publish","4":"has-post-thumbnail","6":"product_brand-brisk","7":"product_cat-300c-57-2005-2010-zuendung","8":"product_cat-300c-61-zuendung","9":"product_cat-300c-64-zuendung","10":"product_cat-challenger-61-zuendung","11":"product_cat-challenger-64-zuendung","12":"product_cat-charger-57-zuendung","13":"product_cat-charger-61-zuendung","14":"product_cat-charger-64-zuendung","15":"product_cat-durango-57-zuendung","16":"product_cat-durango-64-zuendung","17":"product_cat-magnum-57-zuendung","18":"product_cat-magnum-61-zuendung","19":"product_cat-commander-zuendung","20":"product_cat-grand-cherokee-57-2005-2010-zuendung","21":"product_cat-grand-cherokee-61-zuendung","22":"product_cat-grand-cherokee-64-zuendung","23":"product_cat-wagoneer-64-zuendung","24":"product_cat-wrangler-64-zuendung","25":"product_tag-1122","26":"product_tag-300c","27":"product_tag-217","28":"product_tag-brisk","29":"product_tag-charger","30":"product_tag-chrysler","31":"product_tag-chrysler-300c-ersatzteile","32":"product_tag-chrysler-300c-originalteile","33":"product_tag-chrysler-300c-performance-zuendkerzen","34":"product_tag-chrysler-300c-zuendkerzen-preis","35":"product_tag-chrysler-300c-zuendkerzen-wechsel","36":"product_tag-commander","37":"product_tag-dodge","38":"product_tag-dodge-challenger-ersatzteile","39":"product_tag-dodge-challenger-srt-zuendkerzen","40":"product_tag-dodge-challenger-tuning","41":"product_tag-dodge-charger-ersatzteile","42":"product_tag-dodge-charger-performance","43":"product_tag-dodge-charger-tuning-zuendkerzen","44":"product_tag-dodge-charger-zuendkerzen-set","45":"product_tag-dodge-charger-zuendkerzen-vergleich","46":"product_tag-grand-cherokee","47":"product_tag-iridium","48":"product_tag-jeep","49":"product_tag-lztr6aix-13-ix","50":"product_tag-magnum","51":"product_tag-rr15yir","52":"product_tag-srt8","53":"product_tag-zuendkerze","54":"product_tag-zuendkerzen","55":"product_tag-zuendkerzen-chrysler-300c","56":"product_tag-zuendkerzen-dodge-challenger","57":"product_tag-zuendkerzen-dodge-charger","58":"product_tag-zuendkerzen-dodge-charger-srt","59":"product_tag-zuendkerzen-fuer-chrysler-300c","60":"product_tag-zuendung","62":"first","63":"instock","64":"taxable","65":"shipping-taxable","66":"purchasable","67":"product-type-simple"},"bundled_by":[],"bundle_stock_status":"instock","bundle_stock_quantity":3,"bundle_virtual":false,"bundle_layout":"","bundle_add_to_cart_form_location":"","bundle_editable_in_cart":false,"bundle_sold_individually_context":"","bundle_item_grouping":"","bundle_min_size":"","bundle_max_size":"","bundle_price":[],"bundled_items":[],"bundle_sell_ids":[],"exclude_global_add_ons":[],"addons":[],"acf":[],"_links":{"self":[{"href":"https:\/\/kraftwerk-shop.cc\/es\/wp-json\/wp\/v2\/product\/68323572","targetHints":{"allow":["GET"]}}],"collection":[{"href":"https:\/\/kraftwerk-shop.cc\/es\/wp-json\/wp\/v2\/product"}],"about":[{"href":"https:\/\/kraftwerk-shop.cc\/es\/wp-json\/wp\/v2\/types\/product"}],"replies":[{"embeddable":true,"href":"https:\/\/kraftwerk-shop.cc\/es\/wp-json\/wp\/v2\/comments?post=68323572"}],"version-history":[{"count":0,"href":"https:\/\/kraftwerk-shop.cc\/es\/wp-json\/wp\/v2\/product\/68323572\/revisions"}],"wp:featuredmedia":[{"embeddable":true,"href":"https:\/\/kraftwerk-shop.cc\/es\/wp-json\/wp\/v2\/media\/68323575"}],"wp:attachment":[{"href":"https:\/\/kraftwerk-shop.cc\/es\/wp-json\/wp\/v2\/media?parent=68323572"}],"wp:term":[{"taxonomy":"product_brand","embeddable":true,"href":"https:\/\/kraftwerk-shop.cc\/es\/wp-json\/wp\/v2\/product_brand?post=68323572"},{"taxonomy":"product_cat","embeddable":true,"href":"https:\/\/kraftwerk-shop.cc\/es\/wp-json\/wp\/v2\/product_cat?post=68323572"},{"taxonomy":"product_tag","embeddable":true,"href":"https:\/\/kraftwerk-shop.cc\/es\/wp-json\/wp\/v2\/product_tag?post=68323572"}],"curies":[{"name":"wp","href":"https:\/\/api.w.org\/{rel}","templated":true}]}}