{"id":68328972,"date":"2025-06-08T19:35:29","date_gmt":"2025-06-08T17:35:29","guid":{"rendered":"https:\/\/kraftwerk-shop.cc\/?post_type=product&#038;p=68328972"},"modified":"2026-02-15T01:20:38","modified_gmt":"2026-02-15T00:20:38","slug":"pastillas-de-freno-mopar-5142558ad","status":"publish","type":"product","link":"https:\/\/kraftwerk-shop.cc\/es\/produkt\/mopar-bremsbelaege-5142558ad\/","title":{"rendered":"Pastillas de freno Mopar (5142558AD)"},"content":{"rendered":"<h1>Pastillas de freno Mopar (5142558AD) para Chrysler 300C, Dodge Challenger, Charger y Magnum 3.5, 3.6 y 5.7 (eje delantero) de 2005 a 2020<\/h1>\n<p>&nbsp;<\/p>\n<p><span lang=\"DE\"><strong>N\u00famero de pieza Mopar:<\/strong>\u00a05142558AD<br \/>\n<strong>Reemplazado: <\/strong><\/span>5142558AA, 5142558AB, 5142558AC<\/p>\n<p>&nbsp;<\/p>\n<p><strong>Adecuado para:<\/strong><\/p>\n<table style=\"height: 2280px;\" width=\"1298\">\n<tbody>\n<tr style=\"height: 24px;\">\n<td style=\"height: 24px; width: 95.5833px;\"><strong>A\u00f1o de construcci\u00f3n<\/strong><\/td>\n<td style=\"height: 24px; width: 126.7px;\"><strong>Marca<\/strong><\/td>\n<td style=\"height: 24px; width: 244.717px;\"><strong>Modelo<\/strong><\/td>\n<td style=\"height: 24px; width: 462.65px;\"><strong>Versi\u00f3n<\/strong><\/td>\n<td style=\"height: 24px; width: 172.667px;\"><strong>Motor<\/strong><\/td>\n<td style=\"height: 24px; width: 154.05px;\"><strong>Sugerencia<\/strong><\/td>\n<\/tr>\n<tr style=\"height: 48px;\">\n<td style=\"height: 48px; width: 95.5833px;\">2020<\/td>\n<td style=\"height: 48px; width: 126.7px;\">Chrysler<\/td>\n<td style=\"height: 48px; width: 244.717px;\">300<\/td>\n<td style=\"height: 48px; width: 462.65px;\">C, Limited, S, Touring, Touring L<\/td>\n<td style=\"height: 48px; width: 172.667px;\">3.6L, 5.7L<\/td>\n<td style=\"height: 48px; width: 154.05px;\">345 mm de di\u00e1metro<\/td>\n<\/tr>\n<tr style=\"height: 48px;\">\n<td style=\"height: 48px; width: 95.5833px;\">2020<\/td>\n<td style=\"height: 48px; width: 126.7px;\">Dodge<\/td>\n<td style=\"height: 48px; width: 244.717px;\">Challenger<\/td>\n<td style=\"height: 48px; width: 462.65px;\">GT, R\/T, SXT<\/td>\n<td style=\"height: 48px; width: 172.667px;\">3.6L, 5.7L<\/td>\n<td style=\"height: 48px; width: 154.05px;\">345 mm de di\u00e1metro<\/td>\n<\/tr>\n<tr style=\"height: 48px;\">\n<td style=\"height: 48px; width: 95.5833px;\">2020<\/td>\n<td style=\"height: 48px; width: 126.7px;\">Dodge<\/td>\n<td style=\"height: 48px; width: 244.717px;\">Charger<\/td>\n<td style=\"height: 48px; width: 462.65px;\">GT, R\/T, SXT<\/td>\n<td style=\"height: 48px; width: 172.667px;\">3.6L, 5.7L<\/td>\n<td style=\"height: 48px; width: 154.05px;\">345 mm de di\u00e1metro<\/td>\n<\/tr>\n<tr style=\"height: 48px;\">\n<td style=\"height: 48px; width: 95.5833px;\">2019<\/td>\n<td style=\"height: 48px; width: 126.7px;\">Chrysler<\/td>\n<td style=\"height: 48px; width: 244.717px;\">300<\/td>\n<td style=\"height: 48px; width: 462.65px;\">C, Limited, S, Touring, Touring L<\/td>\n<td style=\"height: 48px; width: 172.667px;\">3.6L, 5.7L<\/td>\n<td style=\"height: 48px; width: 154.05px;\">345 mm de di\u00e1metro<\/td>\n<\/tr>\n<tr style=\"height: 48px;\">\n<td style=\"height: 48px; width: 95.5833px;\">2019<\/td>\n<td style=\"height: 48px; width: 126.7px;\">Dodge<\/td>\n<td style=\"height: 48px; width: 244.717px;\">Challenger<\/td>\n<td style=\"height: 48px; width: 462.65px;\">GT, R\/T, SXT<\/td>\n<td style=\"height: 48px; width: 172.667px;\">3.6L, 5.7L<\/td>\n<td style=\"height: 48px; width: 154.05px;\">345 mm de di\u00e1metro<\/td>\n<\/tr>\n<tr style=\"height: 48px;\">\n<td style=\"height: 48px; width: 95.5833px;\">2019<\/td>\n<td style=\"height: 48px; width: 126.7px;\">Dodge<\/td>\n<td style=\"height: 48px; width: 244.717px;\">Charger<\/td>\n<td style=\"height: 48px; width: 462.65px;\">GT, R\/T, SXT<\/td>\n<td style=\"height: 48px; width: 172.667px;\">3.6L, 5.7L<\/td>\n<td style=\"height: 48px; width: 154.05px;\">345 mm de di\u00e1metro<\/td>\n<\/tr>\n<tr style=\"height: 48px;\">\n<td style=\"height: 48px; width: 95.5833px;\">2018<\/td>\n<td style=\"height: 48px; width: 126.7px;\">Chrysler<\/td>\n<td style=\"height: 48px; width: 244.717px;\">300<\/td>\n<td style=\"height: 48px; width: 462.65px;\">C, Limited, S, Touring, Touring L<\/td>\n<td style=\"height: 48px; width: 172.667px;\">3.6L, 5.7L<\/td>\n<td style=\"height: 48px; width: 154.05px;\">345 mm de di\u00e1metro<\/td>\n<\/tr>\n<tr style=\"height: 48px;\">\n<td style=\"height: 48px; width: 95.5833px;\">2018<\/td>\n<td style=\"height: 48px; width: 126.7px;\">Dodge<\/td>\n<td style=\"height: 48px; width: 244.717px;\">Challenger<\/td>\n<td style=\"height: 48px; width: 462.65px;\">GT, R\/T, SXT, SXT Plus, T\/A<\/td>\n<td style=\"height: 48px; width: 172.667px;\">3.6L, 5.7L<\/td>\n<td style=\"height: 48px; width: 154.05px;\">345 mm de di\u00e1metro<\/td>\n<\/tr>\n<tr style=\"height: 48px;\">\n<td style=\"height: 48px; width: 95.5833px;\">2018<\/td>\n<td style=\"height: 48px; width: 126.7px;\">Dodge<\/td>\n<td style=\"height: 48px; width: 244.717px;\">Charger<\/td>\n<td style=\"height: 48px; width: 462.65px;\">Daytona, GT, GT Plus, R\/T, SXT<\/td>\n<td style=\"height: 48px; width: 172.667px;\">3.6L, 5.7L<\/td>\n<td style=\"height: 48px; width: 154.05px;\">345 mm de di\u00e1metro<\/td>\n<\/tr>\n<tr style=\"height: 48px;\">\n<td style=\"height: 48px; width: 95.5833px;\">2017<\/td>\n<td style=\"height: 48px; width: 126.7px;\">Chrysler<\/td>\n<td style=\"height: 48px; width: 244.717px;\">300<\/td>\n<td style=\"height: 48px; width: 462.65px;\">C, C Platino, Limited, S<\/td>\n<td style=\"height: 48px; width: 172.667px;\">3.6L, 5.7L<\/td>\n<td style=\"height: 48px; width: 154.05px;\">345 mm de di\u00e1metro<\/td>\n<\/tr>\n<tr style=\"height: 48px;\">\n<td style=\"height: 48px; width: 95.5833px;\">2017<\/td>\n<td style=\"height: 48px; width: 126.7px;\">Dodge<\/td>\n<td style=\"height: 48px; width: 244.717px;\">Challenger<\/td>\n<td style=\"height: 48px; width: 462.65px;\">GT, R\/T, SXT, SXT Plus, T\/A<\/td>\n<td style=\"height: 48px; width: 172.667px;\">3.6L, 5.7L<\/td>\n<td style=\"height: 48px; width: 154.05px;\">345 mm de di\u00e1metro<\/td>\n<\/tr>\n<tr style=\"height: 48px;\">\n<td style=\"height: 48px; width: 95.5833px;\">2017<\/td>\n<td style=\"height: 48px; width: 126.7px;\">Dodge<\/td>\n<td style=\"height: 48px; width: 244.717px;\">Charger<\/td>\n<td style=\"height: 48px; width: 462.65px;\">Daytona, R\/T, SE, SXT<\/td>\n<td style=\"height: 48px; width: 172.667px;\">5.7L<\/td>\n<td style=\"height: 48px; width: 154.05px;\">345 mm de di\u00e1metro<\/td>\n<\/tr>\n<tr style=\"height: 48px;\">\n<td style=\"height: 48px; width: 95.5833px;\">2016<\/td>\n<td style=\"height: 48px; width: 126.7px;\">Chrysler<\/td>\n<td style=\"height: 48px; width: 244.717px;\">300<\/td>\n<td style=\"height: 48px; width: 462.65px;\">C, C Platino, Limited, S<\/td>\n<td style=\"height: 48px; width: 172.667px;\">3.6L, 5.7L<\/td>\n<td style=\"height: 48px; width: 154.05px;\">345 mm de di\u00e1metro<\/td>\n<\/tr>\n<tr style=\"height: 48px;\">\n<td style=\"height: 48px; width: 95.5833px;\">2016<\/td>\n<td style=\"height: 48px; width: 126.7px;\">Dodge<\/td>\n<td style=\"height: 48px; width: 244.717px;\">Challenger<\/td>\n<td style=\"height: 48px; width: 462.65px;\">R\/T, R\/T Plus, R\/T Plus Shaker, R\/T Shaker, SXT, SXT Plus<\/td>\n<td style=\"height: 48px; width: 172.667px;\">3.6L, 5.7L<\/td>\n<td style=\"height: 48px; width: 154.05px;\">345 mm de di\u00e1metro<\/td>\n<\/tr>\n<tr style=\"height: 48px;\">\n<td style=\"height: 48px; width: 95.5833px;\">2016<\/td>\n<td style=\"height: 48px; width: 126.7px;\">Dodge<\/td>\n<td style=\"height: 48px; width: 244.717px;\">Charger<\/td>\n<td style=\"height: 48px; width: 462.65px;\">R\/T, R\/T Road &amp; Track, SE, SXT<\/td>\n<td style=\"height: 48px; width: 172.667px;\">5.7L<\/td>\n<td style=\"height: 48px; width: 154.05px;\">345 mm de di\u00e1metro<\/td>\n<\/tr>\n<tr style=\"height: 48px;\">\n<td style=\"height: 48px; width: 95.5833px;\">2015<\/td>\n<td style=\"height: 48px; width: 126.7px;\">Chrysler<\/td>\n<td style=\"height: 48px; width: 244.717px;\">300<\/td>\n<td style=\"height: 48px; width: 462.65px;\">C, C Platino, Limited, S<\/td>\n<td style=\"height: 48px; width: 172.667px;\">3.6L, 5.7L<\/td>\n<td style=\"height: 48px; width: 154.05px;\">345 mm de di\u00e1metro<\/td>\n<\/tr>\n<tr style=\"height: 48px;\">\n<td style=\"height: 48px; width: 95.5833px;\">2015<\/td>\n<td style=\"height: 48px; width: 126.7px;\">Dodge<\/td>\n<td style=\"height: 48px; width: 244.717px;\">Challenger<\/td>\n<td style=\"height: 48px; width: 462.65px;\">R\/T, R\/T Plus, SXT, SXT Plus<\/td>\n<td style=\"height: 48px; width: 172.667px;\">3.6L, 5.7L<\/td>\n<td style=\"height: 48px; width: 154.05px;\">345 mm de di\u00e1metro<\/td>\n<\/tr>\n<tr style=\"height: 48px;\">\n<td style=\"height: 48px; width: 95.5833px;\">2015<\/td>\n<td style=\"height: 48px; width: 126.7px;\">Dodge<\/td>\n<td style=\"height: 48px; width: 244.717px;\">Charger<\/td>\n<td style=\"height: 48px; width: 462.65px;\">R\/T, R\/T Road &amp; Track, SE, SXT<\/td>\n<td style=\"height: 48px; width: 172.667px;\">5.7L<\/td>\n<td style=\"height: 48px; width: 154.05px;\">345 mm de di\u00e1metro<\/td>\n<\/tr>\n<tr style=\"height: 48px;\">\n<td style=\"height: 48px; width: 95.5833px;\">2014<\/td>\n<td style=\"height: 48px; width: 126.7px;\">Chrysler<\/td>\n<td style=\"height: 48px; width: 244.717px;\">300<\/td>\n<td style=\"height: 48px; width: 462.65px;\">Base, C, C Luxury, S<\/td>\n<td style=\"height: 48px; width: 172.667px;\">3.6L, 5.7L<\/td>\n<td style=\"height: 48px; width: 154.05px;\">345 mm de di\u00e1metro<\/td>\n<\/tr>\n<tr style=\"height: 48px;\">\n<td style=\"height: 48px; width: 95.5833px;\">2014<\/td>\n<td style=\"height: 48px; width: 126.7px;\">Dodge<\/td>\n<td style=\"height: 48px; width: 244.717px;\">Challenger<\/td>\n<td style=\"height: 48px; width: 462.65px;\">R\/T, Rallye Redline, SXT<\/td>\n<td style=\"height: 48px; width: 172.667px;\">3.6L, 5.7L<\/td>\n<td style=\"height: 48px; width: 154.05px;\">345 mm de di\u00e1metro<\/td>\n<\/tr>\n<tr style=\"height: 48px;\">\n<td style=\"height: 48px; width: 95.5833px;\">2014<\/td>\n<td style=\"height: 48px; width: 126.7px;\">Dodge<\/td>\n<td style=\"height: 48px; width: 244.717px;\">Charger<\/td>\n<td style=\"height: 48px; width: 462.65px;\">Pursuit, R\/T, SXT<\/td>\n<td style=\"height: 48px; width: 172.667px;\">3.6L, 5.7L<\/td>\n<td style=\"height: 48px; width: 154.05px;\">345 mm de di\u00e1metro<\/td>\n<\/tr>\n<tr style=\"height: 48px;\">\n<td style=\"height: 48px; width: 95.5833px;\">2013<\/td>\n<td style=\"height: 48px; width: 126.7px;\">Chrysler<\/td>\n<td style=\"height: 48px; width: 244.717px;\">300<\/td>\n<td style=\"height: 48px; width: 462.65px;\">Base, C, C Luxury, S<\/td>\n<td style=\"height: 48px; width: 172.667px;\">3.6L, 5.7L<\/td>\n<td style=\"height: 48px; width: 154.05px;\">345 mm de di\u00e1metro<\/td>\n<\/tr>\n<tr style=\"height: 48px;\">\n<td style=\"height: 48px; width: 95.5833px;\">2013<\/td>\n<td style=\"height: 48px; width: 126.7px;\">Dodge<\/td>\n<td style=\"height: 48px; width: 244.717px;\">Challenger<\/td>\n<td style=\"height: 48px; width: 462.65px;\">R\/T, SXT<\/td>\n<td style=\"height: 48px; width: 172.667px;\">3.6L, 5.7L<\/td>\n<td style=\"height: 48px; width: 154.05px;\">345 mm de di\u00e1metro<\/td>\n<\/tr>\n<tr style=\"height: 48px;\">\n<td style=\"height: 48px; width: 95.5833px;\">2013<\/td>\n<td style=\"height: 48px; width: 126.7px;\">Dodge<\/td>\n<td style=\"height: 48px; width: 244.717px;\">Charger<\/td>\n<td style=\"height: 48px; width: 462.65px;\">Pursuit, R\/T, SE, SXT<\/td>\n<td style=\"height: 48px; width: 172.667px;\">3.6L, 5.7L<\/td>\n<td style=\"height: 48px; width: 154.05px;\">345 mm de di\u00e1metro<\/td>\n<\/tr>\n<tr style=\"height: 48px;\">\n<td style=\"height: 48px; width: 95.5833px;\">2012<\/td>\n<td style=\"height: 48px; width: 126.7px;\">Chrysler<\/td>\n<td style=\"height: 48px; width: 244.717px;\">300<\/td>\n<td style=\"height: 48px; width: 462.65px;\">C, Limited, S<\/td>\n<td style=\"height: 48px; width: 172.667px;\">3.6L, 5.7L<\/td>\n<td style=\"height: 48px; width: 154.05px;\">345 mm de di\u00e1metro<\/td>\n<\/tr>\n<tr style=\"height: 48px;\">\n<td style=\"height: 48px; width: 95.5833px;\">2012<\/td>\n<td style=\"height: 48px; width: 126.7px;\">Dodge<\/td>\n<td style=\"height: 48px; width: 244.717px;\">Challenger<\/td>\n<td style=\"height: 48px; width: 462.65px;\">R\/T, R\/T Classic, SXT, SXT Plus<\/td>\n<td style=\"height: 48px; width: 172.667px;\">3.6L, 5.7L<\/td>\n<td style=\"height: 48px; width: 154.05px;\">345 mm de di\u00e1metro<\/td>\n<\/tr>\n<tr style=\"height: 48px;\">\n<td style=\"height: 48px; width: 95.5833px;\">2012<\/td>\n<td style=\"height: 48px; width: 126.7px;\">Dodge<\/td>\n<td style=\"height: 48px; width: 244.717px;\">Charger<\/td>\n<td style=\"height: 48px; width: 462.65px;\">Pursuit, R\/T, SE, SXT, SXT Plus<\/td>\n<td style=\"height: 48px; width: 172.667px;\">3.6L, 5.7L<\/td>\n<td style=\"height: 48px; width: 154.05px;\">345 mm de di\u00e1metro<\/td>\n<\/tr>\n<tr style=\"height: 48px;\">\n<td style=\"height: 48px; width: 95.5833px;\">2011<\/td>\n<td style=\"height: 48px; width: 126.7px;\">Chrysler<\/td>\n<td style=\"height: 48px; width: 244.717px;\">300<\/td>\n<td style=\"height: 48px; width: 462.65px;\">C<\/td>\n<td style=\"height: 48px; width: 172.667px;\">5.7L<\/td>\n<td style=\"height: 48px; width: 154.05px;\">345 mm de di\u00e1metro<\/td>\n<\/tr>\n<tr style=\"height: 48px;\">\n<td style=\"height: 48px; width: 95.5833px;\">2011<\/td>\n<td style=\"height: 48px; width: 126.7px;\">Dodge<\/td>\n<td style=\"height: 48px; width: 244.717px;\">Challenger<\/td>\n<td style=\"height: 48px; width: 462.65px;\">R\/T, SE<\/td>\n<td style=\"height: 48px; width: 172.667px;\">5.7L<\/td>\n<td style=\"height: 48px; width: 154.05px;\">345 mm de di\u00e1metro<\/td>\n<\/tr>\n<tr style=\"height: 48px;\">\n<td style=\"height: 48px; width: 95.5833px;\">2011<\/td>\n<td style=\"height: 48px; width: 126.7px;\">Dodge<\/td>\n<td style=\"height: 48px; width: 244.717px;\">Charger<\/td>\n<td style=\"height: 48px; width: 462.65px;\">Pursuit, R\/T, SE<\/td>\n<td style=\"height: 48px; width: 172.667px;\">5.7L<\/td>\n<td style=\"height: 48px; width: 154.05px;\">345 mm de di\u00e1metro<\/td>\n<\/tr>\n<tr style=\"height: 48px;\">\n<td style=\"height: 48px; width: 95.5833px;\">2010<\/td>\n<td style=\"height: 48px; width: 126.7px;\">Chrysler<\/td>\n<td style=\"height: 48px; width: 244.717px;\">300<\/td>\n<td style=\"height: 48px; width: 462.65px;\">C, Limited, S, Touring<\/td>\n<td style=\"height: 48px; width: 172.667px;\">3.0 CRD, 3.5L, 5.7L<\/td>\n<td style=\"height: 48px; width: 154.05px;\">345 mm de di\u00e1metro<\/td>\n<\/tr>\n<tr style=\"height: 48px;\">\n<td style=\"height: 48px; width: 95.5833px;\">2010<\/td>\n<td style=\"height: 48px; width: 126.7px;\">Dodge<\/td>\n<td style=\"height: 48px; width: 244.717px;\">Challenger<\/td>\n<td style=\"height: 48px; width: 462.65px;\">R\/T<\/td>\n<td style=\"height: 48px; width: 172.667px;\">5.7L<\/td>\n<td style=\"height: 48px; width: 154.05px;\">345 mm de di\u00e1metro<\/td>\n<\/tr>\n<tr style=\"height: 48px;\">\n<td style=\"height: 48px; width: 95.5833px;\">2010<\/td>\n<td style=\"height: 48px; width: 126.7px;\">Dodge<\/td>\n<td style=\"height: 48px; width: 244.717px;\">Charger<\/td>\n<td style=\"height: 48px; width: 462.65px;\">Pursuit, R\/T, SE, SXT<\/td>\n<td style=\"height: 48px; width: 172.667px;\">3.5L, 5.7L<\/td>\n<td style=\"height: 48px; width: 154.05px;\">345 mm de di\u00e1metro<\/td>\n<\/tr>\n<tr style=\"height: 48px;\">\n<td style=\"height: 48px; width: 95.5833px;\">2009<\/td>\n<td style=\"height: 48px; width: 126.7px;\">Chrysler<\/td>\n<td style=\"height: 48px; width: 244.717px;\">300<\/td>\n<td style=\"height: 48px; width: 462.65px;\">C, Limited, Serie Signature, Touring<\/td>\n<td style=\"height: 48px; width: 172.667px;\">3.0 CRD, 3.5L, 5.7L<\/td>\n<td style=\"height: 48px; width: 154.05px;\">345 mm de di\u00e1metro<\/td>\n<\/tr>\n<tr style=\"height: 48px;\">\n<td style=\"height: 48px; width: 95.5833px;\">2009<\/td>\n<td style=\"height: 48px; width: 126.7px;\">Dodge<\/td>\n<td style=\"height: 48px; width: 244.717px;\">Challenger<\/td>\n<td style=\"height: 48px; width: 462.65px;\">R\/T<\/td>\n<td style=\"height: 48px; width: 172.667px;\">5.7L<\/td>\n<td style=\"height: 48px; width: 154.05px;\">345 mm de di\u00e1metro<\/td>\n<\/tr>\n<tr style=\"height: 48px;\">\n<td style=\"height: 48px; width: 95.5833px;\">2009<\/td>\n<td style=\"height: 48px; width: 126.7px;\">Dodge<\/td>\n<td style=\"height: 48px; width: 244.717px;\">Charger<\/td>\n<td style=\"height: 48px; width: 462.65px;\">Pursuit, R\/T, SE, SXT<\/td>\n<td style=\"height: 48px; width: 172.667px;\">3.5L, 5.7L<\/td>\n<td style=\"height: 48px; width: 154.05px;\">345 mm de di\u00e1metro<\/td>\n<\/tr>\n<tr style=\"height: 48px;\">\n<td style=\"height: 48px; width: 95.5833px;\">2008<\/td>\n<td style=\"height: 48px; width: 126.7px;\">Chrysler<\/td>\n<td style=\"height: 48px; width: 244.717px;\">300<\/td>\n<td style=\"height: 48px; width: 462.65px;\">C, Limited, Touring<\/td>\n<td style=\"height: 48px; width: 172.667px;\">3.0 CRD, 3.5L, 5.7L<\/td>\n<td style=\"height: 48px; width: 154.05px;\">345 mm de di\u00e1metro<\/td>\n<\/tr>\n<tr style=\"height: 48px;\">\n<td style=\"height: 48px; width: 95.5833px;\">2008<\/td>\n<td style=\"height: 48px; width: 126.7px;\">Dodge<\/td>\n<td style=\"height: 48px; width: 244.717px;\">Charger<\/td>\n<td style=\"height: 48px; width: 462.65px;\">Pursuit, R\/T, SE, SXT<\/td>\n<td style=\"height: 48px; width: 172.667px;\">3.5L, 5.7L<\/td>\n<td style=\"height: 48px; width: 154.05px;\">345 mm de di\u00e1metro<\/td>\n<\/tr>\n<tr style=\"height: 48px;\">\n<td style=\"height: 48px; width: 95.5833px;\">2008<\/td>\n<td style=\"height: 48px; width: 126.7px;\">Dodge<\/td>\n<td style=\"height: 48px; width: 244.717px;\">Magnum<\/td>\n<td style=\"height: 48px; width: 462.65px;\">R\/T, SE, SXT<\/td>\n<td style=\"height: 48px; width: 172.667px;\">3.5L, 5.7L<\/td>\n<td style=\"height: 48px; width: 154.05px;\">345 mm de di\u00e1metro<\/td>\n<\/tr>\n<tr style=\"height: 48px;\">\n<td style=\"height: 48px; width: 95.5833px;\">2007<\/td>\n<td style=\"height: 48px; width: 126.7px;\">Chrysler<\/td>\n<td style=\"height: 48px; width: 244.717px;\">300<\/td>\n<td style=\"height: 48px; width: 462.65px;\">C, Limited, Touring<\/td>\n<td style=\"height: 48px; width: 172.667px;\">3.0 CRD, 3.5L, 5.7L<\/td>\n<td style=\"height: 48px; width: 154.05px;\">345 mm de di\u00e1metro<\/td>\n<\/tr>\n<tr style=\"height: 48px;\">\n<td style=\"height: 48px; width: 95.5833px;\">2007<\/td>\n<td style=\"height: 48px; width: 126.7px;\">Dodge<\/td>\n<td style=\"height: 48px; width: 244.717px;\">Charger<\/td>\n<td style=\"height: 48px; width: 462.65px;\">Pursuit, R\/T, SE, SXT<\/td>\n<td style=\"height: 48px; width: 172.667px;\">2.7L, 3.5L, 5.7L<\/td>\n<td style=\"height: 48px; width: 154.05px;\">345 mm de di\u00e1metro<\/td>\n<\/tr>\n<tr style=\"height: 48px;\">\n<td style=\"height: 48px; width: 95.5833px;\">2007<\/td>\n<td style=\"height: 48px; width: 126.7px;\">Dodge<\/td>\n<td style=\"height: 48px; width: 244.717px;\">Magnum<\/td>\n<td style=\"height: 48px; width: 462.65px;\">R\/T, SE, SXT<\/td>\n<td style=\"height: 48px; width: 172.667px;\">3.5L, 5.7L<\/td>\n<td style=\"height: 48px; width: 154.05px;\">345 mm de di\u00e1metro<\/td>\n<\/tr>\n<tr style=\"height: 48px;\">\n<td style=\"height: 48px; width: 95.5833px;\">2006<\/td>\n<td style=\"height: 48px; width: 126.7px;\">Chrysler<\/td>\n<td style=\"height: 48px; width: 244.717px;\">300<\/td>\n<td style=\"height: 48px; width: 462.65px;\">C, Limited, Touring<\/td>\n<td style=\"height: 48px; width: 172.667px;\">3.0 CRD, 3.5L, 5.7L<\/td>\n<td style=\"height: 48px; width: 154.05px;\">345 mm de di\u00e1metro<\/td>\n<\/tr>\n<tr style=\"height: 48px;\">\n<td style=\"height: 48px; width: 95.5833px;\">2006<\/td>\n<td style=\"height: 48px; width: 126.7px;\">Dodge<\/td>\n<td style=\"height: 48px; width: 244.717px;\">Charger<\/td>\n<td style=\"height: 48px; width: 462.65px;\">Daytona R\/T, Pursuit, R\/T<\/td>\n<td style=\"height: 48px; width: 172.667px;\">3.5L, 5.7L<\/td>\n<td style=\"height: 48px; width: 154.05px;\">345 mm de di\u00e1metro<\/td>\n<\/tr>\n<tr style=\"height: 48px;\">\n<td style=\"height: 48px; width: 95.5833px;\">2006<\/td>\n<td style=\"height: 48px; width: 126.7px;\">Dodge<\/td>\n<td style=\"height: 48px; width: 244.717px;\">Magnum<\/td>\n<td style=\"height: 48px; width: 462.65px;\">R\/T, SXT<\/td>\n<td style=\"height: 48px; width: 172.667px;\">3.5L, 5.7L<\/td>\n<td style=\"height: 48px; width: 154.05px;\">345 mm de di\u00e1metro<\/td>\n<\/tr>\n<tr style=\"height: 48px;\">\n<td style=\"height: 48px; width: 95.5833px;\">2005<\/td>\n<td style=\"height: 48px; width: 126.7px;\">Chrysler<\/td>\n<td style=\"height: 48px; width: 244.717px;\">300<\/td>\n<td style=\"height: 48px; width: 462.65px;\">C, Limited, Touring<\/td>\n<td style=\"height: 48px; width: 172.667px;\">3.0 CRD, 3.5L, 5.7L<\/td>\n<td style=\"height: 48px; width: 154.05px;\">345 mm de di\u00e1metro<\/td>\n<\/tr>\n<tr style=\"height: 48px;\">\n<td style=\"height: 48px; width: 95.5833px;\">2005<\/td>\n<td style=\"height: 48px; width: 126.7px;\">Dodge<\/td>\n<td style=\"height: 48px; width: 244.717px;\">Magnum<\/td>\n<td style=\"height: 48px; width: 462.65px;\">R\/T, SXT, SXT Edici\u00f3n Especial<\/td>\n<td style=\"height: 48px; width: 172.667px;\">3.5L, 5.7L<\/td>\n<td style=\"height: 48px; width: 154.05px;\">345 mm de di\u00e1metro<\/td>\n<\/tr>\n<\/tbody>\n<\/table>\n<p>&nbsp;<\/p>\n<p><strong>Nota:<\/strong><\/p>\n<p>Antes de realizar el pedido, compruebe si en la parte delantera de su veh\u00edculo se montan discos de freno de 345 mm o de 320 mm.<br \/>\nPuede comparar el tama\u00f1o de los discos de freno delantero y trasero para orientarse.<br \/>\nLos discos de freno traseros tienen siempre un di\u00e1metro de 320 mm.<\/p>\n<p>&nbsp;<\/p>\n<p>&nbsp;<\/p>\n<h4>Por qu\u00e9 los recambios originales Mopar son la mejor elecci\u00f3n<\/h4>\n<p><strong>Directamente del fabricante: perfectamente adaptados<\/strong>Como fabricante original, Mopar suministra exactamente las piezas que ya se han instalado de f\u00e1brica en su veh\u00edculo. Cada pieza est\u00e1 especialmente desarrollada para su modelo y se corresponde 100 % con las especificaciones t\u00e9cnicas: para un ajuste perfecto, un rendimiento \u00f3ptimo y la m\u00e1xima seguridad.<\/p>\n<p><strong>Calidad en la que puede confiar:<\/strong> Mopar conf\u00eda en materiales rigurosamente probados y en los m\u00e1s altos est\u00e1ndares de fabricaci\u00f3n. El resultado son componentes duraderos y fiables que rinden incluso en condiciones extremas, para que tu veh\u00edculo funcione siempre como debe.<\/p>\n<p>&nbsp;<\/p>","protected":false},"excerpt":{"rendered":"<p>Pieza original Mopar<br \/>\nAdecuado para discos de freno de 345 mm<\/p>\n<p>2005 - 2020<\/p>","protected":false},"featured_media":68332311,"comment_status":"open","ping_status":"closed","template":"","meta":{"_acf_changed":false},"product_brand":[16270],"product_cat":[17712,17715,17719,17723,17727,17709,17703,17701,17739,17743,17747,17751,17767,17771],"product_tag":[18837,18838,18839,18836,87,572,88,52,91,17627,17628,17629,17626,838,590,795,839,840,796,54,53,48,536,49,3853,3854,692,942,2111,126,36,55,31,7221,842,841],"class_list":{"0":"post-68328972","1":"product","2":"type-product","3":"status-publish","4":"has-post-thumbnail","6":"product_brand-mopar","7":"product_cat-300c-30-diesel-bremsbelaege-vorne","8":"product_cat-300c-35-bremsbelaege-vorne","9":"product_cat-300c-36-bremsbelaege-vorne","10":"product_cat-300c-57-2005-2010-bremsbelaege-vorne","11":"product_cat-300c-57-2011-2023-bremsbelaege-vorne","12":"product_cat-challenger-35-bremsbelaege-vorne","13":"product_cat-challenger-36-bremsbelaege-vorne","14":"product_cat-challenger-57-bremsbelaege-vorne","15":"product_cat-charger-35-bremsbelaege-vorne","16":"product_cat-charger-36-bremsbelaege-vorne","17":"product_cat-charger-57-bremsbelaege-vorne","18":"product_cat-charger-57-2011-2023-bremsbelaege-vorne","19":"product_cat-magnum-35-bremsbelaege-vorne","20":"product_cat-magnum-57-bremsbelaege-vorne","21":"product_tag-05142558aa","22":"product_tag-05142558ab","23":"product_tag-05142558ac","24":"product_tag-05142558ad","25":"product_tag-2-7","26":"product_tag-3-0-crd","27":"product_tag-3-5","28":"product_tag-300c","29":"product_tag-5-7","30":"product_tag-5142558aa","31":"product_tag-5142558ab","32":"product_tag-5142558ac","33":"product_tag-5142558ad","34":"product_tag-bremsbelag","35":"product_tag-bremsbelaege","36":"product_tag-bremse","37":"product_tag-bremsklotz","38":"product_tag-bremskloetze","39":"product_tag-bremsscheibe","40":"product_tag-challenger","41":"product_tag-charger","42":"product_tag-chrysler","43":"product_tag-chrysler-300c","44":"product_tag-dodge","45":"product_tag-dodge-challenger","46":"product_tag-dodge-charger","47":"product_tag-ersatzteil","48":"product_tag-gelocht","49":"product_tag-genutet","50":"product_tag-hemi","51":"product_tag-kraftwerk","52":"product_tag-magnum","53":"product_tag-mopar","54":"product_tag-mopar10","55":"product_tag-vorderachse","56":"product_tag-vorne","58":"first","59":"instock","60":"taxable","61":"shipping-taxable","62":"purchasable","63":"product-type-simple"},"bundled_by":[],"bundle_stock_status":"instock","bundle_stock_quantity":1,"bundle_virtual":false,"bundle_layout":"","bundle_add_to_cart_form_location":"","bundle_editable_in_cart":false,"bundle_sold_individually_context":"","bundle_item_grouping":"","bundle_min_size":"","bundle_max_size":"","bundle_price":[],"bundled_items":[],"bundle_sell_ids":[],"exclude_global_add_ons":[],"addons":[],"acf":[],"_links":{"self":[{"href":"https:\/\/kraftwerk-shop.cc\/es\/wp-json\/wp\/v2\/product\/68328972","targetHints":{"allow":["GET"]}}],"collection":[{"href":"https:\/\/kraftwerk-shop.cc\/es\/wp-json\/wp\/v2\/product"}],"about":[{"href":"https:\/\/kraftwerk-shop.cc\/es\/wp-json\/wp\/v2\/types\/product"}],"replies":[{"embeddable":true,"href":"https:\/\/kraftwerk-shop.cc\/es\/wp-json\/wp\/v2\/comments?post=68328972"}],"version-history":[{"count":0,"href":"https:\/\/kraftwerk-shop.cc\/es\/wp-json\/wp\/v2\/product\/68328972\/revisions"}],"wp:featuredmedia":[{"embeddable":true,"href":"https:\/\/kraftwerk-shop.cc\/es\/wp-json\/wp\/v2\/media\/68332311"}],"wp:attachment":[{"href":"https:\/\/kraftwerk-shop.cc\/es\/wp-json\/wp\/v2\/media?parent=68328972"}],"wp:term":[{"taxonomy":"product_brand","embeddable":true,"href":"https:\/\/kraftwerk-shop.cc\/es\/wp-json\/wp\/v2\/product_brand?post=68328972"},{"taxonomy":"product_cat","embeddable":true,"href":"https:\/\/kraftwerk-shop.cc\/es\/wp-json\/wp\/v2\/product_cat?post=68328972"},{"taxonomy":"product_tag","embeddable":true,"href":"https:\/\/kraftwerk-shop.cc\/es\/wp-json\/wp\/v2\/product_tag?post=68328972"}],"curies":[{"name":"wp","href":"https:\/\/api.w.org\/{rel}","templated":true}]}}