{"id":68328977,"date":"2025-06-08T21:03:52","date_gmt":"2025-06-08T19:03:52","guid":{"rendered":"https:\/\/kraftwerk-shop.cc\/?post_type=product&#038;p=68328977"},"modified":"2026-02-15T01:20:43","modified_gmt":"2026-02-15T00:20:43","slug":"pastillas-de-freno-mopar-68504575ab","status":"publish","type":"product","link":"https:\/\/kraftwerk-shop.cc\/es\/produkt\/mopar-bremsbelaege-68504575ab\/","title":{"rendered":"Pastillas de freno Mopar (68504575AB)"},"content":{"rendered":"<h1>Pastillas de freno Mopar (68504575AB) para Chrysler 300C, Dodge Challenger y Charger 3.6 y 5.7 (eje delantero) de 2021 a 2023<\/h1>\n<p>&nbsp;<\/p>\n<p><span lang=\"DE\"><strong>N\u00famero de pieza Mopar:<\/strong>\u00a068504575AB<br \/>\n<strong>Reemplazado: <\/strong><\/span>68504575AA<\/p>\n<p>&nbsp;<\/p>\n<p><strong>Adecuado para:<\/strong><\/p>\n<table width=\"1298\">\n<tbody>\n<tr>\n<td width=\"97\"><strong>A\u00f1o de construcci\u00f3n<\/strong><\/td>\n<td width=\"130\"><strong>Marca<\/strong><\/td>\n<td width=\"253\"><strong>Modelo<\/strong><\/td>\n<td width=\"482\"><strong>Versi\u00f3n<\/strong><\/td>\n<td width=\"179\"><strong>Motor<\/strong><\/td>\n<td width=\"157\"><strong>Sugerencia<\/strong><\/td>\n<\/tr>\n<tr>\n<td width=\"97\">2023<\/td>\n<td width=\"130\">Chrysler<\/td>\n<td width=\"253\">300<\/td>\n<td width=\"482\">S, Touring, Touring L<\/td>\n<td width=\"179\">3.6L, 5.7L<\/td>\n<td width=\"157\">345 mm de di\u00e1metro<\/td>\n<\/tr>\n<tr>\n<td width=\"97\">2023<\/td>\n<td width=\"130\">Dodge<\/td>\n<td width=\"253\">Challenger<\/td>\n<td width=\"482\">GT, R\/T, SXT<\/td>\n<td width=\"179\">3.6L, 5.7L<\/td>\n<td width=\"157\">345 mm de di\u00e1metro<\/td>\n<\/tr>\n<tr>\n<td width=\"97\">2023<\/td>\n<td width=\"130\">Dodge<\/td>\n<td width=\"253\">Charger<\/td>\n<td width=\"482\">GT, R\/T, SXT<\/td>\n<td width=\"179\">3.6L, 5.7L<\/td>\n<td width=\"157\">345 mm de di\u00e1metro<\/td>\n<\/tr>\n<tr>\n<td width=\"97\">2022<\/td>\n<td width=\"130\">Chrysler<\/td>\n<td width=\"253\">300<\/td>\n<td width=\"482\">S, Touring, Touring L<\/td>\n<td width=\"179\">3.6L, 5.7L<\/td>\n<td width=\"157\">345 mm de di\u00e1metro<\/td>\n<\/tr>\n<tr>\n<td width=\"97\">2022<\/td>\n<td width=\"130\">Dodge<\/td>\n<td width=\"253\">Challenger<\/td>\n<td width=\"482\">GT, R\/T, SXT<\/td>\n<td width=\"179\">3.6L, 5.7L<\/td>\n<td width=\"157\">345 mm de di\u00e1metro<\/td>\n<\/tr>\n<tr>\n<td width=\"97\">2022<\/td>\n<td width=\"130\">Dodge<\/td>\n<td width=\"253\">Charger<\/td>\n<td width=\"482\">GT, R\/T, SXT<\/td>\n<td width=\"179\">3.6L, 5.7L<\/td>\n<td width=\"157\">345 mm de di\u00e1metro<\/td>\n<\/tr>\n<tr>\n<td width=\"97\">2021<\/td>\n<td width=\"130\">Chrysler<\/td>\n<td width=\"253\">300<\/td>\n<td width=\"482\">S, Touring, Touring L<\/td>\n<td width=\"179\">3.6L, 5.7L<\/td>\n<td width=\"157\">345 mm de di\u00e1metro<\/td>\n<\/tr>\n<tr>\n<td width=\"97\">2021<\/td>\n<td width=\"130\">Dodge<\/td>\n<td width=\"253\">Challenger<\/td>\n<td width=\"482\">GT, R\/T, SXT<\/td>\n<td width=\"179\">3.6L, 5.7L<\/td>\n<td width=\"157\">345 mm de di\u00e1metro<\/td>\n<\/tr>\n<tr>\n<td width=\"97\">2021<\/td>\n<td width=\"130\">Dodge<\/td>\n<td width=\"253\">Charger<\/td>\n<td width=\"482\">GT, R\/T, SXT<\/td>\n<td width=\"179\">3.6L, 5.7L<\/td>\n<td width=\"157\">345 mm de di\u00e1metro<\/td>\n<\/tr>\n<\/tbody>\n<\/table>\n<p>&nbsp;<\/p>\n<p><strong>Nota:<\/strong><\/p>\n<p>Antes de realizar el pedido, compruebe si en la parte delantera de su veh\u00edculo se montan discos de freno de 345 mm o de 320 mm.<br \/>\nPuede comparar el tama\u00f1o de los discos de freno delantero y trasero para orientarse.<br \/>\nLos discos de freno traseros tienen siempre un di\u00e1metro de 320 mm.<\/p>\n<p>&nbsp;<\/p>\n<p>&nbsp;<\/p>\n<h4>Por qu\u00e9 los recambios originales Mopar son la mejor elecci\u00f3n<\/h4>\n<p><strong>Directamente del fabricante: perfectamente adaptados<\/strong>Como fabricante original, Mopar suministra exactamente las piezas que ya se han instalado de f\u00e1brica en su veh\u00edculo. Cada pieza est\u00e1 especialmente desarrollada para su modelo y se corresponde 100 % con las especificaciones t\u00e9cnicas: para un ajuste perfecto, un rendimiento \u00f3ptimo y la m\u00e1xima seguridad.<\/p>\n<p><strong>Calidad en la que puede confiar:<\/strong> Mopar conf\u00eda en materiales rigurosamente probados y en los m\u00e1s altos est\u00e1ndares de fabricaci\u00f3n. El resultado son componentes duraderos y fiables que rinden incluso en condiciones extremas, para que tu veh\u00edculo funcione siempre como debe.<\/p>\n<p>&nbsp;<\/p>","protected":false},"excerpt":{"rendered":"<p>Pieza original Mopar<br \/>\nAdecuado para discos de freno de 345 mm<\/p>\n<p>2021-2023<\/p>","protected":false},"featured_media":68332308,"comment_status":"open","ping_status":"closed","template":"","meta":{"_acf_changed":false},"product_brand":[16270],"product_cat":[17719,17727,17703,17701,17743,17751],"product_tag":[87,572,88,52,91,17630,838,590,795,839,840,54,53,48,536,49,3853,3854,692,126,36,55,31,7221,842,841],"class_list":{"0":"post-68328977","1":"product","2":"type-product","3":"status-publish","4":"has-post-thumbnail","6":"product_brand-mopar","7":"product_cat-300c-36-bremsbelaege-vorne","8":"product_cat-300c-57-2011-2023-bremsbelaege-vorne","9":"product_cat-challenger-36-bremsbelaege-vorne","10":"product_cat-challenger-57-bremsbelaege-vorne","11":"product_cat-charger-36-bremsbelaege-vorne","12":"product_cat-charger-57-2011-2023-bremsbelaege-vorne","13":"product_tag-2-7","14":"product_tag-3-0-crd","15":"product_tag-3-5","16":"product_tag-300c","17":"product_tag-5-7","18":"product_tag-68504575ab","19":"product_tag-bremsbelag","20":"product_tag-bremsbelaege","21":"product_tag-bremse","22":"product_tag-bremsklotz","23":"product_tag-bremskloetze","24":"product_tag-challenger","25":"product_tag-charger","26":"product_tag-chrysler","27":"product_tag-chrysler-300c","28":"product_tag-dodge","29":"product_tag-dodge-challenger","30":"product_tag-dodge-charger","31":"product_tag-ersatzteil","32":"product_tag-hemi","33":"product_tag-kraftwerk","34":"product_tag-magnum","35":"product_tag-mopar","36":"product_tag-mopar10","37":"product_tag-vorderachse","38":"product_tag-vorne","40":"first","41":"instock","42":"taxable","43":"shipping-taxable","44":"purchasable","45":"product-type-simple"},"bundled_by":[],"bundle_stock_status":"instock","bundle_stock_quantity":1,"bundle_virtual":false,"bundle_layout":"","bundle_add_to_cart_form_location":"","bundle_editable_in_cart":false,"bundle_sold_individually_context":"","bundle_item_grouping":"","bundle_min_size":"","bundle_max_size":"","bundle_price":[],"bundled_items":[],"bundle_sell_ids":[],"exclude_global_add_ons":[],"addons":[],"acf":[],"_links":{"self":[{"href":"https:\/\/kraftwerk-shop.cc\/es\/wp-json\/wp\/v2\/product\/68328977","targetHints":{"allow":["GET"]}}],"collection":[{"href":"https:\/\/kraftwerk-shop.cc\/es\/wp-json\/wp\/v2\/product"}],"about":[{"href":"https:\/\/kraftwerk-shop.cc\/es\/wp-json\/wp\/v2\/types\/product"}],"replies":[{"embeddable":true,"href":"https:\/\/kraftwerk-shop.cc\/es\/wp-json\/wp\/v2\/comments?post=68328977"}],"version-history":[{"count":0,"href":"https:\/\/kraftwerk-shop.cc\/es\/wp-json\/wp\/v2\/product\/68328977\/revisions"}],"wp:featuredmedia":[{"embeddable":true,"href":"https:\/\/kraftwerk-shop.cc\/es\/wp-json\/wp\/v2\/media\/68332308"}],"wp:attachment":[{"href":"https:\/\/kraftwerk-shop.cc\/es\/wp-json\/wp\/v2\/media?parent=68328977"}],"wp:term":[{"taxonomy":"product_brand","embeddable":true,"href":"https:\/\/kraftwerk-shop.cc\/es\/wp-json\/wp\/v2\/product_brand?post=68328977"},{"taxonomy":"product_cat","embeddable":true,"href":"https:\/\/kraftwerk-shop.cc\/es\/wp-json\/wp\/v2\/product_cat?post=68328977"},{"taxonomy":"product_tag","embeddable":true,"href":"https:\/\/kraftwerk-shop.cc\/es\/wp-json\/wp\/v2\/product_tag?post=68328977"}],"curies":[{"name":"wp","href":"https:\/\/api.w.org\/{rel}","templated":true}]}}