{"id":68329124,"date":"2025-06-09T15:56:18","date_gmt":"2025-06-09T13:56:18","guid":{"rendered":"https:\/\/kraftwerk-shop.cc\/?post_type=product&#038;p=68329124"},"modified":"2026-02-15T01:20:39","modified_gmt":"2026-02-15T00:20:39","slug":"disco-de-freno-bproauto-1bp00033aa","status":"publish","type":"product","link":"https:\/\/kraftwerk-shop.cc\/es\/produkt\/bproauto-bremsscheibe-1bp00033aa\/","title":{"rendered":"Disco de freno bproauto (1BP00033AA)"},"content":{"rendered":"<h1>Disco de freno bproauto (1BP00033AA) para Chrysler 300C, Dodge Challenger, Charger y Magnum 3.5, 3.6 y 5.7 (eje trasero)<\/h1>\n<p>&nbsp;<\/p>\n<p><span lang=\"DE\"><strong>N\u00famero de pieza:<\/strong>\u00a01BP00033AA<br \/>\n<strong>N\u00fameros de comparaci\u00f3n Mopar: <\/strong>4779209AB, 4779209AC, 4779209AD, 4779209AE, 4779209AF, 4779209AG, 68241042AA, 68241042AB, 68368072AA, 68368071AA<\/span><\/p>\n<p>&nbsp;<\/p>\n<p><strong>Adecuado para:<\/strong><\/p>\n<table width=\"1157\">\n<tbody>\n<tr>\n<td width=\"81\"><strong>A\u00f1o de construcci\u00f3n<\/strong><\/td>\n<td width=\"117\"><strong>Marca<\/strong><\/td>\n<td width=\"175\"><strong>Modelo<\/strong><\/td>\n<td width=\"410\"><strong>Versi\u00f3n<\/strong><\/td>\n<td width=\"184\"><strong>Motor<\/strong><\/td>\n<td width=\"190\"><strong>Sugerencia<\/strong><\/td>\n<\/tr>\n<tr>\n<td width=\"81\">2023<\/td>\n<td width=\"117\">Chrysler<\/td>\n<td width=\"175\">300<\/td>\n<td width=\"410\">S, Touring, Touring L<\/td>\n<td width=\"184\">3.6L, 5.7L<\/td>\n<td width=\"190\">Disco de freno ventilado<\/td>\n<\/tr>\n<tr>\n<td width=\"81\">2023<\/td>\n<td width=\"117\">Dodge<\/td>\n<td width=\"175\">Challenger<\/td>\n<td width=\"410\">GT, R\/T, SXT<\/td>\n<td width=\"184\">3.6L, 5.7L<\/td>\n<td width=\"190\">Disco de freno ventilado<\/td>\n<\/tr>\n<tr>\n<td width=\"81\">2023<\/td>\n<td width=\"117\">Dodge<\/td>\n<td width=\"175\">Charger<\/td>\n<td width=\"410\">GT, R\/T, SXT<\/td>\n<td width=\"184\">3.6L, 5.7L<\/td>\n<td width=\"190\">Disco de freno ventilado<\/td>\n<\/tr>\n<tr>\n<td width=\"81\">2022<\/td>\n<td width=\"117\">Chrysler<\/td>\n<td width=\"175\">300<\/td>\n<td width=\"410\">S, Touring, Touring L<\/td>\n<td width=\"184\">3.6L, 5.7L<\/td>\n<td width=\"190\">Disco de freno ventilado<\/td>\n<\/tr>\n<tr>\n<td width=\"81\">2022<\/td>\n<td width=\"117\">Dodge<\/td>\n<td width=\"175\">Challenger<\/td>\n<td width=\"410\">GT, R\/T, SXT<\/td>\n<td width=\"184\">3.6L, 5.7L<\/td>\n<td width=\"190\">Disco de freno ventilado<\/td>\n<\/tr>\n<tr>\n<td width=\"81\">2022<\/td>\n<td width=\"117\">Dodge<\/td>\n<td width=\"175\">Charger<\/td>\n<td width=\"410\">GT, R\/T, SXT<\/td>\n<td width=\"184\">3.6L, 5.7L<\/td>\n<td width=\"190\">Disco de freno ventilado<\/td>\n<\/tr>\n<tr>\n<td width=\"81\">2021<\/td>\n<td width=\"117\">Chrysler<\/td>\n<td width=\"175\">300<\/td>\n<td width=\"410\">S, Touring, Touring L<\/td>\n<td width=\"184\">3.6L, 5.7L<\/td>\n<td width=\"190\">Disco de freno ventilado<\/td>\n<\/tr>\n<tr>\n<td width=\"81\">2021<\/td>\n<td width=\"117\">Dodge<\/td>\n<td width=\"175\">Challenger<\/td>\n<td width=\"410\">GT, R\/T, SXT<\/td>\n<td width=\"184\">3.6L, 5.7L<\/td>\n<td width=\"190\">Disco de freno ventilado<\/td>\n<\/tr>\n<tr>\n<td width=\"81\">2021<\/td>\n<td width=\"117\">Dodge<\/td>\n<td width=\"175\">Charger<\/td>\n<td width=\"410\">GT, R\/T, SXT<\/td>\n<td width=\"184\">3.6L, 5.7L<\/td>\n<td width=\"190\">Disco de freno ventilado<\/td>\n<\/tr>\n<tr>\n<td width=\"81\">2020<\/td>\n<td width=\"117\">Chrysler<\/td>\n<td width=\"175\">300<\/td>\n<td width=\"410\">C, Limited, S, Touring, Touring L<\/td>\n<td width=\"184\">3.6L, 5.7L<\/td>\n<td width=\"190\">Disco de freno ventilado<\/td>\n<\/tr>\n<tr>\n<td width=\"81\">2020<\/td>\n<td width=\"117\">Dodge<\/td>\n<td width=\"175\">Challenger<\/td>\n<td width=\"410\">GT, R\/T, SXT<\/td>\n<td width=\"184\">3.6L, 5.7L<\/td>\n<td width=\"190\">Disco de freno ventilado<\/td>\n<\/tr>\n<tr>\n<td width=\"81\">2020<\/td>\n<td width=\"117\">Dodge<\/td>\n<td width=\"175\">Charger<\/td>\n<td width=\"410\">GT, R\/T, SXT<\/td>\n<td width=\"184\">3.6L, 5.7L<\/td>\n<td width=\"190\">Disco de freno ventilado<\/td>\n<\/tr>\n<tr>\n<td width=\"81\">2019<\/td>\n<td width=\"117\">Chrysler<\/td>\n<td width=\"175\">300<\/td>\n<td width=\"410\">C, Limited, S, Touring, Touring L<\/td>\n<td width=\"184\">3.6L, 5.7L<\/td>\n<td width=\"190\">Disco de freno ventilado<\/td>\n<\/tr>\n<tr>\n<td width=\"81\">2019<\/td>\n<td width=\"117\">Dodge<\/td>\n<td width=\"175\">Challenger<\/td>\n<td width=\"410\">GT, R\/T, SXT<\/td>\n<td width=\"184\">3.6L, 5.7L<\/td>\n<td width=\"190\">Disco de freno ventilado<\/td>\n<\/tr>\n<tr>\n<td width=\"81\">2019<\/td>\n<td width=\"117\">Dodge<\/td>\n<td width=\"175\">Charger<\/td>\n<td width=\"410\">GT, R\/T, SXT<\/td>\n<td width=\"184\">3.6L, 5.7L<\/td>\n<td width=\"190\">Disco de freno ventilado<\/td>\n<\/tr>\n<tr>\n<td width=\"81\">2018<\/td>\n<td width=\"117\">Chrysler<\/td>\n<td width=\"175\">300<\/td>\n<td width=\"410\">C, Limited, S, Touring, Touring L<\/td>\n<td width=\"184\">3.6L, 5.7L<\/td>\n<td width=\"190\">Disco de freno ventilado<\/td>\n<\/tr>\n<tr>\n<td width=\"81\">2018<\/td>\n<td width=\"117\">Dodge<\/td>\n<td width=\"175\">Challenger<\/td>\n<td width=\"410\">GT, R\/T, SXT, SXT Plus, T\/A<\/td>\n<td width=\"184\">3.6L, 5.7L<\/td>\n<td width=\"190\">Disco de freno ventilado<\/td>\n<\/tr>\n<tr>\n<td width=\"81\">2018<\/td>\n<td width=\"117\">Dodge<\/td>\n<td width=\"175\">Charger<\/td>\n<td width=\"410\">Daytona, GT, GT Plus, R\/T, SXT<\/td>\n<td width=\"184\">3.6L, 5.7L<\/td>\n<td width=\"190\">Disco de freno ventilado<\/td>\n<\/tr>\n<tr>\n<td width=\"81\">2017<\/td>\n<td width=\"117\">Chrysler<\/td>\n<td width=\"175\">300<\/td>\n<td width=\"410\">C, C Platino, Limited, S<\/td>\n<td width=\"184\">3.6L, 5.7L<\/td>\n<td width=\"190\">Disco de freno ventilado<\/td>\n<\/tr>\n<tr>\n<td width=\"81\">2017<\/td>\n<td width=\"117\">Dodge<\/td>\n<td width=\"175\">Challenger<\/td>\n<td width=\"410\">GT, R\/T, SXT, SXT Plus, T\/A<\/td>\n<td width=\"184\">3.6L, 5.7L<\/td>\n<td width=\"190\">Disco de freno ventilado<\/td>\n<\/tr>\n<tr>\n<td width=\"81\">2017<\/td>\n<td width=\"117\">Dodge<\/td>\n<td width=\"175\">Charger<\/td>\n<td width=\"410\">Daytona, R\/T, SE, SXT<\/td>\n<td width=\"184\">5.7L<\/td>\n<td width=\"190\">Disco de freno ventilado<\/td>\n<\/tr>\n<tr>\n<td width=\"81\">2016<\/td>\n<td width=\"117\">Chrysler<\/td>\n<td width=\"175\">300<\/td>\n<td width=\"410\">C, C Platino, Limited, S<\/td>\n<td width=\"184\">3.6L, 5.7L<\/td>\n<td width=\"190\">Disco de freno ventilado<\/td>\n<\/tr>\n<tr>\n<td width=\"81\">2016<\/td>\n<td width=\"117\">Dodge<\/td>\n<td width=\"175\">Challenger<\/td>\n<td width=\"410\">R\/T, R\/T Plus, R\/T Plus Shaker, R\/T Shaker, SXT, SXT Plus<\/td>\n<td width=\"184\">3.6L, 5.7L<\/td>\n<td width=\"190\">Disco de freno ventilado<\/td>\n<\/tr>\n<tr>\n<td width=\"81\">2016<\/td>\n<td width=\"117\">Dodge<\/td>\n<td width=\"175\">Charger<\/td>\n<td width=\"410\">R\/T, R\/T Road &amp; Track, SE, SXT<\/td>\n<td width=\"184\">5.7L<\/td>\n<td width=\"190\">Disco de freno ventilado<\/td>\n<\/tr>\n<tr>\n<td width=\"81\">2015<\/td>\n<td width=\"117\">Chrysler<\/td>\n<td width=\"175\">300<\/td>\n<td width=\"410\">C, C Platino, Limited, S<\/td>\n<td width=\"184\">3.6L, 5.7L<\/td>\n<td width=\"190\">Disco de freno ventilado<\/td>\n<\/tr>\n<tr>\n<td width=\"81\">2015<\/td>\n<td width=\"117\">Dodge<\/td>\n<td width=\"175\">Challenger<\/td>\n<td width=\"410\">R\/T, R\/T Plus, SXT, SXT Plus<\/td>\n<td width=\"184\">3.6L, 5.7L<\/td>\n<td width=\"190\">Disco de freno ventilado<\/td>\n<\/tr>\n<tr>\n<td width=\"81\">2015<\/td>\n<td width=\"117\">Dodge<\/td>\n<td width=\"175\">Charger<\/td>\n<td width=\"410\">R\/T, R\/T Road &amp; Track, SE, SXT<\/td>\n<td width=\"184\">5.7L<\/td>\n<td width=\"190\">Disco de freno ventilado<\/td>\n<\/tr>\n<tr>\n<td width=\"81\">2014<\/td>\n<td width=\"117\">Chrysler<\/td>\n<td width=\"175\">300<\/td>\n<td width=\"410\">Base, C, C Luxury, S<\/td>\n<td width=\"184\">3.6L, 5.7L<\/td>\n<td width=\"190\">Disco de freno ventilado<\/td>\n<\/tr>\n<tr>\n<td width=\"81\">2014<\/td>\n<td width=\"117\">Dodge<\/td>\n<td width=\"175\">Challenger<\/td>\n<td width=\"410\">R\/T, Rallye Redline, SXT<\/td>\n<td width=\"184\">3.6L, 5.7L<\/td>\n<td width=\"190\">Disco de freno ventilado<\/td>\n<\/tr>\n<tr>\n<td width=\"81\">2014<\/td>\n<td width=\"117\">Dodge<\/td>\n<td width=\"175\">Charger<\/td>\n<td width=\"410\">Pursuit, R\/T, SXT<\/td>\n<td width=\"184\">3.6L, 5.7L<\/td>\n<td width=\"190\">Disco de freno ventilado<\/td>\n<\/tr>\n<tr>\n<td width=\"81\">2013<\/td>\n<td width=\"117\">Chrysler<\/td>\n<td width=\"175\">300<\/td>\n<td width=\"410\">Base, C, C Luxury, S<\/td>\n<td width=\"184\">3.6L, 5.7L<\/td>\n<td width=\"190\">Disco de freno ventilado<\/td>\n<\/tr>\n<tr>\n<td width=\"81\">2013<\/td>\n<td width=\"117\">Dodge<\/td>\n<td width=\"175\">Challenger<\/td>\n<td width=\"410\">R\/T, SXT<\/td>\n<td width=\"184\">3.6L, 5.7L<\/td>\n<td width=\"190\">Disco de freno ventilado<\/td>\n<\/tr>\n<tr>\n<td width=\"81\">2013<\/td>\n<td width=\"117\">Dodge<\/td>\n<td width=\"175\">Charger<\/td>\n<td width=\"410\">Pursuit, R\/T, SE, SXT<\/td>\n<td width=\"184\">3.6L, 5.7L<\/td>\n<td width=\"190\">Disco de freno ventilado<\/td>\n<\/tr>\n<tr>\n<td width=\"81\">2012<\/td>\n<td width=\"117\">Chrysler<\/td>\n<td width=\"175\">300<\/td>\n<td width=\"410\">C, Limited, S<\/td>\n<td width=\"184\">3.6L, 5.7L<\/td>\n<td width=\"190\">Disco de freno ventilado<\/td>\n<\/tr>\n<tr>\n<td width=\"81\">2012<\/td>\n<td width=\"117\">Dodge<\/td>\n<td width=\"175\">Challenger<\/td>\n<td width=\"410\">R\/T, R\/T Classic, SXT, SXT Plus<\/td>\n<td width=\"184\">3.6L, 5.7L<\/td>\n<td width=\"190\">Disco de freno ventilado<\/td>\n<\/tr>\n<tr>\n<td width=\"81\">2012<\/td>\n<td width=\"117\">Dodge<\/td>\n<td width=\"175\">Charger<\/td>\n<td width=\"410\">Pursuit, R\/T, SE, SXT, SXT Plus<\/td>\n<td width=\"184\">3.6L, 5.7L<\/td>\n<td width=\"190\">Disco de freno ventilado<\/td>\n<\/tr>\n<tr>\n<td width=\"81\">2011<\/td>\n<td width=\"117\">Chrysler<\/td>\n<td width=\"175\">300<\/td>\n<td width=\"410\">C<\/td>\n<td width=\"184\">5.7L<\/td>\n<td width=\"190\">Disco de freno ventilado<\/td>\n<\/tr>\n<tr>\n<td width=\"81\">2011<\/td>\n<td width=\"117\">Dodge<\/td>\n<td width=\"175\">Challenger<\/td>\n<td width=\"410\">R\/T, SE<\/td>\n<td width=\"184\">5.7L<\/td>\n<td width=\"190\">Disco de freno ventilado<\/td>\n<\/tr>\n<tr>\n<td width=\"81\">2011<\/td>\n<td width=\"117\">Dodge<\/td>\n<td width=\"175\">Charger<\/td>\n<td width=\"410\">Pursuit, R\/T, SE<\/td>\n<td width=\"184\">5.7L<\/td>\n<td width=\"190\">Disco de freno ventilado<\/td>\n<\/tr>\n<tr>\n<td width=\"81\">2010<\/td>\n<td width=\"117\">Chrysler<\/td>\n<td width=\"175\">300<\/td>\n<td width=\"410\">C, Limited, S, Touring<\/td>\n<td width=\"184\">3.0 CRD, 3.5L, 5.7L<\/td>\n<td width=\"190\">Disco de freno ventilado<\/td>\n<\/tr>\n<tr>\n<td width=\"81\">2010<\/td>\n<td width=\"117\">Dodge<\/td>\n<td width=\"175\">Challenger<\/td>\n<td width=\"410\">R\/T<\/td>\n<td width=\"184\">5.7L<\/td>\n<td width=\"190\">Disco de freno ventilado<\/td>\n<\/tr>\n<tr>\n<td width=\"81\">2010<\/td>\n<td width=\"117\">Dodge<\/td>\n<td width=\"175\">Charger<\/td>\n<td width=\"410\">Pursuit, R\/T, SE, SXT<\/td>\n<td width=\"184\">3.5L, 5.7L<\/td>\n<td width=\"190\">Disco de freno ventilado<\/td>\n<\/tr>\n<tr>\n<td width=\"81\">2009<\/td>\n<td width=\"117\">Chrysler<\/td>\n<td width=\"175\">300<\/td>\n<td width=\"410\">C, Limited, Serie Signature, Touring<\/td>\n<td width=\"184\">3.0 CRD, 3.5L, 5.7L<\/td>\n<td width=\"190\">Disco de freno ventilado<\/td>\n<\/tr>\n<tr>\n<td width=\"81\">2009<\/td>\n<td width=\"117\">Dodge<\/td>\n<td width=\"175\">Challenger<\/td>\n<td width=\"410\">R\/T<\/td>\n<td width=\"184\">5.7L<\/td>\n<td width=\"190\">Disco de freno ventilado<\/td>\n<\/tr>\n<tr>\n<td width=\"81\">2009<\/td>\n<td width=\"117\">Dodge<\/td>\n<td width=\"175\">Charger<\/td>\n<td width=\"410\">Pursuit, R\/T, SE, SXT<\/td>\n<td width=\"184\">3.5L, 5.7L<\/td>\n<td width=\"190\">Disco de freno ventilado<\/td>\n<\/tr>\n<tr>\n<td width=\"81\">2008<\/td>\n<td width=\"117\">Chrysler<\/td>\n<td width=\"175\">300<\/td>\n<td width=\"410\">C, Limited, Touring<\/td>\n<td width=\"184\">3.0 CRD, 3.5L, 5.7L<\/td>\n<td width=\"190\">Disco de freno ventilado<\/td>\n<\/tr>\n<tr>\n<td width=\"81\">2008<\/td>\n<td width=\"117\">Dodge<\/td>\n<td width=\"175\">Charger<\/td>\n<td width=\"410\">Pursuit, R\/T, SE, SXT<\/td>\n<td width=\"184\">3.5L, 5.7L<\/td>\n<td width=\"190\">Disco de freno ventilado<\/td>\n<\/tr>\n<tr>\n<td width=\"81\">2008<\/td>\n<td width=\"117\">Dodge<\/td>\n<td width=\"175\">Magnum<\/td>\n<td width=\"410\">R\/T, SE, SXT<\/td>\n<td width=\"184\">3.5L, 5.7L<\/td>\n<td width=\"190\">Disco de freno ventilado<\/td>\n<\/tr>\n<tr>\n<td width=\"81\">2007<\/td>\n<td width=\"117\">Chrysler<\/td>\n<td width=\"175\">300<\/td>\n<td width=\"410\">C, Limited, Touring<\/td>\n<td width=\"184\">3.0 CRD, 3.5L, 5.7L<\/td>\n<td width=\"190\">Disco de freno ventilado<\/td>\n<\/tr>\n<tr>\n<td width=\"81\">2007<\/td>\n<td width=\"117\">Dodge<\/td>\n<td width=\"175\">Charger<\/td>\n<td width=\"410\">Pursuit, R\/T, SE, SXT<\/td>\n<td width=\"184\">2.7L, 3.5L, 5.7L<\/td>\n<td width=\"190\">Disco de freno ventilado<\/td>\n<\/tr>\n<tr>\n<td width=\"81\">2007<\/td>\n<td width=\"117\">Dodge<\/td>\n<td width=\"175\">Magnum<\/td>\n<td width=\"410\">R\/T, SE, SXT<\/td>\n<td width=\"184\">3.5L, 5.7L<\/td>\n<td width=\"190\">Disco de freno ventilado<\/td>\n<\/tr>\n<tr>\n<td width=\"81\">2006<\/td>\n<td width=\"117\">Chrysler<\/td>\n<td width=\"175\">300<\/td>\n<td width=\"410\">C, Limited, Touring<\/td>\n<td width=\"184\">3.0 CRD, 3.5L, 5.7L<\/td>\n<td width=\"190\">Disco de freno ventilado<\/td>\n<\/tr>\n<tr>\n<td width=\"81\">2006<\/td>\n<td width=\"117\">Dodge<\/td>\n<td width=\"175\">Charger<\/td>\n<td width=\"410\">Daytona R\/T, Pursuit, R\/T<\/td>\n<td width=\"184\">3.5L, 5.7L<\/td>\n<td width=\"190\">Disco de freno ventilado<\/td>\n<\/tr>\n<tr>\n<td width=\"81\">2006<\/td>\n<td width=\"117\">Dodge<\/td>\n<td width=\"175\">Magnum<\/td>\n<td width=\"410\">R\/T, SXT<\/td>\n<td width=\"184\">3.5L, 5.7L<\/td>\n<td width=\"190\">Disco de freno ventilado<\/td>\n<\/tr>\n<tr>\n<td width=\"81\">2005<\/td>\n<td width=\"117\">Chrysler<\/td>\n<td width=\"175\">300<\/td>\n<td width=\"410\">C, Limited, Touring<\/td>\n<td width=\"184\">3.0 CRD, 3.5L, 5.7L<\/td>\n<td width=\"190\">Disco de freno ventilado<\/td>\n<\/tr>\n<tr>\n<td width=\"81\">2005<\/td>\n<td width=\"117\">Dodge<\/td>\n<td width=\"175\">Magnum<\/td>\n<td width=\"410\">R\/T, SXT, SXT Edici\u00f3n Especial<\/td>\n<td width=\"184\">3.5L, 5.7L<\/td>\n<td width=\"190\">Disco de freno ventilado<\/td>\n<\/tr>\n<\/tbody>\n<\/table>\n<p>&nbsp;<\/p>\n<p><strong>Nota:<\/strong><\/p>\n<p>Antes de realizar el pedido, compruebe si en la parte delantera de su veh\u00edculo se montan discos de freno de 345 mm o de 320 mm.<br \/>\nPuede comparar el tama\u00f1o de los discos de freno delantero y trasero para orientarse.<br \/>\nLos discos de freno traseros tienen siempre un di\u00e1metro de 320 mm.<\/p>\n<p>&nbsp;<\/p>\n<p>&nbsp;<\/p>\n<h4>Acerca de bproauto<\/h4>\n<p>bproauto es una marca de recambios de Stellantis que se ha desarrollado espec\u00edficamente para ofrecer piezas de recambio de alta calidad para veh\u00edculos de las marcas del grupo Chrysler, Dodge, Jeep y RAM. El objetivo: ofrecer a los propietarios de veh\u00edculos una alternativa econ\u00f3mica, fiable y de alta calidad a las piezas de recambio originales, sin comprometer la calidad, la precisi\u00f3n de ajuste o la seguridad.<br \/>\nCalidad OEM para el mercado posventa<\/p>\n<p>bproauto ofrece una amplia gama de piezas de recambio que se fabrican y prueban exhaustivamente de acuerdo con las estrictas normas de equipamiento original (normas O.E.). Los productos est\u00e1n dise\u00f1ados para ajustarse exactamente a las especificaciones de los respectivos modelos de veh\u00edculos, tanto en t\u00e9rminos de rendimiento como de ajuste.<\/p>","protected":false},"excerpt":{"rendered":"<p>Disco de freno ventilado<\/p>","protected":false},"featured_media":68329127,"comment_status":"open","ping_status":"closed","template":"","meta":{"_acf_changed":false},"product_brand":[16873],"product_cat":[17713,17718,17722,17726,17730,17708,17706,17700,17742,17746,17750,17754,17770,17774],"product_tag":[18193,18194,18195,18196,18197,18198,17633,87,572,88,52,2071,2072,2074,2073,2075,2077,91,17574,17575,17577,17576,16871,795,796,54,53,48,536,49,3853,3854,692,942,2111,126,798,799,36,55,31,7221],"class_list":{"0":"post-68329124","1":"product","2":"type-product","3":"status-publish","4":"has-post-thumbnail","6":"product_brand-bproauto","7":"product_cat-300c-30-diesel-bremsscheiben-hinten","8":"product_cat-300c-35-bremsscheiben-hinten","9":"product_cat-300c-36-bremsscheiben-hinten","10":"product_cat-300c-57-2005-2010-bremsscheiben-hinten","11":"product_cat-300c-57-2011-2023-bremsscheiben-hinten","12":"product_cat-challenger-35-bremsscheiben-hinten","13":"product_cat-challenger-36-bremsscheiben-hinten","14":"product_cat-challenger-57-bremsscheiben-hinten","15":"product_cat-charger-35-bremsscheiben-hinten","16":"product_cat-charger-36-bremsscheiben-hinten","17":"product_cat-charger-57-bremsscheiben-hinten","18":"product_cat-charger-57-2011-2023-bremsscheiben-hinten","19":"product_cat-magnum-35-bremsscheiben-hinten","20":"product_cat-magnum-57-bremsscheiben-hinten","21":"product_tag-04779209ab","22":"product_tag-04779209ac","23":"product_tag-04779209ad","24":"product_tag-04779209ae","25":"product_tag-04779209af","26":"product_tag-04779209ag","27":"product_tag-1bp00033aa","28":"product_tag-2-7","29":"product_tag-3-0-crd","30":"product_tag-3-5","31":"product_tag-300c","32":"product_tag-4779209ab","33":"product_tag-4779209ac","34":"product_tag-4779209ad","35":"product_tag-4779209ae","36":"product_tag-4779209af","37":"product_tag-4779209ag","38":"product_tag-5-7","39":"product_tag-68241042aa","40":"product_tag-68241042ab","41":"product_tag-68368071aa","42":"product_tag-68368072aa","43":"product_tag-bproauto","44":"product_tag-bremse","45":"product_tag-bremsscheibe","46":"product_tag-challenger","47":"product_tag-charger","48":"product_tag-chrysler","49":"product_tag-chrysler-300c","50":"product_tag-dodge","51":"product_tag-dodge-challenger","52":"product_tag-dodge-charger","53":"product_tag-ersatzteil","54":"product_tag-gelocht","55":"product_tag-genutet","56":"product_tag-hemi","57":"product_tag-hinten","58":"product_tag-hinterachse","59":"product_tag-kraftwerk","60":"product_tag-magnum","61":"product_tag-mopar","62":"product_tag-mopar10","64":"first","65":"instock","66":"taxable","67":"shipping-taxable","68":"purchasable","69":"product-type-simple"},"bundled_by":[],"bundle_stock_status":"instock","bundle_stock_quantity":2,"bundle_virtual":false,"bundle_layout":"","bundle_add_to_cart_form_location":"","bundle_editable_in_cart":false,"bundle_sold_individually_context":"","bundle_item_grouping":"","bundle_min_size":"","bundle_max_size":"","bundle_price":[],"bundled_items":[],"bundle_sell_ids":[],"exclude_global_add_ons":[],"addons":[],"acf":[],"_links":{"self":[{"href":"https:\/\/kraftwerk-shop.cc\/es\/wp-json\/wp\/v2\/product\/68329124","targetHints":{"allow":["GET"]}}],"collection":[{"href":"https:\/\/kraftwerk-shop.cc\/es\/wp-json\/wp\/v2\/product"}],"about":[{"href":"https:\/\/kraftwerk-shop.cc\/es\/wp-json\/wp\/v2\/types\/product"}],"replies":[{"embeddable":true,"href":"https:\/\/kraftwerk-shop.cc\/es\/wp-json\/wp\/v2\/comments?post=68329124"}],"version-history":[{"count":0,"href":"https:\/\/kraftwerk-shop.cc\/es\/wp-json\/wp\/v2\/product\/68329124\/revisions"}],"wp:featuredmedia":[{"embeddable":true,"href":"https:\/\/kraftwerk-shop.cc\/es\/wp-json\/wp\/v2\/media\/68329127"}],"wp:attachment":[{"href":"https:\/\/kraftwerk-shop.cc\/es\/wp-json\/wp\/v2\/media?parent=68329124"}],"wp:term":[{"taxonomy":"product_brand","embeddable":true,"href":"https:\/\/kraftwerk-shop.cc\/es\/wp-json\/wp\/v2\/product_brand?post=68329124"},{"taxonomy":"product_cat","embeddable":true,"href":"https:\/\/kraftwerk-shop.cc\/es\/wp-json\/wp\/v2\/product_cat?post=68329124"},{"taxonomy":"product_tag","embeddable":true,"href":"https:\/\/kraftwerk-shop.cc\/es\/wp-json\/wp\/v2\/product_tag?post=68329124"}],"curies":[{"name":"wp","href":"https:\/\/api.w.org\/{rel}","templated":true}]}}