{"id":68334349,"date":"2025-06-22T15:34:05","date_gmt":"2025-06-22T13:34:05","guid":{"rendered":"https:\/\/kraftwerk-shop.cc\/?post_type=product&#038;p=68334349"},"modified":"2026-02-15T01:21:16","modified_gmt":"2026-02-15T00:21:16","slug":"hawk-pastillas-de-freno-ceramicas-300c-srt8","status":"publish","type":"product","link":"https:\/\/kraftwerk-shop.cc\/es\/produkt\/hawk-ceramic-bremsbelaege-300c-srt8\/","title":{"rendered":"Hawk Performance Pastillas de freno cer\u00e1micas 300C SRT8"},"content":{"rendered":"<h1>Hawk Performance Pastillas de freno cer\u00e1micas de alto rendimiento HB194Z.570 para Chrysler 300C 6.1 SRT8 (eje trasero)<\/h1>\n<p>&nbsp;<\/p>\n<p>Hawk reconoce las necesidades de los usuarios de pastillas de freno cer\u00e1micas de hoy en d\u00eda y ha formulado especialmente su material compuesto para cumplir y superar los requisitos de alto nivel de ruido y bajo nivel de polvo que se ha fijado.<br \/>\nLas pastillas de freno Hawk PC (Performance Ceramic) est\u00e1n dise\u00f1adas para reducir el NVH (Ruido, Vibraci\u00f3n y Dureza) y ofrecer un rendimiento excepcional kil\u00f3metro tras kil\u00f3metro.<br \/>\nEl exclusivo compuesto ofrece un perfil de fricci\u00f3n lineal que permite que el sistema ABS de su 300C funcione con la mayor eficacia posible y tiene la ventaja de no sacrificar el rendimiento en comparaci\u00f3n con las pastillas cer\u00e1micas convencionales.<br \/>\nCon las pastillas de freno cer\u00e1micas Performance de Hawk experimentar\u00e1 un menor desgaste de las pastillas de freno, una mayor vida \u00fatil de los discos de freno y un desarrollo de ruido muy reducido.<\/p>\n<p>El Hawk Performance Ceramic es un gran compuesto si su m\u00e1xima prioridad es minimizar el polvo de freno. Este compuesto es un reemplazo muy popular para los frenos Brembo OEM utilizados en el Chrysler 300C.<br \/>\nSi no desea un mayor rendimiento de frenado en comparaci\u00f3n con el equipamiento de serie y desea eliminar pr\u00e1cticamente el polvo de freno, las pastillas de freno cer\u00e1micas Hawk Performance son perfectas para usted.<\/p>\n<p>&nbsp;<\/p>\n<p><strong>Propiedades:<\/strong><\/p>\n<ul>\n<li>Extremadamente silencioso<\/li>\n<li>Polvo extremadamente bajo<\/li>\n<li>Mayor fuerza de frenado<\/li>\n<li>Cuidado con los discos de freno<\/li>\n<li>Rendimiento de frenado estable<\/li>\n<li>35-345 \u00b0C Temperatura de funcionamiento<\/li>\n<li>35-235 \u00b0C Temperatura \u00f3ptima<\/li>\n<\/ul>\n<p>&nbsp;<\/p>\n<p>N\u00famero OE (s\u00f3lo a efectos comparativos): 5174327AA, 5174327AB, 05174327AA, 05174327AB, 5174327AC<br \/>\nAutorizaci\u00f3n: no<\/p>\n<p>&nbsp;<\/p>\n<p><strong>Adecuado para:<\/strong><\/p>\n<table width=\"568\">\n<tbody>\n<tr>\n<td width=\"83\">Chrysler<\/td>\n<td width=\"138\">300C<\/td>\n<td width=\"98\">6.1<\/td>\n<td width=\"249\">2006-2010<\/td>\n<\/tr>\n<\/tbody>\n<\/table>\n<p>&nbsp;<\/p>\n<p>El precio se refiere a 1 juego para el eje trasero completo.<\/p>","protected":false},"excerpt":{"rendered":"<p>Hawk Performance Hochleistungs-Keramikbremsbel\u00e4ge HB194Z.570 f\u00fcr Chrysler 300C 6.1 SRT8 (Hinterachse) &nbsp; Hawk kennt die Bed\u00fcrfnisse der heutigen Benutzer von Keramikbremsbel\u00e4gen<\/p>","protected":false},"featured_media":68340237,"comment_status":"open","ping_status":"closed","template":"","meta":{"_acf_changed":false},"product_brand":[17621],"product_cat":[17732],"product_tag":[52,217,93,928,949,950,933,2754,2436,7035,6371,590,840,6922,48,6923,1070,7614,6945,798,799,1166,186,96],"class_list":{"0":"post-68334349","1":"product","2":"type-product","3":"status-publish","4":"has-post-thumbnail","6":"product_brand-hawk-performance","7":"product_cat-300c-61-bremsbelaege-hinten","8":"product_tag-300c","9":"product_tag-217","10":"product_tag-6-4","11":"product_tag-68144223aa","12":"product_tag-68144223ab","13":"product_tag-68144223ac","14":"product_tag-68144432aa","15":"product_tag-68399102aa","16":"product_tag-68399102ab","17":"product_tag-68501808ab","18":"product_tag-68526411aa","19":"product_tag-bremsbelaege","20":"product_tag-bremskloetze","21":"product_tag-ceramic","22":"product_tag-chrysler","23":"product_tag-chrysler-300c-srt","24":"product_tag-hawk","25":"product_tag-hawk10","26":"product_tag-hb194z-570","27":"product_tag-hinten","28":"product_tag-hinterachse","29":"product_tag-keramik","30":"product_tag-performance","31":"product_tag-srt","32":"product_shipping_class-deutschlandohne","34":"first","35":"instock","36":"taxable","37":"shipping-taxable","38":"purchasable","39":"product-type-simple"},"bundled_by":[],"bundle_stock_status":"instock","bundle_stock_quantity":1,"bundle_virtual":false,"bundle_layout":"","bundle_add_to_cart_form_location":"","bundle_editable_in_cart":false,"bundle_sold_individually_context":"","bundle_item_grouping":"","bundle_min_size":"","bundle_max_size":"","bundle_price":[],"bundled_items":[],"bundle_sell_ids":[],"exclude_global_add_ons":[],"addons":[],"acf":[],"_links":{"self":[{"href":"https:\/\/kraftwerk-shop.cc\/es\/wp-json\/wp\/v2\/product\/68334349","targetHints":{"allow":["GET"]}}],"collection":[{"href":"https:\/\/kraftwerk-shop.cc\/es\/wp-json\/wp\/v2\/product"}],"about":[{"href":"https:\/\/kraftwerk-shop.cc\/es\/wp-json\/wp\/v2\/types\/product"}],"replies":[{"embeddable":true,"href":"https:\/\/kraftwerk-shop.cc\/es\/wp-json\/wp\/v2\/comments?post=68334349"}],"version-history":[{"count":0,"href":"https:\/\/kraftwerk-shop.cc\/es\/wp-json\/wp\/v2\/product\/68334349\/revisions"}],"wp:featuredmedia":[{"embeddable":true,"href":"https:\/\/kraftwerk-shop.cc\/es\/wp-json\/wp\/v2\/media\/68340237"}],"wp:attachment":[{"href":"https:\/\/kraftwerk-shop.cc\/es\/wp-json\/wp\/v2\/media?parent=68334349"}],"wp:term":[{"taxonomy":"product_brand","embeddable":true,"href":"https:\/\/kraftwerk-shop.cc\/es\/wp-json\/wp\/v2\/product_brand?post=68334349"},{"taxonomy":"product_cat","embeddable":true,"href":"https:\/\/kraftwerk-shop.cc\/es\/wp-json\/wp\/v2\/product_cat?post=68334349"},{"taxonomy":"product_tag","embeddable":true,"href":"https:\/\/kraftwerk-shop.cc\/es\/wp-json\/wp\/v2\/product_tag?post=68334349"}],"curies":[{"name":"wp","href":"https:\/\/api.w.org\/{rel}","templated":true}]}}