{"id":68343076,"date":"2025-07-12T11:12:54","date_gmt":"2025-07-12T09:12:54","guid":{"rendered":"https:\/\/kraftwerk-shop.cc\/?post_type=product&#038;p=68343076"},"modified":"2026-02-15T01:22:09","modified_gmt":"2026-02-15T00:22:09","slug":"placa-antisalpicaduras-mopar-4779794ab","status":"publish","type":"product","link":"https:\/\/kraftwerk-shop.cc\/es\/produkt\/mopar-spritzblech-4779794ab\/","title":{"rendered":"Placa antisalpicaduras Mopar (4779794AB)"},"content":{"rendered":"<h1>Placa protectora delantera derecha original Mopar (4779795AB) para Chrysler 300C, Dodge Challenger y Charger de 2012 a 2023<\/h1>\n<p>&nbsp;<\/p>\n<p><span lang=\"DE\"><strong>N\u00famero de pieza Mopar:<\/strong>\u00a04779794AB<br \/>\n<strong>Reemplazado: <\/strong>4779794AA<\/span><\/p>\n<p>&nbsp;<\/p>\n<p><strong>Adecuado para:<\/strong><\/p>\n<table width=\"956\">\n<tbody>\n<tr>\n<td width=\"81\"><strong>A\u00f1o de construcci\u00f3n<\/strong><\/td>\n<td width=\"81\"><strong>Marca<\/strong><\/td>\n<td width=\"125\"><strong>Modelo<\/strong><\/td>\n<td width=\"338\"><strong>Motor<\/strong><\/td>\n<td width=\"331\"><strong>Freno<\/strong><\/td>\n<\/tr>\n<tr>\n<td width=\"81\">2023<\/td>\n<td width=\"81\">Chrysler<\/td>\n<td width=\"125\">300<\/td>\n<td width=\"338\">3.6L, 5.7L<\/td>\n<td width=\"331\">Discos de freno de 345 mm<\/td>\n<\/tr>\n<tr>\n<td width=\"81\">2023<\/td>\n<td width=\"81\">Dodge<\/td>\n<td width=\"125\">Challenger<\/td>\n<td width=\"338\">3.6L, 5.7L<\/td>\n<td width=\"331\">Discos de freno de 345 mm<\/td>\n<\/tr>\n<tr>\n<td width=\"81\">2023<\/td>\n<td width=\"81\">Dodge<\/td>\n<td width=\"125\">Charger<\/td>\n<td width=\"338\">3.6L, 5.7L<\/td>\n<td width=\"331\">Discos de freno de 345 mm<\/td>\n<\/tr>\n<tr>\n<td width=\"81\">2022<\/td>\n<td width=\"81\">Chrysler<\/td>\n<td width=\"125\">300<\/td>\n<td width=\"338\">3.6L, 5.7L<\/td>\n<td width=\"331\">Discos de freno de 345 mm<\/td>\n<\/tr>\n<tr>\n<td width=\"81\">2022<\/td>\n<td width=\"81\">Dodge<\/td>\n<td width=\"125\">Challenger<\/td>\n<td width=\"338\">3.6L, 5.7L<\/td>\n<td width=\"331\">Discos de freno de 345 mm<\/td>\n<\/tr>\n<tr>\n<td width=\"81\">2022<\/td>\n<td width=\"81\">Dodge<\/td>\n<td width=\"125\">Charger<\/td>\n<td width=\"338\">3.6L, 5.7L<\/td>\n<td width=\"331\">Discos de freno de 345 mm<\/td>\n<\/tr>\n<tr>\n<td width=\"81\">2021<\/td>\n<td width=\"81\">Chrysler<\/td>\n<td width=\"125\">300<\/td>\n<td width=\"338\">3.6L, 5.7L<\/td>\n<td width=\"331\">Discos de freno de 345 mm<\/td>\n<\/tr>\n<tr>\n<td width=\"81\">2021<\/td>\n<td width=\"81\">Dodge<\/td>\n<td width=\"125\">Challenger<\/td>\n<td width=\"338\">3.6L, 5.7L<\/td>\n<td width=\"331\">Discos de freno de 345 mm<\/td>\n<\/tr>\n<tr>\n<td width=\"81\">2021<\/td>\n<td width=\"81\">Dodge<\/td>\n<td width=\"125\">Charger<\/td>\n<td width=\"338\">3.6L, 5.7L<\/td>\n<td width=\"331\">Discos de freno de 345 mm<\/td>\n<\/tr>\n<tr>\n<td width=\"81\">2020<\/td>\n<td width=\"81\">Chrysler<\/td>\n<td width=\"125\">300<\/td>\n<td width=\"338\">3.6L, 5.7L<\/td>\n<td width=\"331\">Discos de freno de 345 mm<\/td>\n<\/tr>\n<tr>\n<td width=\"81\">2020<\/td>\n<td width=\"81\">Dodge<\/td>\n<td width=\"125\">Challenger<\/td>\n<td width=\"338\">3.6L, 5.7L<\/td>\n<td width=\"331\">Discos de freno de 345 mm<\/td>\n<\/tr>\n<tr>\n<td width=\"81\">2020<\/td>\n<td width=\"81\">Dodge<\/td>\n<td width=\"125\">Charger<\/td>\n<td width=\"338\">3.6L, 5.7L<\/td>\n<td width=\"331\">Discos de freno de 345 mm<\/td>\n<\/tr>\n<tr>\n<td width=\"81\">2019<\/td>\n<td width=\"81\">Chrysler<\/td>\n<td width=\"125\">300<\/td>\n<td width=\"338\">3.6L, 5.7L<\/td>\n<td width=\"331\">Discos de freno de 345 mm<\/td>\n<\/tr>\n<tr>\n<td width=\"81\">2019<\/td>\n<td width=\"81\">Dodge<\/td>\n<td width=\"125\">Challenger<\/td>\n<td width=\"338\">3.6L, 5.7L<\/td>\n<td width=\"331\">Discos de freno de 345 mm<\/td>\n<\/tr>\n<tr>\n<td width=\"81\">2019<\/td>\n<td width=\"81\">Dodge<\/td>\n<td width=\"125\">Charger<\/td>\n<td width=\"338\">3.6L, 5.7L<\/td>\n<td width=\"331\">Discos de freno de 345 mm<\/td>\n<\/tr>\n<tr>\n<td width=\"81\">2018<\/td>\n<td width=\"81\">Chrysler<\/td>\n<td width=\"125\">300<\/td>\n<td width=\"338\">3.6L, 5.7L<\/td>\n<td width=\"331\">Discos de freno de 345 mm<\/td>\n<\/tr>\n<tr>\n<td width=\"81\">2018<\/td>\n<td width=\"81\">Dodge<\/td>\n<td width=\"125\">Challenger<\/td>\n<td width=\"338\">3.6L, 5.7L<\/td>\n<td width=\"331\">Discos de freno de 345 mm<\/td>\n<\/tr>\n<tr>\n<td width=\"81\">2018<\/td>\n<td width=\"81\">Dodge<\/td>\n<td width=\"125\">Charger<\/td>\n<td width=\"338\">3.6L, 5.7L<\/td>\n<td width=\"331\">Discos de freno de 345 mm<\/td>\n<\/tr>\n<tr>\n<td width=\"81\">2017<\/td>\n<td width=\"81\">Chrysler<\/td>\n<td width=\"125\">300<\/td>\n<td width=\"338\">3.6L, 5.7L<\/td>\n<td width=\"331\">Discos de freno de 345 mm<\/td>\n<\/tr>\n<tr>\n<td width=\"81\">2017<\/td>\n<td width=\"81\">Dodge<\/td>\n<td width=\"125\">Challenger<\/td>\n<td width=\"338\">3.6L, 5.7L<\/td>\n<td width=\"331\">Discos de freno de 345 mm<\/td>\n<\/tr>\n<tr>\n<td width=\"81\">2017<\/td>\n<td width=\"81\">Dodge<\/td>\n<td width=\"125\">Charger<\/td>\n<td width=\"338\">3.6L, 5.7L<\/td>\n<td width=\"331\">Discos de freno de 345 mm<\/td>\n<\/tr>\n<tr>\n<td width=\"81\">2016<\/td>\n<td width=\"81\">Chrysler<\/td>\n<td width=\"125\">300<\/td>\n<td width=\"338\">3.6L, 5.7L<\/td>\n<td width=\"331\">Discos de freno de 345 mm<\/td>\n<\/tr>\n<tr>\n<td width=\"81\">2016<\/td>\n<td width=\"81\">Dodge<\/td>\n<td width=\"125\">Challenger<\/td>\n<td width=\"338\">3.6L, 5.7L<\/td>\n<td width=\"331\">Discos de freno de 345 mm<\/td>\n<\/tr>\n<tr>\n<td width=\"81\">2016<\/td>\n<td width=\"81\">Dodge<\/td>\n<td width=\"125\">Charger<\/td>\n<td width=\"338\">3.6L, 5.7L<\/td>\n<td width=\"331\">Discos de freno de 345 mm<\/td>\n<\/tr>\n<tr>\n<td width=\"81\">2015<\/td>\n<td width=\"81\">Chrysler<\/td>\n<td width=\"125\">300<\/td>\n<td width=\"338\">3.6L, 5.7L<\/td>\n<td width=\"331\">Discos de freno de 345 mm<\/td>\n<\/tr>\n<tr>\n<td width=\"81\">2015<\/td>\n<td width=\"81\">Dodge<\/td>\n<td width=\"125\">Challenger<\/td>\n<td width=\"338\">3.6L, 5.7L<\/td>\n<td width=\"331\">Discos de freno de 345 mm<\/td>\n<\/tr>\n<tr>\n<td width=\"81\">2015<\/td>\n<td width=\"81\">Dodge<\/td>\n<td width=\"125\">Charger<\/td>\n<td width=\"338\">3.6L, 5.7L<\/td>\n<td width=\"331\">Discos de freno de 345 mm<\/td>\n<\/tr>\n<tr>\n<td width=\"81\">2014<\/td>\n<td width=\"81\">Chrysler<\/td>\n<td width=\"125\">300<\/td>\n<td width=\"338\">3.6L, 5.7L<\/td>\n<td width=\"331\">Discos de freno de 345 mm<\/td>\n<\/tr>\n<tr>\n<td width=\"81\">2014<\/td>\n<td width=\"81\">Dodge<\/td>\n<td width=\"125\">Challenger<\/td>\n<td width=\"338\">3.6L, 5.7L<\/td>\n<td width=\"331\">Discos de freno de 345 mm<\/td>\n<\/tr>\n<tr>\n<td width=\"81\">2014<\/td>\n<td width=\"81\">Dodge<\/td>\n<td width=\"125\">Charger<\/td>\n<td width=\"338\">3.6L, 5.7L<\/td>\n<td width=\"331\">Discos de freno de 345 mm<\/td>\n<\/tr>\n<tr>\n<td width=\"81\">2013<\/td>\n<td width=\"81\">Chrysler<\/td>\n<td width=\"125\">300<\/td>\n<td width=\"338\">3.6L, 5.7L<\/td>\n<td width=\"331\">Discos de freno de 345 mm<\/td>\n<\/tr>\n<tr>\n<td width=\"81\">2013<\/td>\n<td width=\"81\">Dodge<\/td>\n<td width=\"125\">Challenger<\/td>\n<td width=\"338\">3.6L, 5.7L<\/td>\n<td width=\"331\">Discos de freno de 345 mm<\/td>\n<\/tr>\n<tr>\n<td width=\"81\">2013<\/td>\n<td width=\"81\">Dodge<\/td>\n<td width=\"125\">Charger<\/td>\n<td width=\"338\">3.6L, 5.7L<\/td>\n<td width=\"331\">Discos de freno de 345 mm<\/td>\n<\/tr>\n<tr>\n<td width=\"81\">2012<\/td>\n<td width=\"81\">Chrysler<\/td>\n<td width=\"125\">300<\/td>\n<td width=\"338\">3.6L, 5.7L<\/td>\n<td width=\"331\">Discos de freno de 345 mm<\/td>\n<\/tr>\n<tr>\n<td width=\"81\">2012<\/td>\n<td width=\"81\">Dodge<\/td>\n<td width=\"125\">Challenger<\/td>\n<td width=\"338\">3.6L, 5.7L<\/td>\n<td width=\"331\">Discos de freno de 345 mm<\/td>\n<\/tr>\n<tr>\n<td width=\"81\">2012<\/td>\n<td width=\"81\">Dodge<\/td>\n<td width=\"125\">Charger<\/td>\n<td width=\"338\">3.6L, 5.7L<\/td>\n<td width=\"331\">Discos de freno de 345 mm<\/td>\n<\/tr>\n<\/tbody>\n<\/table>\n<p>&nbsp;<\/p>\n<p>&nbsp;<\/p>\n<h4>Recambios originales Mopar: calidad directa del fabricante<\/h4>\n<p><strong>Precisi\u00f3n conforme al fabricante:<\/strong> Como fabricante de piezas originales, Mopar proporciona componentes que se corresponden exactamente con las especificaciones de su veh\u00edculo. La fabricaci\u00f3n precisa garantiza una instalaci\u00f3n sin problemas y el cumplimiento de todos los requisitos relacionados con la seguridad.<\/p>\n<p><strong>Duradera y fiable:<\/strong> Las piezas originales Mopar se fabrican con materiales de alta calidad y se someten a estrictas pruebas de calidad. Est\u00e1n dise\u00f1adas para una larga vida \u00fatil y ofrecen un rendimiento constante incluso con un uso intensivo.<\/p>\n<p>&nbsp;<\/p>","protected":false},"excerpt":{"rendered":"<p>Pieza original Mopar<\/p>\n<p>Delantero derecho<\/p>\n<p>Adecuado para discos de freno de 345 mm<\/p>","protected":false},"featured_media":68343652,"comment_status":"open","ping_status":"closed","template":"","meta":{"_acf_changed":false},"product_brand":[16270],"product_cat":[17807,17809,17817,17813,17819,17821],"product_tag":[18830,18829,17890,17889,17880,17881,17882,31,8813,9424,16271,16273,16275,16272,16274,7221,17879],"class_list":{"0":"post-68343076","1":"product","2":"type-product","3":"status-publish","4":"has-post-thumbnail","6":"product_brand-mopar","7":"product_cat-300c-36-bremsenteile-zubehoer","8":"product_cat-300c-57-2011-2023-bremsenteile-zubehoer","9":"product_cat-challenger-36-bremsenteile-zubehoer","10":"product_cat-challenger-57-bremsenteile-zubehoer","11":"product_cat-charger-36-bremsenteile-zubehoer","12":"product_cat-charger-57-2011-2023-bremsenteile-zubehoer","13":"product_tag-04779794aa","14":"product_tag-04779794ab","15":"product_tag-4779794aa","16":"product_tag-4779794ab","17":"product_tag-ankerblech","18":"product_tag-bremsschutzblech","19":"product_tag-bremsstaubblech","20":"product_tag-mopar","21":"product_tag-mopar-autoteile","22":"product_tag-mopar-ersatzteile","23":"product_tag-mopar-ersatzteile-kaufen","24":"product_tag-mopar-performance-teile","25":"product_tag-mopar-teile-katalog","26":"product_tag-mopar-teile-online","27":"product_tag-mopar-tuningteile","28":"product_tag-mopar10","29":"product_tag-spritzblech","30":"product_shipping_class-deutschlandohne","32":"first","33":"instock","34":"taxable","35":"shipping-taxable","36":"purchasable","37":"product-type-simple"},"bundled_by":[],"bundle_stock_status":"instock","bundle_stock_quantity":3,"bundle_virtual":false,"bundle_layout":"","bundle_add_to_cart_form_location":"","bundle_editable_in_cart":false,"bundle_sold_individually_context":"","bundle_item_grouping":"","bundle_min_size":"","bundle_max_size":"","bundle_price":[],"bundled_items":[],"bundle_sell_ids":[],"exclude_global_add_ons":[],"addons":[],"acf":[],"_links":{"self":[{"href":"https:\/\/kraftwerk-shop.cc\/es\/wp-json\/wp\/v2\/product\/68343076","targetHints":{"allow":["GET"]}}],"collection":[{"href":"https:\/\/kraftwerk-shop.cc\/es\/wp-json\/wp\/v2\/product"}],"about":[{"href":"https:\/\/kraftwerk-shop.cc\/es\/wp-json\/wp\/v2\/types\/product"}],"replies":[{"embeddable":true,"href":"https:\/\/kraftwerk-shop.cc\/es\/wp-json\/wp\/v2\/comments?post=68343076"}],"version-history":[{"count":0,"href":"https:\/\/kraftwerk-shop.cc\/es\/wp-json\/wp\/v2\/product\/68343076\/revisions"}],"wp:featuredmedia":[{"embeddable":true,"href":"https:\/\/kraftwerk-shop.cc\/es\/wp-json\/wp\/v2\/media\/68343652"}],"wp:attachment":[{"href":"https:\/\/kraftwerk-shop.cc\/es\/wp-json\/wp\/v2\/media?parent=68343076"}],"wp:term":[{"taxonomy":"product_brand","embeddable":true,"href":"https:\/\/kraftwerk-shop.cc\/es\/wp-json\/wp\/v2\/product_brand?post=68343076"},{"taxonomy":"product_cat","embeddable":true,"href":"https:\/\/kraftwerk-shop.cc\/es\/wp-json\/wp\/v2\/product_cat?post=68343076"},{"taxonomy":"product_tag","embeddable":true,"href":"https:\/\/kraftwerk-shop.cc\/es\/wp-json\/wp\/v2\/product_tag?post=68343076"}],"curies":[{"name":"wp","href":"https:\/\/api.w.org\/{rel}","templated":true}]}}