{"id":68343117,"date":"2025-07-12T12:43:11","date_gmt":"2025-07-12T10:43:11","guid":{"rendered":"https:\/\/kraftwerk-shop.cc\/?post_type=product&#038;p=68343117"},"modified":"2026-02-15T01:22:17","modified_gmt":"2026-02-15T00:22:17","slug":"tornillo-de-purga-de-frenos-mopar-5137667ab","status":"publish","type":"product","link":"https:\/\/kraftwerk-shop.cc\/es\/produkt\/mopar-entluefterschraube-bremse-5137667ab\/","title":{"rendered":"Tornillo de purga de frenos Mopar (5137667AB)"},"content":{"rendered":"<h1>Tornillo de purga de frenos original Mopar (<span class=\"list-value sku-display\">5137667AB<\/span>), frontal<\/h1>\n<p>&nbsp;<\/p>\n<p><span lang=\"DE\"><strong>N\u00famero de pieza Mopar:<\/strong>\u00a0<span class=\"list-value sku-display\">5137667AB<\/span><br \/>\n<strong>Reemplazado: <\/strong>5137667AA<\/span><\/p>\n<p>&nbsp;<\/p>\n<p><strong>Adecuado para:<\/strong><\/p>\n<table width=\"944\">\n<tbody>\n<tr>\n<td width=\"81\"><strong>A\u00f1o de construcci\u00f3n<\/strong><\/td>\n<td width=\"81\"><strong>Marca<\/strong><\/td>\n<td width=\"125\"><strong>Modelo<\/strong><\/td>\n<td width=\"326\"><strong>Motor<\/strong><\/td>\n<td width=\"331\"><strong>Freno<\/strong><\/td>\n<\/tr>\n<tr>\n<td width=\"81\">2023<\/td>\n<td width=\"81\">Chrysler<\/td>\n<td width=\"125\">300<\/td>\n<td width=\"326\">3.6L, 5.7L<\/td>\n<td width=\"331\">Discos de freno de 345 mm<\/td>\n<\/tr>\n<tr>\n<td width=\"81\">2023<\/td>\n<td width=\"81\">Dodge<\/td>\n<td width=\"125\">Challenger<\/td>\n<td width=\"326\">3.6L, 5.7L<\/td>\n<td width=\"331\">Discos de freno de 345 mm<\/td>\n<\/tr>\n<tr>\n<td width=\"81\">2023<\/td>\n<td width=\"81\">Dodge<\/td>\n<td width=\"125\">Charger<\/td>\n<td width=\"326\">3.6L, 5.7L<\/td>\n<td width=\"331\">Discos de freno de 345 mm<\/td>\n<\/tr>\n<tr>\n<td width=\"81\">2022<\/td>\n<td width=\"81\">Chrysler<\/td>\n<td width=\"125\">300<\/td>\n<td width=\"326\">3.6L, 5.7L<\/td>\n<td width=\"331\">Discos de freno de 345 mm<\/td>\n<\/tr>\n<tr>\n<td width=\"81\">2022<\/td>\n<td width=\"81\">Dodge<\/td>\n<td width=\"125\">Challenger<\/td>\n<td width=\"326\">3.6L, 5.7L<\/td>\n<td width=\"331\">Discos de freno de 345 mm<\/td>\n<\/tr>\n<tr>\n<td width=\"81\">2022<\/td>\n<td width=\"81\">Dodge<\/td>\n<td width=\"125\">Charger<\/td>\n<td width=\"326\">3.6L, 5.7L<\/td>\n<td width=\"331\">Discos de freno de 345 mm<\/td>\n<\/tr>\n<tr>\n<td width=\"81\">2021<\/td>\n<td width=\"81\">Chrysler<\/td>\n<td width=\"125\">300<\/td>\n<td width=\"326\">3.6L, 5.7L<\/td>\n<td width=\"331\">Discos de freno de 345 mm<\/td>\n<\/tr>\n<tr>\n<td width=\"81\">2021<\/td>\n<td width=\"81\">Dodge<\/td>\n<td width=\"125\">Challenger<\/td>\n<td width=\"326\">3.6L, 5.7L<\/td>\n<td width=\"331\">Discos de freno de 345 mm<\/td>\n<\/tr>\n<tr>\n<td width=\"81\">2021<\/td>\n<td width=\"81\">Dodge<\/td>\n<td width=\"125\">Charger<\/td>\n<td width=\"326\">3.6L, 5.7L<\/td>\n<td width=\"331\">Discos de freno de 345 mm<\/td>\n<\/tr>\n<tr>\n<td width=\"81\">2020<\/td>\n<td width=\"81\">Chrysler<\/td>\n<td width=\"125\">300<\/td>\n<td width=\"326\">3.6L, 5.7L<\/td>\n<td width=\"331\">Discos de freno de 345 mm<\/td>\n<\/tr>\n<tr>\n<td width=\"81\">2020<\/td>\n<td width=\"81\">Dodge<\/td>\n<td width=\"125\">Challenger<\/td>\n<td width=\"326\">3.6L, 5.7L<\/td>\n<td width=\"331\">Discos de freno de 345 mm<\/td>\n<\/tr>\n<tr>\n<td width=\"81\">2020<\/td>\n<td width=\"81\">Dodge<\/td>\n<td width=\"125\">Charger<\/td>\n<td width=\"326\">3.6L, 5.7L<\/td>\n<td width=\"331\">Discos de freno de 345 mm<\/td>\n<\/tr>\n<tr>\n<td width=\"81\">2019<\/td>\n<td width=\"81\">Chrysler<\/td>\n<td width=\"125\">300<\/td>\n<td width=\"326\">3.6L, 5.7L<\/td>\n<td width=\"331\">Discos de freno de 345 mm<\/td>\n<\/tr>\n<tr>\n<td width=\"81\">2019<\/td>\n<td width=\"81\">Dodge<\/td>\n<td width=\"125\">Challenger<\/td>\n<td width=\"326\">3.6L, 5.7L<\/td>\n<td width=\"331\">Discos de freno de 345 mm<\/td>\n<\/tr>\n<tr>\n<td width=\"81\">2019<\/td>\n<td width=\"81\">Dodge<\/td>\n<td width=\"125\">Charger<\/td>\n<td width=\"326\">3.6L, 5.7L<\/td>\n<td width=\"331\">Discos de freno de 345 mm<\/td>\n<\/tr>\n<tr>\n<td width=\"81\">2018<\/td>\n<td width=\"81\">Chrysler<\/td>\n<td width=\"125\">300<\/td>\n<td width=\"326\">3.6L, 5.7L<\/td>\n<td width=\"331\">Discos de freno de 345 mm<\/td>\n<\/tr>\n<tr>\n<td width=\"81\">2018<\/td>\n<td width=\"81\">Dodge<\/td>\n<td width=\"125\">Challenger<\/td>\n<td width=\"326\">3.6L, 5.7L<\/td>\n<td width=\"331\">Discos de freno de 345 mm<\/td>\n<\/tr>\n<tr>\n<td width=\"81\">2018<\/td>\n<td width=\"81\">Dodge<\/td>\n<td width=\"125\">Charger<\/td>\n<td width=\"326\">3.6L, 5.7L<\/td>\n<td width=\"331\">Discos de freno de 345 mm<\/td>\n<\/tr>\n<tr>\n<td width=\"81\">2017<\/td>\n<td width=\"81\">Chrysler<\/td>\n<td width=\"125\">300<\/td>\n<td width=\"326\">3.6L, 5.7L<\/td>\n<td width=\"331\">Discos de freno de 345 mm<\/td>\n<\/tr>\n<tr>\n<td width=\"81\">2017<\/td>\n<td width=\"81\">Dodge<\/td>\n<td width=\"125\">Challenger<\/td>\n<td width=\"326\">3.6L, 5.7L<\/td>\n<td width=\"331\">Discos de freno de 345 mm<\/td>\n<\/tr>\n<tr>\n<td width=\"81\">2017<\/td>\n<td width=\"81\">Dodge<\/td>\n<td width=\"125\">Charger<\/td>\n<td width=\"326\">3.6L, 5.7L<\/td>\n<td width=\"331\">Discos de freno de 345 mm<\/td>\n<\/tr>\n<tr>\n<td width=\"81\">2016<\/td>\n<td width=\"81\">Chrysler<\/td>\n<td width=\"125\">300<\/td>\n<td width=\"326\">3.6L, 5.7L<\/td>\n<td width=\"331\">Discos de freno de 345 mm<\/td>\n<\/tr>\n<tr>\n<td width=\"81\">2016<\/td>\n<td width=\"81\">Dodge<\/td>\n<td width=\"125\">Challenger<\/td>\n<td width=\"326\">3.6L, 5.7L<\/td>\n<td width=\"331\">Discos de freno de 345 mm<\/td>\n<\/tr>\n<tr>\n<td width=\"81\">2016<\/td>\n<td width=\"81\">Dodge<\/td>\n<td width=\"125\">Charger<\/td>\n<td width=\"326\">3.6L, 5.7L<\/td>\n<td width=\"331\">Discos de freno de 345 mm<\/td>\n<\/tr>\n<tr>\n<td width=\"81\">2015<\/td>\n<td width=\"81\">Chrysler<\/td>\n<td width=\"125\">300<\/td>\n<td width=\"326\">3.6L, 5.7L<\/td>\n<td width=\"331\">Discos de freno de 345 mm<\/td>\n<\/tr>\n<tr>\n<td width=\"81\">2015<\/td>\n<td width=\"81\">Dodge<\/td>\n<td width=\"125\">Challenger<\/td>\n<td width=\"326\">3.6L, 5.7L<\/td>\n<td width=\"331\">Discos de freno de 345 mm<\/td>\n<\/tr>\n<tr>\n<td width=\"81\">2015<\/td>\n<td width=\"81\">Dodge<\/td>\n<td width=\"125\">Charger<\/td>\n<td width=\"326\">3.6L, 5.7L<\/td>\n<td width=\"331\">Discos de freno de 345 mm<\/td>\n<\/tr>\n<tr>\n<td width=\"81\">2014<\/td>\n<td width=\"81\">Chrysler<\/td>\n<td width=\"125\">300<\/td>\n<td width=\"326\">3.6L, 5.7L<\/td>\n<td width=\"331\">Discos de freno de 345 mm<\/td>\n<\/tr>\n<tr>\n<td width=\"81\">2014<\/td>\n<td width=\"81\">Dodge<\/td>\n<td width=\"125\">Challenger<\/td>\n<td width=\"326\">3.6L, 5.7L<\/td>\n<td width=\"331\">Discos de freno de 345 mm<\/td>\n<\/tr>\n<tr>\n<td width=\"81\">2014<\/td>\n<td width=\"81\">Dodge<\/td>\n<td width=\"125\">Charger<\/td>\n<td width=\"326\">3.6L, 5.7L<\/td>\n<td width=\"331\">Discos de freno de 345 mm<\/td>\n<\/tr>\n<tr>\n<td width=\"81\">2013<\/td>\n<td width=\"81\">Chrysler<\/td>\n<td width=\"125\">300<\/td>\n<td width=\"326\">3.6L, 5.7L<\/td>\n<td width=\"331\">Discos de freno de 345 mm<\/td>\n<\/tr>\n<tr>\n<td width=\"81\">2013<\/td>\n<td width=\"81\">Dodge<\/td>\n<td width=\"125\">Challenger<\/td>\n<td width=\"326\">3.6L, 5.7L<\/td>\n<td width=\"331\">Discos de freno de 345 mm<\/td>\n<\/tr>\n<tr>\n<td width=\"81\">2013<\/td>\n<td width=\"81\">Dodge<\/td>\n<td width=\"125\">Charger<\/td>\n<td width=\"326\">3.6L, 5.7L<\/td>\n<td width=\"331\">Discos de freno de 345 mm<\/td>\n<\/tr>\n<tr>\n<td width=\"81\">2012<\/td>\n<td width=\"81\">Chrysler<\/td>\n<td width=\"125\">300<\/td>\n<td width=\"326\">3.6L, 5.7L<\/td>\n<td width=\"331\">Discos de freno de 345 mm<\/td>\n<\/tr>\n<tr>\n<td width=\"81\">2012<\/td>\n<td width=\"81\">Dodge<\/td>\n<td width=\"125\">Challenger<\/td>\n<td width=\"326\">3.6L, 5.7L<\/td>\n<td width=\"331\">Discos de freno de 345 mm<\/td>\n<\/tr>\n<tr>\n<td width=\"81\">2012<\/td>\n<td width=\"81\">Dodge<\/td>\n<td width=\"125\">Charger<\/td>\n<td width=\"326\">3.6L, 5.7L<\/td>\n<td width=\"331\">Discos de freno de 345 mm<\/td>\n<\/tr>\n<tr>\n<td width=\"81\">2011<\/td>\n<td width=\"81\">Chrysler<\/td>\n<td width=\"125\">300<\/td>\n<td width=\"326\">3.6L, 5.7L<\/td>\n<td width=\"331\">Discos de freno de 345 mm<\/td>\n<\/tr>\n<tr>\n<td width=\"81\">2011<\/td>\n<td width=\"81\">Dodge<\/td>\n<td width=\"125\">Challenger<\/td>\n<td width=\"326\">3.6L, 5.7L<\/td>\n<td width=\"331\">Discos de freno de 345 mm<\/td>\n<\/tr>\n<tr>\n<td width=\"81\">2011<\/td>\n<td width=\"81\">Dodge<\/td>\n<td width=\"125\">Charger<\/td>\n<td width=\"326\">3.6L, 5.7L<\/td>\n<td width=\"331\">Discos de freno de 345 mm<\/td>\n<\/tr>\n<tr>\n<td width=\"81\">2010<\/td>\n<td width=\"81\">Chrysler<\/td>\n<td width=\"125\">300<\/td>\n<td width=\"326\">2.7L, 3.5L, 5.7L<\/td>\n<td width=\"331\">Discos de freno de 345 mm<\/td>\n<\/tr>\n<tr>\n<td width=\"81\">2010<\/td>\n<td width=\"81\">Dodge<\/td>\n<td width=\"125\">Challenger<\/td>\n<td width=\"326\">3.5L, 5.7L<\/td>\n<td width=\"331\">Discos de freno de 345 mm<\/td>\n<\/tr>\n<tr>\n<td width=\"81\">2010<\/td>\n<td width=\"81\">Dodge<\/td>\n<td width=\"125\">Charger<\/td>\n<td width=\"326\">2.7L, 3.5L, 5.7L<\/td>\n<td width=\"331\">Discos de freno de 345 mm<\/td>\n<\/tr>\n<tr>\n<td width=\"81\">2009<\/td>\n<td width=\"81\">Chrysler<\/td>\n<td width=\"125\">300<\/td>\n<td width=\"326\">3.5L, 5.7L<\/td>\n<td width=\"331\">Discos de freno de 345 mm<\/td>\n<\/tr>\n<tr>\n<td width=\"81\">2009<\/td>\n<td width=\"81\">Dodge<\/td>\n<td width=\"125\">Challenger<\/td>\n<td width=\"326\">3.5L, 5.7L<\/td>\n<td width=\"331\">Discos de freno de 345 mm<\/td>\n<\/tr>\n<tr>\n<td width=\"81\">2009<\/td>\n<td width=\"81\">Dodge<\/td>\n<td width=\"125\">Charger<\/td>\n<td width=\"326\">2.7L, 3.5L, 5.7L<\/td>\n<td width=\"331\">Discos de freno de 345 mm<\/td>\n<\/tr>\n<tr>\n<td width=\"81\">2008<\/td>\n<td width=\"81\">Chrysler<\/td>\n<td width=\"125\">300<\/td>\n<td width=\"326\">2.7L, 3.5L, 5.7L<\/td>\n<td width=\"331\">Discos de freno de 345 mm<\/td>\n<\/tr>\n<tr>\n<td width=\"81\">2008<\/td>\n<td width=\"81\">Dodge<\/td>\n<td width=\"125\">Charger<\/td>\n<td width=\"326\">2.7L, 3.5L, 5.7L<\/td>\n<td width=\"331\">Discos de freno de 345 mm<\/td>\n<\/tr>\n<tr>\n<td width=\"81\">2008<\/td>\n<td width=\"81\">Dodge<\/td>\n<td width=\"125\">Magnum<\/td>\n<td width=\"326\">2.7L, 3.5L, 5.7L<\/td>\n<td width=\"331\">Discos de freno de 345 mm<\/td>\n<\/tr>\n<tr>\n<td width=\"81\">2007<\/td>\n<td width=\"81\">Chrysler<\/td>\n<td width=\"125\">300<\/td>\n<td width=\"326\">2.7L, 3.5L, 5.7L<\/td>\n<td width=\"331\">Discos de freno de 345 mm<\/td>\n<\/tr>\n<tr>\n<td width=\"81\">2007<\/td>\n<td width=\"81\">Dodge<\/td>\n<td width=\"125\">Charger<\/td>\n<td width=\"326\">2.7L, 3.5L, 5.7L<\/td>\n<td width=\"331\">Discos de freno de 345 mm<\/td>\n<\/tr>\n<tr>\n<td width=\"81\">2007<\/td>\n<td width=\"81\">Dodge<\/td>\n<td width=\"125\">Magnum<\/td>\n<td width=\"326\">2.7L, 3.5L, 5.7L<\/td>\n<td width=\"331\">Discos de freno de 345 mm<\/td>\n<\/tr>\n<tr>\n<td width=\"81\">2006<\/td>\n<td width=\"81\">Chrysler<\/td>\n<td width=\"125\">300<\/td>\n<td width=\"326\">2.7L, 3.5L, 5.7L<\/td>\n<td width=\"331\">Discos de freno de 345 mm<\/td>\n<\/tr>\n<tr>\n<td width=\"81\">2006<\/td>\n<td width=\"81\">Dodge<\/td>\n<td width=\"125\">Charger<\/td>\n<td width=\"326\">3.5L, 5.7L<\/td>\n<td width=\"331\">Discos de freno de 345 mm<\/td>\n<\/tr>\n<tr>\n<td width=\"81\">2006<\/td>\n<td width=\"81\">Dodge<\/td>\n<td width=\"125\">Magnum<\/td>\n<td width=\"326\">2.7L, 3.5L, 5.7L<\/td>\n<td width=\"331\">Discos de freno de 345 mm<\/td>\n<\/tr>\n<tr>\n<td width=\"81\">2005<\/td>\n<td width=\"81\">Chrysler<\/td>\n<td width=\"125\">300<\/td>\n<td width=\"326\">2.7L, 3.5L, 5.7L<\/td>\n<td width=\"331\">Discos de freno de 345 mm<\/td>\n<\/tr>\n<tr>\n<td width=\"81\">2005<\/td>\n<td width=\"81\">Dodge<\/td>\n<td width=\"125\">Magnum<\/td>\n<td width=\"326\">2.7L, 3.5L, 5.7L<\/td>\n<td width=\"331\">Discos de freno de 345 mm<\/td>\n<\/tr>\n<\/tbody>\n<\/table>\n<p>&nbsp;<\/p>\n<p>&nbsp;<\/p>\n<h4>Recambios originales Mopar: calidad directa del fabricante<\/h4>\n<p><strong>Precisi\u00f3n conforme al fabricante:<\/strong> Como fabricante de piezas originales, Mopar proporciona componentes que se corresponden exactamente con las especificaciones de su veh\u00edculo. La fabricaci\u00f3n precisa garantiza una instalaci\u00f3n sin problemas y el cumplimiento de todos los requisitos relacionados con la seguridad.<\/p>\n<p><strong>Duradera y fiable:<\/strong> Las piezas originales Mopar se fabrican con materiales de alta calidad y se someten a estrictas pruebas de calidad. Est\u00e1n dise\u00f1adas para una larga vida \u00fatil y ofrecen un rendimiento constante incluso con un uso intensivo.<\/p>\n<p>&nbsp;<\/p>","protected":false},"excerpt":{"rendered":"<p>Pieza original Mopar<\/p>\n<p>Adecuado para discos de freno de 345 mm<\/p>","protected":false},"featured_media":68343674,"comment_status":"open","ping_status":"closed","template":"","meta":{"_acf_changed":false},"product_brand":[16270],"product_cat":[17805,10262,17806,17807,17808,17809,17812,17817,17813,17818,17819,17820,17821,17831,17832],"product_tag":[18862,18861,17904,17905,795,17797,31,8813,9424,16271,16273,16275,16272,16274,7221],"class_list":{"0":"post-68343117","1":"product","2":"type-product","3":"status-publish","4":"has-post-thumbnail","6":"product_brand-mopar","7":"product_cat-300c-30-diesel-bremsenteile-zubehoer","8":"product_cat-alle-produkte","9":"product_cat-300c-35-bremsenteile-zubehoer","10":"product_cat-300c-36-bremsenteile-zubehoer","11":"product_cat-300c-57-2005-2010-bremsenteile-zubehoer","12":"product_cat-300c-57-2011-2023-bremsenteile-zubehoer","13":"product_cat-challenger-35-bremsenteile-zubehoer","14":"product_cat-challenger-36-bremsenteile-zubehoer","15":"product_cat-challenger-57-bremsenteile-zubehoer","16":"product_cat-charger-35-bremsenteile-zubehoer","17":"product_cat-charger-36-bremsenteile-zubehoer","18":"product_cat-charger-57-2005-2010-bremsenteile-zubehoer","19":"product_cat-charger-57-2011-2023-bremsenteile-zubehoer","20":"product_cat-magnum-35-bremsenteile-zubehoer","21":"product_cat-magnum-57-bremsenteile-zubehoer","22":"product_tag-05137667aa","23":"product_tag-05137667ab","24":"product_tag-5137667aa","25":"product_tag-5137667ab","26":"product_tag-bremse","27":"product_tag-entluefterschraube","28":"product_tag-mopar","29":"product_tag-mopar-autoteile","30":"product_tag-mopar-ersatzteile","31":"product_tag-mopar-ersatzteile-kaufen","32":"product_tag-mopar-performance-teile","33":"product_tag-mopar-teile-katalog","34":"product_tag-mopar-teile-online","35":"product_tag-mopar-tuningteile","36":"product_tag-mopar10","38":"first","39":"instock","40":"taxable","41":"shipping-taxable","42":"purchasable","43":"product-type-simple"},"bundled_by":[],"bundle_stock_status":"instock","bundle_stock_quantity":10,"bundle_virtual":false,"bundle_layout":"","bundle_add_to_cart_form_location":"","bundle_editable_in_cart":false,"bundle_sold_individually_context":"","bundle_item_grouping":"","bundle_min_size":"","bundle_max_size":"","bundle_price":[],"bundled_items":[],"bundle_sell_ids":[],"exclude_global_add_ons":[],"addons":[],"acf":[],"_links":{"self":[{"href":"https:\/\/kraftwerk-shop.cc\/es\/wp-json\/wp\/v2\/product\/68343117","targetHints":{"allow":["GET"]}}],"collection":[{"href":"https:\/\/kraftwerk-shop.cc\/es\/wp-json\/wp\/v2\/product"}],"about":[{"href":"https:\/\/kraftwerk-shop.cc\/es\/wp-json\/wp\/v2\/types\/product"}],"replies":[{"embeddable":true,"href":"https:\/\/kraftwerk-shop.cc\/es\/wp-json\/wp\/v2\/comments?post=68343117"}],"version-history":[{"count":0,"href":"https:\/\/kraftwerk-shop.cc\/es\/wp-json\/wp\/v2\/product\/68343117\/revisions"}],"wp:featuredmedia":[{"embeddable":true,"href":"https:\/\/kraftwerk-shop.cc\/es\/wp-json\/wp\/v2\/media\/68343674"}],"wp:attachment":[{"href":"https:\/\/kraftwerk-shop.cc\/es\/wp-json\/wp\/v2\/media?parent=68343117"}],"wp:term":[{"taxonomy":"product_brand","embeddable":true,"href":"https:\/\/kraftwerk-shop.cc\/es\/wp-json\/wp\/v2\/product_brand?post=68343117"},{"taxonomy":"product_cat","embeddable":true,"href":"https:\/\/kraftwerk-shop.cc\/es\/wp-json\/wp\/v2\/product_cat?post=68343117"},{"taxonomy":"product_tag","embeddable":true,"href":"https:\/\/kraftwerk-shop.cc\/es\/wp-json\/wp\/v2\/product_tag?post=68343117"}],"curies":[{"name":"wp","href":"https:\/\/api.w.org\/{rel}","templated":true}]}}