{"id":68343123,"date":"2025-07-12T12:47:42","date_gmt":"2025-07-12T10:47:42","guid":{"rendered":"https:\/\/kraftwerk-shop.cc\/?post_type=product&#038;p=68343123"},"modified":"2026-02-15T01:22:09","modified_gmt":"2026-02-15T00:22:09","slug":"placa-antisalpicaduras-mopar-5170482aa","status":"publish","type":"product","link":"https:\/\/kraftwerk-shop.cc\/es\/produkt\/mopar-spritzblech-5170482aa\/","title":{"rendered":"Placa antisalpicaduras Mopar (5170482AA)"},"content":{"rendered":"<h1>Placa antisalpicaduras original Mopar trasera izquierda (<span class=\"list-value sku-display\">5170482AA<\/span>) para Chrysler 300C, Dodge Challenger, Charger y Magnum de 2008 a 2023<\/h1>\n<p>&nbsp;<\/p>\n<p><span lang=\"DE\"><strong>N\u00famero de pieza Mopar:<\/strong>\u00a0<span class=\"list-value sku-display\">5170482AA<\/span><br \/>\n<strong>Reemplazado: <\/strong><span class=\"list-value\">\u2014<\/span><\/span><\/p>\n<p>&nbsp;<\/p>\n<p><strong>Adecuado para:<\/strong><\/p>\n<table width=\"1034\">\n<tbody>\n<tr>\n<td width=\"81\"><strong>A\u00f1o de construcci\u00f3n<\/strong><\/td>\n<td width=\"81\"><strong>Marca<\/strong><\/td>\n<td width=\"125\"><strong>Modelo<\/strong><\/td>\n<td width=\"416\"><strong>Motor<\/strong><\/td>\n<td width=\"331\"><strong>Freno<\/strong><\/td>\n<\/tr>\n<tr>\n<td width=\"81\">2023<\/td>\n<td width=\"81\">Chrysler<\/td>\n<td width=\"125\">300<\/td>\n<td width=\"416\">6.4L<\/td>\n<td>Discos de freno de 350 mm<\/td>\n<\/tr>\n<tr>\n<td width=\"81\">2023<\/td>\n<td width=\"81\">Dodge<\/td>\n<td width=\"125\">Challenger<\/td>\n<td width=\"416\">6.2L, 6.4L<\/td>\n<td>Discos de freno de 350 mm<\/td>\n<\/tr>\n<tr>\n<td width=\"81\">2023<\/td>\n<td width=\"81\">Dodge<\/td>\n<td width=\"125\">Charger<\/td>\n<td width=\"416\">6.2L, 6.4L<\/td>\n<td>Discos de freno de 350 mm<\/td>\n<\/tr>\n<tr>\n<td width=\"81\">2022<\/td>\n<td width=\"81\">Dodge<\/td>\n<td width=\"125\">Challenger<\/td>\n<td width=\"416\">6.2L, 6.4L<\/td>\n<td>Discos de freno de 350 mm<\/td>\n<\/tr>\n<tr>\n<td width=\"81\">2022<\/td>\n<td width=\"81\">Dodge<\/td>\n<td width=\"125\">Charger<\/td>\n<td width=\"416\">6.2L, 6.4L<\/td>\n<td>Discos de freno de 350 mm<\/td>\n<\/tr>\n<tr>\n<td width=\"81\">2021<\/td>\n<td width=\"81\">Dodge<\/td>\n<td width=\"125\">Challenger<\/td>\n<td width=\"416\">6.2L, 6.4L<\/td>\n<td>Discos de freno de 350 mm<\/td>\n<\/tr>\n<tr>\n<td width=\"81\">2021<\/td>\n<td width=\"81\">Dodge<\/td>\n<td width=\"125\">Charger<\/td>\n<td width=\"416\">6.2L, 6.4L<\/td>\n<td>Discos de freno de 350 mm<\/td>\n<\/tr>\n<tr>\n<td width=\"81\">2020<\/td>\n<td width=\"81\">Dodge<\/td>\n<td width=\"125\">Challenger<\/td>\n<td width=\"416\">6.2L, 6.4L<\/td>\n<td>Discos de freno de 350 mm<\/td>\n<\/tr>\n<tr>\n<td width=\"81\">2020<\/td>\n<td width=\"81\">Dodge<\/td>\n<td width=\"125\">Charger<\/td>\n<td width=\"416\">6.2L, 6.4L<\/td>\n<td>Discos de freno de 350 mm<\/td>\n<\/tr>\n<tr>\n<td width=\"81\">2019<\/td>\n<td width=\"81\">Dodge<\/td>\n<td width=\"125\">Challenger<\/td>\n<td width=\"416\">6.2L, 6.4L<\/td>\n<td>Discos de freno de 350 mm<\/td>\n<\/tr>\n<tr>\n<td width=\"81\">2019<\/td>\n<td width=\"81\">Dodge<\/td>\n<td width=\"125\">Charger<\/td>\n<td width=\"416\">6.2L, 6.4L<\/td>\n<td>Discos de freno de 350 mm<\/td>\n<\/tr>\n<tr>\n<td width=\"81\">2018<\/td>\n<td width=\"81\">Dodge<\/td>\n<td width=\"125\">Challenger<\/td>\n<td width=\"416\">6.2L, 6.4L<\/td>\n<td>Discos de freno de 350 mm<\/td>\n<\/tr>\n<tr>\n<td width=\"81\">2018<\/td>\n<td width=\"81\">Dodge<\/td>\n<td width=\"125\">Charger<\/td>\n<td width=\"416\">6.2L, 6.4L<\/td>\n<td>Discos de freno de 350 mm<\/td>\n<\/tr>\n<tr>\n<td width=\"81\">2017<\/td>\n<td width=\"81\">Dodge<\/td>\n<td width=\"125\">Challenger<\/td>\n<td width=\"416\">6.2L, 6.4L<\/td>\n<td>Discos de freno de 350 mm<\/td>\n<\/tr>\n<tr>\n<td width=\"81\">2017<\/td>\n<td width=\"81\">Dodge<\/td>\n<td width=\"125\">Charger<\/td>\n<td width=\"416\">6.2L, 6.4L<\/td>\n<td>Discos de freno de 350 mm<\/td>\n<\/tr>\n<tr>\n<td width=\"81\">2016<\/td>\n<td width=\"81\">Dodge<\/td>\n<td width=\"125\">Challenger<\/td>\n<td width=\"416\">6.2L, 6.4L<\/td>\n<td>Discos de freno de 350 mm<\/td>\n<\/tr>\n<tr>\n<td width=\"81\">2016<\/td>\n<td width=\"81\">Dodge<\/td>\n<td width=\"125\">Charger<\/td>\n<td width=\"416\">6.2L, 6.4L<\/td>\n<td>Discos de freno de 350 mm<\/td>\n<\/tr>\n<tr>\n<td width=\"81\">2015<\/td>\n<td width=\"81\">Dodge<\/td>\n<td width=\"125\">Challenger<\/td>\n<td width=\"416\">6.2L, 6.4L<\/td>\n<td>Discos de freno de 350 mm<\/td>\n<\/tr>\n<tr>\n<td width=\"81\">2015<\/td>\n<td width=\"81\">Dodge<\/td>\n<td width=\"125\">Charger<\/td>\n<td width=\"416\">6.2L, 6.4L<\/td>\n<td>Discos de freno de 350 mm<\/td>\n<\/tr>\n<tr>\n<td width=\"81\">2014<\/td>\n<td width=\"81\">Chrysler<\/td>\n<td width=\"125\">300<\/td>\n<td width=\"416\">6.4L<\/td>\n<td>Discos de freno de 350 mm<\/td>\n<\/tr>\n<tr>\n<td width=\"81\">2014<\/td>\n<td width=\"81\">Dodge<\/td>\n<td width=\"125\">Challenger<\/td>\n<td width=\"416\">6.4L<\/td>\n<td>Discos de freno de 350 mm<\/td>\n<\/tr>\n<tr>\n<td width=\"81\">2014<\/td>\n<td width=\"81\">Dodge<\/td>\n<td width=\"125\">Charger<\/td>\n<td width=\"416\">6.4L<\/td>\n<td>Discos de freno de 350 mm<\/td>\n<\/tr>\n<tr>\n<td width=\"81\">2013<\/td>\n<td width=\"81\">Chrysler<\/td>\n<td width=\"125\">300<\/td>\n<td width=\"416\">6.4L<\/td>\n<td>Discos de freno de 350 mm<\/td>\n<\/tr>\n<tr>\n<td width=\"81\">2013<\/td>\n<td width=\"81\">Dodge<\/td>\n<td width=\"125\">Challenger<\/td>\n<td width=\"416\">6.4L<\/td>\n<td>Discos de freno de 350 mm<\/td>\n<\/tr>\n<tr>\n<td width=\"81\">2013<\/td>\n<td width=\"81\">Dodge<\/td>\n<td width=\"125\">Charger<\/td>\n<td width=\"416\">6.4L<\/td>\n<td>Discos de freno de 350 mm<\/td>\n<\/tr>\n<tr>\n<td width=\"81\">2012<\/td>\n<td width=\"81\">Chrysler<\/td>\n<td width=\"125\">300<\/td>\n<td width=\"416\">6.4L<\/td>\n<td>Discos de freno de 350 mm<\/td>\n<\/tr>\n<tr>\n<td width=\"81\">2012<\/td>\n<td width=\"81\">Dodge<\/td>\n<td width=\"125\">Challenger<\/td>\n<td width=\"416\">6.4L<\/td>\n<td>Discos de freno de 350 mm<\/td>\n<\/tr>\n<tr>\n<td width=\"81\">2012<\/td>\n<td width=\"81\">Dodge<\/td>\n<td width=\"125\">Charger<\/td>\n<td width=\"416\">6.4L<\/td>\n<td>Discos de freno de 350 mm<\/td>\n<\/tr>\n<tr>\n<td width=\"81\">2011<\/td>\n<td width=\"81\">Dodge<\/td>\n<td width=\"125\">Challenger<\/td>\n<td width=\"416\">6.4L<\/td>\n<td>Discos de freno de 350 mm<\/td>\n<\/tr>\n<tr>\n<td width=\"81\">2010<\/td>\n<td width=\"81\">Chrysler<\/td>\n<td width=\"125\">300<\/td>\n<td width=\"416\">6.1L<\/td>\n<td>Discos de freno de 350 mm<\/td>\n<\/tr>\n<tr>\n<td width=\"81\">2010<\/td>\n<td width=\"81\">Dodge<\/td>\n<td width=\"125\">Challenger<\/td>\n<td width=\"416\">6.1L<\/td>\n<td>Discos de freno de 350 mm<\/td>\n<\/tr>\n<tr>\n<td width=\"81\">2010<\/td>\n<td width=\"81\">Dodge<\/td>\n<td width=\"125\">Charger<\/td>\n<td width=\"416\">6.1L<\/td>\n<td>Discos de freno de 350 mm<\/td>\n<\/tr>\n<tr>\n<td width=\"81\">2009<\/td>\n<td width=\"81\">Chrysler<\/td>\n<td width=\"125\">300<\/td>\n<td width=\"416\">6.1L<\/td>\n<td>Discos de freno de 350 mm<\/td>\n<\/tr>\n<tr>\n<td width=\"81\">2009<\/td>\n<td width=\"81\">Dodge<\/td>\n<td width=\"125\">Charger<\/td>\n<td width=\"416\">6.1L<\/td>\n<td>Discos de freno de 350 mm<\/td>\n<\/tr>\n<tr>\n<td width=\"81\">2008<\/td>\n<td width=\"81\">Chrysler<\/td>\n<td width=\"125\">300<\/td>\n<td width=\"416\">6.1L<\/td>\n<td>Discos de freno de 350 mm<\/td>\n<\/tr>\n<tr>\n<td width=\"81\">2008<\/td>\n<td width=\"81\">Dodge<\/td>\n<td width=\"125\">Challenger<\/td>\n<td width=\"416\">6.1L<\/td>\n<td>Discos de freno de 350 mm<\/td>\n<\/tr>\n<tr>\n<td width=\"81\">2008<\/td>\n<td width=\"81\">Dodge<\/td>\n<td width=\"125\">Charger<\/td>\n<td width=\"416\">6.1L<\/td>\n<td>Discos de freno de 350 mm<\/td>\n<\/tr>\n<tr>\n<td width=\"81\">2008<\/td>\n<td width=\"81\">Dodge<\/td>\n<td width=\"125\">Magnum<\/td>\n<td width=\"416\">6.1L<\/td>\n<td>Discos de freno de 350 mm<\/td>\n<\/tr>\n<\/tbody>\n<\/table>\n<p>&nbsp;<\/p>\n<p>&nbsp;<\/p>\n<h4>Conf\u00ede en las piezas originales Mopar<\/h4>\n<p><strong>Ajuste preciso y calidad de fabricante probada:<\/strong> Mopar le suministra piezas originales especialmente desarrolladas para su veh\u00edculo, no personalizadas, sino originales. Cada pieza cumple exactamente los est\u00e1ndares de f\u00e1brica y, por tanto, garantiza una instalaci\u00f3n sin problemas, plena funcionalidad y m\u00e1xima seguridad.<\/p>\n<p><strong>Longevidad con la que puede contar:<\/strong> Los recambios originales Mopar se fabrican con materiales duraderos y se someten a estrictas pruebas de calidad. El resultado: m\u00e1xima fiabilidad incluso con un uso intensivo, para conservar el valor a largo plazo y un rendimiento constante del veh\u00edculo.<\/p>\n<p>&nbsp;<\/p>","protected":false},"excerpt":{"rendered":"<p>Pieza original Mopar<\/p>\n<p>Parte trasera izquierda<\/p>\n<p>Discos de freno de 350 mm<\/p>","protected":false},"featured_media":68343610,"comment_status":"open","ping_status":"closed","template":"","meta":{"_acf_changed":false},"product_brand":[16270],"product_cat":[10262,17810,17811,17814,17815,17816,17822,17823,17824,17833],"product_tag":[18864,17883,17880,17881,17882,798,31,8813,9424,16271,16273,16275,16272,16274,7221,2793,17879],"class_list":{"0":"post-68343123","1":"product","2":"type-product","3":"status-publish","4":"has-post-thumbnail","6":"product_brand-mopar","7":"product_cat-alle-produkte","8":"product_cat-300c-61-bremsenteile-zubehoer","9":"product_cat-300c-64-bremsenteile-zubehoer","10":"product_cat-challenger-61-bremsenteile-zubehoer","11":"product_cat-challenger-62-hellcat-bremsenteile-zubehoer","12":"product_cat-challenger-64-bremsenteile-zubehoer","13":"product_cat-charger-61-bremsenteile-zubehoer","14":"product_cat-charger-62-hellcat-bremsenteile-zubehoer","15":"product_cat-charger-64-bremsenteile-zubehoer","16":"product_cat-magnum-61-bremsenteile-zubehoer","17":"product_tag-05170482aa","18":"product_tag-5170482aa","19":"product_tag-ankerblech","20":"product_tag-bremsschutzblech","21":"product_tag-bremsstaubblech","22":"product_tag-hinten","23":"product_tag-mopar","24":"product_tag-mopar-autoteile","25":"product_tag-mopar-ersatzteile","26":"product_tag-mopar-ersatzteile-kaufen","27":"product_tag-mopar-performance-teile","28":"product_tag-mopar-teile-katalog","29":"product_tag-mopar-teile-online","30":"product_tag-mopar-tuningteile","31":"product_tag-mopar10","32":"product_tag-rechts","33":"product_tag-spritzblech","35":"first","36":"instock","37":"taxable","38":"shipping-taxable","39":"purchasable","40":"product-type-simple"},"bundled_by":[],"bundle_stock_status":"instock","bundle_stock_quantity":1,"bundle_virtual":false,"bundle_layout":"","bundle_add_to_cart_form_location":"","bundle_editable_in_cart":false,"bundle_sold_individually_context":"","bundle_item_grouping":"","bundle_min_size":"","bundle_max_size":"","bundle_price":[],"bundled_items":[],"bundle_sell_ids":[],"exclude_global_add_ons":[],"addons":[],"acf":[],"_links":{"self":[{"href":"https:\/\/kraftwerk-shop.cc\/es\/wp-json\/wp\/v2\/product\/68343123","targetHints":{"allow":["GET"]}}],"collection":[{"href":"https:\/\/kraftwerk-shop.cc\/es\/wp-json\/wp\/v2\/product"}],"about":[{"href":"https:\/\/kraftwerk-shop.cc\/es\/wp-json\/wp\/v2\/types\/product"}],"replies":[{"embeddable":true,"href":"https:\/\/kraftwerk-shop.cc\/es\/wp-json\/wp\/v2\/comments?post=68343123"}],"version-history":[{"count":0,"href":"https:\/\/kraftwerk-shop.cc\/es\/wp-json\/wp\/v2\/product\/68343123\/revisions"}],"wp:featuredmedia":[{"embeddable":true,"href":"https:\/\/kraftwerk-shop.cc\/es\/wp-json\/wp\/v2\/media\/68343610"}],"wp:attachment":[{"href":"https:\/\/kraftwerk-shop.cc\/es\/wp-json\/wp\/v2\/media?parent=68343123"}],"wp:term":[{"taxonomy":"product_brand","embeddable":true,"href":"https:\/\/kraftwerk-shop.cc\/es\/wp-json\/wp\/v2\/product_brand?post=68343123"},{"taxonomy":"product_cat","embeddable":true,"href":"https:\/\/kraftwerk-shop.cc\/es\/wp-json\/wp\/v2\/product_cat?post=68343123"},{"taxonomy":"product_tag","embeddable":true,"href":"https:\/\/kraftwerk-shop.cc\/es\/wp-json\/wp\/v2\/product_tag?post=68343123"}],"curies":[{"name":"wp","href":"https:\/\/api.w.org\/{rel}","templated":true}]}}