{"id":68343183,"date":"2025-07-12T13:17:57","date_gmt":"2025-07-12T11:17:57","guid":{"rendered":"https:\/\/kraftwerk-shop.cc\/?post_type=product&#038;p=68343183"},"modified":"2026-02-15T01:22:08","modified_gmt":"2026-02-15T00:22:08","slug":"sensor-de-liquido-de-frenos-mopar-68048550aa","status":"publish","type":"product","link":"https:\/\/kraftwerk-shop.cc\/es\/produkt\/mopar-bremsfluessigkeitssensor-68048550aa\/","title":{"rendered":"Sensor de l\u00edquido de frenos Mopar (68048550AA)"},"content":{"rendered":"<h1>Sensor de l\u00edquido de frenos original Mopar (68048550AA) para Chrysler 300C, Dodge Challenger y Charger de 2009 a 2023<\/h1>\n<p>&nbsp;<\/p>\n<p><span lang=\"DE\"><strong>N\u00famero de pieza Mopar:<\/strong>\u00a068048550AA<br \/>\n<strong>Reemplazado: <\/strong><span class=\"list-value\">\u2014<\/span><\/span><\/p>\n<p>&nbsp;<\/p>\n<p><strong>Adecuado para:<\/strong><\/p>\n<table width=\"1552\">\n<tbody>\n<tr>\n<td width=\"81\"><strong>A\u00f1o de construcci\u00f3n<\/strong><\/td>\n<td width=\"81\"><strong>Marca<\/strong><\/td>\n<td width=\"125\"><strong>Modelo<\/strong><\/td>\n<td width=\"934\"><strong>Versi\u00f3n<\/strong><\/td>\n<td width=\"331\"><strong>Motor<\/strong><\/td>\n<\/tr>\n<tr>\n<td width=\"81\">2023<\/td>\n<td width=\"81\">Chrysler<\/td>\n<td width=\"125\">300<\/td>\n<td width=\"934\">C, S, Touring, Touring L<\/td>\n<td width=\"331\">3.6L V6 - Flex, 3.6L, 5.7L, 6.4L<\/td>\n<\/tr>\n<tr>\n<td width=\"81\">2023<\/td>\n<td width=\"81\">Dodge<\/td>\n<td width=\"125\">Challenger<\/td>\n<td width=\"934\">GT, R\/T, R\/T Scat Pack, R\/T Scat Pack Widebody, SRT Hellcat Jailbreak, SRT Hellcat Redeye Jailbreak, SRT Hellcat Redeye Widebody Jailbreak, SRT Hellcat Widebody Jailbreak, SRT Super Stock, SXT<\/td>\n<td width=\"331\">3.6L, 5.7L, 6.2L, 6.4L<\/td>\n<\/tr>\n<tr>\n<td width=\"81\">2023<\/td>\n<td width=\"81\">Dodge<\/td>\n<td width=\"125\">Charger<\/td>\n<td width=\"934\">GT, Pursuit, R\/T, SRT Hellcat Redeye Widebody, SRT Hellcat Widebody, SRT Hellcat Widebody Jailbreak, SXT, Scat Pack, Scat Pack Widebody<\/td>\n<td width=\"331\">3.6L V6 - Flex, 3.6L, 5.7L, 6.2L, 6.4L<\/td>\n<\/tr>\n<tr>\n<td width=\"81\">2022<\/td>\n<td width=\"81\">Chrysler<\/td>\n<td width=\"125\">300<\/td>\n<td width=\"934\">S, Touring, Touring L<\/td>\n<td width=\"331\">3.6L V6 - Flex, 3.6L, 5.7L<\/td>\n<\/tr>\n<tr>\n<td width=\"81\">2022<\/td>\n<td width=\"81\">Dodge<\/td>\n<td width=\"125\">Challenger<\/td>\n<td width=\"934\">GT, R\/T, R\/T Scat Pack, R\/T Scat Pack Widebody, SRT Hellcat, SRT Hellcat Redeye, SRT Hellcat Redeye Widebody, SRT Hellcat Widebody, SRT Jailbreak, SRT Super Stock, SXT<\/td>\n<td width=\"331\">3.6L, 5.7L, 6.2L, 6.4L<\/td>\n<\/tr>\n<tr>\n<td width=\"81\">2022<\/td>\n<td width=\"81\">Dodge<\/td>\n<td width=\"125\">Charger<\/td>\n<td width=\"934\">GT, R\/T, SRT Hellcat Redeye Widebody, SRT Hellcat Widebody, SRT Jailbreak, SXT, Scat Pack, Scat Pack Widebody<\/td>\n<td width=\"331\">3.6L V6 - Flex, 3.6L, 5.7L, 6.2L, 6.4L<\/td>\n<\/tr>\n<tr>\n<td width=\"81\">2021<\/td>\n<td width=\"81\">Chrysler<\/td>\n<td width=\"125\">300<\/td>\n<td width=\"934\">S, Touring, Touring L<\/td>\n<td width=\"331\">3.6L V6 - Flex, 3.6L, 5.7L<\/td>\n<\/tr>\n<tr>\n<td width=\"81\">2021<\/td>\n<td width=\"81\">Dodge<\/td>\n<td width=\"125\">Challenger<\/td>\n<td width=\"934\">GT, R\/T, R\/T Scat Pack, R\/T Scat Pack Widebody, SRT Hellcat, SRT Hellcat Redeye, SRT Hellcat Redeye Widebody, SRT Hellcat Widebody, SRT Super Stock, SXT<\/td>\n<td width=\"331\">3.6L, 5.7L, 6.2L, 6.4L<\/td>\n<\/tr>\n<tr>\n<td width=\"81\">2021<\/td>\n<td width=\"81\">Dodge<\/td>\n<td width=\"125\">Charger<\/td>\n<td width=\"934\">GT, R\/T, SRT Hellcat Redeye Widebody, SRT Hellcat Widebody, SXT, Scat Pack<\/td>\n<td width=\"331\">3.6L V6 - Flex, 3.6L, 5.7L, 6.2L, 6.4L<\/td>\n<\/tr>\n<tr>\n<td width=\"81\">2020<\/td>\n<td width=\"81\">Chrysler<\/td>\n<td width=\"125\">300<\/td>\n<td width=\"934\">C, Limited, S, Touring, Touring L<\/td>\n<td width=\"331\">3.6L V6 - Flex, 3.6L, 5.7L<\/td>\n<\/tr>\n<tr>\n<td width=\"81\">2020<\/td>\n<td width=\"81\">Dodge<\/td>\n<td width=\"125\">Challenger<\/td>\n<td width=\"934\">GT, R\/T, R\/T Scat Pack, R\/T Scat Pack Widebody, SRT Hellcat, SRT Hellcat Redeye, SRT Hellcat Redeye Widebody, SRT Hellcat Widebody, SXT<\/td>\n<td width=\"331\">3.6L, 5.7L, 6.2L, 6.4L<\/td>\n<\/tr>\n<tr>\n<td width=\"81\">2020<\/td>\n<td width=\"81\">Dodge<\/td>\n<td width=\"125\">Charger<\/td>\n<td width=\"934\">GT, Pursuit, R\/T, SRT Hellcat Widebody, SXT, Scat Pack<\/td>\n<td width=\"331\">3.6L V6 - Flex, 3.6L, 5.7L, 6.2L, 6.4L<\/td>\n<\/tr>\n<tr>\n<td width=\"81\">2019<\/td>\n<td width=\"81\">Chrysler<\/td>\n<td width=\"125\">300<\/td>\n<td width=\"934\">C, Limited, S, Touring, Touring L<\/td>\n<td width=\"331\">3.6L V6 - Flex, 3.6L, 5.7L<\/td>\n<\/tr>\n<tr>\n<td width=\"81\">2019<\/td>\n<td width=\"81\">Dodge<\/td>\n<td width=\"125\">Challenger<\/td>\n<td width=\"934\">GT, R\/T, R\/T Scat Pack, R\/T Scat Pack Widebody, SRT Hellcat, SRT Hellcat Redeye, SRT Hellcat Redeye Widebody, SRT Hellcat Widebody, SXT<\/td>\n<td width=\"331\">3.6L, 5.7L, 6.2L, 6.4L<\/td>\n<\/tr>\n<tr>\n<td width=\"81\">2019<\/td>\n<td width=\"81\">Dodge<\/td>\n<td width=\"125\">Charger<\/td>\n<td width=\"934\">GT, Pursuit, R\/T, SRT Hellcat, SXT, Scat Pack<\/td>\n<td width=\"331\">3.6L V6 - Flex, 3.6L, 5.7L, 6.2L, 6.4L<\/td>\n<\/tr>\n<tr>\n<td width=\"81\">2018<\/td>\n<td width=\"81\">Chrysler<\/td>\n<td width=\"125\">300<\/td>\n<td width=\"934\">C, Limited, S, Touring, Touring L<\/td>\n<td width=\"331\">3.6L V6 - Flex, 3.6L, 5.7L<\/td>\n<\/tr>\n<tr>\n<td width=\"81\">2018<\/td>\n<td width=\"81\">Dodge<\/td>\n<td width=\"125\">Challenger<\/td>\n<td width=\"934\">GT, R\/T, R\/T Scat Pack, SRT 392, SRT Demon, SRT Hellcat, SRT Hellcat Widebody, SXT, SXT Plus, T\/A, T\/A 392<\/td>\n<td width=\"331\">3.6L, 5.7L, 6.2L, 6.4L<\/td>\n<\/tr>\n<tr>\n<td width=\"81\">2018<\/td>\n<td width=\"81\">Dodge<\/td>\n<td width=\"125\">Charger<\/td>\n<td width=\"934\">GT, GT Plus, Pursuit, R\/T, R\/T Scat Pack, SRT 392, SRT Hellcat, SXT, SXT Plus, SXT Plus Cuero<\/td>\n<td width=\"331\">3.6L V6 - Flex, 3.6L, 5.7L, 6.2L, 6.4L<\/td>\n<\/tr>\n<tr>\n<td width=\"81\">2017<\/td>\n<td width=\"81\">Chrysler<\/td>\n<td width=\"125\">300<\/td>\n<td width=\"934\">C, C Platino, Limited, S<\/td>\n<td width=\"331\">3.6L V6 - Flex, 3.6L, 5.7L<\/td>\n<\/tr>\n<tr>\n<td width=\"81\">2017<\/td>\n<td width=\"81\">Dodge<\/td>\n<td width=\"125\">Challenger<\/td>\n<td width=\"934\">GT, R\/T, R\/T Scat Pack, SRT 392, SRT Hellcat, SXT, SXT Plus, T\/A, T\/A 392<\/td>\n<td width=\"331\">3.6L, 5.7L, 6.2L, 6.4L<\/td>\n<\/tr>\n<tr>\n<td width=\"81\">2017<\/td>\n<td width=\"81\">Dodge<\/td>\n<td width=\"125\">Charger<\/td>\n<td width=\"934\">Pursuit, R\/T, R\/T Scat Pack, SE, SRT 392, SRT Hellcat, SXT<\/td>\n<td width=\"331\">3.6L V6 - Flex, 5.7L, 6.2L, 6.4L<\/td>\n<\/tr>\n<tr>\n<td width=\"81\">2016<\/td>\n<td width=\"81\">Chrysler<\/td>\n<td width=\"125\">300<\/td>\n<td width=\"934\">C, C Platino, Limited, S<\/td>\n<td width=\"331\">3.6L V6 - Flex, 3.6L, 5.7L<\/td>\n<\/tr>\n<tr>\n<td width=\"81\">2016<\/td>\n<td width=\"81\">Dodge<\/td>\n<td width=\"125\">Challenger<\/td>\n<td width=\"934\">392 Hemi Scat Pack Shaker, R\/T, R\/T Plus, R\/T Plus Shaker, R\/T Scat Pack, R\/T Shaker, SRT 392, SRT Hellcat, SXT, SXT Plus<\/td>\n<td width=\"331\">3.6L, 5.7L, 6.2L, 6.4L<\/td>\n<\/tr>\n<tr>\n<td width=\"81\">2016<\/td>\n<td width=\"81\">Dodge<\/td>\n<td width=\"125\">Charger<\/td>\n<td width=\"934\">Pursuit, R\/T, R\/T Road &amp; Track, R\/T Scat Pack, SE, SRT 392, SRT Hellcat, SXT<\/td>\n<td width=\"331\">3.6L V6 - Flex, 5.7L, 6.2L, 6.4L<\/td>\n<\/tr>\n<tr>\n<td width=\"81\">2015<\/td>\n<td width=\"81\">Chrysler<\/td>\n<td width=\"125\">300<\/td>\n<td width=\"934\">C, C Platino, Limited, S<\/td>\n<td width=\"331\">3.6L V6 - Flex, 3.6L, 5.7L<\/td>\n<\/tr>\n<tr>\n<td width=\"81\">2015<\/td>\n<td width=\"81\">Dodge<\/td>\n<td width=\"125\">Challenger<\/td>\n<td width=\"934\">R\/T, R\/T Plus, SRT 392, SRT Hellcat, SXT, SXT Plus, Scat Pack<\/td>\n<td width=\"331\">3.6L, 5.7L, 6.2L, 6.4L<\/td>\n<\/tr>\n<tr>\n<td width=\"81\">2015<\/td>\n<td width=\"81\">Dodge<\/td>\n<td width=\"125\">Charger<\/td>\n<td width=\"934\">Pursuit, R\/T, R\/T Road &amp; Track, R\/T Scat Pack, SE, SRT 392, SRT Hellcat, SXT<\/td>\n<td width=\"331\">3.6L V6 - Flex, 5.7L, 6.2L, 6.4L<\/td>\n<\/tr>\n<tr>\n<td width=\"81\">2014<\/td>\n<td width=\"81\">Chrysler<\/td>\n<td width=\"125\">300<\/td>\n<td width=\"934\">Base, C, C Luxury, S, SRT8<\/td>\n<td width=\"331\">3.6L V6 - Flex, 3.6L, 5.7L, 6.4L<\/td>\n<\/tr>\n<tr>\n<td width=\"81\">2014<\/td>\n<td width=\"81\">Dodge<\/td>\n<td width=\"125\">Challenger<\/td>\n<td width=\"934\">R\/T, Rallye Redline, SXT<\/td>\n<td width=\"331\">3.6L, 5.7L<\/td>\n<\/tr>\n<tr>\n<td width=\"81\">2014<\/td>\n<td width=\"81\">Dodge<\/td>\n<td width=\"125\">Charger<\/td>\n<td width=\"934\">Pursuit, R\/T, SE, SRT8, SXT<\/td>\n<td width=\"331\">3.6L V6 - Flex, 3.6L, 5.7L, 6.4L<\/td>\n<\/tr>\n<tr>\n<td width=\"81\">2013<\/td>\n<td width=\"81\">Chrysler<\/td>\n<td width=\"125\">300<\/td>\n<td width=\"934\">Base, C, C Luxury, S, SRT8, SRT8 Core<\/td>\n<td width=\"331\">3.6L V6 - Flex, 3.6L, 5.7L, 6.4L<\/td>\n<\/tr>\n<tr>\n<td width=\"81\">2013<\/td>\n<td width=\"81\">Dodge<\/td>\n<td width=\"125\">Challenger<\/td>\n<td width=\"934\">R\/T, SRT8, SXT<\/td>\n<td width=\"331\">3.6L, 5.7L, 6.4L<\/td>\n<\/tr>\n<tr>\n<td width=\"81\">2013<\/td>\n<td width=\"81\">Dodge<\/td>\n<td width=\"125\">Charger<\/td>\n<td width=\"934\">Pursuit, R\/T, SE, SRT8, SXT<\/td>\n<td width=\"331\">3.6L V6 - Flex, 3.6L, 5.7L, 6.4L<\/td>\n<\/tr>\n<tr>\n<td width=\"81\">2012<\/td>\n<td width=\"81\">Chrysler<\/td>\n<td width=\"125\">300<\/td>\n<td width=\"934\">Base, C, C Luxury, Limited, S, SRT8<\/td>\n<td width=\"331\">3.6L V6 - Flex, 3.6L, 5.7L, 6.4L<\/td>\n<\/tr>\n<tr>\n<td width=\"81\">2012<\/td>\n<td width=\"81\">Dodge<\/td>\n<td width=\"125\">Challenger<\/td>\n<td width=\"934\">R\/T, R\/T Classic, SRT8, SXT, SXT Plus<\/td>\n<td width=\"331\">3.6L, 5.7L, 6.4L<\/td>\n<\/tr>\n<tr>\n<td width=\"81\">2012<\/td>\n<td width=\"81\">Dodge<\/td>\n<td width=\"125\">Charger<\/td>\n<td width=\"934\">Pursuit, R\/T, SE, SRT8, SXT, SXT Plus<\/td>\n<td width=\"331\">3.6L V6 - Flex, 3.6L, 5.7L, 6.4L<\/td>\n<\/tr>\n<tr>\n<td width=\"81\">2011<\/td>\n<td width=\"81\">Chrysler<\/td>\n<td width=\"125\">300<\/td>\n<td width=\"934\">Base, C, Limited<\/td>\n<td width=\"331\">3.6L V6 - Flex, 3.6L, 5.7L<\/td>\n<\/tr>\n<tr>\n<td width=\"81\">2011<\/td>\n<td width=\"81\">Dodge<\/td>\n<td width=\"125\">Challenger<\/td>\n<td width=\"934\">R\/T, SE, SRT8<\/td>\n<td width=\"331\">3.6L V6 - Flex, 5.7L, 6.4L<\/td>\n<\/tr>\n<tr>\n<td width=\"81\">2011<\/td>\n<td width=\"81\">Dodge<\/td>\n<td width=\"125\">Charger<\/td>\n<td width=\"934\">Pursuit, R\/T, SE<\/td>\n<td width=\"331\">3.6L V6 - Flex, 3.6L, 5.7L<\/td>\n<\/tr>\n<tr>\n<td width=\"81\">2010<\/td>\n<td width=\"81\">Chrysler<\/td>\n<td width=\"125\">300<\/td>\n<td width=\"934\">C, C SRT8, Limited, S, Touring<\/td>\n<td width=\"331\">2.7L, 3.5L, 5.7L, 6.1L<\/td>\n<\/tr>\n<tr>\n<td width=\"81\">2010<\/td>\n<td width=\"81\">Dodge<\/td>\n<td width=\"125\">Challenger<\/td>\n<td width=\"934\">R\/T, SE, SRT8<\/td>\n<td width=\"331\">3.5L, 5.7L, 6.1L<\/td>\n<\/tr>\n<tr>\n<td width=\"81\">2010<\/td>\n<td width=\"81\">Dodge<\/td>\n<td width=\"125\">Charger<\/td>\n<td width=\"934\">Pursuit, R\/T, SE, SRT8, SXT<\/td>\n<td width=\"331\">2.7L, 3.5L, 5.7L, 6.1L<\/td>\n<\/tr>\n<tr>\n<td width=\"81\">2009<\/td>\n<td width=\"81\">Chrysler<\/td>\n<td width=\"125\">300<\/td>\n<td width=\"934\">C, C SRT8, Limited, Signature Series, Touring<\/td>\n<td width=\"331\">3.5L, 5.7L, 6.1L<\/td>\n<\/tr>\n<tr>\n<td width=\"81\">2009<\/td>\n<td width=\"81\">Dodge<\/td>\n<td width=\"125\">Challenger<\/td>\n<td width=\"934\">R\/T, SE, SRT8<\/td>\n<td width=\"331\">3.5L, 5.7L, 6.1L<\/td>\n<\/tr>\n<tr>\n<td width=\"81\">2009<\/td>\n<td width=\"81\">Dodge<\/td>\n<td width=\"125\">Charger<\/td>\n<td width=\"934\">Pursuit, R\/T, SE, SRT8, SXT<\/td>\n<td width=\"331\">2.7L, 3.5L, 5.7L, 6.1L<\/td>\n<\/tr>\n<\/tbody>\n<\/table>\n<p>&nbsp;<\/p>\n<p>&nbsp;<\/p>\n<h4>Conf\u00ede en las piezas originales Mopar<\/h4>\n<p><strong>Ajuste preciso y calidad de fabricante probada:<\/strong> Mopar le suministra piezas originales especialmente desarrolladas para su veh\u00edculo, no personalizadas, sino originales. Cada pieza cumple exactamente los est\u00e1ndares de f\u00e1brica y, por tanto, garantiza una instalaci\u00f3n sin problemas, plena funcionalidad y m\u00e1xima seguridad.<\/p>\n<p><strong>Longevidad con la que puede contar:<\/strong> Los recambios originales Mopar se fabrican con materiales duraderos y se someten a estrictas pruebas de calidad. El resultado: m\u00e1xima fiabilidad incluso con un uso intensivo, para conservar el valor a largo plazo y un rendimiento constante del veh\u00edculo.<\/p>\n<p>&nbsp;<\/p>","protected":false},"excerpt":{"rendered":"<p>Pieza original Mopar<\/p>","protected":false},"featured_media":68343465,"comment_status":"open","ping_status":"closed","template":"","meta":{"_acf_changed":false},"product_brand":[16270],"product_cat":[17805,10262,17806,7248,17807,7254,17808,7259,17809,7264,17810,7269,17811,7275,17812,7280,17817,7284,17813,7288,17814,7292,17815,7300,17816,7296,17818,7305,17819,7309,17820,7314,17821,7318,17822,7323,17823,7327,17824,7331],"product_tag":[17838,17840,17839,31,8813,9424,16271,16273,16275,16272,16274,7221,713],"class_list":{"0":"post-68343183","1":"product","2":"type-product","3":"status-publish","4":"has-post-thumbnail","6":"product_brand-mopar","7":"product_cat-300c-30-diesel-bremsenteile-zubehoer","8":"product_cat-alle-produkte","9":"product_cat-300c-35-bremsenteile-zubehoer","10":"product_cat-300c-35-sensoren","11":"product_cat-300c-36-bremsenteile-zubehoer","12":"product_cat-300c-36-sensoren","13":"product_cat-300c-57-2005-2010-bremsenteile-zubehoer","14":"product_cat-300c-57-2005-2010-sensoren","15":"product_cat-300c-57-2011-2023-bremsenteile-zubehoer","16":"product_cat-300c-57-2011-2023-sensoren","17":"product_cat-300c-61-bremsenteile-zubehoer","18":"product_cat-300c-61-sensoren","19":"product_cat-300c-64-bremsenteile-zubehoer","20":"product_cat-300c-64-sensoren","21":"product_cat-challenger-35-bremsenteile-zubehoer","22":"product_cat-challenger-35-sensoren","23":"product_cat-challenger-36-bremsenteile-zubehoer","24":"product_cat-challenger-36-sensoren","25":"product_cat-challenger-57-bremsenteile-zubehoer","26":"product_cat-challenger-57-sensoren","27":"product_cat-challenger-61-bremsenteile-zubehoer","28":"product_cat-challenger-61-sensoren","29":"product_cat-challenger-62-hellcat-bremsenteile-zubehoer","30":"product_cat-challenger-hellcat-sensoren","31":"product_cat-challenger-64-bremsenteile-zubehoer","32":"product_cat-challenger-64-sensoren","33":"product_cat-charger-35-bremsenteile-zubehoer","34":"product_cat-charger-35-sensoren","35":"product_cat-charger-36-bremsenteile-zubehoer","36":"product_cat-charger-36-sensoren","37":"product_cat-charger-57-2005-2010-bremsenteile-zubehoer","38":"product_cat-charger-57-sensoren","39":"product_cat-charger-57-2011-2023-bremsenteile-zubehoer","40":"product_cat-charger-57-2011-2023-sensoren","41":"product_cat-charger-61-bremsenteile-zubehoer","42":"product_cat-charger-61-sensoren","43":"product_cat-charger-62-hellcat-bremsenteile-zubehoer","44":"product_cat-charger-hellcat-sensoren","45":"product_cat-charger-64-bremsenteile-zubehoer","46":"product_cat-charger-64-sensoren","47":"product_tag-68048550aa","48":"product_tag-bremsfluessigkeit","49":"product_tag-bremsfluessigkeitssensor","50":"product_tag-mopar","51":"product_tag-mopar-autoteile","52":"product_tag-mopar-ersatzteile","53":"product_tag-mopar-ersatzteile-kaufen","54":"product_tag-mopar-performance-teile","55":"product_tag-mopar-teile-katalog","56":"product_tag-mopar-teile-online","57":"product_tag-mopar-tuningteile","58":"product_tag-mopar10","59":"product_tag-sensor","61":"first","62":"instock","63":"taxable","64":"shipping-taxable","65":"purchasable","66":"product-type-simple"},"bundled_by":[],"bundle_stock_status":"instock","bundle_stock_quantity":2,"bundle_virtual":false,"bundle_layout":"","bundle_add_to_cart_form_location":"","bundle_editable_in_cart":false,"bundle_sold_individually_context":"","bundle_item_grouping":"","bundle_min_size":"","bundle_max_size":"","bundle_price":[],"bundled_items":[],"bundle_sell_ids":[],"exclude_global_add_ons":[],"addons":[],"acf":[],"_links":{"self":[{"href":"https:\/\/kraftwerk-shop.cc\/es\/wp-json\/wp\/v2\/product\/68343183","targetHints":{"allow":["GET"]}}],"collection":[{"href":"https:\/\/kraftwerk-shop.cc\/es\/wp-json\/wp\/v2\/product"}],"about":[{"href":"https:\/\/kraftwerk-shop.cc\/es\/wp-json\/wp\/v2\/types\/product"}],"replies":[{"embeddable":true,"href":"https:\/\/kraftwerk-shop.cc\/es\/wp-json\/wp\/v2\/comments?post=68343183"}],"version-history":[{"count":0,"href":"https:\/\/kraftwerk-shop.cc\/es\/wp-json\/wp\/v2\/product\/68343183\/revisions"}],"wp:featuredmedia":[{"embeddable":true,"href":"https:\/\/kraftwerk-shop.cc\/es\/wp-json\/wp\/v2\/media\/68343465"}],"wp:attachment":[{"href":"https:\/\/kraftwerk-shop.cc\/es\/wp-json\/wp\/v2\/media?parent=68343183"}],"wp:term":[{"taxonomy":"product_brand","embeddable":true,"href":"https:\/\/kraftwerk-shop.cc\/es\/wp-json\/wp\/v2\/product_brand?post=68343183"},{"taxonomy":"product_cat","embeddable":true,"href":"https:\/\/kraftwerk-shop.cc\/es\/wp-json\/wp\/v2\/product_cat?post=68343183"},{"taxonomy":"product_tag","embeddable":true,"href":"https:\/\/kraftwerk-shop.cc\/es\/wp-json\/wp\/v2\/product_tag?post=68343183"}],"curies":[{"name":"wp","href":"https:\/\/api.w.org\/{rel}","templated":true}]}}