{"id":68346728,"date":"2025-08-02T13:04:45","date_gmt":"2025-08-02T11:04:45","guid":{"rendered":"https:\/\/kraftwerk-shop.cc\/?post_type=product&#038;p=68346728"},"modified":"2026-02-15T01:22:36","modified_gmt":"2026-02-15T00:22:36","slug":"mopar-fuel-rail-53010893ac","status":"publish","type":"product","link":"https:\/\/kraftwerk-shop.cc\/es\/produkt\/mopar-fuel-rail-53010893ac\/","title":{"rendered":"Rail de combustible Mopar con sensor (53010893AC)"},"content":{"rendered":"<h1>Rail de combustible original Mopar con sensor de presi\u00f3n de combustible (53010893AC) para Jeep Trackhawk y Dodge Durango Hellcat<\/h1>\n<p>&nbsp;<\/p>\n<p><span lang=\"DE\"><strong>N\u00famero de pieza Mopar:<\/strong>\u00a053010893AC<br \/>\n<strong>Reemplazado: <\/strong><label><\/label> <span class=\"list-value\">53010893AA, 53010893AB<\/span><\/span><\/p>\n<p>&nbsp;<\/p>\n<p><strong>Nota:<\/strong> El sensor no est\u00e1 disponible por separado, s\u00f3lo completo con carril de combustible<\/p>\n<p>&nbsp;<\/p>\n<p><strong>Adecuado para:<\/strong><\/p>\n<table width=\"1291\">\n<tbody>\n<tr>\n<td width=\"81\"><strong>A\u00f1o de construcci\u00f3n<\/strong><\/td>\n<td width=\"81\"><strong>Marca<\/strong><\/td>\n<td width=\"125\"><strong>Modelo<\/strong><\/td>\n<td width=\"673\"><strong>Versi\u00f3n<\/strong><\/td>\n<td width=\"331\"><strong>Motor<\/strong><\/td>\n<\/tr>\n<tr>\n<td width=\"81\">2025<\/td>\n<td width=\"81\">Dodge<\/td>\n<td width=\"125\">Durango<\/td>\n<td width=\"673\">SRT Hellcat Hammerhead, SRT Hellcat Plus, SRT Hellcat Premium, SRT Hellcat Silver Bullet<\/td>\n<td width=\"331\">6.2L<\/td>\n<\/tr>\n<tr>\n<td width=\"81\">2024<\/td>\n<td width=\"81\">Dodge<\/td>\n<td width=\"125\">Durango<\/td>\n<td width=\"673\">SRT Hellcat, SRT Hellcat Plus, SRT Hellcat Premium<\/td>\n<td width=\"331\">6.2L<\/td>\n<\/tr>\n<tr>\n<td width=\"81\">2023<\/td>\n<td width=\"81\">Dodge<\/td>\n<td width=\"125\">Durango<\/td>\n<td width=\"673\">SRT Hellcat, SRT Hellcat Plus, SRT Hellcat Premium<\/td>\n<td width=\"331\">6.2L<\/td>\n<\/tr>\n<tr>\n<td width=\"81\">2021<\/td>\n<td width=\"81\">Dodge<\/td>\n<td width=\"125\">Durango<\/td>\n<td width=\"673\">SRT Hellcat<\/td>\n<td width=\"331\">6.2L<\/td>\n<\/tr>\n<tr>\n<td width=\"81\">2021<\/td>\n<td width=\"81\">Jeep<\/td>\n<td width=\"125\">Grand Cherokee<\/td>\n<td width=\"673\">Trackhawk<\/td>\n<td width=\"331\">6.2L<\/td>\n<\/tr>\n<tr>\n<td width=\"81\">2020<\/td>\n<td width=\"81\">Jeep<\/td>\n<td width=\"125\">Grand Cherokee<\/td>\n<td width=\"673\">Trackhawk<\/td>\n<td width=\"331\">6.2L<\/td>\n<\/tr>\n<tr>\n<td width=\"81\">2019<\/td>\n<td width=\"81\">Jeep<\/td>\n<td width=\"125\">Grand Cherokee<\/td>\n<td width=\"673\">Trackhawk<\/td>\n<td width=\"331\">6.2L<\/td>\n<\/tr>\n<tr>\n<td width=\"81\">2018<\/td>\n<td width=\"81\">Jeep<\/td>\n<td width=\"125\">Grand Cherokee<\/td>\n<td width=\"673\">Trackhawk<\/td>\n<td width=\"331\">6.2L<\/td>\n<\/tr>\n<\/tbody>\n<\/table>\n<p>&nbsp;<\/p>\n<p>&nbsp;<\/p>\n<p>&nbsp;<\/p>\n<h4>Recambios originales Mopar: calidad directa del fabricante<\/h4>\n<p><strong>Precisi\u00f3n conforme al fabricante:<\/strong> Como fabricante de piezas originales, Mopar proporciona componentes que se corresponden exactamente con las especificaciones de su veh\u00edculo. La fabricaci\u00f3n precisa garantiza una instalaci\u00f3n sin problemas y el cumplimiento de todos los requisitos relacionados con la seguridad.<\/p>\n<p><strong>Duradera y fiable:<\/strong> Las piezas originales Mopar se fabrican con materiales de alta calidad y se someten a estrictas pruebas de calidad. Est\u00e1n dise\u00f1adas para una larga vida \u00fatil y ofrecen un rendimiento constante incluso con un uso intensivo.<\/p>\n<p>&nbsp;<\/p>","protected":false},"excerpt":{"rendered":"<p>Pieza original Mopar<\/p>","protected":false},"featured_media":68349221,"comment_status":"open","ping_status":"closed","template":"","meta":{"_acf_changed":false},"product_brand":[16270],"product_cat":[2889,2894],"product_tag":[18842,18843,18841,17988,17989,17990,4369,49,95,17991,56,100,50,17992,31,8813,9424,16271,16273,16275,16272,16274,7221,713,102],"class_list":{"0":"post-68346728","1":"product","2":"type-product","3":"status-publish","4":"has-post-thumbnail","6":"product_brand-mopar","7":"product_cat-durango-hellcat-kraftstoffversorgung","8":"product_cat-trackhawk-kraftstoffversorgung","9":"product_tag-053010893aa","10":"product_tag-053010893ab","11":"product_tag-053010893ac","12":"product_tag-53010893aa","13":"product_tag-53010893ab","14":"product_tag-53010893ac","15":"product_tag-benzindruck","16":"product_tag-dodge","17":"product_tag-durango","18":"product_tag-fuel-rail","19":"product_tag-grand-cherokee","20":"product_tag-hellcat","21":"product_tag-jeep","22":"product_tag-kraftstoffdruck-sensor","23":"product_tag-mopar","24":"product_tag-mopar-autoteile","25":"product_tag-mopar-ersatzteile","26":"product_tag-mopar-ersatzteile-kaufen","27":"product_tag-mopar-performance-teile","28":"product_tag-mopar-teile-katalog","29":"product_tag-mopar-teile-online","30":"product_tag-mopar-tuningteile","31":"product_tag-mopar10","32":"product_tag-sensor","33":"product_tag-trackhawk","35":"first","36":"onbackorder","37":"taxable","38":"shipping-taxable","39":"purchasable","40":"product-type-simple"},"bundled_by":[],"bundle_stock_status":"onbackorder","bundle_stock_quantity":0,"bundle_virtual":false,"bundle_layout":"","bundle_add_to_cart_form_location":"","bundle_editable_in_cart":false,"bundle_sold_individually_context":"","bundle_item_grouping":"","bundle_min_size":"","bundle_max_size":"","bundle_price":[],"bundled_items":[],"bundle_sell_ids":[],"exclude_global_add_ons":[],"addons":[],"acf":[],"_links":{"self":[{"href":"https:\/\/kraftwerk-shop.cc\/es\/wp-json\/wp\/v2\/product\/68346728","targetHints":{"allow":["GET"]}}],"collection":[{"href":"https:\/\/kraftwerk-shop.cc\/es\/wp-json\/wp\/v2\/product"}],"about":[{"href":"https:\/\/kraftwerk-shop.cc\/es\/wp-json\/wp\/v2\/types\/product"}],"replies":[{"embeddable":true,"href":"https:\/\/kraftwerk-shop.cc\/es\/wp-json\/wp\/v2\/comments?post=68346728"}],"version-history":[{"count":0,"href":"https:\/\/kraftwerk-shop.cc\/es\/wp-json\/wp\/v2\/product\/68346728\/revisions"}],"wp:featuredmedia":[{"embeddable":true,"href":"https:\/\/kraftwerk-shop.cc\/es\/wp-json\/wp\/v2\/media\/68349221"}],"wp:attachment":[{"href":"https:\/\/kraftwerk-shop.cc\/es\/wp-json\/wp\/v2\/media?parent=68346728"}],"wp:term":[{"taxonomy":"product_brand","embeddable":true,"href":"https:\/\/kraftwerk-shop.cc\/es\/wp-json\/wp\/v2\/product_brand?post=68346728"},{"taxonomy":"product_cat","embeddable":true,"href":"https:\/\/kraftwerk-shop.cc\/es\/wp-json\/wp\/v2\/product_cat?post=68346728"},{"taxonomy":"product_tag","embeddable":true,"href":"https:\/\/kraftwerk-shop.cc\/es\/wp-json\/wp\/v2\/product_tag?post=68346728"}],"curies":[{"name":"wp","href":"https:\/\/api.w.org\/{rel}","templated":true}]}}