{"id":68347700,"date":"2025-08-16T11:31:25","date_gmt":"2025-08-16T09:31:25","guid":{"rendered":"https:\/\/kraftwerk-shop.cc\/?post_type=product&#038;p=68347700"},"modified":"2026-02-15T01:22:38","modified_gmt":"2026-02-15T00:22:38","slug":"oracle-lighting-t-rex-entrance-lighting","status":"publish","type":"product","link":"https:\/\/kraftwerk-shop.cc\/es\/produkt\/oracle-lighting-t-rex-einstiegsbeleuchtung\/","title":{"rendered":"Iluminaci\u00f3n de entrada con logotipo Oracle Lighting GOBO T-REX"},"content":{"rendered":"<h1>Iluminaci\u00f3n de entrada Oracle GOBO con logotipo T-REX<\/h1>\n<p>&nbsp;<\/p>\n<p>Con las luces de charco con logo GOBO T-REX de ORACLE, nunca m\u00e1s tendr\u00e1 que adivinar si ha aparcado sobre un charco.<br \/>\nLas luces de entrada se conectan directamente al cableado de su puerta y proyectan el logotipo T-REX en el suelo cuando abre la puerta del veh\u00edculo, para m\u00e1s estilo y seguridad.<\/p>\n<p>GOBO es la abreviatura de \"go-between optics\" (\u00f3ptica intermedia) y se refiere a c\u00f3mo se personaliza la luz utilizando una plantilla. Las luces GOBO de alta calidad producen una imagen n\u00edtida en el exterior de tu veh\u00edculo y funcionan con un potente LED de baja emisi\u00f3n de calor.<\/p>\n<p>Las luces de entrada con logotipo T-REX son una forma sencilla de presentarse a s\u00ed mismo y a su veh\u00edculo en la feria o en la carretera.<\/p>\n<p>&nbsp;<\/p>\n<p><strong>Caracter\u00edsticas del producto:<\/strong><\/p>\n<ul>\n<li>Tecnolog\u00eda GOBO de \u00faltima generaci\u00f3n que produce una imagen n\u00edtida<\/li>\n<li>Potente luz LED con baja generaci\u00f3n de calor<\/li>\n<\/ul>\n<p>&nbsp;<\/p>\n<p><strong>El juego contiene:<\/strong><\/p>\n<ul>\n<li>(2) proyectores LED, luces de entrada con logotipo T-REX<\/li>\n<li>(1) Herramienta de instalaci\u00f3n<\/li>\n<\/ul>","protected":false},"excerpt":{"rendered":"<p>Iluminaci\u00f3n de Oracle Iluminaci\u00f3n b\u00e1sica GOBO con logotipo T-REX Con las luces de charco GOBO con logotipo T-REX de ORACLE, ya no tendr\u00e1 que volver a adivinar si<\/p>","protected":false},"featured_media":68347054,"comment_status":"open","ping_status":"closed","template":"","meta":{"_acf_changed":false},"product_brand":[18906],"product_cat":[10262,7450],"product_tag":[18108,18876,18881,18886,18104,18102,18877,18105,18882,18878,18907,18101,18884,18873,18875,6974,18879,18885,18098,18887,18100,18880,18099,18870,86,18902,2353,18883,18871,18872,18874],"class_list":{"0":"post-68347700","1":"product","2":"type-product","3":"status-publish","4":"has-post-thumbnail","6":"product_brand-oracle-lighting","7":"product_cat-alle-produkte","8":"product_cat-trx-beleuchtung","9":"product_tag-1329-335","10":"product_tag-auto-gobo-licht","11":"product_tag-auto-logo-lichter","12":"product_tag-einbau-gobo-licht","13":"product_tag-einbauwerkzeug","14":"product_tag-einstiegsbeleuchtung","15":"product_tag-einstiegsbeleuchtung-mit-logo","16":"product_tag-einstiegslampen","17":"product_tag-fahrzeug-einstiegsprojektion","18":"product_tag-fahrzeug-tuerprojektor","19":"product_tag-fahrzeugbeleuchtung","20":"product_tag-gobo","21":"product_tag-gobo-leuchte-tuer","22":"product_tag-gobo-projektionslicht-auto","23":"product_tag-gobo-tuerprojektor","24":"product_tag-led","25":"product_tag-led-puddle-light-auto","26":"product_tag-led-tuerlicht-mit-logo","27":"product_tag-mopar-10","28":"product_tag-oracel-lighting-gobo","29":"product_tag-oracle","30":"product_tag-oracle-gobo-trx","31":"product_tag-oracle-lighting","32":"product_tag-oracle-lighting-gobo-einstiegsbeleuchtung","33":"product_tag-ram","34":"product_tag-t-rex","35":"product_tag-trx","36":"product_tag-trx-logo-licht","37":"product_tag-trx-logo-tuerlicht","38":"product_tag-trx-puddle-light","39":"product_tag-trx-tuerbeleuchtung-led","41":"first","42":"instock","43":"taxable","44":"shipping-taxable","45":"purchasable","46":"product-type-simple"},"bundled_by":[],"bundle_stock_status":"instock","bundle_stock_quantity":1,"bundle_virtual":false,"bundle_layout":"","bundle_add_to_cart_form_location":"","bundle_editable_in_cart":false,"bundle_sold_individually_context":"","bundle_item_grouping":"","bundle_min_size":"","bundle_max_size":"","bundle_price":[],"bundled_items":[],"bundle_sell_ids":[],"exclude_global_add_ons":[],"addons":[],"acf":[],"_links":{"self":[{"href":"https:\/\/kraftwerk-shop.cc\/es\/wp-json\/wp\/v2\/product\/68347700","targetHints":{"allow":["GET"]}}],"collection":[{"href":"https:\/\/kraftwerk-shop.cc\/es\/wp-json\/wp\/v2\/product"}],"about":[{"href":"https:\/\/kraftwerk-shop.cc\/es\/wp-json\/wp\/v2\/types\/product"}],"replies":[{"embeddable":true,"href":"https:\/\/kraftwerk-shop.cc\/es\/wp-json\/wp\/v2\/comments?post=68347700"}],"version-history":[{"count":0,"href":"https:\/\/kraftwerk-shop.cc\/es\/wp-json\/wp\/v2\/product\/68347700\/revisions"}],"wp:featuredmedia":[{"embeddable":true,"href":"https:\/\/kraftwerk-shop.cc\/es\/wp-json\/wp\/v2\/media\/68347054"}],"wp:attachment":[{"href":"https:\/\/kraftwerk-shop.cc\/es\/wp-json\/wp\/v2\/media?parent=68347700"}],"wp:term":[{"taxonomy":"product_brand","embeddable":true,"href":"https:\/\/kraftwerk-shop.cc\/es\/wp-json\/wp\/v2\/product_brand?post=68347700"},{"taxonomy":"product_cat","embeddable":true,"href":"https:\/\/kraftwerk-shop.cc\/es\/wp-json\/wp\/v2\/product_cat?post=68347700"},{"taxonomy":"product_tag","embeddable":true,"href":"https:\/\/kraftwerk-shop.cc\/es\/wp-json\/wp\/v2\/product_tag?post=68347700"}],"curies":[{"name":"wp","href":"https:\/\/api.w.org\/{rel}","templated":true}]}}