{"id":68347728,"date":"2025-08-16T15:14:29","date_gmt":"2025-08-16T13:14:29","guid":{"rendered":"https:\/\/kraftwerk-shop.cc\/?post_type=product&#038;p=68347728"},"modified":"2026-02-15T01:22:38","modified_gmt":"2026-02-15T00:22:38","slug":"oracle-lighting-colourshift-iluminacion-interior-ram","status":"publish","type":"product","link":"https:\/\/kraftwerk-shop.cc\/es\/produkt\/oracle-lighting-colorshift-innenraumbeleuchtung-ram\/","title":{"rendered":"Oracle Lighting ColorSHIFT iluminaci\u00f3n interior RAM"},"content":{"rendered":"<h1>Kit completo de conversi\u00f3n ColorSHIFT de Oracle Lighting para iluminaci\u00f3n interior RAM<\/h1>\n<p>&nbsp;<\/p>\n<p>\u00bfEst\u00e1 descontento con la apagada luz blanca del salpicadero de su nuevo cami\u00f3n RAM o busca una forma sencilla de dar un estilo \u00fanico al interior de su veh\u00edculo?<br \/>\nCon el nuevo kit ORACLE Lighting Interior Ambient Lighting ColorSHIFT\u00ae RGB para el RAM de 5\u00aa generaci\u00f3n, puede transformar la aburrida iluminaci\u00f3n interior est\u00e1ndar en brillantes acentos de color, \u00a1todo desde su smartphone!<br \/>\nEste kit es la forma perfecta de iluminar tu interior de forma limpia y armoniosa. Con una aplicaci\u00f3n para smartphone f\u00e1cil de usar, puedes iluminar tus nuevas luces de salpicadero RAM RGB en cualquier color imaginable para crear tu propio estilo personal.<\/p>\n<p>El juego de iluminaci\u00f3n interior RAM utiliza potentes placas LED RGB ColourSHIFT\u00ae para sustituir a las ya instaladas de f\u00e1brica.<br \/>\nSolo tienes que conectarlo a nuestro controlador Bluetooth RGB suministrado mediante conexiones plug-and-play. Conecta el controlador con los conectores suministrados y podr\u00e1s controlar la iluminaci\u00f3n a trav\u00e9s de la aplicaci\u00f3n gratuita de tu smartphone.<br \/>\nLa aplicaci\u00f3n te permite controlar cientos de colores, patrones y niveles de brillo. Nuestro kit de iluminaci\u00f3n interior RGB de \u00faltima generaci\u00f3n para los RAM de 5\u00aa generaci\u00f3n es una forma fant\u00e1stica de personalizar tu veh\u00edculo con un aspecto impresionante y un rendimiento l\u00edder en el sector. Destaca entre la multitud con el nuevo y moderno dise\u00f1o LED de ORACLE Lighting.<\/p>\n<p>&nbsp;<\/p>\n<p><strong>Caracter\u00edsticas del producto:<\/strong><\/p>\n<ul>\n<li>Colores vibrantes para acentuar el interior de su veh\u00edculo<\/li>\n<li>Sustituye a las placas de circuito impreso montadas de f\u00e1brica<\/li>\n<li>Funcionalidad Bluetooth: control a trav\u00e9s del smartphone con una aplicaci\u00f3n gratuita<\/li>\n<\/ul>\n<p>&nbsp;<\/p>\n<p><strong>El juego contiene:<\/strong><\/p>\n<ul>\n<li>Un total de 19 tarjetas de recambio ColorSHIFT de alto rendimiento\n<ul>\n<li>(3) Tarjetas ColourSHIFT\u00ae RGB en el salpicadero<\/li>\n<li>(2) tarjetas ColourSHIFT\u00ae RGB en el espacio reposapi\u00e9s delantero<\/li>\n<li>(2) Tarjetas ColorSHIFT\u00ae RGB en el espacio reposapi\u00e9s trasero<\/li>\n<li>(2) Tarjetas ColorSHIFT\u00ae RGB en los compartimentos superiores de la puerta delantera<\/li>\n<li>(2) Tarjetas ColorSHIFT\u00ae RGB en los compartimentos inferiores de la puerta delantera<\/li>\n<li>(2) Placas de circuito ColourSHIFT\u00ae RGB para los tiradores de las puertas delanteras<\/li>\n<li>(2) Placas ColorSHIFT\u00ae RGB para los compartimentos superiores de las puertas traseras<\/li>\n<li>(2) Placas ColorSHIFT\u00ae RGB para los compartimentos inferiores de las puertas traseras<\/li>\n<li>(2) Placas de circuito ColorSHIFT\u00ae RGB para los tiradores de las puertas traseras<\/li>\n<li>(1) Controlador LED Bluetooth ColorSHIFT<\/li>\n<\/ul>\n<\/li>\n<li>Conexiones y manual de usuario del controlador<\/li>\n<\/ul>\n<p>&nbsp;<\/p>\n<p><strong>Notas:<\/strong><\/p>\n<ul>\n<li>Los modelos enumerados deben estar equipados con el paquete de iluminaci\u00f3n interior<\/li>\n<li>No apto para los modelos 2500\/3500<\/li>\n<li>Algunos modelos TRX a partir del 23 no est\u00e1n equipados con iluminaci\u00f3n ambiental LED para el lado del conductor y\/o los tiradores de las puertas.<b><br \/>\nCompruebe si est\u00e1n disponibles antes de realizar el pedido<\/b><\/li>\n<\/ul>\n<p>&nbsp;<\/p>\n<p><iframe loading=\"lazy\" title=\"Reproductor de v\u00eddeo YouTube\" src=\"https:\/\/www.youtube.com\/embed\/OgBajAN5BNY?si=Om-E5zdV87qvFHdE\" width=\"560\" height=\"315\" frameborder=\"0\" allowfullscreen=\"allowfullscreen\"><\/iframe><\/p>","protected":false},"excerpt":{"rendered":"<p>2019-2024<\/p>","protected":false},"featured_media":68347731,"comment_status":"open","ping_status":"closed","template":"","meta":{"_acf_changed":false},"product_brand":[18906],"product_cat":[10262,19680,7445,7450],"product_tag":[475,18893,18899,18896,18897,18900,476,18907,18898,18894,6974,18098,18100,18099,86,18901,818,18895],"class_list":{"0":"post-68347728","1":"product","2":"type-product","3":"status-publish","4":"has-post-thumbnail","6":"product_brand-oracle-lighting","7":"product_cat-alle-produkte","8":"product_cat-1500-36-dt-beleuchtung","9":"product_cat-1500-57-dt-beleuchtung","10":"product_cat-trx-beleuchtung","11":"product_tag-475","12":"product_tag-4235-333","13":"product_tag-ablagefaecher","14":"product_tag-ambient-lighting","15":"product_tag-armaturenbrett","16":"product_tag-controller","17":"product_tag-dt","18":"product_tag-fahrzeugbeleuchtung","19":"product_tag-fussraum","20":"product_tag-innenraumbeleuchtung","21":"product_tag-led","22":"product_tag-mopar-10","23":"product_tag-oracle","24":"product_tag-oracle-lighting","25":"product_tag-ram","26":"product_tag-tuergriffe","27":"product_tag-umbausatz","28":"product_tag-umruestsatz","30":"first","31":"instock","32":"taxable","33":"shipping-taxable","34":"purchasable","35":"product-type-simple"},"bundled_by":[],"bundle_stock_status":"instock","bundle_stock_quantity":1,"bundle_virtual":false,"bundle_layout":"","bundle_add_to_cart_form_location":"","bundle_editable_in_cart":false,"bundle_sold_individually_context":"","bundle_item_grouping":"","bundle_min_size":"","bundle_max_size":"","bundle_price":[],"bundled_items":[],"bundle_sell_ids":[],"exclude_global_add_ons":[],"addons":[],"acf":[],"_links":{"self":[{"href":"https:\/\/kraftwerk-shop.cc\/es\/wp-json\/wp\/v2\/product\/68347728","targetHints":{"allow":["GET"]}}],"collection":[{"href":"https:\/\/kraftwerk-shop.cc\/es\/wp-json\/wp\/v2\/product"}],"about":[{"href":"https:\/\/kraftwerk-shop.cc\/es\/wp-json\/wp\/v2\/types\/product"}],"replies":[{"embeddable":true,"href":"https:\/\/kraftwerk-shop.cc\/es\/wp-json\/wp\/v2\/comments?post=68347728"}],"version-history":[{"count":0,"href":"https:\/\/kraftwerk-shop.cc\/es\/wp-json\/wp\/v2\/product\/68347728\/revisions"}],"wp:featuredmedia":[{"embeddable":true,"href":"https:\/\/kraftwerk-shop.cc\/es\/wp-json\/wp\/v2\/media\/68347731"}],"wp:attachment":[{"href":"https:\/\/kraftwerk-shop.cc\/es\/wp-json\/wp\/v2\/media?parent=68347728"}],"wp:term":[{"taxonomy":"product_brand","embeddable":true,"href":"https:\/\/kraftwerk-shop.cc\/es\/wp-json\/wp\/v2\/product_brand?post=68347728"},{"taxonomy":"product_cat","embeddable":true,"href":"https:\/\/kraftwerk-shop.cc\/es\/wp-json\/wp\/v2\/product_cat?post=68347728"},{"taxonomy":"product_tag","embeddable":true,"href":"https:\/\/kraftwerk-shop.cc\/es\/wp-json\/wp\/v2\/product_tag?post=68347728"}],"curies":[{"name":"wp","href":"https:\/\/api.w.org\/{rel}","templated":true}]}}