{"id":68347751,"date":"2025-08-16T19:55:00","date_gmt":"2025-08-16T17:55:00","guid":{"rendered":"https:\/\/kraftwerk-shop.cc\/?post_type=product&#038;p=68347751"},"modified":"2026-02-15T01:22:38","modified_gmt":"2026-02-15T00:22:38","slug":"sellador-de-silicona-para-faros-oracle-premium","status":"publish","type":"product","link":"https:\/\/kraftwerk-shop.cc\/es\/produkt\/oracle-premium-scheinwerfer-silikon-dichtmittel\/","title":{"rendered":"Sellador de silicona para faros ORACLE Premium"},"content":{"rendered":"<h1>Sellador de silicona para faros ORACLE Premium<\/h1>\n<p>&nbsp;<\/p>\n<p>Ya est\u00e1 disponible el primer adhesivo comercial espec\u00edficamente dise\u00f1ado para sellar faros de autom\u00f3viles. Este sellador de faros de alta calidad es un sellador de silicona RTV (vulcanizaci\u00f3n a temperatura ambiente) impermeable especialmente formulado y dise\u00f1ado para volver a montar las carcasas de los faros de los autom\u00f3viles. El sellante tiene un tiempo de adhesi\u00f3n de 30 minutos y cura en tres horas, recomend\u00e1ndose seis horas para garantizar un curado completo.<\/p>\n<p>&nbsp;<\/p>\n<p><b>Especificaciones:<\/b><\/p>\n<ul>\n<li>Temperatura m\u00ednima de aplicaci\u00f3n: 2 grados Celsius<\/li>\n<li>Temperatura m\u00e1xima de aplicaci\u00f3n: 32 grados Celsius<\/li>\n<\/ul>\n<p>&nbsp;<\/p>\n<p><b>Instrucciones:<\/b><\/p>\n<p>La silicona est\u00e1 lista para adherirse a los 30 minutos de su aplicaci\u00f3n. Los faros deben fijarse con una abrazadera u otro dispositivo para aplicar presi\u00f3n al conjunto durante al menos 3 horas durante el curado - preferiblemente toda la noche.<br \/>\nDependiendo del grosor de la junta adhesiva, la silicona puede tardar hasta 2 semanas en curarse completamente por dentro y por fuera. Durante este tiempo, debe evitar el lavado a presi\u00f3n, la lluvia intensa o cualquier otro contacto innecesario con el agua o la humedad.<\/p>\n<p>&nbsp;<\/p>\n<p><strong>Volumen de suministro:<\/strong><\/p>\n<ul>\n<li>1 x Sellador de faros ORACLE Black Premium (295 ml)<\/li>\n<\/ul>\n<p>&nbsp;<\/p>","protected":false},"excerpt":{"rendered":"<p>ORACLE Premium Scheinwerfer Silikon Dichtmittel &nbsp; Der erste im Handel erh\u00e4ltliche Klebstoff, der speziell f\u00fcr die Abdichtung von Autoscheinwerfern entwickelt<\/p>","protected":false},"featured_media":68347753,"comment_status":"open","ping_status":"closed","template":"","meta":{"_acf_changed":false},"product_brand":[18906],"product_cat":[10262],"product_tag":[18904,18903,18104,18907,18100,18099,895,18905,561],"class_list":{"0":"post-68347751","1":"product","2":"type-product","3":"status-publish","4":"has-post-thumbnail","6":"product_brand-oracle-lighting","7":"product_cat-alle-produkte","8":"product_tag-2001-504","9":"product_tag-dichtmittel","10":"product_tag-einbauwerkzeug","11":"product_tag-fahrzeugbeleuchtung","12":"product_tag-oracle","13":"product_tag-oracle-lighting","14":"product_tag-scheinwerfer","15":"product_tag-scheinwerferdichtmittel","16":"product_tag-silikon","18":"first","19":"instock","20":"taxable","21":"shipping-taxable","22":"purchasable","23":"product-type-simple"},"bundled_by":[],"bundle_stock_status":"instock","bundle_stock_quantity":2,"bundle_virtual":false,"bundle_layout":"","bundle_add_to_cart_form_location":"","bundle_editable_in_cart":false,"bundle_sold_individually_context":"","bundle_item_grouping":"","bundle_min_size":"","bundle_max_size":"","bundle_price":[],"bundled_items":[],"bundle_sell_ids":[],"exclude_global_add_ons":[],"addons":[],"acf":[],"_links":{"self":[{"href":"https:\/\/kraftwerk-shop.cc\/es\/wp-json\/wp\/v2\/product\/68347751","targetHints":{"allow":["GET"]}}],"collection":[{"href":"https:\/\/kraftwerk-shop.cc\/es\/wp-json\/wp\/v2\/product"}],"about":[{"href":"https:\/\/kraftwerk-shop.cc\/es\/wp-json\/wp\/v2\/types\/product"}],"replies":[{"embeddable":true,"href":"https:\/\/kraftwerk-shop.cc\/es\/wp-json\/wp\/v2\/comments?post=68347751"}],"version-history":[{"count":0,"href":"https:\/\/kraftwerk-shop.cc\/es\/wp-json\/wp\/v2\/product\/68347751\/revisions"}],"wp:featuredmedia":[{"embeddable":true,"href":"https:\/\/kraftwerk-shop.cc\/es\/wp-json\/wp\/v2\/media\/68347753"}],"wp:attachment":[{"href":"https:\/\/kraftwerk-shop.cc\/es\/wp-json\/wp\/v2\/media?parent=68347751"}],"wp:term":[{"taxonomy":"product_brand","embeddable":true,"href":"https:\/\/kraftwerk-shop.cc\/es\/wp-json\/wp\/v2\/product_brand?post=68347751"},{"taxonomy":"product_cat","embeddable":true,"href":"https:\/\/kraftwerk-shop.cc\/es\/wp-json\/wp\/v2\/product_cat?post=68347751"},{"taxonomy":"product_tag","embeddable":true,"href":"https:\/\/kraftwerk-shop.cc\/es\/wp-json\/wp\/v2\/product_tag?post=68347751"}],"curies":[{"name":"wp","href":"https:\/\/api.w.org\/{rel}","templated":true}]}}