{"id":68347764,"date":"2025-08-16T21:40:21","date_gmt":"2025-08-16T19:40:21","guid":{"rendered":"https:\/\/kraftwerk-shop.cc\/?post_type=product&#038;p=68347764"},"modified":"2026-02-15T01:22:41","modified_gmt":"2026-02-15T00:22:41","slug":"ati-crank-pin-kit-918008-1","status":"publish","type":"product","link":"https:\/\/kraftwerk-shop.cc\/es\/produkt\/ati-crank-pin-kit-918008-1\/","title":{"rendered":"Kit de biela ATI 5.7, 6.2, 6.4"},"content":{"rendered":"<h1>Kit de bul\u00f3n de cig\u00fce\u00f1al ATI para motores 5.7, 6.2, 6.4 VVT con amortiguador de vibraciones ATI<\/h1>\n<p>&nbsp;<\/p>\n<p>El kit de bul\u00f3n de cig\u00fce\u00f1al fue desarrollado para evitar que el amortiguador se mueva en el cig\u00fce\u00f1al. Esta modificaci\u00f3n es obligatoria para estos motores si se utilizan para aplicaciones de alto rendimiento o de sobrealimentaci\u00f3n.<\/p>\n<p>Para aplicaciones con alta presi\u00f3n de sobrealimentaci\u00f3n, se recomienda encarecidamente el uso de un kit de pasadores. El kit de plantilla de perforaci\u00f3n del cig\u00fce\u00f1al permite que los pasadores de posicionamiento permanente se instalen sin quitar la cubierta frontal o el cig\u00fce\u00f1al, ahorrando tiempo, dinero y esfuerzo. El kit tambi\u00e9n se utiliza para ubicar permanentemente todos los Super Amortiguadores ATI disponibles para el VVT Gen3 Hemi.<\/p>\n<p>&nbsp;<\/p>\n<p><strong>Volumen de suministro<\/strong>:<\/p>\n<ul>\n<li>Plantilla de perforaci\u00f3n de aluminio billet<\/li>\n<li>Broca endurecida de 11\/64 pulgadas<\/li>\n<li>Herramienta de alineaci\u00f3n<\/li>\n<li>Pasadores para el cig\u00fce\u00f1al<\/li>\n<\/ul>\n<p>&nbsp;<\/p>\n<p><strong>Notas:<\/strong><\/p>\n<ul>\n<li>Este kit est\u00e1 destinado \u00fanicamente a la instalaci\u00f3n profesional<\/li>\n<li>S\u00f3lo para uso con amortiguadores de vibraciones ATI<\/li>\n<\/ul>\n<p>&nbsp;<\/p>\n<p>&nbsp;<\/p>","protected":false},"excerpt":{"rendered":"<p>Kit de bul\u00f3n de cig\u00fce\u00f1al ATI para motores 5.7, 6.2, 6.4 VVT con amortiguador de vibraciones ATI El kit de bul\u00f3n de cig\u00fce\u00f1al ha sido desarrollado,<\/p>","protected":false},"featured_media":68347880,"comment_status":"open","ping_status":"closed","template":"","meta":{"_acf_changed":false},"product_brand":[18918],"product_cat":[2509,6709,4979,6724,1794,6490,2508,6729,2585,6659,1792,6484,2511,6714,5158,6734,2709,6664,1795,6495,2553,6739,2708,6669,2552,6500,4804,6719,2555,6744,2669,6674,2557,6505,6801,6510,1513,6749,5015,6754,2701,6679],"product_tag":[2843,475,101,18908,2840,54,53,18910,18909,49,3853,3854,56,100,50,4425,4427,4426,242,36,397,86,2842,2841,246,102,2353],"class_list":{"0":"post-68347764","1":"product","2":"type-product","3":"status-publish","4":"has-post-thumbnail","6":"product_brand-ati-performance","7":"product_cat-300c-57-2005-2010-kompressor","8":"product_cat-300c-57-2005-2010-kurbelwelle-kolben","9":"product_cat-300c-57-2011-2023-kompressor","10":"product_cat-300c-57-2011-2023-kurbelwelle-kolben","11":"product_cat-300c-64-kompressor","12":"product_cat-300c-64-kurbelwelle-kolben","13":"product_cat-challenger-57-kompressor","14":"product_cat-challenger-57-kurbelwelle-kolben","15":"product_cat-challenger-hellcat-kompressor","16":"product_cat-challenger-hellcat-kurbelwelle-kolben","17":"product_cat-challenger-64-kompressor","18":"product_cat-challenger-64-kurbelwelle-kolben","19":"product_cat-charger-57-kompressor","20":"product_cat-charger-57-kurbelwelle-kolben","21":"product_cat-charger-57-2011-2023-kompressor","22":"product_cat-charger-57-2011-2023-kurbelwelle-kolben","23":"product_cat-charger-hellcat-kompressor","24":"product_cat-charger-hellcat-kurbelwelle-kolben","25":"product_cat-charger-64-kompressor","26":"product_cat-charger-64-kurbelwelle-kolben","27":"product_cat-durango-57-kompressor","28":"product_cat-durango-57-kurbelwelle-kolben","29":"product_cat-durango-hellcat-kompressor","30":"product_cat-durango-hellcat-kurbelwelle-kolben","31":"product_cat-durango-64-kompressor","32":"product_cat-durango-64-kurbelwelle-kolben","33":"product_cat-grand-cherokee-57-2005-2010-kompressor","34":"product_cat-grand-cherokee-57-2005-2010-kurbelwelle-kolben","35":"product_cat-grand-cherokee-57-2011-2021-kompressor","36":"product_cat-grand-cherokee-57-2011-2021-kurbelwelle-kolben","37":"product_cat-trackhawk-kompressor","38":"product_cat-trackhawk-kurbelwelle-kolben","39":"product_cat-grand-cherokee-64-kompressor","40":"product_cat-grand-cherokee-64-kurbelwelle-kolben","41":"product_cat-wagoneer-64-kurbelwelle-kolben","42":"product_cat-wrangler-64-kurbelwelle-kolben","43":"product_cat-1500-57-2009-2018-classic-kompressor","44":"product_cat-1500-57-2009-2018-classic-kurbelwelle-kolben","45":"product_cat-1500-57-dt-kompressor","46":"product_cat-1500-57-dt-kurbelwelle-kolben","47":"product_cat-trx-kompressor","48":"product_cat-trx-kurbelwelle-kolben","49":"product_tag-10-overdrive","50":"product_tag-475","51":"product_tag-6-2","52":"product_tag-918008-1","53":"product_tag-ati","54":"product_tag-challenger","55":"product_tag-charger","56":"product_tag-crank-pin","57":"product_tag-crank-pin-kit","58":"product_tag-dodge","59":"product_tag-dodge-challenger","60":"product_tag-dodge-charger","61":"product_tag-grand-cherokee","62":"product_tag-hellcat","63":"product_tag-jeep","64":"product_tag-jeep-grand-cherokee","65":"product_tag-jeep-grand-cherokee-trackhawk","66":"product_tag-jeep-trackhawk","67":"product_tag-kompressor","68":"product_tag-kraftwerk","69":"product_tag-pulley","70":"product_tag-ram","71":"product_tag-schwingungsdaempfer","72":"product_tag-super-damper","73":"product_tag-supercharger","74":"product_tag-trackhawk","75":"product_tag-trx","77":"first","78":"instock","79":"taxable","80":"shipping-taxable","81":"purchasable","82":"product-type-simple"},"bundled_by":[],"bundle_stock_status":"instock","bundle_stock_quantity":1,"bundle_virtual":false,"bundle_layout":"","bundle_add_to_cart_form_location":"","bundle_editable_in_cart":false,"bundle_sold_individually_context":"","bundle_item_grouping":"","bundle_min_size":"","bundle_max_size":"","bundle_price":[],"bundled_items":[],"bundle_sell_ids":[],"exclude_global_add_ons":[],"addons":[],"acf":[],"_links":{"self":[{"href":"https:\/\/kraftwerk-shop.cc\/es\/wp-json\/wp\/v2\/product\/68347764","targetHints":{"allow":["GET"]}}],"collection":[{"href":"https:\/\/kraftwerk-shop.cc\/es\/wp-json\/wp\/v2\/product"}],"about":[{"href":"https:\/\/kraftwerk-shop.cc\/es\/wp-json\/wp\/v2\/types\/product"}],"replies":[{"embeddable":true,"href":"https:\/\/kraftwerk-shop.cc\/es\/wp-json\/wp\/v2\/comments?post=68347764"}],"version-history":[{"count":0,"href":"https:\/\/kraftwerk-shop.cc\/es\/wp-json\/wp\/v2\/product\/68347764\/revisions"}],"wp:featuredmedia":[{"embeddable":true,"href":"https:\/\/kraftwerk-shop.cc\/es\/wp-json\/wp\/v2\/media\/68347880"}],"wp:attachment":[{"href":"https:\/\/kraftwerk-shop.cc\/es\/wp-json\/wp\/v2\/media?parent=68347764"}],"wp:term":[{"taxonomy":"product_brand","embeddable":true,"href":"https:\/\/kraftwerk-shop.cc\/es\/wp-json\/wp\/v2\/product_brand?post=68347764"},{"taxonomy":"product_cat","embeddable":true,"href":"https:\/\/kraftwerk-shop.cc\/es\/wp-json\/wp\/v2\/product_cat?post=68347764"},{"taxonomy":"product_tag","embeddable":true,"href":"https:\/\/kraftwerk-shop.cc\/es\/wp-json\/wp\/v2\/product_tag?post=68347764"}],"curies":[{"name":"wp","href":"https:\/\/api.w.org\/{rel}","templated":true}]}}