{"id":68347832,"date":"2025-08-17T16:59:23","date_gmt":"2025-08-17T14:59:23","guid":{"rendered":"https:\/\/kraftwerk-shop.cc\/?post_type=product&#038;p=68347832"},"modified":"2026-03-04T12:57:05","modified_gmt":"2026-03-04T11:57:05","slug":"ati-6-amortiguador-de-sobremarcha-57-64","status":"publish","type":"product","link":"https:\/\/kraftwerk-shop.cc\/es\/produkt\/ati-6-overdrive-damper-57-64\/","title":{"rendered":"ATI 6% Amortiguador Overdrive Super 5.7 &amp; 6.4"},"content":{"rendered":"<h1>6% Amortiguador de vibraciones de ATI para Chrysler 300C, Dodge Challenger, Charger, Durango y Jeep Grand Cherokee 5.7 y 6.4 de 2011 a 2023<\/h1>\n<h2>M\u00e1s presi\u00f3n de sobrealimentaci\u00f3n para los motores HEMI sobrealimentados<\/h2>\n<p>&nbsp;<\/p>\n<p>El ATI 6 % Overdrive Super Damper es la soluci\u00f3n ideal para cualquier persona que quiera obtener a\u00fan m\u00e1s potencia de la 5.7 L o 6.4 L HEMI en su sistema de sobrealimentaci\u00f3n retrofitted.<br \/>\nEl aumento de la relaci\u00f3n de transmisi\u00f3n significa que el sobrealimentador se acciona m\u00e1s r\u00e1pido, lo que incrementa la presi\u00f3n de sobrealimentaci\u00f3n y libera notablemente m\u00e1s potencia, al tiempo que maximiza la protecci\u00f3n del motor.<br \/>\nEl superamortiguador ATI se ha desarrollado especialmente para aplicaciones de alto rendimiento y garantiza una amortiguaci\u00f3n equilibrada de las vibraciones torsionales del cig\u00fce\u00f1al en todos los reg\u00edmenes del motor.<br \/>\nEspecialmente recomendado para conversiones de sobrealimentaci\u00f3n cuando se requiere m\u00e1s presi\u00f3n de sobrealimentaci\u00f3n y potencia adicional, ya sea en el uso diario, en el cuarto de milla o en la pista de carreras.<\/p>\n<p>&nbsp;<\/p>\n<p>&nbsp;<\/p>\n<p><strong>Propiedades:<\/strong><\/p>\n<ul>\n<li>+6 % m\u00e1s velocidad de sobrealimentaci\u00f3n - mayor presi\u00f3n de sobrealimentaci\u00f3n y aumento notable de las prestaciones<\/li>\n<li>Protege los rodamientos, el accionamiento de distribuci\u00f3n y las unidades auxiliares de las vibraciones de torsi\u00f3n<\/li>\n<li>Sustituye al amortiguador de serie, elimina los conocidos puntos d\u00e9biles del OEM<\/li>\n<li>Certificado SFI 18.1 \u2192 seguro a altas velocidades, apto para carreras.<\/li>\n<li>Modular y de f\u00e1cil mantenimiento \u2192 dise\u00f1o reconstruible con juntas t\u00f3ricas sustituibles<\/li>\n<li>Marcas de 360 grados grabadas con l\u00e1ser<\/li>\n<li>Revestimiento de zinc cromado negro<\/li>\n<\/ul>\n<p>&nbsp;<\/p>\n<p><strong>Volumen de suministro<\/strong>:<\/p>\n<ul>\n<li>Amortiguador de sobremarcha ATI 6%<\/li>\n<\/ul>\n<p>&nbsp;<\/p>\n<p><strong>Notas:<\/strong><\/p>\n<ul>\n<li>Esta pieza est\u00e1 destinada \u00fanicamente a la instalaci\u00f3n profesional<\/li>\n<li>Las instrucciones de instalaci\u00f3n se suministran en ingl\u00e9s.<\/li>\n<li>Es posible que necesite una correa m\u00e1s larga. No est\u00e1 incluida en el volumen de suministro.<\/li>\n<li>Se recomienda el kit de bielas ATI<\/li>\n<li>No apto para 2009 y 2010 5,7<\/li>\n<\/ul>\n<p>&nbsp;<\/p>\n<p>&nbsp;<\/p>\n<p><strong>Acerca del fabricante ATI Performance Products:<\/strong><\/p>\n<p>ATI Performance Products, Inc. se fund\u00f3 en 1961 en Baltimore (Maryland, EE.UU.) y hoy es uno de los principales especialistas en componentes de alto rendimiento para el deporte del motor.<br \/>\nLa empresa es conocida desde hace d\u00e9cadas por su tecnolog\u00eda innovadora, su calidad sin concesiones y su experiencia en competici\u00f3n.<\/p>\n<p>La cartera de productos abarca desde cajas de cambios, convertidores de par y componentes de diferencial hasta los internacionalmente conocidos superamortiguadores ATI. \u00c9stos se consideran el est\u00e1ndar del sector para los equipos de carreras profesionales y los tuneadores m\u00e1s exigentes de todo el mundo. Cuentan con m\u00faltiples certificaciones SFI 18.1, un dise\u00f1o modular y pueden volver a sellarse o repararse seg\u00fan sea necesario.<br \/>\nGracias a su extraordinaria calidad, no s\u00f3lo se consideran el est\u00e1ndar de tuning, sino que tambi\u00e9n se utilizan en diversas obras de f\u00e1brica de motores Mopar Crate.<\/p>\n<p>La empresa es sin\u00f3nimo de precisi\u00f3n \"Made in the USA\", combinada con d\u00e9cadas de experiencia en el automovilismo profesional. Quien opta por estos productos recibe un componente que combina la m\u00e1xima seguridad, una larga vida \u00fatil y el m\u00e1ximo rendimiento, tanto en el uso diario como en las condiciones de competici\u00f3n m\u00e1s duras.<\/p>\n<p>&nbsp;<\/p>","protected":false},"excerpt":{"rendered":"<p>6% Amortiguador de vibraciones Overdrive de ATI para Chrysler 300C, Dodge Challenger, Charger, Durango y Jeep Grand Cherokee 5,7 y 6,4 de<\/p>","protected":false},"featured_media":68347782,"comment_status":"open","ping_status":"closed","template":"","meta":{"_acf_changed":false},"product_brand":[18918],"product_cat":[10262,4979,6724,1794,6490,2508,6729,1792,6484,5158,6734,1795,6495,2553,6739,2552,6500,2555,6744,2557,6505],"product_tag":[52,91,1049,93,18915,18914,2840,54,53,48,49,3853,3854,95,56,50,4425,36,2847,397,86,721,2842,2841,246],"class_list":{"0":"post-68347832","1":"product","2":"type-product","3":"status-publish","4":"has-post-thumbnail","6":"product_brand-ati-performance","7":"product_cat-alle-produkte","8":"product_cat-300c-57-2011-2023-kompressor","9":"product_cat-300c-57-2011-2023-kurbelwelle-kolben","10":"product_cat-300c-64-kompressor","11":"product_cat-300c-64-kurbelwelle-kolben","12":"product_cat-challenger-57-kompressor","13":"product_cat-challenger-57-kurbelwelle-kolben","14":"product_cat-challenger-64-kompressor","15":"product_cat-challenger-64-kurbelwelle-kolben","16":"product_cat-charger-57-2011-2023-kompressor","17":"product_cat-charger-57-2011-2023-kurbelwelle-kolben","18":"product_cat-charger-64-kompressor","19":"product_cat-charger-64-kurbelwelle-kolben","20":"product_cat-durango-57-kompressor","21":"product_cat-durango-57-kurbelwelle-kolben","22":"product_cat-durango-64-kompressor","23":"product_cat-durango-64-kurbelwelle-kolben","24":"product_cat-grand-cherokee-57-2011-2021-kompressor","25":"product_cat-grand-cherokee-57-2011-2021-kurbelwelle-kolben","26":"product_cat-grand-cherokee-64-kompressor","27":"product_cat-grand-cherokee-64-kurbelwelle-kolben","28":"product_tag-300c","29":"product_tag-5-7","30":"product_tag-1049","31":"product_tag-6-4","32":"product_tag-6-overdrive","33":"product_tag-18914","34":"product_tag-ati","35":"product_tag-challenger","36":"product_tag-charger","37":"product_tag-chrysler","38":"product_tag-dodge","39":"product_tag-dodge-challenger","40":"product_tag-dodge-charger","41":"product_tag-durango","42":"product_tag-grand-cherokee","43":"product_tag-jeep","44":"product_tag-jeep-grand-cherokee","45":"product_tag-kraftwerk","46":"product_tag-overdrive","47":"product_tag-pulley","48":"product_tag-ram","49":"product_tag-riemenscheibe","50":"product_tag-schwingungsdaempfer","51":"product_tag-super-damper","52":"product_tag-supercharger","54":"first","55":"onbackorder","56":"taxable","57":"shipping-taxable","58":"purchasable","59":"product-type-variable","60":"has-default-attributes"},"bundled_by":[],"bundle_stock_status":"onbackorder","bundle_stock_quantity":0,"bundle_virtual":false,"bundle_layout":"","bundle_add_to_cart_form_location":"","bundle_editable_in_cart":false,"bundle_sold_individually_context":"","bundle_item_grouping":"","bundle_min_size":"","bundle_max_size":"","bundle_price":[],"bundled_items":[],"bundle_sell_ids":[],"exclude_global_add_ons":[],"addons":[],"acf":[],"_links":{"self":[{"href":"https:\/\/kraftwerk-shop.cc\/es\/wp-json\/wp\/v2\/product\/68347832","targetHints":{"allow":["GET"]}}],"collection":[{"href":"https:\/\/kraftwerk-shop.cc\/es\/wp-json\/wp\/v2\/product"}],"about":[{"href":"https:\/\/kraftwerk-shop.cc\/es\/wp-json\/wp\/v2\/types\/product"}],"replies":[{"embeddable":true,"href":"https:\/\/kraftwerk-shop.cc\/es\/wp-json\/wp\/v2\/comments?post=68347832"}],"version-history":[{"count":0,"href":"https:\/\/kraftwerk-shop.cc\/es\/wp-json\/wp\/v2\/product\/68347832\/revisions"}],"wp:featuredmedia":[{"embeddable":true,"href":"https:\/\/kraftwerk-shop.cc\/es\/wp-json\/wp\/v2\/media\/68347782"}],"wp:attachment":[{"href":"https:\/\/kraftwerk-shop.cc\/es\/wp-json\/wp\/v2\/media?parent=68347832"}],"wp:term":[{"taxonomy":"product_brand","embeddable":true,"href":"https:\/\/kraftwerk-shop.cc\/es\/wp-json\/wp\/v2\/product_brand?post=68347832"},{"taxonomy":"product_cat","embeddable":true,"href":"https:\/\/kraftwerk-shop.cc\/es\/wp-json\/wp\/v2\/product_cat?post=68347832"},{"taxonomy":"product_tag","embeddable":true,"href":"https:\/\/kraftwerk-shop.cc\/es\/wp-json\/wp\/v2\/product_tag?post=68347832"}],"curies":[{"name":"wp","href":"https:\/\/api.w.org\/{rel}","templated":true}]}}