{"id":68347838,"date":"2025-08-17T17:02:24","date_gmt":"2025-08-17T15:02:24","guid":{"rendered":"https:\/\/kraftwerk-shop.cc\/?post_type=product&#038;p=68347838"},"modified":"2026-03-04T12:57:06","modified_gmt":"2026-03-04T11:57:06","slug":"amortiguador-de-bajos-ati-57-64","status":"publish","type":"product","link":"https:\/\/kraftwerk-shop.cc\/es\/produkt\/ati-underdrive-damper-57-64\/","title":{"rendered":"Super Amortiguador ATI 15% Underdrive 5.7 &amp; 6.4"},"content":{"rendered":"<h1>15% Amortiguador de vibraciones de ATI para Chrysler 300C, Dodge Challenger, Charger, Durango y Jeep Grand Cherokee 5.7 y 6.4 de 2011 a 2023<\/h1>\n<p>&nbsp;<\/p>\n<p>Si desea liberar algo de potencia extra reduciendo la velocidad de sus unidades auxiliares, el superamortiguador ATI 15 % Underdrive es justo lo que necesita.<br \/>\nEste amortiguador de vibraciones tiene un peso oscilante de 7 pulgadas para proteger al m\u00e1ximo el cig\u00fce\u00f1al y el tren de v\u00e1lvulas.<\/p>\n<p>El ATI 15 % Underdrive Super Damper no es s\u00f3lo una mejora de rendimiento, sino tambi\u00e9n un componente importante para la seguridad del motor de su 5.7 o 6.4 Hemi.<\/p>\n<p>El S\u00faper Amortiguador ATI est\u00e1 aprobado por la SFI para aplicaciones de carretera y competici\u00f3n. El ATI Super Damper se ha desarrollado especialmente para aplicaciones de alto rendimiento y garantiza una amortiguaci\u00f3n equilibrada de las vibraciones torsionales del cig\u00fce\u00f1al en todos los reg\u00edmenes del motor. Con grabado l\u00e1ser de 360 grados para marcar el momento de encendido.<\/p>\n<p>El amortiguador patentado ATI Super Damper es el \u00fanico desarrollado exclusivamente para motores de alto rendimiento.<\/p>\n<p>&nbsp;<\/p>\n<ul>\n<li>Elimina las vibraciones de torsi\u00f3n del cig\u00fce\u00f1al, protege los cojinetes y la transmisi\u00f3n de la distribuci\u00f3n<\/li>\n<li>Certificado SFI-18.1: Apto para carreras, seguro a altas velocidades.<\/li>\n<li>Alivia la carga de las unidades auxiliares, proporciona una potencia extra notable (hasta 10-15 CV)<\/li>\n<li>Mejor comportamiento de respuesta: Revoluciones notablemente m\u00e1s r\u00e1pidas, sensaci\u00f3n de conducci\u00f3n m\u00e1s \u00e1gil<\/li>\n<li>Duradero y f\u00e1cil de mantener: dise\u00f1o reconstruible con juntas t\u00f3ricas sustituibles<\/li>\n<li>Mejora de la protecci\u00f3n del motor: Evita los conocidos puntos d\u00e9biles del amortiguador Hemi de serie.<\/li>\n<li>Marcas de 360 grados grabadas con l\u00e1ser<\/li>\n<li>Revestimiento de zinc cromado negro<\/li>\n<\/ul>\n<p>&nbsp;<\/p>\n<p><strong>Volumen de suministro<\/strong>:<\/p>\n<ul>\n<li>Amortiguador ATI 15% Underdrive<\/li>\n<\/ul>\n<p>&nbsp;<\/p>\n<p><strong>Notas:<\/strong><\/p>\n<ul>\n<li>Esta pieza est\u00e1 destinada \u00fanicamente a la instalaci\u00f3n profesional<\/li>\n<li>Requiere un peque\u00f1o lijado de las orejas del c\u00e1rter de aceite\/carcasa de control para crear espacio<\/li>\n<li>Se recomienda una distancia m\u00ednima de 0,060 entre la placa posterior del amortiguador y la carcasa de control\/bandeja de aceite.<\/li>\n<li>Las instrucciones de instalaci\u00f3n se suministran en ingl\u00e9s.<\/li>\n<li>Es posible que necesite una correa m\u00e1s corta, que no se incluye en el volumen de suministro.<\/li>\n<li>No apto para 2009 y 2010 5,7<\/li>\n<\/ul>\n<p>&nbsp;<\/p>\n<p>&nbsp;<\/p>\n<p><strong>Acerca del fabricante ATI Performance Products:<\/strong><\/p>\n<p>ATI Performance Products, Inc. se fund\u00f3 en 1961 en Baltimore (Maryland, EE.UU.) y hoy es uno de los principales especialistas en componentes de alto rendimiento para el deporte del motor.<br \/>\nLa empresa es conocida desde hace d\u00e9cadas por su tecnolog\u00eda innovadora, su calidad sin concesiones y su experiencia en competici\u00f3n.<\/p>\n<p>La cartera de productos abarca desde cajas de cambios, convertidores de par y componentes de diferencial hasta los internacionalmente conocidos superamortiguadores ATI. \u00c9stos se consideran el est\u00e1ndar del sector para los equipos de carreras profesionales y los tuneadores m\u00e1s exigentes de todo el mundo. Cuentan con m\u00faltiples certificaciones SFI 18.1, un dise\u00f1o modular y pueden volver a sellarse o repararse seg\u00fan sea necesario.<br \/>\nGracias a su extraordinaria calidad, no s\u00f3lo se consideran el est\u00e1ndar de tuning, sino que tambi\u00e9n se utilizan en diversas obras de f\u00e1brica de motores Mopar Crate.<\/p>\n<p>La empresa es sin\u00f3nimo de precisi\u00f3n \"Made in the USA\", combinada con d\u00e9cadas de experiencia en el automovilismo profesional. Quien opta por estos productos recibe un componente que combina la m\u00e1xima seguridad, una larga vida \u00fatil y el m\u00e1ximo rendimiento, tanto en el uso diario como en las condiciones de competici\u00f3n m\u00e1s duras.<\/p>\n<p>&nbsp;<\/p>","protected":false},"excerpt":{"rendered":"<p>15% Amortiguador de vibraciones de la transmisi\u00f3n inferior de ATI para Chrysler 300C, Dodge Challenger, Charger, Durango y Jeep Grand Cherokee 5,7 y 6,4 de<\/p>","protected":false},"featured_media":68347778,"comment_status":"open","ping_status":"closed","template":"","meta":{"_acf_changed":false},"product_brand":[18918],"product_cat":[10262,6724,6490,6729,6484,6734,6495,6739,6500,6744,6505],"product_tag":[18911,18913,52,91,93,18917,2840,54,53,48,49,3853,3854,95,56,50,4425,36,31,397,86,721,18919,2842,2841,246,18912,4440],"class_list":{"0":"post-68347838","1":"product","2":"type-product","3":"status-publish","4":"has-post-thumbnail","6":"product_brand-ati-performance","7":"product_cat-alle-produkte","8":"product_cat-300c-57-2011-2023-kurbelwelle-kolben","9":"product_cat-300c-64-kurbelwelle-kolben","10":"product_cat-challenger-57-kurbelwelle-kolben","11":"product_cat-challenger-64-kurbelwelle-kolben","12":"product_cat-charger-57-2011-2023-kurbelwelle-kolben","13":"product_cat-charger-64-kurbelwelle-kolben","14":"product_cat-durango-57-kurbelwelle-kolben","15":"product_cat-durango-64-kurbelwelle-kolben","16":"product_cat-grand-cherokee-57-2011-2021-kurbelwelle-kolben","17":"product_cat-grand-cherokee-64-kurbelwelle-kolben","18":"product_tag-18911","19":"product_tag-15-underdrive","20":"product_tag-300c","21":"product_tag-5-7","22":"product_tag-6-4","23":"product_tag-18917","24":"product_tag-ati","25":"product_tag-challenger","26":"product_tag-charger","27":"product_tag-chrysler","28":"product_tag-dodge","29":"product_tag-dodge-challenger","30":"product_tag-dodge-charger","31":"product_tag-durango","32":"product_tag-grand-cherokee","33":"product_tag-jeep","34":"product_tag-jeep-grand-cherokee","35":"product_tag-kraftwerk","36":"product_tag-mopar","37":"product_tag-pulley","38":"product_tag-ram","39":"product_tag-riemenscheibe","40":"product_tag-schraube-vibrationsdaempfer-riemenscheibe-kurbelwelle","41":"product_tag-schwingungsdaempfer","42":"product_tag-super-damper","43":"product_tag-supercharger","44":"product_tag-underdrive","45":"product_tag-vibrationsdaempfer","46":"product_shipping_class-deutschlandohne","48":"first","49":"onbackorder","50":"taxable","51":"shipping-taxable","52":"purchasable","53":"product-type-variable","54":"has-default-attributes"},"bundled_by":[],"bundle_stock_status":"onbackorder","bundle_stock_quantity":0,"bundle_virtual":false,"bundle_layout":"","bundle_add_to_cart_form_location":"","bundle_editable_in_cart":false,"bundle_sold_individually_context":"","bundle_item_grouping":"","bundle_min_size":"","bundle_max_size":"","bundle_price":[],"bundled_items":[],"bundle_sell_ids":[],"exclude_global_add_ons":[],"addons":[],"acf":[],"_links":{"self":[{"href":"https:\/\/kraftwerk-shop.cc\/es\/wp-json\/wp\/v2\/product\/68347838","targetHints":{"allow":["GET"]}}],"collection":[{"href":"https:\/\/kraftwerk-shop.cc\/es\/wp-json\/wp\/v2\/product"}],"about":[{"href":"https:\/\/kraftwerk-shop.cc\/es\/wp-json\/wp\/v2\/types\/product"}],"replies":[{"embeddable":true,"href":"https:\/\/kraftwerk-shop.cc\/es\/wp-json\/wp\/v2\/comments?post=68347838"}],"version-history":[{"count":0,"href":"https:\/\/kraftwerk-shop.cc\/es\/wp-json\/wp\/v2\/product\/68347838\/revisions"}],"wp:featuredmedia":[{"embeddable":true,"href":"https:\/\/kraftwerk-shop.cc\/es\/wp-json\/wp\/v2\/media\/68347778"}],"wp:attachment":[{"href":"https:\/\/kraftwerk-shop.cc\/es\/wp-json\/wp\/v2\/media?parent=68347838"}],"wp:term":[{"taxonomy":"product_brand","embeddable":true,"href":"https:\/\/kraftwerk-shop.cc\/es\/wp-json\/wp\/v2\/product_brand?post=68347838"},{"taxonomy":"product_cat","embeddable":true,"href":"https:\/\/kraftwerk-shop.cc\/es\/wp-json\/wp\/v2\/product_cat?post=68347838"},{"taxonomy":"product_tag","embeddable":true,"href":"https:\/\/kraftwerk-shop.cc\/es\/wp-json\/wp\/v2\/product_tag?post=68347838"}],"curies":[{"name":"wp","href":"https:\/\/api.w.org\/{rel}","templated":true}]}}