{"id":68347881,"date":"2025-08-19T17:33:47","date_gmt":"2025-08-19T15:33:47","guid":{"rendered":"https:\/\/kraftwerk-shop.cc\/?post_type=product&#038;p=68347881"},"modified":"2026-02-15T01:22:51","modified_gmt":"2026-02-15T00:22:51","slug":"jlt-intake-cai-75-5178-camaro-ss","status":"publish","type":"product","link":"https:\/\/kraftwerk-shop.cc\/es\/produkt\/jlt-intake-cai-75-5178-camaro-ss\/","title":{"rendered":"JLT Admisi\u00f3n de aire fr\u00edo Chevrolet Camaro SS"},"content":{"rendered":"<h1>JLT Sistema de admisi\u00f3n de aire fr\u00edo \/ filtro de aire deportivo Chevrolet Camaro SS 2016 - 2024<\/h1>\n<p>&nbsp;<\/p>\n<p><strong>Filtro de aire grande<\/strong><br \/>\nEl filtro de aire de generosas dimensiones permite un mayor flujo de aire que el filtro est\u00e1ndar.<br \/>\nEl elemento filtrante del aire est\u00e1 compuesto por material filtrante de algod\u00f3n, que se humedece con un aceite filtrante especial y puede lavarse. Esto maximiza la capacidad y el rendimiento del filtro.<\/p>\n<p>&nbsp;<\/p>\n<p><strong>Colector de admisi\u00f3n<\/strong><br \/>\nEl tubo de admisi\u00f3n est\u00e1 hecho de pl\u00e1stico rotomoldeado con una enorme abertura de filtro de 5\u2033 para un flujo de aire superior y SIN acumulaci\u00f3n de calor como con los tubos de metal.<\/p>\n<p>&nbsp;<\/p>\n<p><strong>3 elementos de conexi\u00f3n para diversas v\u00e1lvulas de mariposa<\/strong><\/p>\n<ul>\n<li>no Tune, v\u00e1lvula de mariposa OEM<\/li>\n<li>V\u00e1lvula de mariposa de 5\u2033, 95 mm<\/li>\n<li>V\u00e1lvula de mariposa de 5\u2033, 103 mm<\/li>\n<\/ul>\n<p>&nbsp;<\/p>\n<p><strong>Carcasa del filtro de aire<\/strong><br \/>\nIncluye nuestro gran escudo t\u00e9rmico de pl\u00e1stico ABS para aislar el aire de admisi\u00f3n del calor del motor al ralent\u00ed y a bajas revoluciones.<br \/>\nUtiliza una gran superficie para garantizar que el filtro reciba abundante aire fr\u00edo y aprovecha la entrada de aire fresco de f\u00e1brica del parachoques para mantener las temperaturas lo m\u00e1s bajas posible.<\/p>\n<p>&nbsp;<\/p>\n<p><strong>Material de instalaci\u00f3n de alta calidad<\/strong><\/p>\n<ul>\n<li>Colector de admisi\u00f3n de pl\u00e1stico moldeado JLT Roto<\/li>\n<li>Reductor de silicona<\/li>\n<li>Filtro de aire S&amp;B Powerstack<\/li>\n<li>Escudo t\u00e9rmico ABS<\/li>\n<li>Abrazaderas HD, todas las piezas necesarias<\/li>\n<\/ul>\n<p>&nbsp;<\/p>\n<p><strong>detalles<\/strong><\/p>\n<p>- + 15 CV, + 27 NM de aumento de potencia m\u00e1xima (especificaci\u00f3n del fabricante)<br \/>\n- Carcasa del filtro de aire con soportes para montaje directo<br \/>\n- Filtro de aire Pro 10R preengrasado, lavable y reutilizable para un rendimiento m\u00e1ximo<\/p>\n<p>&nbsp;<\/p>\n<p>&nbsp;<\/p>\n<p><strong>Adecuado para:<\/strong><\/p>\n<table width=\"749\">\n<tbody>\n<tr>\n<td width=\"262\"><strong>A\u00f1o de construcci\u00f3n<\/strong><\/td>\n<td width=\"158\"><strong>Marca<\/strong><\/td>\n<td width=\"134\"><strong>Modelo<\/strong><\/td>\n<td width=\"112\"><strong>Variante<\/strong><\/td>\n<td width=\"83\"><strong>Motor<\/strong><\/td>\n<\/tr>\n<tr>\n<td width=\"262\">2016 - 2024<\/td>\n<td width=\"158\">Chevrolet<\/td>\n<td width=\"134\">Camaro<\/td>\n<td width=\"112\">SS<\/td>\n<td width=\"83\">V8 6.2 L<\/td>\n<\/tr>\n<\/tbody>\n<\/table>\n<p>&nbsp;<\/p>\n<p>&nbsp;<\/p>\n<p><iframe loading=\"lazy\" title=\"Reproductor de v\u00eddeo YouTube\" src=\"https:\/\/www.youtube.com\/embed\/4eOLprDBodQ?si=ZDcF_SdASUkUrwtz\" width=\"560\" height=\"315\" frameborder=\"0\" allowfullscreen=\"allowfullscreen\"><\/iframe><\/p>","protected":false},"excerpt":{"rendered":"<p>2016 - 2024<\/p>","protected":false},"featured_media":68348164,"comment_status":"open","ping_status":"closed","template":"","meta":{"_acf_changed":false},"product_brand":[17168],"product_cat":[10262,3074],"product_tag":[826,824,18095,191,189,190,825,1094,1093,2444,20273,57,500,291],"class_list":{"0":"post-68347881","1":"product","2":"type-product","3":"status-publish","4":"has-post-thumbnail","6":"product_brand-jlt","7":"product_cat-alle-produkte","8":"product_cat-camaro-62-2016-ansaugung","9":"product_tag-ansaugung","10":"product_tag-cai","11":"product_tag-cai-75-5178","12":"product_tag-camaro","13":"product_tag-chevrolet","14":"product_tag-chevy","15":"product_tag-cold-air-intake","16":"product_tag-intake","17":"product_tag-jlt","18":"product_tag-jlt-performance","19":"product_tag-keintuev","20":"product_tag-luftfilter","21":"product_tag-sportluftfilter","22":"product_tag-ss","24":"first","25":"instock","26":"taxable","27":"shipping-taxable","28":"purchasable","29":"product-type-simple"},"bundled_by":[],"bundle_stock_status":"instock","bundle_stock_quantity":1,"bundle_virtual":false,"bundle_layout":"","bundle_add_to_cart_form_location":"","bundle_editable_in_cart":false,"bundle_sold_individually_context":"","bundle_item_grouping":"","bundle_min_size":"","bundle_max_size":"","bundle_price":[],"bundled_items":[],"bundle_sell_ids":[],"exclude_global_add_ons":[],"addons":[],"acf":[],"_links":{"self":[{"href":"https:\/\/kraftwerk-shop.cc\/es\/wp-json\/wp\/v2\/product\/68347881","targetHints":{"allow":["GET"]}}],"collection":[{"href":"https:\/\/kraftwerk-shop.cc\/es\/wp-json\/wp\/v2\/product"}],"about":[{"href":"https:\/\/kraftwerk-shop.cc\/es\/wp-json\/wp\/v2\/types\/product"}],"replies":[{"embeddable":true,"href":"https:\/\/kraftwerk-shop.cc\/es\/wp-json\/wp\/v2\/comments?post=68347881"}],"version-history":[{"count":0,"href":"https:\/\/kraftwerk-shop.cc\/es\/wp-json\/wp\/v2\/product\/68347881\/revisions"}],"wp:featuredmedia":[{"embeddable":true,"href":"https:\/\/kraftwerk-shop.cc\/es\/wp-json\/wp\/v2\/media\/68348164"}],"wp:attachment":[{"href":"https:\/\/kraftwerk-shop.cc\/es\/wp-json\/wp\/v2\/media?parent=68347881"}],"wp:term":[{"taxonomy":"product_brand","embeddable":true,"href":"https:\/\/kraftwerk-shop.cc\/es\/wp-json\/wp\/v2\/product_brand?post=68347881"},{"taxonomy":"product_cat","embeddable":true,"href":"https:\/\/kraftwerk-shop.cc\/es\/wp-json\/wp\/v2\/product_cat?post=68347881"},{"taxonomy":"product_tag","embeddable":true,"href":"https:\/\/kraftwerk-shop.cc\/es\/wp-json\/wp\/v2\/product_tag?post=68347881"}],"curies":[{"name":"wp","href":"https:\/\/api.w.org\/{rel}","templated":true}]}}