{"id":68348275,"date":"2025-08-25T14:10:20","date_gmt":"2025-08-25T12:10:20","guid":{"rendered":"https:\/\/kraftwerk-shop.cc\/?post_type=product&#038;p=68348275"},"modified":"2026-02-15T01:22:49","modified_gmt":"2026-02-15T00:22:49","slug":"mopar-tornillo-pinza-de-freno-6509454aa","status":"publish","type":"product","link":"https:\/\/kraftwerk-shop.cc\/es\/produkt\/mopar-schraube-bremssattel-6509454aa\/","title":{"rendered":"Perno de pinza de freno Mopar (6509454AA)"},"content":{"rendered":"<h1>Tornillo original Mopar para pinza de freno (6509454AA), eje trasero con discos de freno de 320 mm<\/h1>\n<p>&nbsp;<\/p>\n<p><span lang=\"DE\"><strong>N\u00famero de pieza Mopar:<\/strong>\u00a06509454AA<br \/>\n<strong>Reemplazado:<\/strong><span class=\"list-value\">\u2014<\/span><\/span><\/p>\n<p>&nbsp;<\/p>\n<p><strong>Adecuado para:<\/strong><\/p>\n<table width=\"953\">\n<tbody>\n<tr>\n<td width=\"81\"><strong>A\u00f1o de construcci\u00f3n<\/strong><\/td>\n<td width=\"81\"><strong>Marca<\/strong><\/td>\n<td width=\"125\"><strong>Modelo<\/strong><\/td>\n<td width=\"335\"><strong>Motor<\/strong><\/td>\n<td width=\"331\"><strong>Freno<\/strong><\/td>\n<\/tr>\n<tr>\n<td width=\"81\">2023<\/td>\n<td width=\"81\">Chrysler<\/td>\n<td width=\"125\">300<\/td>\n<td width=\"335\">3.6L, 5.7L<\/td>\n<td width=\"331\">Discos de freno de 320 mm<\/td>\n<\/tr>\n<tr>\n<td width=\"81\">2023<\/td>\n<td width=\"81\">Dodge<\/td>\n<td width=\"125\">Challenger<\/td>\n<td width=\"335\">3.6L, 5.7L<\/td>\n<td width=\"331\">Discos de freno de 320 mm<\/td>\n<\/tr>\n<tr>\n<td width=\"81\">2023<\/td>\n<td width=\"81\">Dodge<\/td>\n<td width=\"125\">Charger<\/td>\n<td width=\"335\">3.6L, 5.7L<\/td>\n<td width=\"331\">Discos de freno de 320 mm<\/td>\n<\/tr>\n<tr>\n<td width=\"81\">2022<\/td>\n<td width=\"81\">Chrysler<\/td>\n<td width=\"125\">300<\/td>\n<td width=\"335\">3.6L, 5.7L<\/td>\n<td width=\"331\">Discos de freno de 320 mm<\/td>\n<\/tr>\n<tr>\n<td width=\"81\">2022<\/td>\n<td width=\"81\">Dodge<\/td>\n<td width=\"125\">Challenger<\/td>\n<td width=\"335\">3.6L, 5.7L<\/td>\n<td width=\"331\">Discos de freno de 320 mm<\/td>\n<\/tr>\n<tr>\n<td width=\"81\">2022<\/td>\n<td width=\"81\">Dodge<\/td>\n<td width=\"125\">Charger<\/td>\n<td width=\"335\">3.6L, 5.7L<\/td>\n<td width=\"331\">Discos de freno de 320 mm<\/td>\n<\/tr>\n<tr>\n<td width=\"81\">2021<\/td>\n<td width=\"81\">Chrysler<\/td>\n<td width=\"125\">300<\/td>\n<td width=\"335\">3.6L, 5.7L<\/td>\n<td width=\"331\">Discos de freno de 320 mm<\/td>\n<\/tr>\n<tr>\n<td width=\"81\">2021<\/td>\n<td width=\"81\">Dodge<\/td>\n<td width=\"125\">Challenger<\/td>\n<td width=\"335\">3.6L, 5.7L<\/td>\n<td width=\"331\">Discos de freno de 320 mm<\/td>\n<\/tr>\n<tr>\n<td width=\"81\">2021<\/td>\n<td width=\"81\">Dodge<\/td>\n<td width=\"125\">Charger<\/td>\n<td width=\"335\">3.6L, 5.7L<\/td>\n<td width=\"331\">Discos de freno de 320 mm<\/td>\n<\/tr>\n<tr>\n<td width=\"81\">2020<\/td>\n<td width=\"81\">Chrysler<\/td>\n<td width=\"125\">300<\/td>\n<td width=\"335\">3.6L, 5.7L<\/td>\n<td width=\"331\">Discos de freno de 320 mm<\/td>\n<\/tr>\n<tr>\n<td width=\"81\">2020<\/td>\n<td width=\"81\">Dodge<\/td>\n<td width=\"125\">Challenger<\/td>\n<td width=\"335\">3.6L, 5.7L<\/td>\n<td width=\"331\">Discos de freno de 320 mm<\/td>\n<\/tr>\n<tr>\n<td width=\"81\">2020<\/td>\n<td width=\"81\">Dodge<\/td>\n<td width=\"125\">Charger<\/td>\n<td width=\"335\">3.6L, 5.7L<\/td>\n<td width=\"331\">Discos de freno de 320 mm<\/td>\n<\/tr>\n<tr>\n<td width=\"81\">2019<\/td>\n<td width=\"81\">Chrysler<\/td>\n<td width=\"125\">300<\/td>\n<td width=\"335\">3.6L, 5.7L<\/td>\n<td width=\"331\">Discos de freno de 320 mm<\/td>\n<\/tr>\n<tr>\n<td width=\"81\">2019<\/td>\n<td width=\"81\">Dodge<\/td>\n<td width=\"125\">Challenger<\/td>\n<td width=\"335\">3.6L, 5.7L<\/td>\n<td width=\"331\">Discos de freno de 320 mm<\/td>\n<\/tr>\n<tr>\n<td width=\"81\">2019<\/td>\n<td width=\"81\">Dodge<\/td>\n<td width=\"125\">Charger<\/td>\n<td width=\"335\">3.6L, 5.7L<\/td>\n<td width=\"331\">Discos de freno de 320 mm<\/td>\n<\/tr>\n<tr>\n<td width=\"81\">2018<\/td>\n<td width=\"81\">Chrysler<\/td>\n<td width=\"125\">300<\/td>\n<td width=\"335\">3.6L, 5.7L<\/td>\n<td width=\"331\">Discos de freno de 320 mm<\/td>\n<\/tr>\n<tr>\n<td width=\"81\">2018<\/td>\n<td width=\"81\">Dodge<\/td>\n<td width=\"125\">Challenger<\/td>\n<td width=\"335\">3.6L, 5.7L<\/td>\n<td width=\"331\">Discos de freno de 320 mm<\/td>\n<\/tr>\n<tr>\n<td width=\"81\">2018<\/td>\n<td width=\"81\">Dodge<\/td>\n<td width=\"125\">Charger<\/td>\n<td width=\"335\">3.6L, 5.7L<\/td>\n<td width=\"331\">Discos de freno de 320 mm<\/td>\n<\/tr>\n<tr>\n<td width=\"81\">2017<\/td>\n<td width=\"81\">Chrysler<\/td>\n<td width=\"125\">300<\/td>\n<td width=\"335\">3.6L, 5.7L<\/td>\n<td width=\"331\">Discos de freno de 320 mm<\/td>\n<\/tr>\n<tr>\n<td width=\"81\">2017<\/td>\n<td width=\"81\">Dodge<\/td>\n<td width=\"125\">Challenger<\/td>\n<td width=\"335\">3.6L, 5.7L<\/td>\n<td width=\"331\">Discos de freno de 320 mm<\/td>\n<\/tr>\n<tr>\n<td width=\"81\">2017<\/td>\n<td width=\"81\">Dodge<\/td>\n<td width=\"125\">Charger<\/td>\n<td width=\"335\">3.6L, 5.7L<\/td>\n<td width=\"331\">Discos de freno de 320 mm<\/td>\n<\/tr>\n<tr>\n<td width=\"81\">2016<\/td>\n<td width=\"81\">Chrysler<\/td>\n<td width=\"125\">300<\/td>\n<td width=\"335\">3.6L, 5.7L<\/td>\n<td width=\"331\">Discos de freno de 320 mm<\/td>\n<\/tr>\n<tr>\n<td width=\"81\">2016<\/td>\n<td width=\"81\">Dodge<\/td>\n<td width=\"125\">Challenger<\/td>\n<td width=\"335\">3.6L, 5.7L<\/td>\n<td width=\"331\">Discos de freno de 320 mm<\/td>\n<\/tr>\n<tr>\n<td width=\"81\">2016<\/td>\n<td width=\"81\">Dodge<\/td>\n<td width=\"125\">Charger<\/td>\n<td width=\"335\">3.6L, 5.7L<\/td>\n<td width=\"331\">Discos de freno de 320 mm<\/td>\n<\/tr>\n<tr>\n<td width=\"81\">2015<\/td>\n<td width=\"81\">Chrysler<\/td>\n<td width=\"125\">300<\/td>\n<td width=\"335\">3.6L, 5.7L<\/td>\n<td width=\"331\">Discos de freno de 320 mm<\/td>\n<\/tr>\n<tr>\n<td width=\"81\">2015<\/td>\n<td width=\"81\">Dodge<\/td>\n<td width=\"125\">Challenger<\/td>\n<td width=\"335\">3.6L, 5.7L<\/td>\n<td width=\"331\">Discos de freno de 320 mm<\/td>\n<\/tr>\n<tr>\n<td width=\"81\">2015<\/td>\n<td width=\"81\">Dodge<\/td>\n<td width=\"125\">Charger<\/td>\n<td width=\"335\">3.6L, 5.7L<\/td>\n<td width=\"331\">Discos de freno de 320 mm<\/td>\n<\/tr>\n<tr>\n<td width=\"81\">2014<\/td>\n<td width=\"81\">Chrysler<\/td>\n<td width=\"125\">300<\/td>\n<td width=\"335\">3.6L, 5.7L<\/td>\n<td width=\"331\">Discos de freno de 320 mm<\/td>\n<\/tr>\n<tr>\n<td width=\"81\">2014<\/td>\n<td width=\"81\">Dodge<\/td>\n<td width=\"125\">Challenger<\/td>\n<td width=\"335\">3.6L, 5.7L<\/td>\n<td width=\"331\">Discos de freno de 320 mm<\/td>\n<\/tr>\n<tr>\n<td width=\"81\">2014<\/td>\n<td width=\"81\">Dodge<\/td>\n<td width=\"125\">Charger<\/td>\n<td width=\"335\">3.6L, 5.7L<\/td>\n<td width=\"331\">Discos de freno de 320 mm<\/td>\n<\/tr>\n<tr>\n<td width=\"81\">2013<\/td>\n<td width=\"81\">Chrysler<\/td>\n<td width=\"125\">300<\/td>\n<td width=\"335\">3.6L, 5.7L<\/td>\n<td width=\"331\">Discos de freno de 320 mm<\/td>\n<\/tr>\n<tr>\n<td width=\"81\">2013<\/td>\n<td width=\"81\">Dodge<\/td>\n<td width=\"125\">Challenger<\/td>\n<td width=\"335\">3.6L, 5.7L<\/td>\n<td width=\"331\">Discos de freno de 320 mm<\/td>\n<\/tr>\n<tr>\n<td width=\"81\">2013<\/td>\n<td width=\"81\">Dodge<\/td>\n<td width=\"125\">Charger<\/td>\n<td width=\"335\">3.6L, 5.7L<\/td>\n<td width=\"331\">Discos de freno de 320 mm<\/td>\n<\/tr>\n<tr>\n<td width=\"81\">2012<\/td>\n<td width=\"81\">Chrysler<\/td>\n<td width=\"125\">300<\/td>\n<td width=\"335\">3.6L, 5.7L<\/td>\n<td width=\"331\">Discos de freno de 320 mm<\/td>\n<\/tr>\n<tr>\n<td width=\"81\">2012<\/td>\n<td width=\"81\">Dodge<\/td>\n<td width=\"125\">Challenger<\/td>\n<td width=\"335\">3.6L, 5.7L<\/td>\n<td width=\"331\">Discos de freno de 320 mm<\/td>\n<\/tr>\n<tr>\n<td width=\"81\">2012<\/td>\n<td width=\"81\">Dodge<\/td>\n<td width=\"125\">Charger<\/td>\n<td width=\"335\">3.6L, 5.7L<\/td>\n<td width=\"331\">Discos de freno de 320 mm<\/td>\n<\/tr>\n<tr>\n<td width=\"81\">2011<\/td>\n<td width=\"81\">Chrysler<\/td>\n<td width=\"125\">300<\/td>\n<td width=\"335\">3.6L, 5.7L<\/td>\n<td width=\"331\">Discos de freno de 320 mm<\/td>\n<\/tr>\n<tr>\n<td width=\"81\">2011<\/td>\n<td width=\"81\">Dodge<\/td>\n<td width=\"125\">Challenger<\/td>\n<td width=\"335\">3.6L, 5.7L<\/td>\n<td width=\"331\">Discos de freno de 320 mm<\/td>\n<\/tr>\n<tr>\n<td width=\"81\">2011<\/td>\n<td width=\"81\">Dodge<\/td>\n<td width=\"125\">Charger<\/td>\n<td width=\"335\">3.6L, 5.7L<\/td>\n<td width=\"331\">Discos de freno de 320 mm<\/td>\n<\/tr>\n<tr>\n<td width=\"81\">2010<\/td>\n<td width=\"81\">Chrysler<\/td>\n<td width=\"125\">300<\/td>\n<td width=\"335\">2.7L, 3.5L, 5.7L<\/td>\n<td width=\"331\">Discos de freno de 320 mm<\/td>\n<\/tr>\n<tr>\n<td width=\"81\">2010<\/td>\n<td width=\"81\">Dodge<\/td>\n<td width=\"125\">Challenger<\/td>\n<td width=\"335\">2.7L, 3.5L, 5.7L<\/td>\n<td width=\"331\">Discos de freno de 320 mm<\/td>\n<\/tr>\n<tr>\n<td width=\"81\">2010<\/td>\n<td width=\"81\">Dodge<\/td>\n<td width=\"125\">Charger<\/td>\n<td width=\"335\">2.7L, 3.5L, 5.7L<\/td>\n<td width=\"331\">Discos de freno de 320 mm<\/td>\n<\/tr>\n<\/tbody>\n<\/table>\n<h4><\/h4>\n<p>&nbsp;<\/p>\n<h4>\u00bfPor qu\u00e9 elegir recambios originales Mopar?<\/h4>\n<p><strong>Ajuste perfecto y calidad superior:<\/strong> Los recambios originales Mopar se fabrican siguiendo las estrictas especificaciones del fabricante, lo que significa que encajan perfectamente en su veh\u00edculo. Esto no solo garantiza una instalaci\u00f3n sencilla, sino tambi\u00e9n un funcionamiento y una seguridad \u00f3ptimos.<\/p>\n<p><strong>Fiabilidad y durabilidad:<\/strong> Mediante el uso de materiales de alta calidad y estrictos controles de calidad, los recambios Mopar garantizan que su veh\u00edculo funcione de forma fiable incluso en condiciones extremas. Est\u00e1n dise\u00f1ados para durar y maximizar el rendimiento de su veh\u00edculo.<\/p>\n<p>&nbsp;<\/p>","protected":false},"excerpt":{"rendered":"<p>Pieza original Mopar<\/p>\n<p>volver<\/p>\n<p>Discos de freno de 320 mm<\/p>","protected":false},"featured_media":68348280,"comment_status":"open","ping_status":"closed","template":"","meta":{"_acf_changed":false},"product_brand":[16270],"product_cat":[17805,10262,17806,17807,17808,17809,17812,17817,17813,17818,17819,17820,17821],"product_tag":[2166,18949,7565,796,799,31,8813,9424,16271,16273,16275,16272,16274,7221,654],"class_list":{"0":"post-68348275","1":"product","2":"type-product","3":"status-publish","4":"has-post-thumbnail","6":"product_brand-mopar","7":"product_cat-300c-30-diesel-bremsenteile-zubehoer","8":"product_cat-alle-produkte","9":"product_cat-300c-35-bremsenteile-zubehoer","10":"product_cat-300c-36-bremsenteile-zubehoer","11":"product_cat-300c-57-2005-2010-bremsenteile-zubehoer","12":"product_cat-300c-57-2011-2023-bremsenteile-zubehoer","13":"product_cat-challenger-35-bremsenteile-zubehoer","14":"product_cat-challenger-36-bremsenteile-zubehoer","15":"product_cat-challenger-57-bremsenteile-zubehoer","16":"product_cat-charger-35-bremsenteile-zubehoer","17":"product_cat-charger-36-bremsenteile-zubehoer","18":"product_cat-charger-57-2005-2010-bremsenteile-zubehoer","19":"product_cat-charger-57-2011-2023-bremsenteile-zubehoer","20":"product_tag-320-mm","21":"product_tag-6509454aa","22":"product_tag-bremssattel","23":"product_tag-bremsscheibe","24":"product_tag-hinterachse","25":"product_tag-mopar","26":"product_tag-mopar-autoteile","27":"product_tag-mopar-ersatzteile","28":"product_tag-mopar-ersatzteile-kaufen","29":"product_tag-mopar-performance-teile","30":"product_tag-mopar-teile-katalog","31":"product_tag-mopar-teile-online","32":"product_tag-mopar-tuningteile","33":"product_tag-mopar10","34":"product_tag-schraube","35":"product_shipping_class-deutschlandohne","37":"first","38":"instock","39":"taxable","40":"shipping-taxable","41":"purchasable","42":"product-type-simple"},"bundled_by":[],"bundle_stock_status":"instock","bundle_stock_quantity":4,"bundle_virtual":false,"bundle_layout":"","bundle_add_to_cart_form_location":"","bundle_editable_in_cart":false,"bundle_sold_individually_context":"","bundle_item_grouping":"","bundle_min_size":"","bundle_max_size":"","bundle_price":[],"bundled_items":[],"bundle_sell_ids":[],"exclude_global_add_ons":[],"addons":[],"acf":[],"_links":{"self":[{"href":"https:\/\/kraftwerk-shop.cc\/es\/wp-json\/wp\/v2\/product\/68348275","targetHints":{"allow":["GET"]}}],"collection":[{"href":"https:\/\/kraftwerk-shop.cc\/es\/wp-json\/wp\/v2\/product"}],"about":[{"href":"https:\/\/kraftwerk-shop.cc\/es\/wp-json\/wp\/v2\/types\/product"}],"replies":[{"embeddable":true,"href":"https:\/\/kraftwerk-shop.cc\/es\/wp-json\/wp\/v2\/comments?post=68348275"}],"version-history":[{"count":0,"href":"https:\/\/kraftwerk-shop.cc\/es\/wp-json\/wp\/v2\/product\/68348275\/revisions"}],"wp:featuredmedia":[{"embeddable":true,"href":"https:\/\/kraftwerk-shop.cc\/es\/wp-json\/wp\/v2\/media\/68348280"}],"wp:attachment":[{"href":"https:\/\/kraftwerk-shop.cc\/es\/wp-json\/wp\/v2\/media?parent=68348275"}],"wp:term":[{"taxonomy":"product_brand","embeddable":true,"href":"https:\/\/kraftwerk-shop.cc\/es\/wp-json\/wp\/v2\/product_brand?post=68348275"},{"taxonomy":"product_cat","embeddable":true,"href":"https:\/\/kraftwerk-shop.cc\/es\/wp-json\/wp\/v2\/product_cat?post=68348275"},{"taxonomy":"product_tag","embeddable":true,"href":"https:\/\/kraftwerk-shop.cc\/es\/wp-json\/wp\/v2\/product_tag?post=68348275"}],"curies":[{"name":"wp","href":"https:\/\/api.w.org\/{rel}","templated":true}]}}