{"id":68348302,"date":"2025-08-26T00:56:02","date_gmt":"2025-08-25T22:56:02","guid":{"rendered":"https:\/\/kraftwerk-shop.cc\/?post_type=product&#038;p=68348302"},"modified":"2026-02-15T01:22:59","modified_gmt":"2026-02-15T00:22:59","slug":"oracle-lighting-colourshift-luz-de-marcha-diurna-challenger","status":"publish","type":"product","link":"https:\/\/kraftwerk-shop.cc\/es\/produkt\/oracle-lighting-colorshift-tagfahrlicht-challenger\/","title":{"rendered":"Luz diurna Oracle Lighting ColorSHIFT Challenger"},"content":{"rendered":"<h1>Kit de luces diurnas ORACLE Lighting ColorSHIFT\u00ae RGB+W para Dodge Challenger de 2015 a 2023<\/h1>\n<p>&nbsp;<\/p>\n<p>Con el nuevo chip RGB+W, puede utilizar la funci\u00f3n DRL (luz de conducci\u00f3n diurna) existente de su Dodge Challenger de los a\u00f1os de modelo 2015 a 2023 con este nuevo kit y convertirla f\u00e1cilmente en una DRL que cambia de color.<br \/>\nEste sistema incorpora la tecnolog\u00eda RGB ColorSHIFT\u00ae, as\u00ed como un \"LED blanco\" adicional que proporciona tonos blancos m\u00e1s puros, una opci\u00f3n de color DRL blanco claro y la posibilidad de cambiar instant\u00e1neamente para una conducci\u00f3n legal en carretera.<br \/>\nEstas placas DRL pueden generar cientos de colores diferentes y docenas de patrones, controlar el brillo e incluso la velocidad de las funciones.<br \/>\nDale a tu Challenger el aspecto que siempre has querido con el nuevo kit de conversi\u00f3n ORACLE ColorSHIFT RGB+W DRL.<\/p>\n<p>&nbsp;<\/p>\n<p><b>Caracter\u00edsticas:<\/b><\/p>\n<ul>\n<li>DRL blanco real + ColorSHIFT<\/li>\n<li>Perfecta precisi\u00f3n de ajuste<\/li>\n<li>Control de colores, velocidad, brillo y otras funciones mediante un controlador RGB<\/li>\n<li>Cable disparador DRL para luz diurna blanca instant\u00e1nea para tr\u00e1fico rodado<\/li>\n<\/ul>\n<p>&nbsp;<\/p>\n<p>El nuevo controlador ORACLE Lighting BC2 ColorSHIFT\u00ae es la \u00faltima opci\u00f3n de control LED Bluetooth que utiliza la nueva aplicaci\u00f3n para smartphone ORACLE ColorSHIFT\u00ae PRO.<br \/>\nEl controlador perfecto para integrar la amplia gama de productos ORACLE RGB ColorSHIFT\u00ae en su veh\u00edculo.<br \/>\nSolo tienes que conectar la fuente de alimentaci\u00f3n y, a continuaci\u00f3n, conectar tu smartphone a trav\u00e9s de la app gratuita para controlar la iluminaci\u00f3n. El controlador tiene un total de 6 salidas con conectores estancos para facilitar el cableado a tus productos de iluminaci\u00f3n ColorSHIFT\u00ae.<br \/>\nCon la nueva aplicaci\u00f3n ORACLE ColorSHIFT\u00ae PRO, puedes encender y apagar la iluminaci\u00f3n, elegir entre docenas de variantes de color y patrones de iluminaci\u00f3n, controlar el brillo del dispositivo, ajustar la velocidad del patr\u00f3n e incluso controlar la iluminaci\u00f3n con sonido o m\u00fasica.<\/p>\n<p>&nbsp;<\/p>\n<p><strong>El juego contiene:<\/strong><\/p>\n<ul>\n<li>(4) 2015-2023 Dodge Challenger ColorSHIFT RGB+W DRL piezas de repuesto -<\/li>\n<li>(2) Controlador LED de corriente constante<\/li>\n<li>(2) Adaptador de cableado IP67<\/li>\n<li>(1) BC2 Controlador Bluetooth ColourSHIFT\u00ae RGB LED<\/li>\n<\/ul>\n<p>&nbsp;<\/p>\n<p><strong>Notas:<\/strong><\/p>\n<ul>\n<li>Desmontaje y apertura del faro necesarios<\/li>\n<li>Instalaci\u00f3n profesional recomendada con nuestro sellador de silicona de alta calidad<\/li>\n<li>No todos los colores est\u00e1n homologados para su uso en carretera. Respete las normas de tr\u00e1fico vigentes.<\/li>\n<\/ul>\n<p>&nbsp;<\/p>\n<p>&nbsp;<\/p>\n<p><iframe loading=\"lazy\" title=\"Reproductor de v\u00eddeo YouTube\" src=\"https:\/\/www.youtube.com\/embed\/Zc2HOjzBHWw?si=FRFr9W2U2k2b-2_w\" width=\"560\" height=\"315\" frameborder=\"0\" allowfullscreen=\"allowfullscreen\"><\/iframe><\/p>\n<p><iframe loading=\"lazy\" title=\"Reproductor de v\u00eddeo YouTube\" src=\"https:\/\/www.youtube.com\/embed\/k6blOX4g0LE?si=oyXTvQKbtZduDhZy\" width=\"560\" height=\"315\" frameborder=\"0\" allowfullscreen=\"allowfullscreen\"><\/iframe><\/p>","protected":false},"excerpt":{"rendered":"<p>2015-2023<\/p>","protected":false},"featured_media":68347709,"comment_status":"open","ping_status":"closed","template":"","meta":{"_acf_changed":false},"product_brand":[18906],"product_cat":[10262,6983,6984,6986,6987],"product_tag":[18108,54,18889,49,18890,18104,18907,6974,18098,18100,18099,18892,10708,18888,18891],"class_list":{"0":"post-68348302","1":"product","2":"type-product","3":"status-publish","4":"has-post-thumbnail","6":"product_brand-oracle-lighting","7":"product_cat-alle-produkte","8":"product_cat-challenger-36-beleuchtung","9":"product_cat-challenger-57-beleuchtung","10":"product_cat-challenger-hellcat-beleuchtung","11":"product_cat-challenger-64-beleuchtung","12":"product_tag-1329-335","13":"product_tag-challenger","14":"product_tag-colorshift","15":"product_tag-dodge","16":"product_tag-drl","17":"product_tag-einbauwerkzeug","18":"product_tag-fahrzeugbeleuchtung","19":"product_tag-led","20":"product_tag-mopar-10","21":"product_tag-oracle","22":"product_tag-oracle-lighting","23":"product_tag-rgb-controller","24":"product_tag-tagfahrlicht","25":"product_tag-tfl","26":"product_tag-umruestkit","28":"first","29":"instock","30":"taxable","31":"shipping-taxable","32":"purchasable","33":"product-type-simple"},"bundled_by":[],"bundle_stock_status":"instock","bundle_stock_quantity":1,"bundle_virtual":false,"bundle_layout":"","bundle_add_to_cart_form_location":"","bundle_editable_in_cart":false,"bundle_sold_individually_context":"","bundle_item_grouping":"","bundle_min_size":"","bundle_max_size":"","bundle_price":[],"bundled_items":[],"bundle_sell_ids":[],"exclude_global_add_ons":[],"addons":[],"acf":[],"_links":{"self":[{"href":"https:\/\/kraftwerk-shop.cc\/es\/wp-json\/wp\/v2\/product\/68348302","targetHints":{"allow":["GET"]}}],"collection":[{"href":"https:\/\/kraftwerk-shop.cc\/es\/wp-json\/wp\/v2\/product"}],"about":[{"href":"https:\/\/kraftwerk-shop.cc\/es\/wp-json\/wp\/v2\/types\/product"}],"replies":[{"embeddable":true,"href":"https:\/\/kraftwerk-shop.cc\/es\/wp-json\/wp\/v2\/comments?post=68348302"}],"version-history":[{"count":0,"href":"https:\/\/kraftwerk-shop.cc\/es\/wp-json\/wp\/v2\/product\/68348302\/revisions"}],"wp:featuredmedia":[{"embeddable":true,"href":"https:\/\/kraftwerk-shop.cc\/es\/wp-json\/wp\/v2\/media\/68347709"}],"wp:attachment":[{"href":"https:\/\/kraftwerk-shop.cc\/es\/wp-json\/wp\/v2\/media?parent=68348302"}],"wp:term":[{"taxonomy":"product_brand","embeddable":true,"href":"https:\/\/kraftwerk-shop.cc\/es\/wp-json\/wp\/v2\/product_brand?post=68348302"},{"taxonomy":"product_cat","embeddable":true,"href":"https:\/\/kraftwerk-shop.cc\/es\/wp-json\/wp\/v2\/product_cat?post=68348302"},{"taxonomy":"product_tag","embeddable":true,"href":"https:\/\/kraftwerk-shop.cc\/es\/wp-json\/wp\/v2\/product_tag?post=68348302"}],"curies":[{"name":"wp","href":"https:\/\/api.w.org\/{rel}","templated":true}]}}