{"id":68348387,"date":"2025-08-28T14:59:25","date_gmt":"2025-08-28T12:59:25","guid":{"rendered":"https:\/\/kraftwerk-shop.cc\/?post_type=product&#038;p=68348387"},"modified":"2026-02-15T01:23:10","modified_gmt":"2026-02-15T00:23:10","slug":"bomba-de-combustible-mopar-68154305ac","status":"publish","type":"product","link":"https:\/\/kraftwerk-shop.cc\/es\/produkt\/mopar-kraftstoffpumpe-68154305ac\/","title":{"rendered":"Bomba de combustible Mopar Grand Cherokee &amp; Durango 6.4 (68154305AC)"},"content":{"rendered":"<h1>Genuine Mopar bomba de combustible \/ bomba de gasolina (68154305AA) para Jeep Grand Cherokee SRT y Dodge Durango SRT<\/h1>\n<p>&nbsp;<\/p>\n<p><span lang=\"DE\"><strong>N\u00famero de pieza Mopar:<\/strong>\u00a068154305AC<br \/>\n<strong>Reemplazado: <\/strong>68154305AA, 68154305AB<\/span><\/p>\n<p>&nbsp;<\/p>\n<p><strong>Adecuado para:<\/strong><\/p>\n<table width=\"1073\">\n<tbody>\n<tr>\n<td width=\"81\"><strong>A\u00f1o de construcci\u00f3n<\/strong><\/td>\n<td width=\"121\"><strong>Marca<\/strong><\/td>\n<td width=\"211\"><strong>Modelo<\/strong><\/td>\n<td width=\"309\"><strong>Versi\u00f3n<\/strong><\/td>\n<td width=\"351\"><strong>Motor<\/strong><\/td>\n<\/tr>\n<tr>\n<td width=\"81\">2024<\/td>\n<td width=\"121\">Dodge<\/td>\n<td width=\"211\">Durango<\/td>\n<td width=\"309\">SRT 392, SRT 392 Plus, SRT 392 Premium<\/td>\n<td width=\"351\">6.4L<\/td>\n<\/tr>\n<tr>\n<td width=\"81\">2023<\/td>\n<td width=\"121\">Dodge<\/td>\n<td width=\"211\">Durango<\/td>\n<td width=\"309\">SRT 392, SRT 392 Plus, SRT 392 Premium<\/td>\n<td width=\"351\">6.4L<\/td>\n<\/tr>\n<tr>\n<td width=\"81\">2022<\/td>\n<td width=\"121\">Dodge<\/td>\n<td width=\"211\">Durango<\/td>\n<td width=\"309\">SRT 392<\/td>\n<td width=\"351\">6.4L<\/td>\n<\/tr>\n<tr>\n<td width=\"81\">2021<\/td>\n<td width=\"121\">Dodge<\/td>\n<td width=\"211\">Durango<\/td>\n<td width=\"309\">SRT<\/td>\n<td width=\"351\">6.4L<\/td>\n<\/tr>\n<tr>\n<td width=\"81\">2021<\/td>\n<td width=\"121\">Jeep<\/td>\n<td width=\"211\">Grand Cherokee<\/td>\n<td width=\"309\">SRT<\/td>\n<td width=\"351\">6.4L<\/td>\n<\/tr>\n<tr>\n<td width=\"81\">2020<\/td>\n<td width=\"121\">Dodge<\/td>\n<td width=\"211\">Durango<\/td>\n<td width=\"309\">SRT<\/td>\n<td width=\"351\">6.4L<\/td>\n<\/tr>\n<tr>\n<td width=\"81\">2020<\/td>\n<td width=\"121\">Jeep<\/td>\n<td width=\"211\">Grand Cherokee<\/td>\n<td width=\"309\">SRT<\/td>\n<td width=\"351\">6.4L<\/td>\n<\/tr>\n<tr>\n<td width=\"81\">2019<\/td>\n<td width=\"121\">Jeep<\/td>\n<td width=\"211\">Grand Cherokee<\/td>\n<td width=\"309\">SRT<\/td>\n<td width=\"351\">6.4L<\/td>\n<\/tr>\n<tr>\n<td width=\"81\">2017<\/td>\n<td width=\"121\">Jeep<\/td>\n<td width=\"211\">Grand Cherokee<\/td>\n<td width=\"309\">SRT<\/td>\n<td width=\"351\">6.4L<\/td>\n<\/tr>\n<tr>\n<td width=\"81\">2016<\/td>\n<td width=\"121\">Jeep<\/td>\n<td width=\"211\">Grand Cherokee<\/td>\n<td width=\"309\">SRT<\/td>\n<td width=\"351\">6.4L<\/td>\n<\/tr>\n<tr>\n<td width=\"81\">2015<\/td>\n<td width=\"121\">Jeep<\/td>\n<td width=\"211\">Grand Cherokee<\/td>\n<td width=\"309\">SRT<\/td>\n<td width=\"351\">6.4L<\/td>\n<\/tr>\n<tr>\n<td width=\"81\">2014<\/td>\n<td width=\"121\">Jeep<\/td>\n<td width=\"211\">Grand Cherokee<\/td>\n<td width=\"309\">SRT<\/td>\n<td width=\"351\">6.4L<\/td>\n<\/tr>\n<tr>\n<td width=\"81\">2013<\/td>\n<td width=\"121\">Jeep<\/td>\n<td width=\"211\">Grand Cherokee<\/td>\n<td width=\"309\">SRT8<\/td>\n<td width=\"351\">6.4L<\/td>\n<\/tr>\n<tr>\n<td width=\"81\">2012<\/td>\n<td width=\"121\">Jeep<\/td>\n<td width=\"211\">Grand Cherokee<\/td>\n<td width=\"309\">SRT8<\/td>\n<td width=\"351\">6.4L<\/td>\n<\/tr>\n<\/tbody>\n<\/table>\n<p>&nbsp;<\/p>\n<p>&nbsp;<\/p>\n<h4>Recambios originales Mopar: calidad directa del fabricante<\/h4>\n<p><strong>Precisi\u00f3n conforme al fabricante:<\/strong> Como fabricante de piezas originales, Mopar proporciona componentes que se corresponden exactamente con las especificaciones de su veh\u00edculo. La fabricaci\u00f3n precisa garantiza una instalaci\u00f3n sin problemas y el cumplimiento de todos los requisitos relacionados con la seguridad.<\/p>\n<p><strong>Duradera y fiable:<\/strong> Las piezas originales Mopar se fabrican con materiales de alta calidad y se someten a estrictas pruebas de calidad. Est\u00e1n dise\u00f1adas para una larga vida \u00fatil y ofrecen un rendimiento constante incluso con un uso intensivo.<\/p>\n<p>&nbsp;<\/p>","protected":false},"excerpt":{"rendered":"<p>Pieza original Mopar<\/p>","protected":false},"featured_media":68348633,"comment_status":"open","ping_status":"closed","template":"","meta":{"_acf_changed":false},"product_brand":[16270],"product_cat":[10262,2887,2895],"product_tag":[217,93,18954,18956,18955,4361,49,95,56,50,18957,31,8813,9424,16271,16273,16275,16272,16274,7221,18958,96],"class_list":{"0":"post-68348387","1":"product","2":"type-product","3":"status-publish","4":"has-post-thumbnail","6":"product_brand-mopar","7":"product_cat-alle-produkte","8":"product_cat-durango-64-kraftstoffversorgung","9":"product_cat-grand-cherokee-64-kraftstoffversorgung","10":"product_tag-217","11":"product_tag-6-4","12":"product_tag-68154305aa","13":"product_tag-68154305ab","14":"product_tag-68154305ac","15":"product_tag-benzinpumpe","16":"product_tag-dodge","17":"product_tag-durango","18":"product_tag-grand-cherokee","19":"product_tag-jeep","20":"product_tag-kraftstoffpumpe","21":"product_tag-mopar","22":"product_tag-mopar-autoteile","23":"product_tag-mopar-ersatzteile","24":"product_tag-mopar-ersatzteile-kaufen","25":"product_tag-mopar-performance-teile","26":"product_tag-mopar-teile-katalog","27":"product_tag-mopar-teile-online","28":"product_tag-mopar-tuningteile","29":"product_tag-mopar10","30":"product_tag-spritpumpe","31":"product_tag-srt","33":"first","34":"instock","35":"taxable","36":"shipping-taxable","37":"purchasable","38":"product-type-simple"},"bundled_by":[],"bundle_stock_status":"instock","bundle_stock_quantity":1,"bundle_virtual":false,"bundle_layout":"","bundle_add_to_cart_form_location":"","bundle_editable_in_cart":false,"bundle_sold_individually_context":"","bundle_item_grouping":"","bundle_min_size":"","bundle_max_size":"","bundle_price":[],"bundled_items":[],"bundle_sell_ids":[],"exclude_global_add_ons":[],"addons":[],"acf":[],"_links":{"self":[{"href":"https:\/\/kraftwerk-shop.cc\/es\/wp-json\/wp\/v2\/product\/68348387","targetHints":{"allow":["GET"]}}],"collection":[{"href":"https:\/\/kraftwerk-shop.cc\/es\/wp-json\/wp\/v2\/product"}],"about":[{"href":"https:\/\/kraftwerk-shop.cc\/es\/wp-json\/wp\/v2\/types\/product"}],"replies":[{"embeddable":true,"href":"https:\/\/kraftwerk-shop.cc\/es\/wp-json\/wp\/v2\/comments?post=68348387"}],"version-history":[{"count":0,"href":"https:\/\/kraftwerk-shop.cc\/es\/wp-json\/wp\/v2\/product\/68348387\/revisions"}],"wp:featuredmedia":[{"embeddable":true,"href":"https:\/\/kraftwerk-shop.cc\/es\/wp-json\/wp\/v2\/media\/68348633"}],"wp:attachment":[{"href":"https:\/\/kraftwerk-shop.cc\/es\/wp-json\/wp\/v2\/media?parent=68348387"}],"wp:term":[{"taxonomy":"product_brand","embeddable":true,"href":"https:\/\/kraftwerk-shop.cc\/es\/wp-json\/wp\/v2\/product_brand?post=68348387"},{"taxonomy":"product_cat","embeddable":true,"href":"https:\/\/kraftwerk-shop.cc\/es\/wp-json\/wp\/v2\/product_cat?post=68348387"},{"taxonomy":"product_tag","embeddable":true,"href":"https:\/\/kraftwerk-shop.cc\/es\/wp-json\/wp\/v2\/product_tag?post=68348387"}],"curies":[{"name":"wp","href":"https:\/\/api.w.org\/{rel}","templated":true}]}}