{"id":68348453,"date":"2025-08-31T13:12:00","date_gmt":"2025-08-31T11:12:00","guid":{"rendered":"https:\/\/kraftwerk-shop.cc\/?post_type=product&#038;p=68348453"},"modified":"2026-02-15T01:23:12","modified_gmt":"2026-02-15T00:23:12","slug":"hawk-hb563f-656-pastillas-de-freno-300c","status":"publish","type":"product","link":"https:\/\/kraftwerk-shop.cc\/es\/produkt\/hawk-hb563f-656-bremsbelaege-300c\/","title":{"rendered":"Hawk Performance HPS Pastillas de freno 300C SRT"},"content":{"rendered":"<h1>Hawk Performance HPS HB563F.656 Pastillas de freno para Chrysler 300C SRT 6.1 y 6.4 (eje delantero)<\/h1>\n<p>&nbsp;<\/p>\n<p><strong>Hawk Performance HPS<\/strong><\/p>\n<p>Las pastillas de freno Hawk HPS (High Performance Street) son conocidas en todo el mundo por aumentar la potencia de frenado de su Chrysler 300C. Con el compuesto de pastillas de freno Hawk Performance HPS, puede mejorar f\u00e1cilmente el rendimiento del sistema de frenado de su veh\u00edculo.<br \/>\nEsta exclusiva f\u00f3rmula de ferrocarbono se ha desarrollado para su uso en carretera y utiliza la seguridad y la calidad de la tecnolog\u00eda de fricci\u00f3n de alta resistencia de las industrias aeroespacial y automovil\u00edstica.<br \/>\nEl compuesto High Performance Street ofrece un mayor coeficiente de fricci\u00f3n que las pastillas de freno est\u00e1ndar y puede proporcionarle entre 20 y 40 % m\u00e1s potencia de frenado y una mayor resistencia al desvanecimiento de los frenos que la mayor\u00eda de las pastillas de repuesto est\u00e1ndar. Menos desgaste significa que obtendr\u00e1 una pastilla de freno extremadamente duradera con menos polvo de freno.<\/p>\n<p>&nbsp;<\/p>\n<p><strong>Recomendaci\u00f3n<\/strong><\/p>\n<p>En la mayor\u00eda de los casos, el compuesto Hawk HPS garantiza un mayor par de frenado y una mayor temperatura de funcionamiento en comparaci\u00f3n con las pastillas de freno OEM. Tambi\u00e9n produce menos polvo de freno.<br \/>\nCon una temperatura m\u00e1xima de funcionamiento de 430-480\u00b0C, el compuesto HPS puede soportar un uso ligero en pista siempre que se vigilen los signos de sobrecalentamiento y se deje un tiempo de enfriamiento adecuado cuando las pastillas de freno alcancen su temperatura m\u00e1xima.<br \/>\nEl compuesto Hawk HPS no es un compuesto de competici\u00f3n y no puede soportar carreras prolongadas a altas temperaturas.<br \/>\nEn cuanto al polvo de freno, el compuesto HPS es m\u00e1s limpio que sus pastillas de freno OEM, pero genera m\u00e1s polvo que el compuesto Hawk Ceramic. El aumento del rendimiento en comparaci\u00f3n con Hawk Ceramic se produce a expensas de una mayor generaci\u00f3n de polvo.<\/p>\n<p>&nbsp;<\/p>\n<p><strong>Hawk HPS Caracter\u00edsticas:<\/strong><\/p>\n<ul>\n<li>Sensaci\u00f3n de frenado suave<\/li>\n<li>Excelente para la conducci\u00f3n deportiva<\/li>\n<li>Suave con las pastillas y los discos de freno<\/li>\n<li>Potencia de frenado constante<\/li>\n<li>Mayor fuerza de frenado<\/li>\n<li>Temperatura de funcionamiento: 40-370 \u00b0C<\/li>\n<li>Temperatura \u00f3ptima: 40-260 \u00b0C<\/li>\n<\/ul>\n<p>&nbsp;<\/p>\n<p><strong>N\u00famero de equipo original (s\u00f3lo a efectos comparativos):<\/strong>\u00a0<span class=\"list-value sku-display\">5174311AA, 5174311AB, 5174311AC, 05174311AA, 05174311AB, 05174311AC, 68144213AA, 68144213AB, 68144213AC<br \/>\n<\/span>Autorizaci\u00f3n: no<\/p>\n<p>&nbsp;<\/p>\n<p><strong>Adecuado para:<\/strong><\/p>\n<table>\n<tbody>\n<tr>\n<td width=\"64\">Chrysler<\/td>\n<td width=\"117\">300C<\/td>\n<td width=\"137\">6.1, 6.4<\/td>\n<td width=\"391\">Todos los modelos con discos de freno de 360 mm<\/td>\n<\/tr>\n<\/tbody>\n<\/table>\n<p>&nbsp;<\/p>\n<p>El precio se refiere a 1 juego para el eje delantero completo.<\/p>\n<p>&nbsp;<\/p>\n<p>&nbsp;<\/p>","protected":false},"excerpt":{"rendered":"<div class=\"woocommerce-product-details__short-description\">\n<p>Adecuado para discos de freno de 360 mm<\/p>\n<\/div>","protected":false},"featured_media":68348473,"comment_status":"open","ping_status":"closed","template":"","meta":{"_acf_changed":false},"product_brand":[17621],"product_cat":[17731,17735],"product_tag":[836,837,960,52,834,835,833,92,93,17993,17994,17995,838,590,795,839,840,773,48,692,1070,7614,18961,100,6901,6902,36,96,1056,164,1168,842,841,673],"class_list":{"0":"post-68348453","1":"product","2":"type-product","3":"status-publish","4":"has-post-thumbnail","6":"product_brand-hawk-performance","7":"product_cat-300c-61-bremsbelaege-vorne","8":"product_cat-300c-64-bremsbelaege-vorne","9":"product_tag-05174311aa","10":"product_tag-05174311ab","11":"product_tag-05174311ac","12":"product_tag-300c","13":"product_tag-5174311aa","14":"product_tag-5174311ab","15":"product_tag-5174311ac","16":"product_tag-6-1","17":"product_tag-6-4","18":"product_tag-68144213aa","19":"product_tag-68144213ab","20":"product_tag-68144213ac","21":"product_tag-bremsbelag","22":"product_tag-bremsbelaege","23":"product_tag-bremse","24":"product_tag-bremsklotz","25":"product_tag-bremskloetze","26":"product_tag-carbon","27":"product_tag-chrysler","28":"product_tag-ersatzteil","29":"product_tag-hawk","30":"product_tag-hawk10","31":"product_tag-hb563f-656","32":"product_tag-hellcat","33":"product_tag-hp-plus","34":"product_tag-hp","35":"product_tag-kraftwerk","36":"product_tag-srt","37":"product_tag-srt-8","38":"product_tag-srt8","39":"product_tag-staubfrei","40":"product_tag-vorderachse","41":"product_tag-vorne","42":"product_tag-zubehoer","44":"first","45":"instock","46":"taxable","47":"shipping-taxable","48":"purchasable","49":"product-type-simple"},"bundled_by":[],"bundle_stock_status":"instock","bundle_stock_quantity":2,"bundle_virtual":false,"bundle_layout":"","bundle_add_to_cart_form_location":"","bundle_editable_in_cart":false,"bundle_sold_individually_context":"","bundle_item_grouping":"","bundle_min_size":"","bundle_max_size":"","bundle_price":[],"bundled_items":[],"bundle_sell_ids":[],"exclude_global_add_ons":[],"addons":[],"acf":[],"_links":{"self":[{"href":"https:\/\/kraftwerk-shop.cc\/es\/wp-json\/wp\/v2\/product\/68348453","targetHints":{"allow":["GET"]}}],"collection":[{"href":"https:\/\/kraftwerk-shop.cc\/es\/wp-json\/wp\/v2\/product"}],"about":[{"href":"https:\/\/kraftwerk-shop.cc\/es\/wp-json\/wp\/v2\/types\/product"}],"replies":[{"embeddable":true,"href":"https:\/\/kraftwerk-shop.cc\/es\/wp-json\/wp\/v2\/comments?post=68348453"}],"version-history":[{"count":0,"href":"https:\/\/kraftwerk-shop.cc\/es\/wp-json\/wp\/v2\/product\/68348453\/revisions"}],"wp:featuredmedia":[{"embeddable":true,"href":"https:\/\/kraftwerk-shop.cc\/es\/wp-json\/wp\/v2\/media\/68348473"}],"wp:attachment":[{"href":"https:\/\/kraftwerk-shop.cc\/es\/wp-json\/wp\/v2\/media?parent=68348453"}],"wp:term":[{"taxonomy":"product_brand","embeddable":true,"href":"https:\/\/kraftwerk-shop.cc\/es\/wp-json\/wp\/v2\/product_brand?post=68348453"},{"taxonomy":"product_cat","embeddable":true,"href":"https:\/\/kraftwerk-shop.cc\/es\/wp-json\/wp\/v2\/product_cat?post=68348453"},{"taxonomy":"product_tag","embeddable":true,"href":"https:\/\/kraftwerk-shop.cc\/es\/wp-json\/wp\/v2\/product_tag?post=68348453"}],"curies":[{"name":"wp","href":"https:\/\/api.w.org\/{rel}","templated":true}]}}