{"id":68348542,"date":"2025-08-31T19:23:07","date_gmt":"2025-08-31T17:23:07","guid":{"rendered":"https:\/\/kraftwerk-shop.cc\/?post_type=product&#038;p=68348542"},"modified":"2026-03-17T15:20:24","modified_gmt":"2026-03-17T14:20:24","slug":"hawk-hb194f-570-pastillas-de-freno-challenger","status":"publish","type":"product","link":"https:\/\/kraftwerk-shop.cc\/es\/produkt\/hawk-hb194f-570-bremsbelaege-challenger\/","title":{"rendered":"Hawk Performance Pastillas de freno HPS Challenger 6.1, 6.2 &amp; 6.4"},"content":{"rendered":"<h1>Hawk Performance HPS HB194F.570 Pastillas de freno para Dodge Challenger 6.1, 6.2 Hellcat y 6.4 (eje trasero)<\/h1>\n<p>&nbsp;<\/p>\n<p><strong>Hawk Performance HPS<\/strong><\/p>\n<p>Las pastillas de freno Hawk HPS (High Performance Street) son conocidas en todo el mundo por aumentar la potencia de frenado de su Dodge Challenger. Con el compuesto de pastillas de freno Hawk Performance HPS, puede mejorar f\u00e1cilmente el rendimiento del sistema de frenado de su veh\u00edculo.<br \/>\nEsta exclusiva f\u00f3rmula de ferrocarbono se ha desarrollado para su uso en carretera y utiliza la seguridad y la calidad de la tecnolog\u00eda de fricci\u00f3n de alta resistencia de las industrias aeroespacial y automovil\u00edstica.<br \/>\nEl compuesto High Performance Street ofrece un mayor coeficiente de fricci\u00f3n que las pastillas de freno est\u00e1ndar y puede proporcionarle entre 20 y 40 % m\u00e1s potencia de frenado y una mayor resistencia al desvanecimiento de los frenos que la mayor\u00eda de las pastillas de repuesto est\u00e1ndar. Menos desgaste significa que obtendr\u00e1 una pastilla de freno extremadamente duradera con menos polvo de freno.<\/p>\n<p>&nbsp;<\/p>\n<p><strong>Recomendaci\u00f3n<\/strong><\/p>\n<p>En la mayor\u00eda de los casos, el compuesto Hawk HPS garantiza un mayor par de frenado y una mayor temperatura de funcionamiento en comparaci\u00f3n con las pastillas de freno OEM. Tambi\u00e9n produce menos polvo de freno.<br \/>\nCon una temperatura m\u00e1xima de funcionamiento de 430-480\u00b0C, el compuesto HPS puede soportar un uso ligero en pista siempre que se vigilen los signos de sobrecalentamiento y se deje un tiempo de enfriamiento adecuado cuando las pastillas de freno alcancen su temperatura m\u00e1xima.<br \/>\nEl compuesto Hawk HPS no es un compuesto de competici\u00f3n y no puede soportar carreras prolongadas a altas temperaturas.<br \/>\nEn cuanto al polvo de freno, el compuesto HPS es m\u00e1s limpio que sus pastillas de freno OEM, pero genera m\u00e1s polvo que el compuesto Hawk Ceramic. El aumento del rendimiento en comparaci\u00f3n con Hawk Ceramic se produce a expensas de una mayor generaci\u00f3n de polvo.<\/p>\n<p>&nbsp;<\/p>\n<p><strong>Hawk HPS Caracter\u00edsticas:<\/strong><\/p>\n<ul>\n<li>Sensaci\u00f3n de frenado suave<\/li>\n<li>Excelente para la conducci\u00f3n deportiva<\/li>\n<li>Suave con las pastillas y los discos de freno<\/li>\n<li>Potencia de frenado constante<\/li>\n<li>Mayor fuerza de frenado<\/li>\n<li>Temperatura de funcionamiento: 40-370 \u00b0C<\/li>\n<li>Temperatura \u00f3ptima: 40-260 \u00b0C<\/li>\n<\/ul>\n<p>&nbsp;<\/p>\n<p>N\u00famero OE (s\u00f3lo a efectos comparativos): 68144223AA, 68144223AB, 68144223AC, 68144432AA, <span class=\"list-value sku-display\">68399102AA, 68399102AB, 68526411AA, 68501808AB<br \/>\n<\/span>Autorizaci\u00f3n: no<\/p>\n<p>&nbsp;<\/p>\n<p><strong>Adecuado para:<\/strong><\/p>\n<table width=\"555\">\n<tbody>\n<tr>\n<td width=\"120\"><strong>Marca<\/strong><\/td>\n<td width=\"168\"><strong>Modelo<\/strong><\/td>\n<td width=\"110\"><strong>Motor<\/strong><\/td>\n<td width=\"157\"><strong>A\u00f1o de construcci\u00f3n<\/strong><\/td>\n<\/tr>\n<tr>\n<td width=\"120\">Dodge<\/td>\n<td width=\"168\">Challenger<\/td>\n<td width=\"110\">6.1<\/td>\n<td width=\"157\">2008-2010<\/td>\n<\/tr>\n<tr>\n<td width=\"120\">Dodge<\/td>\n<td width=\"168\">Challenger<\/td>\n<td width=\"110\">6.2 Hellcat<\/td>\n<td width=\"157\">2015-2023<\/td>\n<\/tr>\n<tr>\n<td width=\"120\">Dodge<\/td>\n<td width=\"168\">Challenger<\/td>\n<td width=\"110\">6.4<\/td>\n<td width=\"157\">2011-2023<\/td>\n<\/tr>\n<\/tbody>\n<\/table>\n<p>&nbsp;<\/p>\n<p>El precio se refiere a 1 juego para el eje trasero completo.<\/p>","protected":false},"excerpt":{"rendered":"<p>Hawk Performance HPS HB194F.570 Pastillas de freno para Dodge Challenger 6.1, 6.2 Hellcat y 6.4 (eje trasero) Hawk Performance HPS Hawk HPS<\/p>","protected":false},"featured_media":68348573,"comment_status":"open","ping_status":"closed","template":"","meta":{"_acf_changed":false},"product_brand":[17621],"product_cat":[17696,17692,17688],"product_tag":[217,92,101,93,928,949,950,933,2754,2436,7035,6371,838,590,795,839,840,773,54,18963,49,692,1070,7614,18964,100,798,799,6901,18965,1166,1167,36,96,1056,164,1168,673],"class_list":{"0":"post-68348542","1":"product","2":"type-product","3":"status-publish","4":"has-post-thumbnail","6":"product_brand-hawk-performance","7":"product_cat-challenger-61-bremsbelaege-hinten","8":"product_cat-challenger-hellcat-bremsbelaege-hinten","9":"product_cat-challenger-64-bremsbelaege-hinten","10":"product_tag-217","11":"product_tag-6-1","12":"product_tag-6-2","13":"product_tag-6-4","14":"product_tag-68144223aa","15":"product_tag-68144223ab","16":"product_tag-68144223ac","17":"product_tag-68144432aa","18":"product_tag-68399102aa","19":"product_tag-68399102ab","20":"product_tag-68501808ab","21":"product_tag-68526411aa","22":"product_tag-bremsbelag","23":"product_tag-bremsbelaege","24":"product_tag-bremse","25":"product_tag-bremsklotz","26":"product_tag-bremskloetze","27":"product_tag-carbon","28":"product_tag-challenger","29":"product_tag-challenger-srt","30":"product_tag-dodge","31":"product_tag-ersatzteil","32":"product_tag-hawk","33":"product_tag-hawk10","34":"product_tag-hb194f-570","35":"product_tag-hellcat","36":"product_tag-hinten","37":"product_tag-hinterachse","38":"product_tag-hp-plus","39":"product_tag-hps","40":"product_tag-keramik","41":"product_tag-keramisch","42":"product_tag-kraftwerk","43":"product_tag-srt","44":"product_tag-srt-8","45":"product_tag-srt8","46":"product_tag-staubfrei","47":"product_tag-zubehoer","49":"first","50":"instock","51":"taxable","52":"shipping-taxable","53":"purchasable","54":"product-type-simple"},"bundled_by":[],"bundle_stock_status":"instock","bundle_stock_quantity":2,"bundle_virtual":false,"bundle_layout":"","bundle_add_to_cart_form_location":"","bundle_editable_in_cart":false,"bundle_sold_individually_context":"","bundle_item_grouping":"","bundle_min_size":"","bundle_max_size":"","bundle_price":[],"bundled_items":[],"bundle_sell_ids":[],"exclude_global_add_ons":[],"addons":[],"acf":[],"_links":{"self":[{"href":"https:\/\/kraftwerk-shop.cc\/es\/wp-json\/wp\/v2\/product\/68348542","targetHints":{"allow":["GET"]}}],"collection":[{"href":"https:\/\/kraftwerk-shop.cc\/es\/wp-json\/wp\/v2\/product"}],"about":[{"href":"https:\/\/kraftwerk-shop.cc\/es\/wp-json\/wp\/v2\/types\/product"}],"replies":[{"embeddable":true,"href":"https:\/\/kraftwerk-shop.cc\/es\/wp-json\/wp\/v2\/comments?post=68348542"}],"version-history":[{"count":0,"href":"https:\/\/kraftwerk-shop.cc\/es\/wp-json\/wp\/v2\/product\/68348542\/revisions"}],"wp:featuredmedia":[{"embeddable":true,"href":"https:\/\/kraftwerk-shop.cc\/es\/wp-json\/wp\/v2\/media\/68348573"}],"wp:attachment":[{"href":"https:\/\/kraftwerk-shop.cc\/es\/wp-json\/wp\/v2\/media?parent=68348542"}],"wp:term":[{"taxonomy":"product_brand","embeddable":true,"href":"https:\/\/kraftwerk-shop.cc\/es\/wp-json\/wp\/v2\/product_brand?post=68348542"},{"taxonomy":"product_cat","embeddable":true,"href":"https:\/\/kraftwerk-shop.cc\/es\/wp-json\/wp\/v2\/product_cat?post=68348542"},{"taxonomy":"product_tag","embeddable":true,"href":"https:\/\/kraftwerk-shop.cc\/es\/wp-json\/wp\/v2\/product_tag?post=68348542"}],"curies":[{"name":"wp","href":"https:\/\/api.w.org\/{rel}","templated":true}]}}