{"id":68348693,"date":"2025-09-03T22:57:06","date_gmt":"2025-09-03T20:57:06","guid":{"rendered":"https:\/\/kraftwerk-shop.cc\/?post_type=product&#038;p=68348693"},"modified":"2026-03-16T15:03:07","modified_gmt":"2026-03-16T14:03:07","slug":"placa-de-proteccion-termica-del-colector-de-escape-mopar-53032208ah","status":"publish","type":"product","link":"https:\/\/kraftwerk-shop.cc\/es\/produkt\/mopar-abgaskruemmer-hitzeschutzblech-53032208ah\/","title":{"rendered":"Placa de protecci\u00f3n t\u00e9rmica del colector de escape Mopar (53032208AH)"},"content":{"rendered":"<h1>Placa de protecci\u00f3n t\u00e9rmica original Mopar para el colector de escape (53032208AH) para Jeep Commander, Grand Cherokee, Dodge Durango y RAM 1500, 2500, 3500 5.7 de 2003 a 2008, izquierda y derecha<\/h1>\n<p>&nbsp;<\/p>\n<p><span lang=\"DE\"><strong>N\u00famero de pieza Mopar:<\/strong>\u00a053032208AH<br \/>\n<strong>Reemplazado: <\/strong>53032208AG<\/span><\/p>\n<p>&nbsp;<\/p>\n<p><strong>Adecuado para:<\/strong><\/p>\n<table width=\"880\">\n<tbody>\n<tr>\n<td width=\"81\"><strong>A\u00f1o de construcci\u00f3n<\/strong><\/td>\n<td width=\"81\"><strong>Marca<\/strong><\/td>\n<td width=\"192\"><strong>Modelo<\/strong><\/td>\n<td width=\"312\"><strong>Versi\u00f3n<\/strong><\/td>\n<td width=\"214\"><strong>Motor<\/strong><\/td>\n<\/tr>\n<tr>\n<td width=\"81\">2008<\/td>\n<td width=\"81\">Chrysler<\/td>\n<td width=\"192\">Aspen<\/td>\n<td width=\"312\">Limited<\/td>\n<td width=\"214\">4.7L V8 - Flex, 4.7L, 5.7L<\/td>\n<\/tr>\n<tr>\n<td width=\"81\">2008<\/td>\n<td width=\"81\">Dodge<\/td>\n<td width=\"192\">Durango<\/td>\n<td width=\"312\">Adventurer, Limited, SLT<\/td>\n<td width=\"214\">5.7L<\/td>\n<\/tr>\n<tr>\n<td width=\"81\">2008<\/td>\n<td width=\"81\">Dodge<\/td>\n<td width=\"192\">Ram 1500<\/td>\n<td width=\"312\">Laramie, SLT, ST<\/td>\n<td width=\"214\">4.7L V8 - Flex, 4.7L, 5.7L<\/td>\n<\/tr>\n<tr>\n<td width=\"81\">2008<\/td>\n<td width=\"81\">Dodge<\/td>\n<td width=\"192\">Ram 2500<\/td>\n<td width=\"312\">Laramie, Power Wagon, SLT, ST, SXT<\/td>\n<td width=\"214\">5.7L<\/td>\n<\/tr>\n<tr>\n<td width=\"81\">2008<\/td>\n<td width=\"81\">Dodge<\/td>\n<td width=\"192\">Ram 3500<\/td>\n<td width=\"312\">Laramie, SLT, ST<\/td>\n<td width=\"214\">5.7L<\/td>\n<\/tr>\n<tr>\n<td width=\"81\">2008<\/td>\n<td width=\"81\">Jeep<\/td>\n<td width=\"192\">Commander<\/td>\n<td width=\"312\">Limited, Overland<\/td>\n<td width=\"214\">5.7L<\/td>\n<\/tr>\n<tr>\n<td width=\"81\">2008<\/td>\n<td width=\"81\">Jeep<\/td>\n<td width=\"192\">Grand Cherokee<\/td>\n<td width=\"312\">Limited, Overland<\/td>\n<td width=\"214\">5.7L<\/td>\n<\/tr>\n<tr>\n<td width=\"81\">2007<\/td>\n<td width=\"81\">Chrysler<\/td>\n<td width=\"192\">Aspen<\/td>\n<td width=\"312\">Limited<\/td>\n<td width=\"214\">5.7L<\/td>\n<\/tr>\n<tr>\n<td width=\"81\">2007<\/td>\n<td width=\"81\">Dodge<\/td>\n<td width=\"192\">Durango<\/td>\n<td width=\"312\">Adventurer, Limited, SLT, SXT<\/td>\n<td width=\"214\">5.7L<\/td>\n<\/tr>\n<tr>\n<td width=\"81\">2007<\/td>\n<td width=\"81\">Dodge<\/td>\n<td width=\"192\">Ram 1500<\/td>\n<td width=\"312\">Laramie, SLT, ST, Sport, TRX4<\/td>\n<td width=\"214\">5.7L<\/td>\n<\/tr>\n<tr>\n<td width=\"81\">2007<\/td>\n<td width=\"81\">Dodge<\/td>\n<td width=\"192\">Ram 2500<\/td>\n<td width=\"312\">Laramie, Power Wagon, SLT, ST, Sport, TRX4<\/td>\n<td width=\"214\">5.7L<\/td>\n<\/tr>\n<tr>\n<td width=\"81\">2007<\/td>\n<td width=\"81\">Dodge<\/td>\n<td width=\"192\">Ram 3500<\/td>\n<td width=\"312\">Laramie, SLT, ST, Sport<\/td>\n<td width=\"214\">5.7L<\/td>\n<\/tr>\n<tr>\n<td width=\"81\">2007<\/td>\n<td width=\"81\">Jeep<\/td>\n<td width=\"192\">Commander<\/td>\n<td width=\"312\">Limited, Overland<\/td>\n<td width=\"214\">5.7L<\/td>\n<\/tr>\n<tr>\n<td width=\"81\">2007<\/td>\n<td width=\"81\">Jeep<\/td>\n<td width=\"192\">Grand Cherokee<\/td>\n<td width=\"312\">Limited, Overland<\/td>\n<td width=\"214\">5.7L<\/td>\n<\/tr>\n<tr>\n<td width=\"81\">2006<\/td>\n<td width=\"81\">Dodge<\/td>\n<td width=\"192\">Durango<\/td>\n<td width=\"312\">Limited, SLT<\/td>\n<td width=\"214\">5.7L<\/td>\n<\/tr>\n<tr>\n<td width=\"81\">2006<\/td>\n<td width=\"81\">Dodge<\/td>\n<td width=\"192\">Ram 1500<\/td>\n<td width=\"312\">Laramie, SLT, ST<\/td>\n<td width=\"214\">5.7L<\/td>\n<\/tr>\n<tr>\n<td width=\"81\">2006<\/td>\n<td width=\"81\">Dodge<\/td>\n<td width=\"192\">Ram 2500<\/td>\n<td width=\"312\">Laramie, SLT, ST<\/td>\n<td width=\"214\">5.7L<\/td>\n<\/tr>\n<tr>\n<td width=\"81\">2006<\/td>\n<td width=\"81\">Dodge<\/td>\n<td width=\"192\">Ram 3500<\/td>\n<td width=\"312\">Laramie, SLT, ST<\/td>\n<td width=\"214\">5.7L<\/td>\n<\/tr>\n<tr>\n<td width=\"81\">2006<\/td>\n<td width=\"81\">Jeep<\/td>\n<td width=\"192\">Commander<\/td>\n<td width=\"312\">Limited<\/td>\n<td width=\"214\">5.7L<\/td>\n<\/tr>\n<tr>\n<td width=\"81\">2006<\/td>\n<td width=\"81\">Jeep<\/td>\n<td width=\"192\">Grand Cherokee<\/td>\n<td width=\"312\">Limited, Overland<\/td>\n<td width=\"214\">5.7L<\/td>\n<\/tr>\n<tr>\n<td width=\"81\">2005<\/td>\n<td width=\"81\">Dodge<\/td>\n<td width=\"192\">Durango<\/td>\n<td width=\"312\">Limited, SLT<\/td>\n<td width=\"214\">5.7L<\/td>\n<\/tr>\n<tr>\n<td width=\"81\">2005<\/td>\n<td width=\"81\">Dodge<\/td>\n<td width=\"192\">Ram 1500<\/td>\n<td width=\"312\">SLT, ST<\/td>\n<td width=\"214\">5.7L<\/td>\n<\/tr>\n<tr>\n<td width=\"81\">2005<\/td>\n<td width=\"81\">Dodge<\/td>\n<td width=\"192\">Ram 2500<\/td>\n<td width=\"312\">SLT, ST<\/td>\n<td width=\"214\">5.7L<\/td>\n<\/tr>\n<tr>\n<td width=\"81\">2005<\/td>\n<td width=\"81\">Dodge<\/td>\n<td width=\"192\">Ram 3500<\/td>\n<td width=\"312\">SLT, ST<\/td>\n<td width=\"214\">5.7L<\/td>\n<\/tr>\n<tr>\n<td width=\"81\">2005<\/td>\n<td width=\"81\">Jeep<\/td>\n<td width=\"192\">Grand Cherokee<\/td>\n<td width=\"312\">Limited<\/td>\n<td width=\"214\">5.7L<\/td>\n<\/tr>\n<tr>\n<td width=\"81\">2004<\/td>\n<td width=\"81\">Dodge<\/td>\n<td width=\"192\">Durango<\/td>\n<td width=\"312\">Limited, SLT<\/td>\n<td width=\"214\">5.7L<\/td>\n<\/tr>\n<tr>\n<td width=\"81\">2004<\/td>\n<td width=\"81\">Dodge<\/td>\n<td width=\"192\">Ram 1500<\/td>\n<td width=\"312\">SLT, ST<\/td>\n<td width=\"214\">5.7L<\/td>\n<\/tr>\n<tr>\n<td width=\"81\">2004<\/td>\n<td width=\"81\">Dodge<\/td>\n<td width=\"192\">Ram 2500<\/td>\n<td width=\"312\">SLT, ST<\/td>\n<td width=\"214\">5.7L<\/td>\n<\/tr>\n<tr>\n<td width=\"81\">2004<\/td>\n<td width=\"81\">Dodge<\/td>\n<td width=\"192\">Ram 3500<\/td>\n<td width=\"312\">SLT, ST<\/td>\n<td width=\"214\">5.7L<\/td>\n<\/tr>\n<tr>\n<td width=\"81\">2003<\/td>\n<td width=\"81\">Dodge<\/td>\n<td width=\"192\">Ram 1500<\/td>\n<td width=\"312\">SLT, ST<\/td>\n<td width=\"214\">5.7L<\/td>\n<\/tr>\n<tr>\n<td width=\"81\">2003<\/td>\n<td width=\"81\">Dodge<\/td>\n<td width=\"192\">Ram 2500<\/td>\n<td width=\"312\">SLT, ST<\/td>\n<td width=\"214\">5.7L<\/td>\n<\/tr>\n<tr>\n<td width=\"81\">2003<\/td>\n<td width=\"81\">Dodge<\/td>\n<td width=\"192\">Ram 3500<\/td>\n<td width=\"312\">SLT, ST<\/td>\n<td width=\"214\">5.7L<\/td>\n<\/tr>\n<\/tbody>\n<\/table>\n<p>&nbsp;<\/p>\n<p>&nbsp;<\/p>\n<h4>Recambios originales Mopar: calidad directa del fabricante<\/h4>\n<p><strong>Precisi\u00f3n conforme al fabricante:<\/strong> Como fabricante de piezas originales, Mopar proporciona componentes que se corresponden exactamente con las especificaciones de su veh\u00edculo. La fabricaci\u00f3n precisa garantiza una instalaci\u00f3n sin problemas y el cumplimiento de todos los requisitos relacionados con la seguridad.<\/p>\n<p><strong>Duradera y fiable:<\/strong> Las piezas originales Mopar se fabrican con materiales de alta calidad y se someten a estrictas pruebas de calidad. Est\u00e1n dise\u00f1adas para una larga vida \u00fatil y ofrecen un rendimiento constante incluso con un uso intensivo.<\/p>\n<p>&nbsp;<\/p>","protected":false},"excerpt":{"rendered":"<p>Pieza original Mopar<\/p>\n<p>2003-2008<\/p>","protected":false},"featured_media":68348773,"comment_status":"open","ping_status":"closed","template":"","meta":{"_acf_changed":false},"product_brand":[16270],"product_cat":[6613,2660,6628,7749,9958],"product_tag":[18968,475,506,507,18969,18970,605,94,49,95,56,11097,50,1149,31,8813,9424,16271,16273,16275,16272,16274,7221,86,2793],"class_list":{"0":"post-68348693","1":"product","2":"type-product","3":"status-publish","4":"has-post-thumbnail","6":"product_brand-mopar","7":"product_cat-durango-57-abgasanlage-dichtungen-hardware","8":"product_cat-commander-abgasanlage","9":"product_cat-grand-cherokee-57-2005-2010-dichtungen-hardware","10":"product_cat-1500-57-2003-2008-abgasanlage-dichtungen-hardware","11":"product_cat-2500-3500-57-abgasanlage-dichtungen-hardware","12":"product_tag-053032208ag","13":"product_tag-475","14":"product_tag-506","15":"product_tag-507","16":"product_tag-53032208ag","17":"product_tag-53032208ah","18":"product_tag-abgaskruemmer","19":"product_tag-commander","20":"product_tag-dodge","21":"product_tag-durango","22":"product_tag-grand-cherokee","23":"product_tag-hitzeschutzblech","24":"product_tag-jeep","25":"product_tag-links","26":"product_tag-mopar","27":"product_tag-mopar-autoteile","28":"product_tag-mopar-ersatzteile","29":"product_tag-mopar-ersatzteile-kaufen","30":"product_tag-mopar-performance-teile","31":"product_tag-mopar-teile-katalog","32":"product_tag-mopar-teile-online","33":"product_tag-mopar-tuningteile","34":"product_tag-mopar10","35":"product_tag-ram","36":"product_tag-rechts","38":"first","39":"instock","40":"taxable","41":"shipping-taxable","42":"purchasable","43":"product-type-simple"},"bundled_by":[],"bundle_stock_status":"instock","bundle_stock_quantity":10,"bundle_virtual":false,"bundle_layout":"","bundle_add_to_cart_form_location":"","bundle_editable_in_cart":false,"bundle_sold_individually_context":"","bundle_item_grouping":"","bundle_min_size":"","bundle_max_size":"","bundle_price":[],"bundled_items":[],"bundle_sell_ids":[],"exclude_global_add_ons":[],"addons":[],"acf":[],"_links":{"self":[{"href":"https:\/\/kraftwerk-shop.cc\/es\/wp-json\/wp\/v2\/product\/68348693","targetHints":{"allow":["GET"]}}],"collection":[{"href":"https:\/\/kraftwerk-shop.cc\/es\/wp-json\/wp\/v2\/product"}],"about":[{"href":"https:\/\/kraftwerk-shop.cc\/es\/wp-json\/wp\/v2\/types\/product"}],"replies":[{"embeddable":true,"href":"https:\/\/kraftwerk-shop.cc\/es\/wp-json\/wp\/v2\/comments?post=68348693"}],"version-history":[{"count":0,"href":"https:\/\/kraftwerk-shop.cc\/es\/wp-json\/wp\/v2\/product\/68348693\/revisions"}],"wp:featuredmedia":[{"embeddable":true,"href":"https:\/\/kraftwerk-shop.cc\/es\/wp-json\/wp\/v2\/media\/68348773"}],"wp:attachment":[{"href":"https:\/\/kraftwerk-shop.cc\/es\/wp-json\/wp\/v2\/media?parent=68348693"}],"wp:term":[{"taxonomy":"product_brand","embeddable":true,"href":"https:\/\/kraftwerk-shop.cc\/es\/wp-json\/wp\/v2\/product_brand?post=68348693"},{"taxonomy":"product_cat","embeddable":true,"href":"https:\/\/kraftwerk-shop.cc\/es\/wp-json\/wp\/v2\/product_cat?post=68348693"},{"taxonomy":"product_tag","embeddable":true,"href":"https:\/\/kraftwerk-shop.cc\/es\/wp-json\/wp\/v2\/product_tag?post=68348693"}],"curies":[{"name":"wp","href":"https:\/\/api.w.org\/{rel}","templated":true}]}}