{"id":68348862,"date":"2025-09-07T14:54:52","date_gmt":"2025-09-07T12:54:52","guid":{"rendered":"https:\/\/kraftwerk-shop.cc\/?post_type=product&#038;p=68348862"},"modified":"2026-03-18T18:38:37","modified_gmt":"2026-03-18T17:38:37","slug":"dba-disco-de-freno-dba2439s-300c-challenger-charger-magnum","status":"publish","type":"product","link":"https:\/\/kraftwerk-shop.cc\/es\/produkt\/dba-bremsscheibe-dba2439s-300c-challenger-charger-magnum\/","title":{"rendered":"Disco de freno DBA Performance 300C, Challenger, Charger &amp; Magnum (DBA2439S)"},"content":{"rendered":"<h1>Disco de freno DBA T2 Street Series DBA2439S, versi\u00f3n ranurada (eje trasero) para Chrysler 300C, Dodge Challenger, Charger y Magnum 3.0 CRD, 3.5, 3.6 y 5.7<\/h1>\n<p>&nbsp;<\/p>\n<p><strong>N\u00fameros de comparaci\u00f3n Mopar:<\/strong> 4779209AB, 4779209AC, 4779209AD, 4779209AE, 4779209AF, 4779209AG, 68241042AA, 68241042AB, 68368072AA, 68368071AA<\/p>\n<p>&nbsp;<\/p>\n<p><strong>Adecuado para:<\/strong><\/p>\n<table width=\"0\">\n<tbody>\n<tr>\n<td width=\"64\">Chrysler<\/td>\n<td width=\"100\">300C<\/td>\n<td width=\"163\">3.0 CRD, 3.5, 3.6, 5.7<\/td>\n<td width=\"305\">Todos los modelos con discos de freno ventilados<\/td>\n<\/tr>\n<tr>\n<td width=\"64\">Dodge<\/td>\n<td width=\"100\">Challenger<\/td>\n<td width=\"163\">3.5, 3.6, 5.7<\/td>\n<td width=\"305\">Todos los modelos con discos de freno ventilados<\/td>\n<\/tr>\n<tr>\n<td width=\"64\">Dodge<\/td>\n<td width=\"100\">Charger<\/td>\n<td width=\"163\">3.5, 3.6, 5.7<\/td>\n<td width=\"305\">Todos los modelos con discos de freno ventilados<\/td>\n<\/tr>\n<tr>\n<td width=\"64\">Dodge<\/td>\n<td width=\"100\">Magnum<\/td>\n<td width=\"163\">3.5, 5.7<\/td>\n<td width=\"305\">Todos los modelos con discos de freno ventilados<\/td>\n<\/tr>\n<tr>\n<td width=\"64\">Lancia<\/td>\n<td width=\"100\">Tema<\/td>\n<td width=\"163\">3.0 MultiJet, 3.6<\/td>\n<td width=\"305\">Todos los modelos con discos de freno ventilados<\/td>\n<\/tr>\n<\/tbody>\n<\/table>\n<p><strong>\u00a0<\/strong><\/p>\n<p>&nbsp;<\/p>\n<p><strong>Datos:<\/strong><\/p>\n<table width=\"330\">\n<tbody>\n<tr>\n<td style=\"width: 133.783px;\">\n<p data-v-369d9bee=\"\">Di\u00e1metro (mm)<\/p>\n<\/td>\n<td style=\"width: 186.767px;\">320<\/td>\n<\/tr>\n<tr>\n<td style=\"width: 133.783px;\">\n<p data-v-369d9bee=\"\">Ventilaci\u00f3n<\/p>\n<\/td>\n<td style=\"width: 186.767px;\">Pata de canguro<\/td>\n<\/tr>\n<tr>\n<td style=\"width: 133.783px;\">\n<p data-v-369d9bee=\"\">N\u00famero de agujeros<\/p>\n<\/td>\n<td style=\"width: 186.767px;\">5<\/td>\n<\/tr>\n<tr>\n<td style=\"width: 133.783px;\">\n<p data-v-369d9bee=\"\">Di\u00e1metro interior (mm)<\/p>\n<\/td>\n<td style=\"width: 186.767px;\">72.6<\/td>\n<\/tr>\n<tr>\n<td style=\"width: 133.783px;\">\n<p data-v-369d9bee=\"\">Espesor (mm)<\/p>\n<\/td>\n<td style=\"width: 186.767px;\">22<\/td>\n<\/tr>\n<tr>\n<td style=\"width: 133.783px;\">\n<p data-v-369d9bee=\"\">Espesor m\u00ednimo (mm)<\/p>\n<\/td>\n<td style=\"width: 186.767px;\">20.5<\/td>\n<\/tr>\n<tr>\n<td style=\"width: 133.783px;\">Peso (KG)<\/td>\n<td style=\"width: 186.767px;\">9<\/td>\n<\/tr>\n<tr>\n<td style=\"width: 133.783px;\">Autorizaci\u00f3n<\/td>\n<td style=\"width: 186.767px;\">ECE R90 E11*90R02\/06*60523*00<\/td>\n<\/tr>\n<\/tbody>\n<\/table>\n<p>&nbsp;<\/p>\n<p><strong>Notas:<\/strong><\/p>\n<ul>\n<li>Hay 3 marcas de color en el disco que sirven como indicador de la temperatura m\u00e1s alta alcanzada.<\/li>\n<li>El precio se refiere a un disco.<\/li>\n<\/ul>\n<p>&nbsp;<\/p>\n<p>&nbsp;<\/p>\n<p><strong>Acerca del fabricante DBA:<\/strong><\/p>\n<p data-start=\"0\" data-end=\"351\">Disc Brakes Australia (DBA) ofrece componentes de freno especialmente desarrollados para veh\u00edculos Chrysler y Dodge de alto rendimiento que satisfacen las m\u00e1s altas exigencias. Ya sea Charger, Challenger, Durango o RAM - DBA suministra discos y pastillas de freno que se adaptan perfectamente al alto rendimiento del motor y al manejo deportivo de estos modelos.<\/p>\n<p data-start=\"353\" data-end=\"730\">Gracias a tecnolog\u00edas innovadoras como el Perfilado de Estabilidad T\u00e9rmica (TSP) y los canales de ventilaci\u00f3n fabricados con precisi\u00f3n, los discos de freno DBA garantizan una disipaci\u00f3n \u00f3ptima del calor, menos desvanecimiento y la m\u00e1xima estabilidad de frenado, incluso bajo cargas extremas. Los procesos de fabricaci\u00f3n probados en deportes de motor y los estrictos controles de calidad garantizan la m\u00e1xima fiabilidad y rendimiento.<\/p>\n<p data-start=\"732\" data-end=\"935\">Para los conductores de Dodge y Chrysler que desean aprovechar todo el potencial de su veh\u00edculo, DBA ofrece la combinaci\u00f3n ideal de seguridad, control y potencia de frenado deportiva.<\/p>\n<p data-start=\"732\" data-end=\"935\">","protected":false},"excerpt":{"rendered":"<p>Disco de freno ventilado<\/p>","protected":false},"featured_media":68348867,"comment_status":"open","ping_status":"closed","template":"","meta":{"_acf_changed":false},"product_brand":[18922],"product_cat":[17713,17718,17722,17726,17730,17708,17706,17700,17742,17746,17750,17754,17770,17774],"product_tag":[18193,18194,18195,18196,18197,18198,88,169,52,2071,2072,2074,2073,2075,2077,91,17574,17575,17577,17576,795,796,3946,54,53,48,536,789,18971,49,3853,3854,692,55,31,186,797,920,673],"class_list":{"0":"post-68348862","1":"product","2":"type-product","3":"status-publish","4":"has-post-thumbnail","6":"product_brand-dba","7":"product_cat-300c-30-diesel-bremsscheiben-hinten","8":"product_cat-300c-35-bremsscheiben-hinten","9":"product_cat-300c-36-bremsscheiben-hinten","10":"product_cat-300c-57-2005-2010-bremsscheiben-hinten","11":"product_cat-300c-57-2011-2023-bremsscheiben-hinten","12":"product_cat-challenger-35-bremsscheiben-hinten","13":"product_cat-challenger-36-bremsscheiben-hinten","14":"product_cat-challenger-57-bremsscheiben-hinten","15":"product_cat-charger-35-bremsscheiben-hinten","16":"product_cat-charger-36-bremsscheiben-hinten","17":"product_cat-charger-57-bremsscheiben-hinten","18":"product_cat-charger-57-2011-2023-bremsscheiben-hinten","19":"product_cat-magnum-35-bremsscheiben-hinten","20":"product_cat-magnum-57-bremsscheiben-hinten","21":"product_tag-04779209ab","22":"product_tag-04779209ac","23":"product_tag-04779209ad","24":"product_tag-04779209ae","25":"product_tag-04779209af","26":"product_tag-04779209ag","27":"product_tag-3-5","28":"product_tag-3-6","29":"product_tag-300c","30":"product_tag-4779209ab","31":"product_tag-4779209ac","32":"product_tag-4779209ad","33":"product_tag-4779209ae","34":"product_tag-4779209af","35":"product_tag-4779209ag","36":"product_tag-5-7","37":"product_tag-68241042aa","38":"product_tag-68241042ab","39":"product_tag-68368071aa","40":"product_tag-68368072aa","41":"product_tag-bremse","42":"product_tag-bremsscheibe","43":"product_tag-bremsscheiben-fuer-dodge-challenger","44":"product_tag-challenger","45":"product_tag-charger","46":"product_tag-chrysler","47":"product_tag-chrysler-300c","48":"product_tag-dba","49":"product_tag-dba2439s","50":"product_tag-dodge","51":"product_tag-dodge-challenger","52":"product_tag-dodge-charger","53":"product_tag-ersatzteil","54":"product_tag-magnum","55":"product_tag-mopar","56":"product_tag-performance","57":"product_tag-sportbremsscheibe","58":"product_tag-t2","59":"product_tag-zubehoer","61":"first","62":"instock","63":"taxable","64":"shipping-taxable","65":"purchasable","66":"product-type-simple"},"bundled_by":[],"bundle_stock_status":"instock","bundle_stock_quantity":6,"bundle_virtual":false,"bundle_layout":"","bundle_add_to_cart_form_location":"","bundle_editable_in_cart":false,"bundle_sold_individually_context":"","bundle_item_grouping":"","bundle_min_size":"","bundle_max_size":"","bundle_price":[],"bundled_items":[],"bundle_sell_ids":[],"exclude_global_add_ons":[],"addons":[],"acf":[],"_links":{"self":[{"href":"https:\/\/kraftwerk-shop.cc\/es\/wp-json\/wp\/v2\/product\/68348862","targetHints":{"allow":["GET"]}}],"collection":[{"href":"https:\/\/kraftwerk-shop.cc\/es\/wp-json\/wp\/v2\/product"}],"about":[{"href":"https:\/\/kraftwerk-shop.cc\/es\/wp-json\/wp\/v2\/types\/product"}],"replies":[{"embeddable":true,"href":"https:\/\/kraftwerk-shop.cc\/es\/wp-json\/wp\/v2\/comments?post=68348862"}],"version-history":[{"count":0,"href":"https:\/\/kraftwerk-shop.cc\/es\/wp-json\/wp\/v2\/product\/68348862\/revisions"}],"wp:featuredmedia":[{"embeddable":true,"href":"https:\/\/kraftwerk-shop.cc\/es\/wp-json\/wp\/v2\/media\/68348867"}],"wp:attachment":[{"href":"https:\/\/kraftwerk-shop.cc\/es\/wp-json\/wp\/v2\/media?parent=68348862"}],"wp:term":[{"taxonomy":"product_brand","embeddable":true,"href":"https:\/\/kraftwerk-shop.cc\/es\/wp-json\/wp\/v2\/product_brand?post=68348862"},{"taxonomy":"product_cat","embeddable":true,"href":"https:\/\/kraftwerk-shop.cc\/es\/wp-json\/wp\/v2\/product_cat?post=68348862"},{"taxonomy":"product_tag","embeddable":true,"href":"https:\/\/kraftwerk-shop.cc\/es\/wp-json\/wp\/v2\/product_tag?post=68348862"}],"curies":[{"name":"wp","href":"https:\/\/api.w.org\/{rel}","templated":true}]}}