{"id":68349241,"date":"2025-09-13T13:50:24","date_gmt":"2025-09-13T11:50:24","guid":{"rendered":"https:\/\/kraftwerk-shop.cc\/?post_type=product&#038;p=68349241"},"modified":"2026-02-15T01:23:30","modified_gmt":"2026-02-15T00:23:30","slug":"hawk-pastillas-de-freno-ceramicas-hb509z-678-challenger","status":"publish","type":"product","link":"https:\/\/kraftwerk-shop.cc\/es\/produkt\/hawk-ceramic-bremsbelaege-hb509z-678-challenger\/","title":{"rendered":"Hawk Performance Pastillas de freno cer\u00e1micas Challenger 3.5, 3.6 &amp; 5.7"},"content":{"rendered":"<h1>Hawk Performance Pastillas de freno cer\u00e1micas de alto rendimiento HB509Z.678 para Dodge Challenger 3.5, 3.6 y 5.7 (eje delantero)<\/h1>\n<p>&nbsp;<\/p>\n<p>Hawk reconoce las necesidades de los usuarios de pastillas de freno cer\u00e1micas de hoy en d\u00eda y ha formulado especialmente su material compuesto para cumplir y superar los requisitos de alto nivel de ruido y bajo nivel de polvo que se ha fijado.<br \/>\nLas pastillas de freno Hawk PC (Performance Ceramic) est\u00e1n dise\u00f1adas para reducir el NVH (Ruido, Vibraci\u00f3n y Dureza) y ofrecer un rendimiento excepcional kil\u00f3metro tras kil\u00f3metro.<br \/>\nEl exclusivo compuesto ofrece un perfil de fricci\u00f3n lineal que permite que el sistema ABS de su Durango Hellcat funcione con la mayor eficacia posible y tiene la ventaja de no perder rendimiento en comparaci\u00f3n con las pastillas cer\u00e1micas convencionales.<br \/>\nCon las pastillas de freno cer\u00e1micas Performance de Hawk experimentar\u00e1 un menor desgaste de las pastillas de freno, una mayor vida \u00fatil de los discos de freno y un desarrollo de ruido muy reducido.<\/p>\n<p>El Hawk Performance de cer\u00e1mica es un gran compuesto si su m\u00e1xima prioridad es minimizar el polvo de freno. Este compuesto es un reemplazo muy popular para el freno OEM utilizado en el Dodge Challenger.<br \/>\nSi no desea un mayor rendimiento de frenado en comparaci\u00f3n con el equipamiento de serie y desea eliminar pr\u00e1cticamente el polvo de freno, las pastillas de freno cer\u00e1micas Hawk Performance son perfectas para usted.<\/p>\n<p>&nbsp;<\/p>\n<p><strong>Propiedades:<\/strong><\/p>\n<ul>\n<li>Extremadamente silencioso<\/li>\n<li>Polvo extremadamente bajo<\/li>\n<li>Mayor fuerza de frenado<\/li>\n<li>Cuidado con los discos de freno<\/li>\n<li>Rendimiento de frenado estable<\/li>\n<li>35-345 \u00b0C Temperatura de funcionamiento<\/li>\n<li>35-235 \u00b0C Temperatura \u00f3ptima<\/li>\n<\/ul>\n<p>&nbsp;<\/p>\n<p><strong>N\u00fameros de comparaci\u00f3n Mopar: <\/strong><span lang=\"DE\">05142555AA, 05174001AA, 05174001AB, 05174001AC<strong>, <\/strong>68147681AA<\/span><\/p>\n<p>&nbsp;<\/p>\n<p><strong>Adecuado para:<\/strong><\/p>\n<table>\n<tbody>\n<tr>\n<td width=\"81\">Dodge<\/td>\n<td width=\"199\">Challenger<\/td>\n<td width=\"174\">3.5, 3.6, 5.7<\/td>\n<td width=\"369\">Todos los modelos con discos de freno de 345 mm<\/td>\n<\/tr>\n<\/tbody>\n<\/table>\n<p>&nbsp;<\/p>\n<p>El precio se refiere a 1 juego para el eje delantero completo.<\/p>","protected":false},"excerpt":{"rendered":"<p>Adecuado para discos de freno de 345 mm<\/p>","protected":false},"featured_media":68349277,"comment_status":"open","ping_status":"closed","template":"","meta":{"_acf_changed":false},"product_brand":[17621],"product_cat":[17709,17703,17701],"product_tag":[2149,2150,2151,2152,18215,18216,18217,18218,2153,590,840,6922,54,49,3853,1070,7614,18981,100,1166,186,96,842,841],"class_list":{"0":"post-68349241","1":"product","2":"type-product","3":"status-publish","4":"has-post-thumbnail","6":"product_brand-hawk-performance","7":"product_cat-challenger-35-bremsbelaege-vorne","8":"product_cat-challenger-36-bremsbelaege-vorne","9":"product_cat-challenger-57-bremsbelaege-vorne","10":"product_tag-05142555aa","11":"product_tag-05174001aa","12":"product_tag-05174001ab","13":"product_tag-05174001ac","14":"product_tag-5142555aa","15":"product_tag-5174001aa","16":"product_tag-5174001ab","17":"product_tag-5174001ac","18":"product_tag-68147681aa","19":"product_tag-bremsbelaege","20":"product_tag-bremskloetze","21":"product_tag-ceramic","22":"product_tag-challenger","23":"product_tag-dodge","24":"product_tag-dodge-challenger","25":"product_tag-hawk","26":"product_tag-hawk10","27":"product_tag-hb509z-678","28":"product_tag-hellcat","29":"product_tag-keramik","30":"product_tag-performance","31":"product_tag-srt","32":"product_tag-vorderachse","33":"product_tag-vorne","35":"first","36":"instock","37":"taxable","38":"shipping-taxable","39":"purchasable","40":"product-type-simple"},"bundled_by":[],"bundle_stock_status":"instock","bundle_stock_quantity":1,"bundle_virtual":false,"bundle_layout":"","bundle_add_to_cart_form_location":"","bundle_editable_in_cart":false,"bundle_sold_individually_context":"","bundle_item_grouping":"","bundle_min_size":"","bundle_max_size":"","bundle_price":[],"bundled_items":[],"bundle_sell_ids":[],"exclude_global_add_ons":[],"addons":[],"acf":[],"_links":{"self":[{"href":"https:\/\/kraftwerk-shop.cc\/es\/wp-json\/wp\/v2\/product\/68349241","targetHints":{"allow":["GET"]}}],"collection":[{"href":"https:\/\/kraftwerk-shop.cc\/es\/wp-json\/wp\/v2\/product"}],"about":[{"href":"https:\/\/kraftwerk-shop.cc\/es\/wp-json\/wp\/v2\/types\/product"}],"replies":[{"embeddable":true,"href":"https:\/\/kraftwerk-shop.cc\/es\/wp-json\/wp\/v2\/comments?post=68349241"}],"version-history":[{"count":0,"href":"https:\/\/kraftwerk-shop.cc\/es\/wp-json\/wp\/v2\/product\/68349241\/revisions"}],"wp:featuredmedia":[{"embeddable":true,"href":"https:\/\/kraftwerk-shop.cc\/es\/wp-json\/wp\/v2\/media\/68349277"}],"wp:attachment":[{"href":"https:\/\/kraftwerk-shop.cc\/es\/wp-json\/wp\/v2\/media?parent=68349241"}],"wp:term":[{"taxonomy":"product_brand","embeddable":true,"href":"https:\/\/kraftwerk-shop.cc\/es\/wp-json\/wp\/v2\/product_brand?post=68349241"},{"taxonomy":"product_cat","embeddable":true,"href":"https:\/\/kraftwerk-shop.cc\/es\/wp-json\/wp\/v2\/product_cat?post=68349241"},{"taxonomy":"product_tag","embeddable":true,"href":"https:\/\/kraftwerk-shop.cc\/es\/wp-json\/wp\/v2\/product_tag?post=68349241"}],"curies":[{"name":"wp","href":"https:\/\/api.w.org\/{rel}","templated":true}]}}