{"id":68349288,"date":"2025-09-13T13:50:10","date_gmt":"2025-09-13T11:50:10","guid":{"rendered":"https:\/\/kraftwerk-shop.cc\/?post_type=product&#038;p=68349288"},"modified":"2026-02-15T01:23:27","modified_gmt":"2026-02-15T00:23:27","slug":"pastillas-de-freno-hawk-hb509b-678-challenger","status":"publish","type":"product","link":"https:\/\/kraftwerk-shop.cc\/es\/produkt\/hawk-bremsbelaege-hb509b-678-challenger\/","title":{"rendered":"Hawk Performance HPS 5.0 Pastillas de freno Challenger 3.5, 3.6 &amp; 5.7"},"content":{"rendered":"<h1>Hawk Performance HPS 5.0 Pastillas de freno de alto rendimiento HB509B.678 para Dodge Challenger 3.5, 3.6 y 5.7 (eje delantero)<\/h1>\n<p>&nbsp;<\/p>\n<p><strong>Hawk Performance HPS 5.0<\/strong><\/p>\n<p>Pastillas de freno Hawk Performance, equipadas con la \u00faltima f\u00f3rmula HPS 5.0 - desarrolladas para obtener el m\u00e1ximo rendimiento en carretera con un tacto de pedal optimizado y una gran potencia de frenado sin afectar al ABS de su Dodge Challenger.<br \/>\nEl HPS 5.0 es un compuesto de ferrocarbono que ofrece avanzadas propiedades de frenado para mejorar la experiencia de conducci\u00f3n. Este compuesto combina la seguridad y la calidad de la tecnolog\u00eda aeroespacial con la tecnolog\u00eda de frenado de los deportes de motor. El resultado son unas distancias de frenado m\u00e1s cortas, un mejor rendimiento en condiciones de frenada brusca y unas caracter\u00edsticas aptas para la carretera.<\/p>\n<p>&nbsp;<\/p>\n<p><strong>Recomendaci\u00f3n<\/strong><\/p>\n<p>La Hawk HPS 5.0 es una buena elecci\u00f3n si desea aumentar su rendimiento de frenado al m\u00e1ximo nivel posible sin tener que soportar los efectos secundarios negativos de ruido y grandes cantidades de polvo de freno que suelen asociarse a las pastillas de freno de mayor rendimiento.<br \/>\nEl HPS 5.0 ofrece un mayor par de frenado y una mayor temperatura de funcionamiento en comparaci\u00f3n con el compuesto HPS Hawk. El compuesto HPS 5.0 puede soportar un uso ligero en pista siempre que est\u00e9s atento a los signos de sobrecalentamiento y dejes que las pastillas de freno se enfr\u00eden el tiempo suficiente cuando alcancen su temperatura m\u00e1xima.<br \/>\nEl compuesto Hawk HPS 5.0 no es un compuesto de competici\u00f3n y no soportar\u00e1 carreras prolongadas a altas temperaturas. El compuesto HPS 5.0 es m\u00e1s limpio que la mayor\u00eda de las pastillas de freno OEM, pero genera m\u00e1s polvo de freno que el Hawk Ceramic y el Hawk HPS.<\/p>\n<p>&nbsp;<\/p>\n<p><strong>Hawk HPS Caracter\u00edsticas:<\/strong><\/p>\n<ul>\n<li>Par de frenado agresivo<\/li>\n<li>Bajo desgaste de los discos y pastillas de freno<\/li>\n<li>Respuesta coherente y previsible<\/li>\n<li>Alto rendimiento de desaceleraci\u00f3n<\/li>\n<li>Temperatura de funcionamiento: 40-400 \u00b0C<\/li>\n<li>Temperatura \u00f3ptima: 40-290 \u00b0C<\/li>\n<\/ul>\n<p>&nbsp;<\/p>\n<p><strong>N\u00fameros de comparaci\u00f3n Mopar:<\/strong> <span lang=\"DE\">05142555AA, 05174001AA, 05174001AB, 05174001AC<strong>, <\/strong>68147681AA<\/span><\/p>\n<p>&nbsp;<\/p>\n<p><strong>Adecuado para:<\/strong><\/p>\n<table width=\"823\">\n<tbody>\n<tr>\n<td width=\"81\">Dodge<\/td>\n<td width=\"199\">Challenger<\/td>\n<td width=\"174\">3.5, 3.6, 5.7<\/td>\n<td width=\"369\">Todos los modelos con discos de freno de 345 mm<\/td>\n<\/tr>\n<\/tbody>\n<\/table>\n<p>&nbsp;<\/p>\n<p>El precio se refiere a 1 juego para el eje delantero completo.<\/p>","protected":false},"excerpt":{"rendered":"<p>Adecuado para discos de freno de 345 mm<\/p>","protected":false},"featured_media":68349302,"comment_status":"open","ping_status":"closed","template":"","meta":{"_acf_changed":false},"product_brand":[17621],"product_cat":[17709,17703,17701],"product_tag":[2149,2150,2151,2152,88,169,91,18215,18216,18217,18218,2153,590,840,54,49,3853,1070,7614,18982,18965,18983,186,842,841],"class_list":{"0":"post-68349288","1":"product","2":"type-product","3":"status-publish","4":"has-post-thumbnail","6":"product_brand-hawk-performance","7":"product_cat-challenger-35-bremsbelaege-vorne","8":"product_cat-challenger-36-bremsbelaege-vorne","9":"product_cat-challenger-57-bremsbelaege-vorne","10":"product_tag-05142555aa","11":"product_tag-05174001aa","12":"product_tag-05174001ab","13":"product_tag-05174001ac","14":"product_tag-3-5","15":"product_tag-3-6","16":"product_tag-5-7","17":"product_tag-5142555aa","18":"product_tag-5174001aa","19":"product_tag-5174001ab","20":"product_tag-5174001ac","21":"product_tag-68147681aa","22":"product_tag-bremsbelaege","23":"product_tag-bremskloetze","24":"product_tag-challenger","25":"product_tag-dodge","26":"product_tag-dodge-challenger","27":"product_tag-hawk","28":"product_tag-hawk10","29":"product_tag-hb509b-678","30":"product_tag-hps","31":"product_tag-hps-5-0","32":"product_tag-performance","33":"product_tag-vorderachse","34":"product_tag-vorne","36":"first","37":"instock","38":"taxable","39":"shipping-taxable","40":"purchasable","41":"product-type-simple"},"bundled_by":[],"bundle_stock_status":"instock","bundle_stock_quantity":2,"bundle_virtual":false,"bundle_layout":"","bundle_add_to_cart_form_location":"","bundle_editable_in_cart":false,"bundle_sold_individually_context":"","bundle_item_grouping":"","bundle_min_size":"","bundle_max_size":"","bundle_price":[],"bundled_items":[],"bundle_sell_ids":[],"exclude_global_add_ons":[],"addons":[],"acf":[],"_links":{"self":[{"href":"https:\/\/kraftwerk-shop.cc\/es\/wp-json\/wp\/v2\/product\/68349288","targetHints":{"allow":["GET"]}}],"collection":[{"href":"https:\/\/kraftwerk-shop.cc\/es\/wp-json\/wp\/v2\/product"}],"about":[{"href":"https:\/\/kraftwerk-shop.cc\/es\/wp-json\/wp\/v2\/types\/product"}],"replies":[{"embeddable":true,"href":"https:\/\/kraftwerk-shop.cc\/es\/wp-json\/wp\/v2\/comments?post=68349288"}],"version-history":[{"count":0,"href":"https:\/\/kraftwerk-shop.cc\/es\/wp-json\/wp\/v2\/product\/68349288\/revisions"}],"wp:featuredmedia":[{"embeddable":true,"href":"https:\/\/kraftwerk-shop.cc\/es\/wp-json\/wp\/v2\/media\/68349302"}],"wp:attachment":[{"href":"https:\/\/kraftwerk-shop.cc\/es\/wp-json\/wp\/v2\/media?parent=68349288"}],"wp:term":[{"taxonomy":"product_brand","embeddable":true,"href":"https:\/\/kraftwerk-shop.cc\/es\/wp-json\/wp\/v2\/product_brand?post=68349288"},{"taxonomy":"product_cat","embeddable":true,"href":"https:\/\/kraftwerk-shop.cc\/es\/wp-json\/wp\/v2\/product_cat?post=68349288"},{"taxonomy":"product_tag","embeddable":true,"href":"https:\/\/kraftwerk-shop.cc\/es\/wp-json\/wp\/v2\/product_tag?post=68349288"}],"curies":[{"name":"wp","href":"https:\/\/api.w.org\/{rel}","templated":true}]}}