{"id":68349368,"date":"2025-09-13T22:24:21","date_gmt":"2025-09-13T20:24:21","guid":{"rendered":"https:\/\/kraftwerk-shop.cc\/?post_type=product&#038;p=68349368"},"modified":"2026-04-16T02:06:16","modified_gmt":"2026-04-16T00:06:16","slug":"pastillas-de-freno-dba-db8805sp","status":"publish","type":"product","link":"https:\/\/kraftwerk-shop.cc\/es\/produkt\/dba-bremsbelaege-db8805sp\/","title":{"rendered":"Pastillas de freno DBA Street Performance Chrysler &amp; Dodge SRT, Hellcat, Grand Cherokee SRT"},"content":{"rendered":"<h1>Pastillas de freno DBA Street Performance DB8805SP para Chrysler &amp; Dodge SRT, Hellcat, &amp; Grand Cherokee SRT (eje trasero)<\/h1>\n<p>&nbsp;<\/p>\n<p>Las pastillas de freno DBA Street Performance (DB8805SP) ofrecen un rendimiento de frenado excepcional y est\u00e1n especialmente desarrolladas para conductores exigentes que necesitan una potencia de frenado fiable y eficaz en la carretera. Estas pastillas de freno se caracterizan por un equilibrio perfecto entre confort, durabilidad y rendimiento, ideal para la conducci\u00f3n diaria y aplicaciones m\u00e1s deportivas.<\/p>\n<p>&nbsp;<\/p>\n<p><strong>Propiedades:<\/strong><\/p>\n<ul>\n<li>Materiales de alta calidad: Las pastillas est\u00e1n fabricadas con una mezcla especial de materiales de fricci\u00f3n que garantiza el m\u00e1ximo rendimiento en una amplia gama de condiciones.<\/li>\n<li>Poco polvo de frenos: Reduce la suciedad de las llantas y garantiza un veh\u00edculo m\u00e1s limpio.<\/li>\n<li>Desarrollo del ruido minimizado: gracias a las innovadoras tecnolog\u00edas de insonorizaci\u00f3n, el ruido de frenado se reduce al m\u00ednimo.<\/li>\n<li>Resistencia a altas temperaturas: estas pastillas soportan altas temperaturas, lo que reduce el riesgo de decoloraci\u00f3n y garantiza una potencia de frenado constante incluso en viajes exigentes.<\/li>\n<li>Larga vida \u00fatil: Los robustos materiales garantizan una mayor vida \u00fatil en comparaci\u00f3n con las pastillas de freno est\u00e1ndar.<\/li>\n<\/ul>\n<p>&nbsp;<\/p>\n<p><strong>Ideal para:<\/strong><\/p>\n<ul>\n<li>Uso de la carretera<\/li>\n<li>Veh\u00edculos de uso cotidiano<\/li>\n<li>Entusiastas de la conducci\u00f3n que valoran la seguridad y las prestaciones<\/li>\n<\/ul>\n<p>Con las pastillas de freno DBA Street Performance, obtendr\u00e1 una excelente combinaci\u00f3n de seguridad, comodidad y durabilidad para el uso diario.<br \/>\nDBA recomienda la combinaci\u00f3n con rotores ranurados T3 en las series 4000 y 5000 para un rendimiento \u00f3ptimo de frenado.<\/p>\n<p>&nbsp;<\/p>\n<p><strong>Especificaciones:<\/strong><\/p>\n<ul>\n<li>Material de fricci\u00f3n semimet\u00e1lico reforzado con fibra de carbono<\/li>\n<li>El coeficiente de fricci\u00f3n medio es de 0,45 entre temperaturas bajas y altas.<\/li>\n<li>\u00a0Excelente rendimiento a altas temperaturas<\/li>\n<li>Consistencia de frenado \u00f3ptima hasta 438\u2103 (820\u2109)<\/li>\n<\/ul>\n<p>&nbsp;<\/p>\n<p><strong><br \/>\nN\u00fameros de comparaci\u00f3n Mopar:<\/strong> 68144223AA, 68144223AB, 68144223AC, 68144432AA, <span class=\"list-value sku-display\">68399102AB<\/span><\/p>\n<p>&nbsp;<\/p>\n<p><strong>Adecuado para:<\/strong><\/p>\n<table width=\"637\">\n<tbody>\n<tr>\n<td width=\"115\"><strong>Marca<\/strong><\/td>\n<td width=\"145\"><strong>Modelo<\/strong><\/td>\n<td width=\"214\"><strong>Motor<\/strong><\/td>\n<td width=\"163\"><strong>A\u00f1o de construcci\u00f3n<\/strong><\/td>\n<\/tr>\n<tr>\n<td>Chrysler<\/td>\n<td>300C<\/td>\n<td>6.1<\/td>\n<td>2005-2010<\/td>\n<\/tr>\n<tr>\n<td width=\"115\">Chrysler<\/td>\n<td width=\"145\">300C<\/td>\n<td>6.4<\/td>\n<td width=\"163\">2012-2023<\/td>\n<\/tr>\n<tr>\n<td>Dodge<\/td>\n<td>Challenger<\/td>\n<td>6.1<\/td>\n<td>2008-2010<\/td>\n<\/tr>\n<tr>\n<td width=\"115\">Dodge<\/td>\n<td width=\"145\">Challenger<\/td>\n<td width=\"214\">6.2 Hellcat<\/td>\n<td width=\"163\">2015-2023<\/td>\n<\/tr>\n<tr>\n<td width=\"115\">Dodge<\/td>\n<td width=\"145\">Challenger<\/td>\n<td>6.4<\/td>\n<td width=\"163\">2011-2023<\/td>\n<\/tr>\n<tr>\n<td>Dodge<\/td>\n<td>Charger<\/td>\n<td>6.1<\/td>\n<td>2005-2010<\/td>\n<\/tr>\n<tr>\n<td width=\"115\">Dodge<\/td>\n<td width=\"145\">Charger<\/td>\n<td width=\"214\">6.2 Hellcat<\/td>\n<td width=\"163\">2015-2023<\/td>\n<\/tr>\n<tr>\n<td width=\"115\">Dodge<\/td>\n<td width=\"145\">Charger<\/td>\n<td>6.4<\/td>\n<td width=\"163\">2011-2023<\/td>\n<\/tr>\n<tr>\n<td width=\"115\">Dodge<\/td>\n<td width=\"145\">Durango<\/td>\n<td width=\"214\">6.2 Hellcat<\/td>\n<td width=\"163\">2021-2025<\/td>\n<\/tr>\n<tr>\n<td>Dodge<\/td>\n<td>Durango<\/td>\n<td>6.4<\/td>\n<td>2018-2024<\/td>\n<\/tr>\n<tr>\n<td>Dodge<\/td>\n<td>Magnum<\/td>\n<td>6.1<\/td>\n<td>2006-2008<\/td>\n<\/tr>\n<tr>\n<td>Jeep<\/td>\n<td>Grand Cherokee<\/td>\n<td>6.1<\/td>\n<td>2006-2010<\/td>\n<\/tr>\n<tr>\n<td width=\"115\">Jeep<\/td>\n<td width=\"145\">Grand Cherokee<\/td>\n<td width=\"214\">6,2 Trackhawk<\/td>\n<td width=\"163\">2018-2021<\/td>\n<\/tr>\n<tr>\n<td>Jeep<\/td>\n<td>Grand Cherokee<\/td>\n<td>6.4<\/td>\n<td>2011-2021<\/td>\n<\/tr>\n<\/tbody>\n<\/table>\n<p>&nbsp;<\/p>\n<p><strong>Autorizaci\u00f3n:<\/strong> S\u00ed<\/p>\n<p>El precio se refiere a 1 juego para el eje trasero completo.<\/p>\n<p>&nbsp;<\/p>","protected":false},"excerpt":{"rendered":"<p>Pastillas de freno DBA Street Performance DB8805SP para Chrysler &amp; Dodge SRT, Hellcat, &amp; Grand Cherokee SRT (eje trasero) Las pastillas de freno DBA Street Performance DB8805SP para Chrysler &amp; Dodge SRT, Hellcat, &amp; Grand Cherokee SRT (eje trasero)<\/p>","protected":false},"featured_media":68349374,"comment_status":"open","ping_status":"closed","template":"","meta":{"_acf_changed":false},"product_brand":[18922],"product_cat":[17732,17736,17696,17692,17688,17756,17760,17764,17929,17933,17776,17957,17962,17967],"product_tag":[52,217,92,101,93,928,949,950,933,2436,832,838,590,10803,795,839,840,54,53,48,536,18986,789,49,3853,3854,95,2325,692,56,1070,100,798,799,50,4425,4427,4426,55,31,794,96,4692,102,2139,673,2137],"class_list":{"0":"post-68349368","1":"product","2":"type-product","3":"status-publish","4":"has-post-thumbnail","6":"product_brand-dba","7":"product_cat-300c-61-bremsbelaege-hinten","8":"product_cat-300c-64-bremsbelaege-hinten","9":"product_cat-challenger-61-bremsbelaege-hinten","10":"product_cat-challenger-hellcat-bremsbelaege-hinten","11":"product_cat-challenger-64-bremsbelaege-hinten","12":"product_cat-charger-61-bremsbelaege-hinten","13":"product_cat-charger-hellcat-bremsbelaege-hinten","14":"product_cat-charger-64-bremsbelaege-hinten","15":"product_cat-durango-hellcat-bremsbelaege-hinten","16":"product_cat-durango-64-bremsbelaege-hinten","17":"product_cat-magnum-61-bremsbelaege-hinten","18":"product_cat-grand-cherokee-61-bremsbelaege-hinten","19":"product_cat-trackhawk-bremsbelaege-hinten","20":"product_cat-grand-cherokee-64-bremsbelaege-hinten","21":"product_tag-300c","22":"product_tag-217","23":"product_tag-6-1","24":"product_tag-6-2","25":"product_tag-6-4","26":"product_tag-68144223aa","27":"product_tag-68144223ab","28":"product_tag-68144223ac","29":"product_tag-68144432aa","30":"product_tag-68399102ab","31":"product_tag-brembo","32":"product_tag-bremsbelag","33":"product_tag-bremsbelaege","34":"product_tag-bremsbelaege-fuer-dodge-challenger-6-4","35":"product_tag-bremse","36":"product_tag-bremsklotz","37":"product_tag-bremskloetze","38":"product_tag-challenger","39":"product_tag-charger","40":"product_tag-chrysler","41":"product_tag-chrysler-300c","42":"product_tag-db8805sp","43":"product_tag-dba","44":"product_tag-dodge","45":"product_tag-dodge-challenger","46":"product_tag-dodge-charger","47":"product_tag-durango","48":"product_tag-eg","49":"product_tag-ersatzteil","50":"product_tag-grand-cherokee","51":"product_tag-hawk","52":"product_tag-hellcat","53":"product_tag-hinten","54":"product_tag-hinterachse","55":"product_tag-jeep","56":"product_tag-jeep-grand-cherokee","57":"product_tag-jeep-grand-cherokee-trackhawk","58":"product_tag-jeep-trackhawk","59":"product_tag-magnum","60":"product_tag-mopar","61":"product_tag-premium","62":"product_tag-srt","63":"product_tag-street-performance","64":"product_tag-trackhawk","65":"product_tag-tuev","66":"product_tag-zubehoer","67":"product_tag-zulassung","69":"first","70":"instock","71":"taxable","72":"shipping-taxable","73":"purchasable","74":"product-type-simple"},"bundled_by":[],"bundle_stock_status":"instock","bundle_stock_quantity":2,"bundle_virtual":false,"bundle_layout":"","bundle_add_to_cart_form_location":"","bundle_editable_in_cart":false,"bundle_sold_individually_context":"","bundle_item_grouping":"","bundle_min_size":"","bundle_max_size":"","bundle_price":[],"bundled_items":[],"bundle_sell_ids":[],"exclude_global_add_ons":[],"addons":[],"acf":[],"_links":{"self":[{"href":"https:\/\/kraftwerk-shop.cc\/es\/wp-json\/wp\/v2\/product\/68349368","targetHints":{"allow":["GET"]}}],"collection":[{"href":"https:\/\/kraftwerk-shop.cc\/es\/wp-json\/wp\/v2\/product"}],"about":[{"href":"https:\/\/kraftwerk-shop.cc\/es\/wp-json\/wp\/v2\/types\/product"}],"replies":[{"embeddable":true,"href":"https:\/\/kraftwerk-shop.cc\/es\/wp-json\/wp\/v2\/comments?post=68349368"}],"version-history":[{"count":0,"href":"https:\/\/kraftwerk-shop.cc\/es\/wp-json\/wp\/v2\/product\/68349368\/revisions"}],"wp:featuredmedia":[{"embeddable":true,"href":"https:\/\/kraftwerk-shop.cc\/es\/wp-json\/wp\/v2\/media\/68349374"}],"wp:attachment":[{"href":"https:\/\/kraftwerk-shop.cc\/es\/wp-json\/wp\/v2\/media?parent=68349368"}],"wp:term":[{"taxonomy":"product_brand","embeddable":true,"href":"https:\/\/kraftwerk-shop.cc\/es\/wp-json\/wp\/v2\/product_brand?post=68349368"},{"taxonomy":"product_cat","embeddable":true,"href":"https:\/\/kraftwerk-shop.cc\/es\/wp-json\/wp\/v2\/product_cat?post=68349368"},{"taxonomy":"product_tag","embeddable":true,"href":"https:\/\/kraftwerk-shop.cc\/es\/wp-json\/wp\/v2\/product_tag?post=68349368"}],"curies":[{"name":"wp","href":"https:\/\/api.w.org\/{rel}","templated":true}]}}