{"id":68349382,"date":"2025-09-13T22:40:12","date_gmt":"2025-09-13T20:40:12","guid":{"rendered":"https:\/\/kraftwerk-shop.cc\/?post_type=product&#038;p=68349382"},"modified":"2026-03-07T17:59:18","modified_gmt":"2026-03-07T16:59:18","slug":"pastillas-de-freno-dba-db2375sp","status":"publish","type":"product","link":"https:\/\/kraftwerk-shop.cc\/es\/produkt\/dba-bremsbelaege-db2375sp\/","title":{"rendered":"Pastillas de freno DBA Street Performance Dodge SRT, Hellcat &amp; Grand Cherokee SRT"},"content":{"rendered":"<h1>Pastillas de freno DBA DB2375SP para Chrysler 300C, Dodge Challenger y Charger 6.2 Hellcat y 6.4 SRT, Dodge Durango 6.4 SRT y Jeep Grand Cherokee 6.4 SRT<\/h1>\n<p>&nbsp;<\/p>\n<p>Las pastillas de freno DBA Street Performance (DB2375SP) ofrecen un rendimiento de frenado excepcional y est\u00e1n especialmente desarrolladas para conductores exigentes que necesitan una potencia de frenado fiable y eficaz en la carretera. Estas pastillas de freno se caracterizan por un equilibrio perfecto entre confort, durabilidad y rendimiento, ideal para la conducci\u00f3n diaria y aplicaciones m\u00e1s deportivas.<\/p>\n<p>&nbsp;<\/p>\n<p><strong>Propiedades:<\/strong><\/p>\n<ul>\n<li>Materiales de alta calidad: Las pastillas est\u00e1n fabricadas con una mezcla especial de materiales de fricci\u00f3n que garantiza el m\u00e1ximo rendimiento en una amplia gama de condiciones.<\/li>\n<li>Poco polvo de frenos: Reduce la suciedad de las llantas y garantiza un veh\u00edculo m\u00e1s limpio.<\/li>\n<li>Desarrollo del ruido minimizado: gracias a las innovadoras tecnolog\u00edas de insonorizaci\u00f3n, el ruido de frenado se reduce al m\u00ednimo.<\/li>\n<li>Resistencia a altas temperaturas: estas pastillas soportan altas temperaturas, lo que reduce el riesgo de decoloraci\u00f3n y garantiza una potencia de frenado constante incluso en viajes exigentes.<\/li>\n<li>Larga vida \u00fatil: Los robustos materiales garantizan una mayor vida \u00fatil en comparaci\u00f3n con las pastillas de freno est\u00e1ndar.<\/li>\n<\/ul>\n<p>&nbsp;<\/p>\n<p><strong>Ideal para:<\/strong><\/p>\n<ul>\n<li>Uso de la carretera<\/li>\n<li>Veh\u00edculos de uso cotidiano<\/li>\n<li>Entusiastas de la conducci\u00f3n que valoran la seguridad y las prestaciones<\/li>\n<\/ul>\n<p>Con las pastillas de freno DBA Street Performance, obtendr\u00e1 una excelente combinaci\u00f3n de seguridad, comodidad y durabilidad para el uso diario.<br \/>\nDBA recomienda la combinaci\u00f3n con rotores ranurados T3 en las series 4000 y 5000 para un rendimiento \u00f3ptimo de frenado.<\/p>\n<p>&nbsp;<\/p>\n<p><strong>Especificaciones:<\/strong><\/p>\n<ul>\n<li>Material de fricci\u00f3n semimet\u00e1lico reforzado con fibra de carbono<\/li>\n<li>El coeficiente de fricci\u00f3n medio es de 0,45 entre temperaturas bajas y altas.<\/li>\n<li>\u00a0Excelente rendimiento a altas temperaturas<\/li>\n<li>Consistencia de frenado \u00f3ptima hasta 438\u2103 (820\u2109)<\/li>\n<\/ul>\n<p>&nbsp;<\/p>\n<p><strong>N\u00fameros de comparaci\u00f3n Mopar:<\/strong> 68144427AA, 68144427AB, 68303052AA, 68248384AA, 68248384AB, 68248384AC, 68248384AD, 68525329AA, 68525329AB<\/p>\n<p>&nbsp;<\/p>\n<p><strong>Adecuado para:<\/strong><\/p>\n<table width=\"873\">\n<tbody>\n<tr>\n<td width=\"209\">Chrysler<\/td>\n<td width=\"133\">300C<\/td>\n<td width=\"206\">6.4<\/td>\n<td width=\"325\">2015 - 2020 con discos de freno de 390 mm<\/td>\n<\/tr>\n<tr>\n<td width=\"209\">Chrysler<\/td>\n<td width=\"133\">300C<\/td>\n<td width=\"206\">6.4<\/td>\n<td width=\"325\">2021 - 2023 con discos de freno de 400 mm<\/td>\n<\/tr>\n<tr>\n<td width=\"209\">Dodge<\/td>\n<td width=\"133\">Challenger<\/td>\n<td width=\"206\">6.4<\/td>\n<td width=\"325\">2015 - 2020 con discos de freno de 390 mm<\/td>\n<\/tr>\n<tr>\n<td width=\"209\">Dodge<\/td>\n<td width=\"133\">Challenger<\/td>\n<td width=\"206\">6.4<\/td>\n<td width=\"325\">2021 - 2023 con discos de freno de 400 mm<\/td>\n<\/tr>\n<tr>\n<td width=\"209\">Dodge<\/td>\n<td width=\"133\">Challenger Hellcat<\/td>\n<td width=\"206\">6.2<\/td>\n<td width=\"325\">2015 - 2020 con discos de freno de 390 mm<\/td>\n<\/tr>\n<tr>\n<td width=\"209\">Dodge<\/td>\n<td width=\"133\">Challenger Hellcat<\/td>\n<td width=\"206\">6.2<\/td>\n<td width=\"325\">2021 - 2023 con discos de freno de 400 mm<\/td>\n<\/tr>\n<tr>\n<td width=\"209\">Dodge<\/td>\n<td width=\"133\">Charger<\/td>\n<td width=\"206\">6.4<\/td>\n<td width=\"325\">2015 - 2020 con discos de freno de 390 mm<\/td>\n<\/tr>\n<tr>\n<td width=\"209\">Dodge<\/td>\n<td width=\"133\">Charger<\/td>\n<td width=\"206\">6.4<\/td>\n<td width=\"325\">2021 - 2023 con discos de freno de 400 mm<\/td>\n<\/tr>\n<tr>\n<td width=\"209\">Dodge<\/td>\n<td width=\"133\">Charger Hellcat<\/td>\n<td width=\"206\">6.2<\/td>\n<td width=\"325\">2015 - 2020 con discos de freno de 390 mm<\/td>\n<\/tr>\n<tr>\n<td width=\"209\">Dodge<\/td>\n<td width=\"133\">Charger Hellcat<\/td>\n<td width=\"206\">6.2<\/td>\n<td width=\"325\">2021 - 2023 con discos de freno de 400 mm<\/td>\n<\/tr>\n<tr>\n<td width=\"209\">Jeep<\/td>\n<td width=\"133\">Grand Cherokee<\/td>\n<td width=\"206\">6.4<\/td>\n<td width=\"325\">2011 - 2021 con discos de freno de 380 mm<\/td>\n<\/tr>\n<tr>\n<td width=\"209\">Dodge<\/td>\n<td width=\"133\">Durango<\/td>\n<td width=\"206\">6.4<\/td>\n<td width=\"325\">2018 - 2024 con discos de freno de 380 mm<\/td>\n<\/tr>\n<\/tbody>\n<\/table>\n<p>&nbsp;<\/p>\n<p><strong>Autorizaci\u00f3n:<\/strong> S\u00ed<\/p>\n<p>El precio se refiere a 1 juego para el eje delantero completo.<\/p>\n<p>&nbsp;<\/p>","protected":false},"excerpt":{"rendered":"<p>Adecuado para discos de freno de 380, 390 y 400 mm<\/p>","protected":false},"featured_media":68349393,"comment_status":"open","ping_status":"closed","template":"","meta":{"_acf_changed":false},"product_brand":[18922],"product_cat":[17735,17691,17687,17759,17763,17932,17966],"product_tag":[929,930,945,943,944,6821,931,1046,832,838,590,10803,10805,795,839,840,54,53,18987,789,49,3853,3854,95,2325,692,56,1070,100,50,4425,31,96,102,2139,842,841,673,2137],"class_list":{"0":"post-68349382","1":"product","2":"type-product","3":"status-publish","4":"has-post-thumbnail","6":"product_brand-dba","7":"product_cat-300c-64-bremsbelaege-vorne","8":"product_cat-challenger-hellcat-bremsbelaege-vorne","9":"product_cat-challenger-64-bremsbelaege-vorne","10":"product_cat-charger-hellcat-bremsbelaege-vorne","11":"product_cat-charger-64-bremsbelaege-vorne","12":"product_cat-durango-64-bremsbelaege-vorne","13":"product_cat-grand-cherokee-64-bremsbelaege-vorne","14":"product_tag-68144427aa","15":"product_tag-68144427ab","16":"product_tag-68248384aa","17":"product_tag-68248384ab","18":"product_tag-68248384ac","19":"product_tag-68248384ad","20":"product_tag-68303052aa","21":"product_tag-abe","22":"product_tag-brembo","23":"product_tag-bremsbelag","24":"product_tag-bremsbelaege","25":"product_tag-bremsbelaege-fuer-dodge-challenger-6-4","26":"product_tag-bremsbelaege-fuer-jeep-grand-cherokee-6-4-srt","27":"product_tag-bremse","28":"product_tag-bremsklotz","29":"product_tag-bremskloetze","30":"product_tag-challenger","31":"product_tag-charger","32":"product_tag-db2375sp","33":"product_tag-dba","34":"product_tag-dodge","35":"product_tag-dodge-challenger","36":"product_tag-dodge-charger","37":"product_tag-durango","38":"product_tag-eg","39":"product_tag-ersatzteil","40":"product_tag-grand-cherokee","41":"product_tag-hawk","42":"product_tag-hellcat","43":"product_tag-jeep","44":"product_tag-jeep-grand-cherokee","45":"product_tag-mopar","46":"product_tag-srt","47":"product_tag-trackhawk","48":"product_tag-tuev","49":"product_tag-vorderachse","50":"product_tag-vorne","51":"product_tag-zubehoer","52":"product_tag-zulassung","54":"first","55":"instock","56":"taxable","57":"shipping-taxable","58":"purchasable","59":"product-type-simple"},"bundled_by":[],"bundle_stock_status":"instock","bundle_stock_quantity":2,"bundle_virtual":false,"bundle_layout":"","bundle_add_to_cart_form_location":"","bundle_editable_in_cart":false,"bundle_sold_individually_context":"","bundle_item_grouping":"","bundle_min_size":"","bundle_max_size":"","bundle_price":[],"bundled_items":[],"bundle_sell_ids":[],"exclude_global_add_ons":[],"addons":[],"acf":[],"_links":{"self":[{"href":"https:\/\/kraftwerk-shop.cc\/es\/wp-json\/wp\/v2\/product\/68349382","targetHints":{"allow":["GET"]}}],"collection":[{"href":"https:\/\/kraftwerk-shop.cc\/es\/wp-json\/wp\/v2\/product"}],"about":[{"href":"https:\/\/kraftwerk-shop.cc\/es\/wp-json\/wp\/v2\/types\/product"}],"replies":[{"embeddable":true,"href":"https:\/\/kraftwerk-shop.cc\/es\/wp-json\/wp\/v2\/comments?post=68349382"}],"version-history":[{"count":0,"href":"https:\/\/kraftwerk-shop.cc\/es\/wp-json\/wp\/v2\/product\/68349382\/revisions"}],"wp:featuredmedia":[{"embeddable":true,"href":"https:\/\/kraftwerk-shop.cc\/es\/wp-json\/wp\/v2\/media\/68349393"}],"wp:attachment":[{"href":"https:\/\/kraftwerk-shop.cc\/es\/wp-json\/wp\/v2\/media?parent=68349382"}],"wp:term":[{"taxonomy":"product_brand","embeddable":true,"href":"https:\/\/kraftwerk-shop.cc\/es\/wp-json\/wp\/v2\/product_brand?post=68349382"},{"taxonomy":"product_cat","embeddable":true,"href":"https:\/\/kraftwerk-shop.cc\/es\/wp-json\/wp\/v2\/product_cat?post=68349382"},{"taxonomy":"product_tag","embeddable":true,"href":"https:\/\/kraftwerk-shop.cc\/es\/wp-json\/wp\/v2\/product_tag?post=68349382"}],"curies":[{"name":"wp","href":"https:\/\/api.w.org\/{rel}","templated":true}]}}