{"id":68349451,"date":"2025-09-14T13:42:02","date_gmt":"2025-09-14T11:42:02","guid":{"rendered":"https:\/\/kraftwerk-shop.cc\/?post_type=product&#038;p=68349451"},"modified":"2026-02-15T01:23:51","modified_gmt":"2026-02-15T00:23:51","slug":"discos-de-freno-ebc-black-dash-usr7837-ram","status":"publish","type":"product","link":"https:\/\/kraftwerk-shop.cc\/es\/produkt\/ebc-black-dash-bremsscheiben-usr7837-ram\/","title":{"rendered":"Discos de freno deportivos EBC Black Dash USR7837 RAM"},"content":{"rendered":"<h1>Discos de freno EBC Black Dash USR7837 para RAM 1500 DT 3.0 EcoDiesel, 3.6, 5.7 a partir de 2019 y TRX (eje trasero)<\/h1>\n<p>&nbsp;<\/p>\n<p>La superficie de fricci\u00f3n del disco de freno Black Dash es ranurada.<\/p>\n<p>La ranura adicional se omiti\u00f3 para poder ofrecer un disco de freno deportivo con caracter\u00edsticas de funcionamiento silencioso.<\/p>\n<p>Las ranuras fresadas permiten eliminar casi por completo los gases de frenado, la abrasi\u00f3n, la suciedad y el agua de la superficie de fricci\u00f3n de los discos de freno.<\/p>\n<p>Las ranuras tambi\u00e9n garantizan un desgaste uniforme y paralelo de las pastillas de freno durante toda su vida \u00fatil.<\/p>\n<p>El recubrimiento de polvo negro de los discos Black Dash proporciona la mejor protecci\u00f3n posible contra la corrosi\u00f3n y es especialmente adecuado para veh\u00edculos con un dise\u00f1o de llanta abierta.<\/p>\n<p>&nbsp;<\/p>\n<p><strong>Ventajas e inconvenientes de un vistazo:<br \/>\n<\/strong><br \/>\n+ Muy buena refrigeraci\u00f3n gracias a las ranuras fresadas<br \/>\n+ Muy buena eliminaci\u00f3n de gases, suciedad, agua, etc.<br \/>\n+ La mejor protecci\u00f3n posible contra la corrosi\u00f3n gracias al recubrimiento en polvo<br \/>\n+ Sin riesgo de grietas por calor, ya que no est\u00e1 perforado<br \/>\n+ Desgaste uniforme de las pastillas de freno durante toda la vida \u00fatil<br \/>\n+ Menor nivel de ruido<\/p>\n<p>- Menos refrigeraci\u00f3n que el Turbo Groove Disc, ya que no est\u00e1 ranurado<\/p>\n<p>&nbsp;<\/p>\n<p><strong>Caracter\u00edsticas del producto:<\/strong><\/p>\n<p><span class=\"text1\">375x22mm \/ altura: 53.4mm \/ n\u00famero de agujeros: 6 \/ c\u00edrculo de pernos: 139.7mm \/ ventilado \/ montado: trasero<br \/>\n<\/span>Autorizaci\u00f3n: En preparaci\u00f3n<\/p>\n<p>N\u00famero OE (s\u00f3lo a efectos de comparaci\u00f3n): 68368535AA, 68237065AA<\/p>\n<p>&nbsp;<\/p>\n<p><strong>Adecuado para:<\/strong><\/p>\n<table width=\"428\">\n<tbody>\n<tr>\n<td width=\"83\"><strong>Marca<\/strong><\/td>\n<td width=\"83\"><strong>Modelo<\/strong><\/td>\n<td width=\"179\"><strong>Motor<\/strong><\/td>\n<td width=\"83\"><strong>A\u00f1o de construcci\u00f3n<\/strong><\/td>\n<\/tr>\n<tr>\n<td width=\"83\">RAM<\/td>\n<td width=\"83\">1500<\/td>\n<td width=\"179\">3.0 EcoDiesel<\/td>\n<td width=\"83\">2020-2023<\/td>\n<\/tr>\n<tr>\n<td width=\"83\">RAM<\/td>\n<td width=\"83\">1500<\/td>\n<td width=\"179\">3.6<\/td>\n<td width=\"83\">2019-2024<\/td>\n<\/tr>\n<tr>\n<td width=\"83\">RAM<\/td>\n<td width=\"83\">1500<\/td>\n<td width=\"179\">5.7<\/td>\n<td width=\"83\">2019-2024<\/td>\n<\/tr>\n<tr>\n<td width=\"83\">RAM<\/td>\n<td width=\"83\">1500<\/td>\n<td width=\"179\">6.2 TRX<\/td>\n<td width=\"83\">2020 - 2024<\/td>\n<\/tr>\n<\/tbody>\n<\/table>\n<p>\u00a1No apto para RAM Classic !<\/p>\n<p><strong>\u00a0<\/strong><strong>\u00a0<\/strong><strong>\u00a0<\/strong><\/p>\n<p><strong>Volumen de suministro: <\/strong><\/p>\n<ul>\n<li>2 discos de freno EBC Black Dash (USR7837) para el eje trasero<\/li>\n<\/ul>\n<p>&nbsp;<\/p>","protected":false},"excerpt":{"rendered":"<div class=\"eael-product-excerpt\">\n<p>2019-2024<\/p>\n<\/div>","protected":false},"featured_media":68349454,"comment_status":"open","ping_status":"closed","template":"","meta":{"_acf_changed":false},"product_brand":[16875],"product_cat":[19407,19678,5013,4705],"product_tag":[475,4728,4730,2125,795,840,796,2219,964,2442,16877,16876,16878,692,941,798,799,36,86,3507,797,216,18992,673],"class_list":{"0":"post-68349451","1":"product","2":"type-product","3":"status-publish","4":"has-post-thumbnail","6":"product_brand-ebc-brakes","7":"product_cat-1500-ecodiesel-2020-2023-bremsen-hinten","8":"product_cat-1500-36-dt-bremsen-hinten","9":"product_cat-1500-57-dt-bremsen-hinten","10":"product_cat-trx-bremsen-hinten","11":"product_tag-475","12":"product_tag-68237065aa","13":"product_tag-68368535aa","14":"product_tag-black-dash","15":"product_tag-bremse","16":"product_tag-bremskloetze","17":"product_tag-bremsscheibe","18":"product_tag-classic","19":"product_tag-ebc","20":"product_tag-ebc-brakes","21":"product_tag-ebc-bremsbelaege","22":"product_tag-ebc-bremsen","23":"product_tag-ebc-bremsscheiben","24":"product_tag-ersatzteil","25":"product_tag-geschlitzt","26":"product_tag-hinten","27":"product_tag-hinterachse","28":"product_tag-kraftwerk","29":"product_tag-ram","30":"product_tag-ram1500","31":"product_tag-sportbremsscheibe","32":"product_tag-upgrade","33":"product_tag-usr7837","34":"product_tag-zubehoer","36":"first","37":"instock","38":"taxable","39":"shipping-taxable","40":"purchasable","41":"product-type-simple"},"bundled_by":[],"bundle_stock_status":"instock","bundle_stock_quantity":1,"bundle_virtual":false,"bundle_layout":"","bundle_add_to_cart_form_location":"","bundle_editable_in_cart":false,"bundle_sold_individually_context":"","bundle_item_grouping":"","bundle_min_size":"","bundle_max_size":"","bundle_price":[],"bundled_items":[],"bundle_sell_ids":[],"exclude_global_add_ons":[],"addons":[],"acf":[],"_links":{"self":[{"href":"https:\/\/kraftwerk-shop.cc\/es\/wp-json\/wp\/v2\/product\/68349451","targetHints":{"allow":["GET"]}}],"collection":[{"href":"https:\/\/kraftwerk-shop.cc\/es\/wp-json\/wp\/v2\/product"}],"about":[{"href":"https:\/\/kraftwerk-shop.cc\/es\/wp-json\/wp\/v2\/types\/product"}],"replies":[{"embeddable":true,"href":"https:\/\/kraftwerk-shop.cc\/es\/wp-json\/wp\/v2\/comments?post=68349451"}],"version-history":[{"count":0,"href":"https:\/\/kraftwerk-shop.cc\/es\/wp-json\/wp\/v2\/product\/68349451\/revisions"}],"wp:featuredmedia":[{"embeddable":true,"href":"https:\/\/kraftwerk-shop.cc\/es\/wp-json\/wp\/v2\/media\/68349454"}],"wp:attachment":[{"href":"https:\/\/kraftwerk-shop.cc\/es\/wp-json\/wp\/v2\/media?parent=68349451"}],"wp:term":[{"taxonomy":"product_brand","embeddable":true,"href":"https:\/\/kraftwerk-shop.cc\/es\/wp-json\/wp\/v2\/product_brand?post=68349451"},{"taxonomy":"product_cat","embeddable":true,"href":"https:\/\/kraftwerk-shop.cc\/es\/wp-json\/wp\/v2\/product_cat?post=68349451"},{"taxonomy":"product_tag","embeddable":true,"href":"https:\/\/kraftwerk-shop.cc\/es\/wp-json\/wp\/v2\/product_tag?post=68349451"}],"curies":[{"name":"wp","href":"https:\/\/api.w.org\/{rel}","templated":true}]}}