{"id":68349485,"date":"2025-09-14T17:12:21","date_gmt":"2025-09-14T15:12:21","guid":{"rendered":"https:\/\/kraftwerk-shop.cc\/?post_type=product&#038;p=68349485"},"modified":"2026-04-10T14:47:09","modified_gmt":"2026-04-10T12:47:09","slug":"discos-de-freno-hawk-talon-htc4448","status":"publish","type":"product","link":"https:\/\/kraftwerk-shop.cc\/es\/produkt\/hawk-talon-bremsscheiben-htc4448\/","title":{"rendered":"Hawk Discos de freno Talon HTC4448"},"content":{"rendered":"<h1>Hawk Talon HTC4448 Discos de freno para RAM 1500 3.0 Ecodiesel, 3.6 y 5.7 de 2006 a 2018 y RAM Classic a partir de 2019 (eje delantero)<\/h1>\n<p>&nbsp;<\/p>\n<p>Los discos de freno Talon Hawk son discos de carretera de alta calidad y alto rendimiento que se han desarrollado especialmente para ofrecer la m\u00e1xima eficacia de frenado, durabilidad y placer de conducci\u00f3n. Combinan modernos m\u00e9todos de construcci\u00f3n, materiales de primera clase y revestimientos superficiales especializados para ofrecer el m\u00e1ximo rendimiento incluso en condiciones extremas.<\/p>\n<p>&nbsp;<\/p>\n<p><strong>Aspectos destacados y tecnolog\u00edas<\/strong><\/p>\n<ul>\n<li>Material de alta calidad: fabricado en fundici\u00f3n de alto contenido en carbono con metalurgia G3000 - excelente estabilidad, larga vida \u00fatil y alabeo m\u00ednimo a altas temperaturas<\/li>\n<li>Disipaci\u00f3n t\u00e9rmica optimizada: las estructuras perforadas y ranuradas con precisi\u00f3n garantizan un excelente rendimiento t\u00e9rmico, una refrigeraci\u00f3n eficaz, una elevada resistencia estructural y un mejor rendimiento de frenado sobre mojado.<\/li>\n<li>Baja vibraci\u00f3n y ruido: las ranuras de precisi\u00f3n fresadas mediante CNC mantienen limpias las pastillas de freno, reducen la resonancia arm\u00f3nica y minimizan el ruido de frenado.<\/li>\n<li>Revestimiento Magni: Este revestimiento especial de barrera proporciona una excelente protecci\u00f3n contra la corrosi\u00f3n, facilita el frenado y protege contra el desgaste.<\/li>\n<li>Conforme a las normas IEC: cumple y supera la prueba de niebla salina ISO-9227 (m\u00e1s de 240 horas), ideal para su uso en condiciones invernales.<\/li>\n<\/ul>\n<p>&nbsp;<\/p>\n<p><strong>Por qu\u00e9 elegir los discos de freno Talon Hawk<\/strong><\/p>\n<ul>\n<li>Rendimiento superior: ideal para estilos de conducci\u00f3n exigentes, funcionamiento con remolque o uso ocasional en pista.<\/li>\n<li>Durabilidad: los materiales de alta calidad, los revestimientos y la precisi\u00f3n de fabricaci\u00f3n garantizan una larga vida \u00fatil.<\/li>\n<li>F\u00e1cil de mantener: retracci\u00f3n r\u00e1pida, resistente a la corrosi\u00f3n, baja vibraci\u00f3n y bajos niveles de ruido<\/li>\n<li>Calidad fiable: rendimiento probado en dinam\u00f3metro y alta consistencia de fabricaci\u00f3n<\/li>\n<\/ul>\n<p>&nbsp;<\/p>\n<p><strong>N\u00fameros de pieza Mopar (s\u00f3lo a efectos comparativos)<\/strong>: <span class=\"list-value\">52010080AA<\/span>, <span class=\"list-value\">52010080AB, 52010080AC, 52010080AD, 52010080AE, 52010080AF, 52010080AG, <\/span><span class=\"list-value sku-display\">52010080AH, 52010080AI<\/span><\/p>\n<p>&nbsp;<\/p>\n<p>&nbsp;<\/p>\n<p><strong>Adecuado para:<\/strong><\/p>\n<table width=\"498\">\n<tbody>\n<tr>\n<td width=\"114\"><strong>Marca<\/strong><\/td>\n<td width=\"121\"><strong>Modelo<\/strong><\/td>\n<td width=\"122\"><strong>Motor<\/strong><\/td>\n<td width=\"141\"><strong>A\u00f1o de construcci\u00f3n<\/strong><\/td>\n<\/tr>\n<tr>\n<td width=\"114\">RAM<\/td>\n<td width=\"121\">1500<\/td>\n<td width=\"122\">3.0 EcoDiesel<\/td>\n<td width=\"141\">2014-2018<\/td>\n<\/tr>\n<tr>\n<td width=\"114\">RAM<\/td>\n<td>1500 Classic<\/td>\n<td width=\"122\">3.0 EcoDiesel<\/td>\n<td>2019<\/td>\n<\/tr>\n<tr>\n<td width=\"114\">RAM<\/td>\n<td width=\"121\">1500<\/td>\n<td width=\"122\">3.6<\/td>\n<td width=\"141\">2013-2018<\/td>\n<\/tr>\n<tr>\n<td width=\"114\">RAM<\/td>\n<td>1500 Classic<\/td>\n<td width=\"122\">3.6<\/td>\n<td>2019-2024<\/td>\n<\/tr>\n<tr>\n<td width=\"114\">RAM<\/td>\n<td width=\"121\">1500<\/td>\n<td width=\"122\">5.7<\/td>\n<td width=\"141\">2006-2018<\/td>\n<\/tr>\n<tr>\n<td width=\"114\">RAM<\/td>\n<td>1500 Classic<\/td>\n<td width=\"122\">5.7<\/td>\n<td>2019-2024<\/td>\n<\/tr>\n<\/tbody>\n<\/table>\n<p><strong>\u00a0<\/strong><\/p>\n<p><strong><br \/>\nVolumen de suministro: <\/strong><\/p>\n<ul>\n<li>2 discos de freno Talon Hawk (HTC4448) para el eje delantero<\/li>\n<\/ul>\n<p>&nbsp;<\/p>","protected":false},"excerpt":{"rendered":"<p>2006 - 2018 &amp; Cl\u00e1sica 2019 - 2024<\/p>","protected":false},"featured_media":68349487,"comment_status":"open","ping_status":"closed","template":"","meta":{"_acf_changed":false},"product_brand":[17621],"product_cat":[10262,4237,4754,7753,3515],"product_tag":[18599,18275,18600,18601,18276,18602,18603,18604,18277,572,4508,91,7779,3523,7780,7781,3522,7782,7783,7784,3524,795,589,796,2219,7809,4251,477,692,942,2111,941,1070,126,18993,86,3507,797,18976,216,842,841,673],"class_list":{"0":"post-68349485","1":"product","2":"type-product","3":"status-publish","4":"has-post-thumbnail","6":"product_brand-hawk-performance","7":"product_cat-alle-produkte","8":"product_cat-1500-ecodiesel-bremsen-vorne","9":"product_cat-1500-36-bremsen-vorne","10":"product_cat-1500-57-2003-2008-bremsen-vorne","11":"product_cat-1500-57-2009-2018-classic-bremsen-vorne","12":"product_tag-052010080aa","13":"product_tag-052010080ab","14":"product_tag-052010080ac","15":"product_tag-052010080ad","16":"product_tag-052010080ae","17":"product_tag-052010080af","18":"product_tag-052010080ag","19":"product_tag-052010080ah","20":"product_tag-052010080ai","21":"product_tag-3-0-crd","22":"product_tag-3-0-ecodiesel","23":"product_tag-5-7","24":"product_tag-52010080aa","25":"product_tag-52010080ab","26":"product_tag-52010080ac","27":"product_tag-52010080ad","28":"product_tag-52010080ae","29":"product_tag-52010080af","30":"product_tag-52010080ag","31":"product_tag-52010080ah","32":"product_tag-52010080ai","33":"product_tag-bremse","34":"product_tag-bremsen","35":"product_tag-bremsscheibe","36":"product_tag-classic","37":"product_tag-dodge-ram-1500","38":"product_tag-dr","39":"product_tag-ds","40":"product_tag-ersatzteil","41":"product_tag-gelocht","42":"product_tag-genutet","43":"product_tag-geschlitzt","44":"product_tag-hawk","45":"product_tag-hemi","46":"product_tag-htc4448","47":"product_tag-ram","48":"product_tag-ram1500","49":"product_tag-sportbremsscheibe","50":"product_tag-talon","51":"product_tag-upgrade","52":"product_tag-vorderachse","53":"product_tag-vorne","54":"product_tag-zubehoer","55":"product_shipping_class-deutschlandohne","57":"first","58":"outofstock","59":"taxable","60":"shipping-taxable","61":"purchasable","62":"product-type-simple"},"bundled_by":[],"bundle_stock_status":"outofstock","bundle_stock_quantity":0,"bundle_virtual":false,"bundle_layout":"","bundle_add_to_cart_form_location":"","bundle_editable_in_cart":false,"bundle_sold_individually_context":"","bundle_item_grouping":"","bundle_min_size":"","bundle_max_size":"","bundle_price":[],"bundled_items":[],"bundle_sell_ids":[],"exclude_global_add_ons":[],"addons":[],"acf":[],"_links":{"self":[{"href":"https:\/\/kraftwerk-shop.cc\/es\/wp-json\/wp\/v2\/product\/68349485","targetHints":{"allow":["GET"]}}],"collection":[{"href":"https:\/\/kraftwerk-shop.cc\/es\/wp-json\/wp\/v2\/product"}],"about":[{"href":"https:\/\/kraftwerk-shop.cc\/es\/wp-json\/wp\/v2\/types\/product"}],"replies":[{"embeddable":true,"href":"https:\/\/kraftwerk-shop.cc\/es\/wp-json\/wp\/v2\/comments?post=68349485"}],"version-history":[{"count":0,"href":"https:\/\/kraftwerk-shop.cc\/es\/wp-json\/wp\/v2\/product\/68349485\/revisions"}],"wp:featuredmedia":[{"embeddable":true,"href":"https:\/\/kraftwerk-shop.cc\/es\/wp-json\/wp\/v2\/media\/68349487"}],"wp:attachment":[{"href":"https:\/\/kraftwerk-shop.cc\/es\/wp-json\/wp\/v2\/media?parent=68349485"}],"wp:term":[{"taxonomy":"product_brand","embeddable":true,"href":"https:\/\/kraftwerk-shop.cc\/es\/wp-json\/wp\/v2\/product_brand?post=68349485"},{"taxonomy":"product_cat","embeddable":true,"href":"https:\/\/kraftwerk-shop.cc\/es\/wp-json\/wp\/v2\/product_cat?post=68349485"},{"taxonomy":"product_tag","embeddable":true,"href":"https:\/\/kraftwerk-shop.cc\/es\/wp-json\/wp\/v2\/product_tag?post=68349485"}],"curies":[{"name":"wp","href":"https:\/\/api.w.org\/{rel}","templated":true}]}}