{"id":68349501,"date":"2025-09-14T21:40:38","date_gmt":"2025-09-14T19:40:38","guid":{"rendered":"https:\/\/kraftwerk-shop.cc\/?post_type=product&#038;p=68349501"},"modified":"2026-04-10T14:47:08","modified_gmt":"2026-04-10T12:47:08","slug":"hawk-lts-pastillas-de-freno-ram-hb559y-695","status":"publish","type":"product","link":"https:\/\/kraftwerk-shop.cc\/es\/produkt\/hawk-lts-bremsbelaege-ram-hb559y-695\/","title":{"rendered":"Pastillas de freno Hawk Performance LTS RAM (HB559Y.695)"},"content":{"rendered":"<h1>Hawk Performance LTS HB559Y.695 Pastillas de freno para RAM 1500 3.0 Ecodiesel, 3.6 y 5.7 de 2006 a 2018 y RAM Classic a partir de 2019 (eje delantero)<\/h1>\n<p>&nbsp;<\/p>\n<p><strong>Hawk Performance LTS<\/strong><\/p>\n<p>Sabemos que las pastillas de freno convencionales para coches ya no son suficientes para los camiones de hoy en d\u00eda.<br \/>\nNuestro compuesto para pastillas de freno LTS (Light Truck and SUV) mejora dr\u00e1sticamente la potencia de frenado y la resistencia al desvanecimiento de su veh\u00edculo. Tambi\u00e9n supera a la competencia en t\u00e9rminos de desgaste de discos y pastillas de freno.<br \/>\nEl compuesto LTS ofrece un rendimiento de frenado superior y una mayor vida \u00fatil de las pastillas sin generar excesivo ruido ni polvo.<br \/>\nEl material de fricci\u00f3n de ferro-carbono LTS desarrollado por expertos en pastillas de freno para camiones es la elecci\u00f3n \u00f3ptima de pastilla para su RAM.<br \/>\nEspere 20-40% m\u00e1s potencia de frenado en comparaci\u00f3n con las pastillas de recambio convencionales.<\/p>\n<p>&nbsp;<\/p>\n<p><strong>Recomendaci\u00f3n<\/strong><\/p>\n<p>El Hawk LTS es una buena elecci\u00f3n para el RAM si su principal objetivo es aumentar el rendimiento de frenado en lugar de minimizar el polvo de freno.<br \/>\nEl compuesto LTS es relativamente limpio, pero produce algo de polvo de freno en comparaci\u00f3n con el Hawk Ceramic.<br \/>\nEl rendimiento del LTS es mejor que el del Hawk Ceramic y el HPS, pero no tan bueno como el del SuperDuty.<br \/>\nPara remolques frecuentes, se recomienda el Hawk SuperDuty en lugar del LTS, ya que el compuesto SuperDuty tiene un rango de temperatura mucho mayor para hacer frente a las altas temperaturas que se alcanzan durante el remolque.<br \/>\nSi no remolca a menudo, el LTS es la mejor opci\u00f3n.<\/p>\n<p>&nbsp;<\/p>\n<p><strong>Hawk LTS Propiedades del compuesto:<\/strong><\/p>\n<ul>\n<li>Mordida inicial fuerte y equilibrada, caliente o fr\u00eda<\/li>\n<li>Excelente resistencia a la suciedad<\/li>\n<li>Mezcla de ferrocarbono<\/li>\n<li>Baja generaci\u00f3n de polvo<\/li>\n<li>Excelente vida \u00fatil de las pastillas y los discos de freno<\/li>\n<li>37-370\u00b0C Temperatura de funcionamiento<\/li>\n<li>37-370\u00b0C Temperatura \u00f3ptima<\/li>\n<\/ul>\n<p>&nbsp;<\/p>\n<p><strong>N\u00fameros de comparaci\u00f3n Mopar:<\/strong> 68334862AA, <span class=\"list-value sku-display\">68334862AB<\/span>, 05143350AA, 0<span class=\"list-value\">5143350AB, 05143350AC, 5143350AA, 5143350AB, 5143350AC<\/span><\/p>\n<p>Lugar de montaje: Eje delantero<\/p>\n<p>&nbsp;<\/p>\n<p><strong>Adecuado para:<\/strong><\/p>\n<table width=\"498\">\n<tbody>\n<tr>\n<td width=\"114\"><strong>Marca<\/strong><\/td>\n<td width=\"121\"><strong>Modelo<\/strong><\/td>\n<td width=\"122\"><strong>Motor<\/strong><\/td>\n<td width=\"141\"><strong>A\u00f1o de construcci\u00f3n<\/strong><\/td>\n<\/tr>\n<tr>\n<td width=\"114\">RAM<\/td>\n<td width=\"121\">1500<\/td>\n<td width=\"122\">3.0 EcoDiesel<\/td>\n<td width=\"141\">2014-2018<\/td>\n<\/tr>\n<tr>\n<td width=\"114\">RAM<\/td>\n<td>1500 Classic<\/td>\n<td width=\"122\">3.0 EcoDiesel<\/td>\n<td>2019<\/td>\n<\/tr>\n<tr>\n<td width=\"114\">RAM<\/td>\n<td width=\"121\">1500<\/td>\n<td width=\"122\">3.6<\/td>\n<td width=\"141\">2013-2018<\/td>\n<\/tr>\n<tr>\n<td width=\"114\">RAM<\/td>\n<td>1500 Classic<\/td>\n<td width=\"122\">3.6<\/td>\n<td>2019-2024<\/td>\n<\/tr>\n<tr>\n<td width=\"114\">RAM<\/td>\n<td width=\"121\">1500<\/td>\n<td width=\"122\">5.7<\/td>\n<td width=\"141\">2006-2018<\/td>\n<\/tr>\n<tr>\n<td width=\"114\">RAM<\/td>\n<td>1500 Classic<\/td>\n<td width=\"122\">5.7<\/td>\n<td>2019-2024<\/td>\n<\/tr>\n<\/tbody>\n<\/table>\n<p>&nbsp;<\/p>\n<p><strong>Volumen de suministro: <\/strong><\/p>\n<p>- 1 juego de pastillas de freno (HB559Y.695) para el eje delantero<\/p>","protected":false},"excerpt":{"rendered":"<p>2006 - 2018 &amp; Cl\u00e1sica 2019 - 2024<\/p>","protected":false},"featured_media":68349504,"comment_status":"open","ping_status":"closed","template":"","meta":{"_acf_changed":false},"product_brand":[17621],"product_cat":[3515,4237,4754,7753],"product_tag":[7802,7803,3508,475,7804,6770,6771,3512,6772,1046,590,795,840,1070,6834,7614,18995,36,6835,86,3507,3518,970,592,2353,2139,842,841,673,2135,2137],"class_list":{"0":"post-68349501","1":"product","2":"type-product","3":"status-publish","4":"has-post-thumbnail","6":"product_brand-hawk-performance","7":"product_cat-1500-57-2009-2018-classic-bremsen-vorne","8":"product_cat-1500-ecodiesel-bremsen-vorne","9":"product_cat-1500-36-bremsen-vorne","10":"product_cat-1500-57-2003-2008-bremsen-vorne","11":"product_tag-05143350aa","12":"product_tag-05143350ab","13":"product_tag-05143350ac","14":"product_tag-475","15":"product_tag-5143350aa","16":"product_tag-5143350ab","17":"product_tag-5143350ac","18":"product_tag-68334862aa","19":"product_tag-68334862ab","20":"product_tag-abe","21":"product_tag-bremsbelaege","22":"product_tag-bremse","23":"product_tag-bremskloetze","24":"product_tag-hawk","25":"product_tag-hawk-performance","26":"product_tag-hawk10","27":"product_tag-hb559y-695","28":"product_tag-kraftwerk","29":"product_tag-lts","30":"product_tag-ram","31":"product_tag-ram1500","32":"product_tag-sportbremsbelag","33":"product_tag-sportbremsbelaege","34":"product_tag-sportbremse","35":"product_tag-trx","36":"product_tag-tuev","37":"product_tag-vorderachse","38":"product_tag-vorne","39":"product_tag-zubehoer","40":"product_tag-zubehoerbremsbelaege","41":"product_tag-zulassung","43":"first","44":"onbackorder","45":"taxable","46":"shipping-taxable","47":"purchasable","48":"product-type-simple"},"bundled_by":[],"bundle_stock_status":"onbackorder","bundle_stock_quantity":0,"bundle_virtual":false,"bundle_layout":"","bundle_add_to_cart_form_location":"","bundle_editable_in_cart":false,"bundle_sold_individually_context":"","bundle_item_grouping":"","bundle_min_size":"","bundle_max_size":"","bundle_price":[],"bundled_items":[],"bundle_sell_ids":[],"exclude_global_add_ons":[],"addons":[],"acf":[],"_links":{"self":[{"href":"https:\/\/kraftwerk-shop.cc\/es\/wp-json\/wp\/v2\/product\/68349501","targetHints":{"allow":["GET"]}}],"collection":[{"href":"https:\/\/kraftwerk-shop.cc\/es\/wp-json\/wp\/v2\/product"}],"about":[{"href":"https:\/\/kraftwerk-shop.cc\/es\/wp-json\/wp\/v2\/types\/product"}],"replies":[{"embeddable":true,"href":"https:\/\/kraftwerk-shop.cc\/es\/wp-json\/wp\/v2\/comments?post=68349501"}],"version-history":[{"count":0,"href":"https:\/\/kraftwerk-shop.cc\/es\/wp-json\/wp\/v2\/product\/68349501\/revisions"}],"wp:featuredmedia":[{"embeddable":true,"href":"https:\/\/kraftwerk-shop.cc\/es\/wp-json\/wp\/v2\/media\/68349504"}],"wp:attachment":[{"href":"https:\/\/kraftwerk-shop.cc\/es\/wp-json\/wp\/v2\/media?parent=68349501"}],"wp:term":[{"taxonomy":"product_brand","embeddable":true,"href":"https:\/\/kraftwerk-shop.cc\/es\/wp-json\/wp\/v2\/product_brand?post=68349501"},{"taxonomy":"product_cat","embeddable":true,"href":"https:\/\/kraftwerk-shop.cc\/es\/wp-json\/wp\/v2\/product_cat?post=68349501"},{"taxonomy":"product_tag","embeddable":true,"href":"https:\/\/kraftwerk-shop.cc\/es\/wp-json\/wp\/v2\/product_tag?post=68349501"}],"curies":[{"name":"wp","href":"https:\/\/api.w.org\/{rel}","templated":true}]}}