{"id":68349881,"date":"2025-09-20T22:03:52","date_gmt":"2025-09-20T20:03:52","guid":{"rendered":"https:\/\/kraftwerk-shop.cc\/?post_type=product&#038;p=68349881"},"modified":"2026-02-15T01:23:53","modified_gmt":"2026-02-15T00:23:53","slug":"boquilla-de-inyeccion-mopar-5038838aa","status":"publish","type":"product","link":"https:\/\/kraftwerk-shop.cc\/es\/produkt\/mopar-einspritzduese-5038838aa\/","title":{"rendered":"Inyector de combustible Mopar (5038838AA)"},"content":{"rendered":"<h1>Inyector de combustible original Mopar (5038838AA) para Dodge Challenger Demon, Redeye, Jailbreak &amp; Super Stock y Charger Redeye &amp; Jailbreak<\/h1>\n<p>&nbsp;<\/p>\n<p><span lang=\"DE\"><strong>N\u00famero de pieza Mopar:<\/strong>\u00a05038838AA<br \/>\n<strong>Reemplazado: <\/strong><span class=\"list-value\">\u2014<\/span><\/span><\/p>\n<p>&nbsp;<\/p>\n<p><strong>Adecuado para:<\/strong><\/p>\n<table style=\"height: 360px;\" width=\"1150\">\n<tbody>\n<tr style=\"height: 24px;\">\n<td style=\"height: 24px; width: 80.3833px;\"><strong>A\u00f1o de construcci\u00f3n<\/strong><\/td>\n<td style=\"height: 24px; width: 79.8167px;\"><strong>Marca<\/strong><\/td>\n<td style=\"height: 24px; width: 187.05px;\"><strong>Modelo<\/strong><\/td>\n<td style=\"height: 24px; width: 560.317px;\"><strong>Versi\u00f3n<\/strong><\/td>\n<td style=\"height: 24px; width: 207.033px;\"><strong>Motor<\/strong><\/td>\n<\/tr>\n<tr style=\"height: 48px;\">\n<td style=\"height: 48px; width: 80.3833px;\">2023<\/td>\n<td style=\"height: 48px; width: 79.8167px;\">Dodge<\/td>\n<td style=\"height: 48px; width: 187.05px;\">Challenger<\/td>\n<td style=\"height: 48px; width: 560.317px;\">SRT Hellcat Redeye Jailbreak, SRT Hellcat Redeye Widebody Jailbreak, SRT Hellcat Widebody Jailbreak, SRT Super Stock<\/td>\n<td style=\"height: 48px; width: 207.033px;\">6.2L<\/td>\n<\/tr>\n<tr style=\"height: 24px;\">\n<td style=\"height: 24px; width: 80.3833px;\">2023<\/td>\n<td style=\"height: 24px; width: 79.8167px;\">Dodge<\/td>\n<td style=\"height: 24px; width: 187.05px;\">Charger<\/td>\n<td style=\"height: 24px; width: 560.317px;\">SRT Hellcat Redeye Widebody, SRT Hellcat Widebody Jailbreak<\/td>\n<td style=\"height: 24px; width: 207.033px;\">6.2L<\/td>\n<\/tr>\n<tr style=\"height: 48px;\">\n<td style=\"height: 48px; width: 80.3833px;\">2022<\/td>\n<td style=\"height: 48px; width: 79.8167px;\">Dodge<\/td>\n<td style=\"height: 48px; width: 187.05px;\">Challenger<\/td>\n<td style=\"height: 48px; width: 560.317px;\">SRT Hellcat, SRT Hellcat Redeye, SRT Hellcat Redeye Widebody, SRT Jailbreak, SRT Super Stock<\/td>\n<td style=\"height: 48px; width: 207.033px;\">6.2L<\/td>\n<\/tr>\n<tr style=\"height: 24px;\">\n<td style=\"height: 24px; width: 80.3833px;\">2022<\/td>\n<td style=\"height: 24px; width: 79.8167px;\">Dodge<\/td>\n<td style=\"height: 24px; width: 187.05px;\">Charger<\/td>\n<td style=\"height: 24px; width: 560.317px;\">SRT Hellcat Redeye Widebody, SRT Jailbreak<\/td>\n<td style=\"height: 24px; width: 207.033px;\">6.2L<\/td>\n<\/tr>\n<tr style=\"height: 48px;\">\n<td style=\"height: 48px; width: 80.3833px;\">2021<\/td>\n<td style=\"height: 48px; width: 79.8167px;\">Dodge<\/td>\n<td style=\"height: 48px; width: 187.05px;\">Challenger<\/td>\n<td style=\"height: 48px; width: 560.317px;\">SRT Hellcat, SRT Hellcat Redeye, SRT Hellcat Redeye Widebody, SRT Super Stock<\/td>\n<td style=\"height: 48px; width: 207.033px;\">6.2L<\/td>\n<\/tr>\n<tr style=\"height: 24px;\">\n<td style=\"height: 24px; width: 80.3833px;\">2021<\/td>\n<td style=\"height: 24px; width: 79.8167px;\">Dodge<\/td>\n<td style=\"height: 24px; width: 187.05px;\">Charger<\/td>\n<td style=\"height: 24px; width: 560.317px;\">SRT Hellcat Redeye Widebody<\/td>\n<td style=\"height: 24px; width: 207.033px;\">6.2L<\/td>\n<\/tr>\n<tr style=\"height: 48px;\">\n<td style=\"height: 48px; width: 80.3833px;\">2020<\/td>\n<td style=\"height: 48px; width: 79.8167px;\">Dodge<\/td>\n<td style=\"height: 48px; width: 187.05px;\">Challenger<\/td>\n<td style=\"height: 48px; width: 560.317px;\">SRT Hellcat Redeye, SRT Hellcat Redeye Widebody<\/td>\n<td style=\"height: 48px; width: 207.033px;\">6.2L<\/td>\n<\/tr>\n<tr style=\"height: 48px;\">\n<td style=\"height: 48px; width: 80.3833px;\">2019<\/td>\n<td style=\"height: 48px; width: 79.8167px;\">Dodge<\/td>\n<td style=\"height: 48px; width: 187.05px;\">Challenger<\/td>\n<td style=\"height: 48px; width: 560.317px;\">SRT Hellcat Redeye, SRT Hellcat Redeye Widebody<\/td>\n<td style=\"height: 48px; width: 207.033px;\">6.2L<\/td>\n<\/tr>\n<tr style=\"height: 24px;\">\n<td style=\"height: 24px; width: 80.3833px;\">2018<\/td>\n<td style=\"height: 24px; width: 79.8167px;\">Dodge<\/td>\n<td style=\"height: 24px; width: 187.05px;\">Challenger<\/td>\n<td style=\"height: 24px; width: 560.317px;\">SRT Demon<\/td>\n<td style=\"height: 24px; width: 207.033px;\">6.2L<\/td>\n<\/tr>\n<\/tbody>\n<\/table>\n<p>&nbsp;<\/p>\n<p>&nbsp;<\/p>\n<h4>\u00bfPor qu\u00e9 elegir recambios originales Mopar?<\/h4>\n<p><strong>Ajuste perfecto y calidad superior:<\/strong> Los recambios originales Mopar se fabrican siguiendo las estrictas especificaciones del fabricante, lo que significa que encajan perfectamente en su veh\u00edculo. Esto no solo garantiza una instalaci\u00f3n sencilla, sino tambi\u00e9n un funcionamiento y una seguridad \u00f3ptimos.<\/p>\n<p><strong>Fiabilidad y durabilidad:<\/strong> Mediante el uso de materiales de alta calidad y estrictos controles de calidad, los recambios Mopar garantizan que su veh\u00edculo funcione de forma fiable incluso en condiciones extremas. Est\u00e1n dise\u00f1ados para durar y maximizar el rendimiento de su veh\u00edculo.<\/p>\n<p>&nbsp;<\/p>","protected":false},"excerpt":{"rendered":"<p>Pieza original Mopar<\/p>\n<p>2018-2023<\/p>","protected":false},"featured_media":68350085,"comment_status":"open","ping_status":"closed","template":"","meta":{"_acf_changed":false},"product_brand":[16270],"product_cat":[2881,2885],"product_tag":[19088,19074,54,53,152,49,2868,2869,999,19069,19070,19071,2867,1000,4447,19073,19072,31,8813,9424,16271,16273,16275,16272,16274,7221,151,2396],"class_list":{"0":"post-68349881","1":"product","2":"type-product","3":"status-publish","4":"has-post-thumbnail","6":"product_brand-mopar","7":"product_cat-challenger-hellcat-kraftstoffversorgung","8":"product_cat-charger-hellcat-kraftstoffversorgung","9":"product_tag-05038838aa","10":"product_tag-5038838aa","11":"product_tag-challenger","12":"product_tag-charger","13":"product_tag-demon","14":"product_tag-dodge","15":"product_tag-duesen","16":"product_tag-einspritzduese","17":"product_tag-einspritzduesen","18":"product_tag-einspritzung","19":"product_tag-einspritzventil","20":"product_tag-einspritzventile","21":"product_tag-injektor","22":"product_tag-injektoren","23":"product_tag-jailbreak","24":"product_tag-kraftstoffduese","25":"product_tag-kraftstoffeinspritzung","26":"product_tag-mopar","27":"product_tag-mopar-autoteile","28":"product_tag-mopar-ersatzteile","29":"product_tag-mopar-ersatzteile-kaufen","30":"product_tag-mopar-performance-teile","31":"product_tag-mopar-teile-katalog","32":"product_tag-mopar-teile-online","33":"product_tag-mopar-tuningteile","34":"product_tag-mopar10","35":"product_tag-redeye","36":"product_tag-super-stock","38":"first","39":"instock","40":"taxable","41":"shipping-taxable","42":"purchasable","43":"product-type-simple"},"bundled_by":[],"bundle_stock_status":"instock","bundle_stock_quantity":5,"bundle_virtual":false,"bundle_layout":"","bundle_add_to_cart_form_location":"","bundle_editable_in_cart":false,"bundle_sold_individually_context":"","bundle_item_grouping":"","bundle_min_size":"","bundle_max_size":"","bundle_price":[],"bundled_items":[],"bundle_sell_ids":[],"exclude_global_add_ons":[],"addons":[],"acf":[],"_links":{"self":[{"href":"https:\/\/kraftwerk-shop.cc\/es\/wp-json\/wp\/v2\/product\/68349881","targetHints":{"allow":["GET"]}}],"collection":[{"href":"https:\/\/kraftwerk-shop.cc\/es\/wp-json\/wp\/v2\/product"}],"about":[{"href":"https:\/\/kraftwerk-shop.cc\/es\/wp-json\/wp\/v2\/types\/product"}],"replies":[{"embeddable":true,"href":"https:\/\/kraftwerk-shop.cc\/es\/wp-json\/wp\/v2\/comments?post=68349881"}],"version-history":[{"count":0,"href":"https:\/\/kraftwerk-shop.cc\/es\/wp-json\/wp\/v2\/product\/68349881\/revisions"}],"wp:featuredmedia":[{"embeddable":true,"href":"https:\/\/kraftwerk-shop.cc\/es\/wp-json\/wp\/v2\/media\/68350085"}],"wp:attachment":[{"href":"https:\/\/kraftwerk-shop.cc\/es\/wp-json\/wp\/v2\/media?parent=68349881"}],"wp:term":[{"taxonomy":"product_brand","embeddable":true,"href":"https:\/\/kraftwerk-shop.cc\/es\/wp-json\/wp\/v2\/product_brand?post=68349881"},{"taxonomy":"product_cat","embeddable":true,"href":"https:\/\/kraftwerk-shop.cc\/es\/wp-json\/wp\/v2\/product_cat?post=68349881"},{"taxonomy":"product_tag","embeddable":true,"href":"https:\/\/kraftwerk-shop.cc\/es\/wp-json\/wp\/v2\/product_tag?post=68349881"}],"curies":[{"name":"wp","href":"https:\/\/api.w.org\/{rel}","templated":true}]}}