{"id":68349938,"date":"2025-09-21T18:15:49","date_gmt":"2025-09-21T16:15:49","guid":{"rendered":"https:\/\/kraftwerk-shop.cc\/?post_type=product&#038;p=68349938"},"modified":"2026-02-15T01:23:59","modified_gmt":"2026-02-15T00:23:59","slug":"mopar-wiper-water-nozzle-68260442ab","status":"publish","type":"product","link":"https:\/\/kraftwerk-shop.cc\/es\/produkt\/mopar-wischwasserduese-68260442ab\/","title":{"rendered":"Boquilla de agua para limpiaparabrisas Mopar (68260442AB)"},"content":{"rendered":"<h1>Boquilla de agua limpiaparabrisas original Mopar (68260442AB) para Dodge Challenger Shaker<\/h1>\n<p>&nbsp;<\/p>\n<p><span lang=\"DE\"><strong>N\u00famero de pieza Mopar:<\/strong> 68260442AB<br \/>\n<strong>Reemplazado:\u00a0<\/strong>68260442AA<\/span><\/p>\n<p>&nbsp;<\/p>\n<p><strong>Adecuado para:<\/strong><\/p>\n<p>Agitador Dodge Challenger<\/p>\n<p>&nbsp;<\/p>\n<p>&nbsp;<\/p>\n<h4>\u00bfPor qu\u00e9 elegir recambios originales Mopar?<\/h4>\n<p><strong>Ajuste perfecto y calidad superior:<\/strong> Los recambios originales Mopar se fabrican siguiendo las estrictas especificaciones del fabricante, lo que significa que encajan perfectamente en su veh\u00edculo. Esto no solo garantiza una instalaci\u00f3n sencilla, sino tambi\u00e9n un funcionamiento y una seguridad \u00f3ptimos.<\/p>\n<p><strong>Fiabilidad y durabilidad:<\/strong> Mediante el uso de materiales de alta calidad y estrictos controles de calidad, los recambios Mopar garantizan que su veh\u00edculo funcione de forma fiable incluso en condiciones extremas. Est\u00e1n dise\u00f1ados para durar y maximizar el rendimiento de su veh\u00edculo.<\/p>\n<p>&nbsp;<\/p>\n<p>&nbsp;<\/p>","protected":false},"excerpt":{"rendered":"<p>Pieza original Mopar<\/p>","protected":false},"featured_media":68350082,"comment_status":"open","ping_status":"closed","template":"","meta":{"_acf_changed":false},"product_brand":[16270],"product_cat":[10262,7289,7297],"product_tag":[14632,249,250,251,252,419,420,2066,2373,4526,169,91,101,93,19103,19102,54,14633,14637,14635,14639,14643,14641,14645,14651,14655,14653,14649,14657,14661,14659,14608,14665,14667,14671,14669,14663,14647,14673,14677,14679,14683,14681,14675,14685,14689,14687,14691,14693,53,49,3853,14634,14638,14636,14640,14644,14642,14646,14652,14656,14654,14650,14658,14662,14660,14609,14666,14668,14672,14670,14664,14648,14674,14678,14680,14684,14682,14676,14686,14690,14688,14692,2870,31,8813,9424,16271,16273,16275,16272,16274,7221,10609,7578,8129,10786,7577,8128],"class_list":{"0":"post-68349938","1":"product","2":"type-product","3":"status-publish","4":"has-post-thumbnail","6":"product_brand-mopar","7":"product_cat-alle-produkte","8":"product_cat-challenger-57-elektrik-sonstiges","9":"product_cat-challenger-64-elektrik-sonstiges","10":"product_tag-068217041ac","11":"product_tag-249","12":"product_tag-250","13":"product_tag-251","14":"product_tag-252","15":"product_tag-419","16":"product_tag-420","17":"product_tag-2066","18":"product_tag-2373","19":"product_tag-4526","20":"product_tag-3-6","21":"product_tag-5-7","22":"product_tag-6-2","23":"product_tag-6-4","24":"product_tag-68260442aa","25":"product_tag-68260442ab","26":"product_tag-challenger","27":"product_tag-challenger-gt-awd","28":"product_tag-challenger-gt-awd-mopar-wischwasserduese","29":"product_tag-challenger-gt-awd-wischwasserduese","30":"product_tag-challenger-gt-rwd","31":"product_tag-challenger-gt-rwd-mopar-wischwasserduese","32":"product_tag-challenger-gt-rwd-wischwasserduese","33":"product_tag-challenger-r-t","34":"product_tag-challenger-r-t-392-rwd","35":"product_tag-challenger-r-t-392-rwd-mopar-wischwasserduese","36":"product_tag-challenger-r-t-392-rwd-wischwasserduese","37":"product_tag-challenger-r-t-mopar-wischwasserduese","38":"product_tag-challenger-r-t-rwd","39":"product_tag-challenger-r-t-rwd-mopar-wischwasserduese","40":"product_tag-challenger-r-t-rwd-wischwasserduese","41":"product_tag-challenger-r-t-scat-pack","42":"product_tag-challenger-r-t-scat-pack-mopar-wischwasserduese","43":"product_tag-challenger-r-t-scat-pack-rwd","44":"product_tag-challenger-r-t-scat-pack-rwd-mopar-wischwasserduese","45":"product_tag-challenger-r-t-scat-pack-rwd-wischwasserduese","46":"product_tag-challenger-r-t-scat-pack-wischwasserduese","47":"product_tag-challenger-r-t-wischwasserduese","48":"product_tag-challenger-srt-392","49":"product_tag-challenger-srt-392-mopar-wischwasserduese","50":"product_tag-challenger-srt-392-rwd","51":"product_tag-challenger-srt-392-rwd-mopar-wischwasserduese","52":"product_tag-challenger-srt-392-rwd-wischwasserduese","53":"product_tag-challenger-srt-392-wischwasserduese","54":"product_tag-challenger-srt-demon-rwd","55":"product_tag-challenger-srt-demon-rwd-mopar-wischwasserduese","56":"product_tag-challenger-srt-demon-rwd-wischwasserduese","57":"product_tag-challenger-srt-hellcat","58":"product_tag-challenger-srt-hellcat-wisch","59":"product_tag-charger","60":"product_tag-dodge","61":"product_tag-dodge-challenger","62":"product_tag-dodge-challenger-gt-awd","63":"product_tag-dodge-challenger-gt-awd-mopar-wischwasserduese","64":"product_tag-dodge-challenger-gt-awd-wischwasserduese","65":"product_tag-dodge-challenger-gt-rwd","66":"product_tag-dodge-challenger-gt-rwd-mopar-wischwasserduese","67":"product_tag-dodge-challenger-gt-rwd-wischwasserduese","68":"product_tag-dodge-challenger-r-t","69":"product_tag-dodge-challenger-r-t-392-rwd","70":"product_tag-dodge-challenger-r-t-392-rwd-mopar-wischwasserduese","71":"product_tag-dodge-challenger-r-t-392-rwd-wischwasserduese","72":"product_tag-dodge-challenger-r-t-mopar-wischwasserduese","73":"product_tag-dodge-challenger-r-t-rwd","74":"product_tag-dodge-challenger-r-t-rwd-mopar-wischwasserduese","75":"product_tag-dodge-challenger-r-t-rwd-wischwasserduese","76":"product_tag-dodge-challenger-r-t-scat-pack","77":"product_tag-dodge-challenger-r-t-scat-pack-mopar-wischwasserduese","78":"product_tag-dodge-challenger-r-t-scat-pack-rwd","79":"product_tag-dodge-challenger-r-t-scat-pack-rwd-mopar-wischwasserduese","80":"product_tag-dodge-challenger-r-t-scat-pack-rwd-wischwasserduese","81":"product_tag-dodge-challenger-r-t-scat-pack-wischwasserduese","82":"product_tag-dodge-challenger-r-t-wischwasserduese","83":"product_tag-dodge-challenger-srt-392","84":"product_tag-dodge-challenger-srt-392-mopar-wischwasserduese","85":"product_tag-dodge-challenger-srt-392-rwd","86":"product_tag-dodge-challenger-srt-392-rwd-mopar-wischwasserduese","87":"product_tag-dodge-challenger-srt-392-rwd-wischwasserduese","88":"product_tag-dodge-challenger-srt-392-wischwasserduese","89":"product_tag-dodge-challenger-srt-demon-rwd","90":"product_tag-dodge-challenger-srt-demon-rwd-mopar-wischwasserduese","91":"product_tag-dodge-challenger-srt-demon-rwd-wischwasserduese","92":"product_tag-dodge-challenger-srt-hellcat","93":"product_tag-duese","94":"product_tag-mopar","95":"product_tag-mopar-autoteile","96":"product_tag-mopar-ersatzteile","97":"product_tag-mopar-ersatzteile-kaufen","98":"product_tag-mopar-performance-teile","99":"product_tag-mopar-teile-katalog","100":"product_tag-mopar-teile-online","101":"product_tag-mopar-tuningteile","102":"product_tag-mopar10","103":"product_tag-scheibe","104":"product_tag-scheibenwasser","105":"product_tag-scheibenwasserduese","106":"product_tag-shaker","107":"product_tag-wischwasser","108":"product_tag-wischwasserduese","110":"first","111":"instock","112":"taxable","113":"shipping-taxable","114":"purchasable","115":"product-type-simple"},"bundled_by":[],"bundle_stock_status":"instock","bundle_stock_quantity":2,"bundle_virtual":false,"bundle_layout":"","bundle_add_to_cart_form_location":"","bundle_editable_in_cart":false,"bundle_sold_individually_context":"","bundle_item_grouping":"","bundle_min_size":"","bundle_max_size":"","bundle_price":[],"bundled_items":[],"bundle_sell_ids":[],"exclude_global_add_ons":[],"addons":[],"acf":[],"_links":{"self":[{"href":"https:\/\/kraftwerk-shop.cc\/es\/wp-json\/wp\/v2\/product\/68349938","targetHints":{"allow":["GET"]}}],"collection":[{"href":"https:\/\/kraftwerk-shop.cc\/es\/wp-json\/wp\/v2\/product"}],"about":[{"href":"https:\/\/kraftwerk-shop.cc\/es\/wp-json\/wp\/v2\/types\/product"}],"replies":[{"embeddable":true,"href":"https:\/\/kraftwerk-shop.cc\/es\/wp-json\/wp\/v2\/comments?post=68349938"}],"version-history":[{"count":0,"href":"https:\/\/kraftwerk-shop.cc\/es\/wp-json\/wp\/v2\/product\/68349938\/revisions"}],"wp:featuredmedia":[{"embeddable":true,"href":"https:\/\/kraftwerk-shop.cc\/es\/wp-json\/wp\/v2\/media\/68350082"}],"wp:attachment":[{"href":"https:\/\/kraftwerk-shop.cc\/es\/wp-json\/wp\/v2\/media?parent=68349938"}],"wp:term":[{"taxonomy":"product_brand","embeddable":true,"href":"https:\/\/kraftwerk-shop.cc\/es\/wp-json\/wp\/v2\/product_brand?post=68349938"},{"taxonomy":"product_cat","embeddable":true,"href":"https:\/\/kraftwerk-shop.cc\/es\/wp-json\/wp\/v2\/product_cat?post=68349938"},{"taxonomy":"product_tag","embeddable":true,"href":"https:\/\/kraftwerk-shop.cc\/es\/wp-json\/wp\/v2\/product_tag?post=68349938"}],"curies":[{"name":"wp","href":"https:\/\/api.w.org\/{rel}","templated":true}]}}