{"id":68349983,"date":"2025-09-21T22:53:10","date_gmt":"2025-09-21T20:53:10","guid":{"rendered":"https:\/\/kraftwerk-shop.cc\/?post_type=product&#038;p=68349983"},"modified":"2026-02-15T01:24:07","modified_gmt":"2026-02-15T00:24:07","slug":"boquillas-de-inyeccion-deatschwerks-1500cc","status":"publish","type":"product","link":"https:\/\/kraftwerk-shop.cc\/es\/produkt\/deatschwerks-1500cc-einspritzduesen\/","title":{"rendered":"Toberas de inyecci\u00f3n DeatschWerks 1500cc"},"content":{"rendered":"<h1>Juego DeatschWerks de 8 inyectores 1500cc \/min emparejados para Chrysler, Dodge, Jeep y RAM con 5,7, 6,1 y 6,4 litros de cilindrada.<\/h1>\n<p>&nbsp;<\/p>\n<p>Tanto si conduce un Challenger, Charger, Magnum, 300C, RAM, Grand Cherokee, Durango o Commander modificado, estos inyectores est\u00e1n listos para usar y le ofrecen el mejor ajuste posible para su veh\u00edculo.<\/p>\n<p>&nbsp;<\/p>\n<ul>\n<li>Caudales y ajuste de la balanza internamente por DeatschWerks<\/li>\n<li>Igualaci\u00f3n del caudal en 1-2 % (informe de caudal incluido)<\/li>\n<li>Excelente patr\u00f3n de pulverizaci\u00f3n y atomizaci\u00f3n para optimizar el ralent\u00ed y la puesta a punto<\/li>\n<li>incluye la hoja de datos para personalizar el software del motor<\/li>\n<\/ul>\n<p>&nbsp;<\/p>\n<p><strong>Propiedades:<\/strong><\/p>\n<table width=\"333\">\n<tbody>\n<tr>\n<td width=\"179\">Forma del tap\u00f3n:<\/td>\n<td width=\"154\">USCAR \/ EV14<\/td>\n<\/tr>\n<tr>\n<td>Caudal:<\/td>\n<td>1500 cm\u00b3\/min<\/td>\n<\/tr>\n<tr>\n<td>N\u00famero de boquillas de inyecci\u00f3n:<\/td>\n<td>8<\/td>\n<\/tr>\n<\/tbody>\n<\/table>\n<p>&nbsp;<\/p>\n<p><strong>Adecuado para:<\/strong><\/p>\n<table width=\"431\">\n<tbody>\n<tr>\n<td width=\"80\"><strong>Marca<\/strong><\/td>\n<td width=\"191\"><strong>Modelo<\/strong><\/td>\n<td width=\"80\"><strong>Motor<\/strong><\/td>\n<td width=\"80\"><strong>A\u00f1o de construcci\u00f3n<\/strong><\/td>\n<\/tr>\n<tr>\n<td>Chrysler<\/td>\n<td>300C<\/td>\n<td>5.7<\/td>\n<td>2005-2023<\/td>\n<\/tr>\n<tr>\n<td>Chrysler<\/td>\n<td>300C<\/td>\n<td>6.1<\/td>\n<td>2005-2010<\/td>\n<\/tr>\n<tr>\n<td width=\"80\">Chrysler<\/td>\n<td width=\"191\">300C<\/td>\n<td>6.4<\/td>\n<td width=\"80\">2012-2023<\/td>\n<\/tr>\n<tr>\n<td>Dodge<\/td>\n<td>Challenger<\/td>\n<td>5.7<\/td>\n<td>2008-2023<\/td>\n<\/tr>\n<tr>\n<td>Dodge<\/td>\n<td>Challenger<\/td>\n<td>6.1<\/td>\n<td>2008-2010<\/td>\n<\/tr>\n<tr>\n<td width=\"80\">Dodge<\/td>\n<td width=\"191\">Challenger<\/td>\n<td>6.4<\/td>\n<td width=\"80\">2011-2023<\/td>\n<\/tr>\n<tr>\n<td>Dodge<\/td>\n<td>Charger<\/td>\n<td>5.7<\/td>\n<td>2005-2023<\/td>\n<\/tr>\n<tr>\n<td>Dodge<\/td>\n<td>Charger<\/td>\n<td>6.1<\/td>\n<td>2005-2010<\/td>\n<\/tr>\n<tr>\n<td width=\"80\">Dodge<\/td>\n<td width=\"191\">Charger<\/td>\n<td>6.4<\/td>\n<td width=\"80\">2011-2023<\/td>\n<\/tr>\n<tr>\n<td>Dodge<\/td>\n<td>Durango<\/td>\n<td>5.7<\/td>\n<td>2013-2024<\/td>\n<\/tr>\n<tr>\n<td>Dodge<\/td>\n<td>Durango<\/td>\n<td>6.4<\/td>\n<td>2018-2024<\/td>\n<\/tr>\n<tr>\n<td>Dodge<\/td>\n<td>Magnum<\/td>\n<td>5.7<\/td>\n<td>2005-2008<\/td>\n<\/tr>\n<tr>\n<td>Dodge<\/td>\n<td>Magnum<\/td>\n<td>6.1<\/td>\n<td>2006-2008<\/td>\n<\/tr>\n<tr>\n<td>Jeep<\/td>\n<td>Commander<\/td>\n<td>5.7<\/td>\n<td>2006-2010<\/td>\n<\/tr>\n<tr>\n<td>Jeep<\/td>\n<td>Grand Cherokee<\/td>\n<td>5.7<\/td>\n<td>2005-2022<\/td>\n<\/tr>\n<tr>\n<td>Jeep<\/td>\n<td>Grand Cherokee<\/td>\n<td>6.1<\/td>\n<td>2006-2010<\/td>\n<\/tr>\n<tr>\n<td>Jeep<\/td>\n<td>Grand Cherokee<\/td>\n<td>6.4<\/td>\n<td>2011-2021<\/td>\n<\/tr>\n<tr>\n<td>Jeep<\/td>\n<td>Wrangler<\/td>\n<td>6.4<\/td>\n<td>2021-2024<\/td>\n<\/tr>\n<tr>\n<td>RAM<\/td>\n<td>1500<\/td>\n<td>5.7<\/td>\n<td>2013-2024<\/td>\n<\/tr>\n<\/tbody>\n<\/table>\n<p>&nbsp;<\/p>\n<p><strong>\u00bfQu\u00e9 tama\u00f1o deben tener las boquillas de inyecci\u00f3n?<\/strong><br \/>\nEl tama\u00f1o de los inyectores necesarios depende de muchos factores: potencia, tipo de combustible, presi\u00f3n del combustible, etc.<\/p>\n<p><strong>\u00bfCu\u00e1l es la presi\u00f3n m\u00e1xima de combustible que puedo utilizar con los inyectores DW?<\/strong><br \/>\nRecomendamos una presi\u00f3n de funcionamiento de 40-80 psi para un rendimiento \u00f3ptimo. La presi\u00f3n m\u00e1xima depende de las especificaciones del fabricante. La presi\u00f3n m\u00e1xima para Bosch EV14 es de 8 bar o 116 psi (n\u00fameros de pieza que comienzan por 16, 17 o 18). Recomendamos una presi\u00f3n m\u00e1xima de 7 bar o 102 psi para los inyectores Denso (n\u00fameros de pieza que empiezan por 21 y 22).<\/p>\n<p><strong>\u00bfSon sus inyectores compatibles con el E85?<\/strong><br \/>\nTodos los inyectores DeatschWerks son adecuados para su uso con combustibles de etanol.<\/p>\n<p><strong>\u00bfSon compatibles sus inyectores con los combustibles enriquecidos con MTBE?<\/strong><br \/>\nTodos nuestros inyectores son compatibles con los combustibles enriquecidos con MTBE, con la excepci\u00f3n del Bosch EV14 2200cc (n\u00famero de pieza 16s-xx-2200-x). Este n\u00famero de pieza en particular tiene un sello de elast\u00f3mero que puede hincharse en presencia de MTBE y causar restricci\u00f3n de flujo.<\/p>\n<p><strong>\u00bfTengo que \"tunear\" mi veh\u00edculo si instalo inyectores de combustible de alto rendimiento?<\/strong><br \/>\nS\u00ed, siempre que instale inyectores de combustible m\u00e1s grandes que los originales en su veh\u00edculo, debe realizar alg\u00fan tipo de ajuste (flash, piggyback, independiente, etc.) para que su veh\u00edculo funcione correctamente.<\/p>\n<p><strong>\u00bfPuedo instalar sus inyectores y conducir hasta el taller para la puesta a punto?<\/strong><br \/>\nLos inyectores est\u00e1n controlados por la ECU. Los inyectores instalados suelen ser al menos el doble de grandes que los inyectores de serie. Sin informar a la ECU que los inyectores controlados tienen un caudal diferente, la ECU no puede controlar los pulsos del inyector correctamente. A menudo, el motor no arrancar\u00e1 con la sinton\u00eda de valores y los inyectores de mayor caudal. Su sintonizador puede ser capaz de enviarle una sinton\u00eda base temporal que puede llevar el coche a ellos para una sinton\u00eda adecuada.<\/p>\n<p><strong>\u00bfCu\u00e1l es la latencia del inyector?<\/strong><br \/>\nLa latencia es una medida del tiempo que tarda un inyector en abrirse completamente despu\u00e9s de haber recibido la se\u00f1al de disparo. Suele medirse en milisegundos o microsegundos y es un par\u00e1metro importante en la puesta a punto. Otros t\u00e9rminos que son sin\u00f3nimos de latencia son tiempo de permanencia, offset, retardo, etc. Nosotros solemos utilizar el t\u00e9rmino desplazamiento de la bater\u00eda. Nuestras descripciones generales de caracterizaci\u00f3n contienen el desplazamiento de la bater\u00eda a distintas presiones y tensiones. Encontrar\u00e1 estos res\u00famenes en la secci\u00f3n \"Recursos\" de nuestro sitio web.<\/p>\n<p><strong>\u00bfInfluye la presi\u00f3n del combustible en el caudal del inyector?<\/strong><br \/>\nS\u00ed, un aumento de la presi\u00f3n del combustible AUMENTA el caudal del inyector. Los caudales de los inyectores DW se calculan a una presi\u00f3n de 43,5 psi (3 bar). Aunque los inyectores DW pueden funcionar a presiones superiores a 100 psi, recomendamos una presi\u00f3n del sistema de 40-80 psi para un rendimiento \u00f3ptimo (tiempos de respuesta del inyector m\u00e1s r\u00e1pidos, patrones de pulverizaci\u00f3n optimizados y mayor fiabilidad de todo el sistema de combustible). En la secci\u00f3n \"Recursos\" de nuestro sitio web, encontrar\u00e1 una calculadora que puede utilizar para calcular el caudal de sus inyectores a distintas presiones.<\/p>\n<p><strong>\u00bfPor qu\u00e9 sus inyectores hacen m\u00e1s ruido que mis inyectores est\u00e1ndar?<\/strong><br \/>\nAlgunos de nuestros inyectores son considerablemente m\u00e1s grandes que los inyectores est\u00e1ndar. Un ligero aumento del ruido es caracter\u00edstico de los inyectores m\u00e1s grandes y es normal. Los amortiguadores de pulsaciones de combustible en l\u00ednea a menudo pueden ayudar a reducir el ruido del inyector.<\/p>\n<p><strong>\u00bfC\u00f3mo obtiene DeatschWerks los datos de boquillas de inyecci\u00f3n espec\u00edficos para cada aplicaci\u00f3n?<\/strong><br \/>\nLos datos espec\u00edficos de la aplicaci\u00f3n se obtienen formateando los datos generales de caracterizaci\u00f3n en los par\u00e1metros necesarios para la aplicaci\u00f3n respectiva. A continuaci\u00f3n, estos datos se prueban en el veh\u00edculo y los valores se optimizan para tener en cuenta las diferencias entre las variables en el laboratorio y en el veh\u00edculo. Este proceso de optimizaci\u00f3n es la raz\u00f3n por la que los res\u00famenes de caracterizaci\u00f3n general a veces difieren de los datos espec\u00edficos de la aplicaci\u00f3n.<\/p>\n<p><strong>\u00bfC\u00f3mo obtiene DeatschWerks los datos de sus boquillas de inyecci\u00f3n?<\/strong><br \/>\nTodos los datos de caracterizaci\u00f3n del inyector de combustible DW se recopilan y calculan internamente. El proceso implica la recopilaci\u00f3n y el an\u00e1lisis de m\u00e1s de 450 puntos de datos en 4 inyectores de combustible normalizados que son representativos del n\u00famero de pieza del inyector espec\u00edfico que se est\u00e1 probando.<br \/>\nTodos los datos se recopilan internamente utilizando caudal\u00edmetros de turbina digitales calibrados y controladores de inyectores de combustible totalmente programables. Los procedimientos de prueba se realizan de acuerdo con SAE J1832. Nuestras compensaciones se calculan mediante regresi\u00f3n lineal a partir de 5 anchos de pulso diferentes, 4 tensiones diferentes y 4 presiones diferentes. Los datos entre las tensiones y presiones probadas se interpolan.<\/p>\n<p>&nbsp;<\/p>","protected":false},"excerpt":{"rendered":"<p>DeatschWerks juego de 8 inyectores 1500cc \/min emparejados para Chrysler, Dodge, Jeep y RAM con 5.7, 6.1 y 6.4<\/p>","protected":false},"featured_media":68349998,"comment_status":"open","ping_status":"closed","template":"","meta":{"_acf_changed":false},"product_brand":[],"product_cat":[2877,4980,2876,2878,2879,2880,2882,2883,5159,2884,2886,2888,2887,2890,2891,4805,2892,2893,2895,19343,7761,2896,5016,9950,2919],"product_tag":[475,19127,19128,52,217,91,92,93,54,53,48,19114,19113,49,95,19115,2868,2869,999,19069,19070,19071,56,2867,1000,50,19073,19072,7221,86,175],"class_list":{"0":"post-68349983","1":"product","2":"type-product","3":"status-publish","4":"has-post-thumbnail","6":"product_cat-300c-57-2005-2010-kraftstoffversorgung","7":"product_cat-300c-57-2011-2023-kraftstoffversorgung","8":"product_cat-300c-61-kraftstoffversorgung","9":"product_cat-300c-64-kraftstoffversorgung","10":"product_cat-challenger-57-kraftstoffversorgung","11":"product_cat-challenger-61-kraftstoffversorgung","12":"product_cat-challenger-64-kraftstoffversorgung","13":"product_cat-charger-57-kraftstoffversorgung","14":"product_cat-charger-57-2011-2023-kraftstoffversorgung","15":"product_cat-charger-61-kraftstoffversorgung","16":"product_cat-charger-64-kraftstoffversorgung","17":"product_cat-durango-57-kraftstoffversorgung","18":"product_cat-durango-64-kraftstoffversorgung","19":"product_cat-magnum-57-kraftstoffversorgung","20":"product_cat-magnum-61-kraftstoffversorgung","21":"product_cat-grand-cherokee-57-2005-2010-kraftstoffversorgung","22":"product_cat-grand-cherokee-57-2011-2021-kraftstoffversorgung","23":"product_cat-grand-cherokee-61-kraftstoffversorgung","24":"product_cat-grand-cherokee-64-kraftstoffversorgung","25":"product_cat-wrangler-64-kraftstoffversorgung","26":"product_cat-1500-57-2003-2008-kraftstoffversorgung","27":"product_cat-1500-57-2009-2018-classic-kraftstoffversorgung","28":"product_cat-1500-57-dt-kraftstoffversorgung","29":"product_cat-2500-3500-57-kraftstoffversorgung","30":"product_cat-2500-3500-64-kraftstoffversorgung","31":"product_tag-475","32":"product_tag-1500-cc","33":"product_tag-16m-21-1500-8","34":"product_tag-300c","35":"product_tag-217","36":"product_tag-5-7","37":"product_tag-6-1","38":"product_tag-6-4","39":"product_tag-challenger","40":"product_tag-charger","41":"product_tag-chrysler","42":"product_tag-comander","43":"product_tag-deatschwerks","44":"product_tag-dodge","45":"product_tag-durango","46":"product_tag-durchflussrate","47":"product_tag-duesen","48":"product_tag-einspritzduese","49":"product_tag-einspritzduesen","50":"product_tag-einspritzung","51":"product_tag-einspritzventil","52":"product_tag-einspritzventile","53":"product_tag-grand-cherokee","54":"product_tag-injektor","55":"product_tag-injektoren","56":"product_tag-jeep","57":"product_tag-kraftstoffduese","58":"product_tag-kraftstoffeinspritzung","59":"product_tag-mopar10","60":"product_tag-ram","61":"product_tag-wrangler","63":"first","64":"onbackorder","65":"taxable","66":"shipping-taxable","67":"purchasable","68":"product-type-simple"},"bundled_by":[],"bundle_stock_status":"onbackorder","bundle_stock_quantity":0,"bundle_virtual":false,"bundle_layout":"","bundle_add_to_cart_form_location":"","bundle_editable_in_cart":false,"bundle_sold_individually_context":"","bundle_item_grouping":"","bundle_min_size":"","bundle_max_size":"","bundle_price":[],"bundled_items":[],"bundle_sell_ids":[],"exclude_global_add_ons":[],"addons":[],"acf":[],"_links":{"self":[{"href":"https:\/\/kraftwerk-shop.cc\/es\/wp-json\/wp\/v2\/product\/68349983","targetHints":{"allow":["GET"]}}],"collection":[{"href":"https:\/\/kraftwerk-shop.cc\/es\/wp-json\/wp\/v2\/product"}],"about":[{"href":"https:\/\/kraftwerk-shop.cc\/es\/wp-json\/wp\/v2\/types\/product"}],"replies":[{"embeddable":true,"href":"https:\/\/kraftwerk-shop.cc\/es\/wp-json\/wp\/v2\/comments?post=68349983"}],"version-history":[{"count":0,"href":"https:\/\/kraftwerk-shop.cc\/es\/wp-json\/wp\/v2\/product\/68349983\/revisions"}],"wp:featuredmedia":[{"embeddable":true,"href":"https:\/\/kraftwerk-shop.cc\/es\/wp-json\/wp\/v2\/media\/68349998"}],"wp:attachment":[{"href":"https:\/\/kraftwerk-shop.cc\/es\/wp-json\/wp\/v2\/media?parent=68349983"}],"wp:term":[{"taxonomy":"product_brand","embeddable":true,"href":"https:\/\/kraftwerk-shop.cc\/es\/wp-json\/wp\/v2\/product_brand?post=68349983"},{"taxonomy":"product_cat","embeddable":true,"href":"https:\/\/kraftwerk-shop.cc\/es\/wp-json\/wp\/v2\/product_cat?post=68349983"},{"taxonomy":"product_tag","embeddable":true,"href":"https:\/\/kraftwerk-shop.cc\/es\/wp-json\/wp\/v2\/product_tag?post=68349983"}],"curies":[{"name":"wp","href":"https:\/\/api.w.org\/{rel}","templated":true}]}}