{"id":68350170,"date":"2025-09-28T01:31:31","date_gmt":"2025-09-27T23:31:31","guid":{"rendered":"https:\/\/kraftwerk-shop.cc\/?post_type=product&#038;p=68350170"},"modified":"2026-02-15T01:24:13","modified_gmt":"2026-02-15T00:24:13","slug":"afe-intake-50-70120r-ram-30-so","status":"publish","type":"product","link":"https:\/\/kraftwerk-shop.cc\/es\/produkt\/afe-intake-50-70120r-ram-30-so\/","title":{"rendered":"aFe Momentum GT Admisi\u00f3n de Aire Fr\u00edo RAM 3.0"},"content":{"rendered":"<h1>aFe POWER 50-70120R Sistema de admisi\u00f3n de aire fr\u00edo Momentum GT para RAM 1500 3.0 (SO)<\/h1>\n<p>&nbsp;<\/p>\n<p><strong>Vivienda \u00fanica<\/strong><br \/>\nLa carcasa dise\u00f1ada con CAD y fabricada con material resistente al calor garantiza la temperatura de entrada m\u00e1s baja posible.<br \/>\nLa carcasa moldeada por rotaci\u00f3n es de polietileno reticulado negro.<\/p>\n<p><strong>Colector de admisi\u00f3n<\/strong><br \/>\nEste sistema utiliza un colector de admisi\u00f3n dise\u00f1ado en CAD, desarrollado en el banco de pruebas y fabricado mediante un proceso rotativo, para garantizar el mayor aumento posible del rendimiento con un ajuste perfecto.<\/p>\n<p><strong>Filtro de aire grande de 5 capas<\/strong><br \/>\nEl sistema de admisi\u00f3n aFe Momentum GT ha sido dise\u00f1ado alrededor del filtro de aire m\u00e1s grande posible para maximizar la eficiencia de filtraci\u00f3n y el rendimiento.<br \/>\nEl filtro c\u00f3nico de 8 pulgadas de altura tiene una brida s\u00f3lida de 5,5 pulgadas.<br \/>\nEl filtro de aire Pro 5R Performance consta de 5 capas de material filtrante de algod\u00f3n de malla progresivamente m\u00e1s tupida, que se humedece con un aceite filtrante especial y puede lavarse.<\/p>\n<p><strong>Material de instalaci\u00f3n de alta calidad<\/strong><br \/>\nLas abrazaderas de tornillo sin fin de acero inoxidable y la manguera de silicona reforzada garantizan estabilidad y durabilidad, as\u00ed como una instalaci\u00f3n segura y sencilla. Los sistemas de admisi\u00f3n Momentum est\u00e1n dise\u00f1ados con el menor n\u00famero posible de piezas individuales para garantizar una instalaci\u00f3n r\u00e1pida y sencilla.<\/p>\n<p>&nbsp;<\/p>\n<p><strong>detalles<\/strong><\/p>\n<p>- + 23 CV, + 58 NM de aumento de potencia m\u00e1xima<br \/>\n- 36% m\u00e1s caudal que el filtro de aire est\u00e1ndar<br \/>\n- Colector de admisi\u00f3n desarrollado en CAD<br \/>\n- Carcasa de una sola pieza cerrada por arriba con mirilla incorporada<br \/>\n- Filtro de aire Pro 10R preengrasado, lavable y reutilizable para un rendimiento m\u00e1ximo<br \/>\n- Dise\u00f1o exclusivo de la carcasa del filtro<br \/>\n- Ajuste perfecto, no es necesario taladrar ni cortar las piezas originales<\/p>\n<p>&nbsp;<\/p>\n<p><strong>Adecuado para:<\/strong><\/p>\n<table width=\"806\">\n<tbody>\n<tr>\n<td width=\"105\"><strong>A\u00f1o de construcci\u00f3n<\/strong><\/td>\n<td width=\"199\"><strong>Marca<\/strong><\/td>\n<td width=\"199\"><strong>Modelo<\/strong><\/td>\n<td width=\"222\"><strong>Motor<\/strong><\/td>\n<td width=\"81\"><strong>Variante<\/strong><\/td>\n<\/tr>\n<tr>\n<td width=\"105\">2025-2025<\/td>\n<td width=\"199\">RAM<\/td>\n<td width=\"199\">1500<\/td>\n<td width=\"222\">3.0L TT Hurricane<\/td>\n<td width=\"81\">SO<\/td>\n<\/tr>\n<\/tbody>\n<\/table>\n<p><strong><br \/>\nNota:<\/strong><\/p>\n<p>Este sistema de admisi\u00f3n de aire Momentum GT NO se ajusta al RAM 1500 RHO.<br \/>\nV\u00e9ase <a href=\"https:\/\/kraftwerk-shop.cc\/es\/producto\/afe-carbon-intake-ram-1500-30-rho\/\" target=\"_blank\" rel=\"noopener\">57-10032<\/a> Sistemas de admisi\u00f3n de aire para el RAM 1500 RHO.<\/p>","protected":false},"excerpt":{"rendered":"<p>Standard Output<\/p>","protected":false},"featured_media":68350172,"comment_status":"open","ping_status":"closed","template":"","meta":{"_acf_changed":false},"product_brand":[16879],"product_cat":[19390],"product_tag":[475,89,19138,19132,16880,498,2441,826,824,825,476,15667,50,20273,57,822,86,19139,500,19140,5276,19133],"class_list":{"0":"post-68350170","1":"product","2":"type-product","3":"status-publish","4":"has-post-thumbnail","6":"product_brand-afe-power","7":"product_cat-1500-30-ansaugung","8":"product_tag-475","9":"product_tag-3-0","10":"product_tag-3-0l-tt-hurricane","11":"product_tag-50-70120r","12":"product_tag-advanced-flow-engineering","13":"product_tag-afe","14":"product_tag-afe-power","15":"product_tag-ansaugung","16":"product_tag-cai","17":"product_tag-cold-air-intake","18":"product_tag-dt","19":"product_tag-hurricane","20":"product_tag-jeep","21":"product_tag-keintuev","22":"product_tag-luftfilter","23":"product_tag-momentum","24":"product_tag-ram","25":"product_tag-so","26":"product_tag-sportluftfilter","27":"product_tag-standard-output","28":"product_tag-wagoneer","29":"product_tag-wagoneer-l","31":"first","32":"instock","33":"taxable","34":"shipping-taxable","35":"purchasable","36":"product-type-simple"},"bundled_by":[],"bundle_stock_status":"instock","bundle_stock_quantity":1,"bundle_virtual":false,"bundle_layout":"","bundle_add_to_cart_form_location":"","bundle_editable_in_cart":false,"bundle_sold_individually_context":"","bundle_item_grouping":"","bundle_min_size":"","bundle_max_size":"","bundle_price":[],"bundled_items":[],"bundle_sell_ids":[],"exclude_global_add_ons":[],"addons":[],"acf":[],"_links":{"self":[{"href":"https:\/\/kraftwerk-shop.cc\/es\/wp-json\/wp\/v2\/product\/68350170","targetHints":{"allow":["GET"]}}],"collection":[{"href":"https:\/\/kraftwerk-shop.cc\/es\/wp-json\/wp\/v2\/product"}],"about":[{"href":"https:\/\/kraftwerk-shop.cc\/es\/wp-json\/wp\/v2\/types\/product"}],"replies":[{"embeddable":true,"href":"https:\/\/kraftwerk-shop.cc\/es\/wp-json\/wp\/v2\/comments?post=68350170"}],"version-history":[{"count":0,"href":"https:\/\/kraftwerk-shop.cc\/es\/wp-json\/wp\/v2\/product\/68350170\/revisions"}],"wp:featuredmedia":[{"embeddable":true,"href":"https:\/\/kraftwerk-shop.cc\/es\/wp-json\/wp\/v2\/media\/68350172"}],"wp:attachment":[{"href":"https:\/\/kraftwerk-shop.cc\/es\/wp-json\/wp\/v2\/media?parent=68350170"}],"wp:term":[{"taxonomy":"product_brand","embeddable":true,"href":"https:\/\/kraftwerk-shop.cc\/es\/wp-json\/wp\/v2\/product_brand?post=68350170"},{"taxonomy":"product_cat","embeddable":true,"href":"https:\/\/kraftwerk-shop.cc\/es\/wp-json\/wp\/v2\/product_cat?post=68350170"},{"taxonomy":"product_tag","embeddable":true,"href":"https:\/\/kraftwerk-shop.cc\/es\/wp-json\/wp\/v2\/product_tag?post=68350170"}],"curies":[{"name":"wp","href":"https:\/\/api.w.org\/{rel}","templated":true}]}}