{"id":68350181,"date":"2025-09-28T01:51:50","date_gmt":"2025-09-27T23:51:50","guid":{"rendered":"https:\/\/kraftwerk-shop.cc\/?post_type=product&#038;p=68350181"},"modified":"2026-02-15T01:24:18","modified_gmt":"2026-02-15T00:24:18","slug":"afe-carbon-intake-ram-1500-30-rho","status":"publish","type":"product","link":"https:\/\/kraftwerk-shop.cc\/es\/produkt\/afe-carbon-intake-ram-1500-30-rho\/","title":{"rendered":"aFe Track Series Sistema de Admisi\u00f3n de Aire Fr\u00edo de Carbono RAM 1500 3.0 RHO"},"content":{"rendered":"<h1>aFe POWER 57-10032K Sistema de admisi\u00f3n de aire fr\u00edo de carbono Track Series para RAM 1500 3.0 RHO con filtro de aire negro<\/h1>\n<h4>Dise\u00f1ado desde cero para el 2025 RAM 1500 RHO, el sistema de admisi\u00f3n de aire aFe POWER Track Series ofrece un rendimiento sin concesiones, materiales de \u00faltima generaci\u00f3n y ajuste a nivel de f\u00e1brica. Este sistema de admisi\u00f3n est\u00e1 dise\u00f1ado espec\u00edficamente para aprovechar todo el potencial de su motor Hurricane de alto rendimiento con un mayor flujo de aire, una est\u00e9tica mejorada bajo el cap\u00f3 y una reducci\u00f3n de peso.<\/h4>\n<p>&nbsp;<\/p>\n<p><strong>Carcasa XLPE<\/strong><br \/>\nEl filtro de aire est\u00e1 protegido por una carcasa especialmente moldeada de polietileno reticulado (XLPE), que garantiza una excelente resistencia al calor y una larga vida \u00fatil.<br \/>\nLa carcasa protege el filtro del aire caliente del compartimento del motor y garantiza que el aire fr\u00edo y denso se canalice directamente al sistema de admisi\u00f3n, mejorando la respuesta del acelerador y el rendimiento general.<br \/>\nSe puede instalar limpiamente en la posici\u00f3n de f\u00e1brica sin modificaciones. La guarnici\u00f3n de la junta de f\u00e1brica se transfiere sin problemas a la carcasa aFe POWER para un acabado limpio al estilo de f\u00e1brica.<\/p>\n<p><strong>Colector de admisi\u00f3n ligero de fibra de carbono<\/strong><br \/>\nLa admisi\u00f3n de aire fr\u00edo Track Series cuenta con un colector de admisi\u00f3n de fibra de carbono 100 % que es a la vez ligero y resistente, optimizando el flujo de aire a su motor al tiempo que reduce la acumulaci\u00f3n de calor.<br \/>\nCon un peso de 2,5 KG menos que el sistema de f\u00e1brica -una reducci\u00f3n de peso de 38 %-, esta admisi\u00f3n no s\u00f3lo mejora el rendimiento, sino que tambi\u00e9n contribuye al ahorro de peso de todo el veh\u00edculo.<br \/>\nLa geometr\u00eda precisa del tubo se adapta al compartimento del motor del RHO y puede integrarse a la perfecci\u00f3n. Est\u00e1 fabricado en fibra de carbono trenzada y tiene un elegante revestimiento mate. Esto hace que combine perfectamente con el revestimiento de serie bajo el cap\u00f3 y confiere al compartimento del motor de su RHO un toque de alta calidad inspirado en el automovilismo.<\/p>\n<p><strong>Filtro de aire grande de 5 capas<\/strong><br \/>\nEn el coraz\u00f3n de este sistema se encuentra un filtro de aire c\u00f3nico de alto flujo especialmente dise\u00f1ado y desarrollado exclusivamente para la plataforma RHO. Con su gran dise\u00f1o de flujo radial de 360 grados y pliegues profundos, este filtro proporciona la m\u00e1xima superficie para atrapar los desechos al tiempo que garantiza un flujo de aire sin obstrucciones. Fabricado con el material Black Pro 5R preengrasado de aFe POWER con cinco capas de gasa de algod\u00f3n progresivamente m\u00e1s fina para un m\u00e1ximo rendimiento. Proporciona a su motor la mayor cantidad de aire de alto flujo y ofrece las mayores ganancias de rendimiento en la mayor\u00eda de los casos. Este medio es perfecto para la calle y \/ o pista de uso.<\/p>\n<p><strong>Material de instalaci\u00f3n de alta calidad<\/strong><br \/>\nLas abrazaderas de tornillo sin fin de acero inoxidable negro y una manguera de silicona reforzada garantizan estabilidad y durabilidad, as\u00ed como una instalaci\u00f3n segura y sencilla. Los sistemas de admisi\u00f3n Momentum est\u00e1n dise\u00f1ados con el menor n\u00famero posible de piezas individuales para garantizar una instalaci\u00f3n r\u00e1pida y sencilla.<\/p>\n<p>&nbsp;<\/p>\n<p><strong>detalles<\/strong><\/p>\n<p>- + 19 CV, + 42 NM de aumento de potencia m\u00e1xima<br \/>\n- 43% m\u00e1s caudal que el filtro de aire est\u00e1ndar<br \/>\n- Colector de admisi\u00f3n de carbono desarrollado en CAD<br \/>\n- El dise\u00f1o abierto acent\u00faa el filtro de aire y garantiza un ruido de admisi\u00f3n agresivo<br \/>\n- Filtro de aire Black Pro 5R preengrasado, lavable y reutilizable para un rendimiento m\u00e1ximo<br \/>\n- Ajuste perfecto, no es necesario taladrar ni cortar las piezas originales<\/p>\n<p>&nbsp;<\/p>\n<p><strong>Adecuado para:<\/strong><\/p>\n<table style=\"height: 48px;\" width=\"806\">\n<tbody>\n<tr style=\"height: 24px;\">\n<td style=\"height: 24px; width: 103px;\"><strong>A\u00f1o de construcci\u00f3n<\/strong><\/td>\n<td style=\"height: 24px; width: 188.1px;\"><strong>Marca<\/strong><\/td>\n<td style=\"height: 24px; width: 188.383px;\"><strong>Modelo<\/strong><\/td>\n<td style=\"height: 24px; width: 210.8px;\"><strong>Motor<\/strong><\/td>\n<td style=\"height: 24px; width: 80.3167px;\"><strong>Variante<\/strong><\/td>\n<\/tr>\n<tr style=\"height: 24px;\">\n<td style=\"height: 24px; width: 103px;\">2025-2025<\/td>\n<td style=\"height: 24px; width: 188.1px;\">RAM<\/td>\n<td style=\"height: 24px; width: 188.383px;\">1500<\/td>\n<td style=\"height: 24px; width: 210.8px;\">3.0L TT Hurricane<\/td>\n<td style=\"height: 24px; width: 80.3167px;\">RHO<\/td>\n<\/tr>\n<\/tbody>\n<\/table>\n<p><strong><br \/>\nNota:<\/strong><\/p>\n<p>Este sistema s\u00f3lo es adecuado para RAM 1500 RHO.<\/p>","protected":false},"excerpt":{"rendered":"<p>High Output<\/p>","protected":false},"featured_media":68350187,"comment_status":"open","ping_status":"closed","template":"","meta":{"_acf_changed":false},"product_brand":[16879],"product_cat":[19390],"product_tag":[475,89,10815,19135,16880,498,2441,826,824,825,476,19137,15667,20273,57,822,86,19136,500],"class_list":{"0":"post-68350181","1":"product","2":"type-product","3":"status-publish","4":"has-post-thumbnail","6":"product_brand-afe-power","7":"product_cat-1500-30-ansaugung","8":"product_tag-475","9":"product_tag-3-0","10":"product_tag-30-tt-hurricane","11":"product_tag-57-10032k","12":"product_tag-advanced-flow-engineering","13":"product_tag-afe","14":"product_tag-afe-power","15":"product_tag-ansaugung","16":"product_tag-cai","17":"product_tag-cold-air-intake","18":"product_tag-dt","19":"product_tag-hurri","20":"product_tag-hurricane","21":"product_tag-keintuev","22":"product_tag-luftfilter","23":"product_tag-momentum","24":"product_tag-ram","25":"product_tag-rho","26":"product_tag-sportluftfilter","27":"product_shipping_class-deutschlandohne","29":"first","30":"instock","31":"taxable","32":"shipping-taxable","33":"purchasable","34":"product-type-simple"},"bundled_by":[],"bundle_stock_status":"instock","bundle_stock_quantity":1,"bundle_virtual":false,"bundle_layout":"","bundle_add_to_cart_form_location":"","bundle_editable_in_cart":false,"bundle_sold_individually_context":"","bundle_item_grouping":"","bundle_min_size":"","bundle_max_size":"","bundle_price":[],"bundled_items":[],"bundle_sell_ids":[],"exclude_global_add_ons":[],"addons":[],"acf":[],"_links":{"self":[{"href":"https:\/\/kraftwerk-shop.cc\/es\/wp-json\/wp\/v2\/product\/68350181","targetHints":{"allow":["GET"]}}],"collection":[{"href":"https:\/\/kraftwerk-shop.cc\/es\/wp-json\/wp\/v2\/product"}],"about":[{"href":"https:\/\/kraftwerk-shop.cc\/es\/wp-json\/wp\/v2\/types\/product"}],"replies":[{"embeddable":true,"href":"https:\/\/kraftwerk-shop.cc\/es\/wp-json\/wp\/v2\/comments?post=68350181"}],"version-history":[{"count":0,"href":"https:\/\/kraftwerk-shop.cc\/es\/wp-json\/wp\/v2\/product\/68350181\/revisions"}],"wp:featuredmedia":[{"embeddable":true,"href":"https:\/\/kraftwerk-shop.cc\/es\/wp-json\/wp\/v2\/media\/68350187"}],"wp:attachment":[{"href":"https:\/\/kraftwerk-shop.cc\/es\/wp-json\/wp\/v2\/media?parent=68350181"}],"wp:term":[{"taxonomy":"product_brand","embeddable":true,"href":"https:\/\/kraftwerk-shop.cc\/es\/wp-json\/wp\/v2\/product_brand?post=68350181"},{"taxonomy":"product_cat","embeddable":true,"href":"https:\/\/kraftwerk-shop.cc\/es\/wp-json\/wp\/v2\/product_cat?post=68350181"},{"taxonomy":"product_tag","embeddable":true,"href":"https:\/\/kraftwerk-shop.cc\/es\/wp-json\/wp\/v2\/product_tag?post=68350181"}],"curies":[{"name":"wp","href":"https:\/\/api.w.org\/{rel}","templated":true}]}}