{"id":68350212,"date":"2025-09-28T18:12:17","date_gmt":"2025-09-28T16:12:17","guid":{"rendered":"https:\/\/kraftwerk-shop.cc\/?post_type=product&#038;p=68350212"},"modified":"2026-02-15T01:24:14","modified_gmt":"2026-02-15T00:24:14","slug":"afe-admision-grand-wagoneer-64","status":"publish","type":"product","link":"https:\/\/kraftwerk-shop.cc\/es\/produkt\/afe-intake-grand-wagoneer-64\/","title":{"rendered":"aFe Momentum GT Admisi\u00f3n de Aire Fr\u00edo Grand Wagoneer 6.4"},"content":{"rendered":"<h1>aFe POWER 50-70111R Sistema de admisi\u00f3n de aire fr\u00edo Momentum GT para Jeep Grand Wagoneer 6.4<\/h1>\n<p>&nbsp;<\/p>\n<p><strong>Vivienda \u00fanica<\/strong><br \/>\nLa carcasa dise\u00f1ada con CAD y fabricada con material resistente al calor garantiza la temperatura de entrada m\u00e1s baja posible.<br \/>\nLa carcasa moldeada por rotaci\u00f3n es de polietileno reticulado negro.<\/p>\n<p><strong>Colector de admisi\u00f3n<\/strong><br \/>\nEste sistema utiliza un colector de admisi\u00f3n dise\u00f1ado en CAD, desarrollado en el banco de pruebas y fabricado mediante un proceso rotativo, para garantizar el mayor aumento posible del rendimiento con un ajuste perfecto.<\/p>\n<p><strong>Filtro de aire grande de 5 capas<\/strong><br \/>\nEl sistema de admisi\u00f3n aFe Momentum GT ha sido dise\u00f1ado alrededor del filtro de aire m\u00e1s grande posible para maximizar la eficiencia de filtraci\u00f3n y el rendimiento.<br \/>\nEl filtro de aire Pro 5R Performance de 9 pulgadas de alto consta de 5 capas de material filtrante de algod\u00f3n de malla progresivamente m\u00e1s apretada, que se humedece con un aceite filtrante especial y puede lavarse.<\/p>\n<p><strong>Material de instalaci\u00f3n de alta calidad<\/strong><br \/>\nLas abrazaderas de tornillo sin fin de acero inoxidable y la manguera de silicona reforzada garantizan estabilidad y durabilidad, as\u00ed como una instalaci\u00f3n segura y sencilla. Los sistemas de admisi\u00f3n Momentum est\u00e1n dise\u00f1ados con el menor n\u00famero posible de piezas individuales para garantizar una instalaci\u00f3n r\u00e1pida y sencilla.<\/p>\n<p>&nbsp;<\/p>\n<p><strong>detalles<\/strong><\/p>\n<p>- + 13 CV, + 21 NM de aumento de potencia m\u00e1xima<br \/>\n- 18% m\u00e1s caudal que el filtro de aire est\u00e1ndar<br \/>\n- Colector de admisi\u00f3n desarrollado en CAD<br \/>\n- Carcasa de una sola pieza cerrada por arriba con mirilla incorporada<br \/>\n- Filtro de aire Pro 10R preengrasado, lavable y reutilizable para un rendimiento m\u00e1ximo<br \/>\n- Dise\u00f1o exclusivo de la carcasa del filtro<br \/>\n- Ajuste perfecto, no es necesario taladrar ni cortar las piezas originales<\/p>\n<p>&nbsp;<\/p>\n<p><strong>Adecuado para:<\/strong><\/p>\n<table width=\"497\">\n<tbody>\n<tr>\n<td width=\"81\"><strong>A\u00f1o de construcci\u00f3n<\/strong><\/td>\n<td width=\"81\"><strong>Marca<\/strong><\/td>\n<td width=\"192\"><strong>Modelo<\/strong><\/td>\n<td width=\"143\"><strong>Motor<\/strong><\/td>\n<\/tr>\n<tr>\n<td>2022-2023<\/td>\n<td width=\"81\">Jeep<\/td>\n<td width=\"192\">Grand Wagoneer<\/td>\n<td width=\"143\">V8-6.4L<\/td>\n<\/tr>\n<\/tbody>\n<\/table>\n<p>&nbsp;<\/p>","protected":false},"excerpt":{"rendered":"<p>aFe POWER 50-70111R Momentum GT Cold Air Intake System f\u00fcr Jeep Grand Wagoneer 6.4 &nbsp; Einzigartiges Geh\u00e4use Durch das CAD<\/p>","protected":false},"featured_media":68350215,"comment_status":"open","ping_status":"closed","template":"","meta":{"_acf_changed":false},"product_brand":[16879],"product_cat":[6784],"product_tag":[19223,19143,93,16880,498,2441,826,824,825,6545,19134,50,20273,57,822,500,5276,19133],"class_list":{"0":"post-68350212","1":"product","2":"type-product","3":"status-publish","4":"has-post-thumbnail","6":"product_brand-afe-power","7":"product_cat-wagoneer-64-ansaugung","8":"product_tag-28-10283","9":"product_tag-50-70111r","10":"product_tag-6-4","11":"product_tag-advanced-flow-engineering","12":"product_tag-afe","13":"product_tag-afe-power","14":"product_tag-ansaugung","15":"product_tag-cai","16":"product_tag-cold-air-intake","17":"product_tag-grand-wagoneer","18":"product_tag-grand-wagoneer-l","19":"product_tag-jeep","20":"product_tag-keintuev","21":"product_tag-luftfilter","22":"product_tag-momentum","23":"product_tag-sportluftfilter","24":"product_tag-wagoneer","25":"product_tag-wagoneer-l","27":"first","28":"instock","29":"taxable","30":"shipping-taxable","31":"purchasable","32":"product-type-simple"},"bundled_by":[],"bundle_stock_status":"instock","bundle_stock_quantity":1,"bundle_virtual":false,"bundle_layout":"","bundle_add_to_cart_form_location":"","bundle_editable_in_cart":false,"bundle_sold_individually_context":"","bundle_item_grouping":"","bundle_min_size":"","bundle_max_size":"","bundle_price":[],"bundled_items":[],"bundle_sell_ids":[],"exclude_global_add_ons":[],"addons":[],"acf":[],"_links":{"self":[{"href":"https:\/\/kraftwerk-shop.cc\/es\/wp-json\/wp\/v2\/product\/68350212","targetHints":{"allow":["GET"]}}],"collection":[{"href":"https:\/\/kraftwerk-shop.cc\/es\/wp-json\/wp\/v2\/product"}],"about":[{"href":"https:\/\/kraftwerk-shop.cc\/es\/wp-json\/wp\/v2\/types\/product"}],"replies":[{"embeddable":true,"href":"https:\/\/kraftwerk-shop.cc\/es\/wp-json\/wp\/v2\/comments?post=68350212"}],"version-history":[{"count":0,"href":"https:\/\/kraftwerk-shop.cc\/es\/wp-json\/wp\/v2\/product\/68350212\/revisions"}],"wp:featuredmedia":[{"embeddable":true,"href":"https:\/\/kraftwerk-shop.cc\/es\/wp-json\/wp\/v2\/media\/68350215"}],"wp:attachment":[{"href":"https:\/\/kraftwerk-shop.cc\/es\/wp-json\/wp\/v2\/media?parent=68350212"}],"wp:term":[{"taxonomy":"product_brand","embeddable":true,"href":"https:\/\/kraftwerk-shop.cc\/es\/wp-json\/wp\/v2\/product_brand?post=68350212"},{"taxonomy":"product_cat","embeddable":true,"href":"https:\/\/kraftwerk-shop.cc\/es\/wp-json\/wp\/v2\/product_cat?post=68350212"},{"taxonomy":"product_tag","embeddable":true,"href":"https:\/\/kraftwerk-shop.cc\/es\/wp-json\/wp\/v2\/product_tag?post=68350212"}],"curies":[{"name":"wp","href":"https:\/\/api.w.org\/{rel}","templated":true}]}}