{"id":68350437,"date":"2025-10-04T15:43:31","date_gmt":"2025-10-04T13:43:31","guid":{"rendered":"https:\/\/kraftwerk-shop.cc\/?post_type=product&#038;p=68350437"},"modified":"2026-02-15T01:24:36","modified_gmt":"2026-02-15T00:24:36","slug":"filtro-de-aire-afe-magnum-flow-24-90120","status":"publish","type":"product","link":"https:\/\/kraftwerk-shop.cc\/es\/produkt\/afe-magnum-flow-luftfilter-24-90120\/","title":{"rendered":"aFe Magnum FLOW Filtro de aire de recambio 24-90120"},"content":{"rendered":"<div class=\"description std\">\n<h1>aFe Magnum FLOW Pro 5R Filtro de aire de repuesto 24-90120 adecuado para aFe 57-10014R &amp; 54-13063R<\/h1>\n<\/div>\n<p>&nbsp;<\/p>\n<p>Con cinco capas de tejido de algod\u00f3n progresivamente m\u00e1s fino entre una superficie superior y una inferior de poliuretano 100 %, este filtro c\u00f3nico invertido \"engrasado\" de alto rendimiento garantiza un excelente flujo de aire para obtener la m\u00e1xima potencia y par motor.<br \/>\nLos pliegues altos, abiertos y uniformemente espaciados son lavables y reutilizables y ofrecen una excelente capacidad de retenci\u00f3n del polvo para prolongar los intervalos de mantenimiento entre limpiezas.<br \/>\nLa brida flexible de poliuretano con esp\u00e1rragos integrados garantiza un cierre herm\u00e9tico y sin fugas durante toda la vida \u00fatil del filtro.<\/p>\n<p>&nbsp;<\/p>\n<p><strong>Propiedades:<\/strong><\/p>\n<ul>\n<li>(6-1\/8\u00d74-1\/8) IN F x (9-1\/4\u00d77-1\/4) IN W x (6\u00d74) IN D x 7 IN H<\/li>\n<\/ul>\n<p>&nbsp;<\/p>\n<p><strong>Volumen de suministro:<\/strong><\/p>\n<ul>\n<li>1 filtro de aire aFe 24-90120<\/li>\n<\/ul>\n<p>&nbsp;<\/p>","protected":false},"excerpt":{"rendered":"<p>aFe Magnum FLOW Pro 5R Filtro de aire de repuesto 24-90120 adecuado para aFe 57-10014R &amp; 54-13063R Con cinco capas de material de filtro de aire cada vez m\u00e1s fino<\/p>","protected":false},"featured_media":68350439,"comment_status":"open","ping_status":"closed","template":"","meta":{"_acf_changed":false},"product_brand":[16879],"product_cat":[2520,2518],"product_tag":[19172,2743,2438,16880,498,9538,2441,9542,8515,502,2393,36,57,8665,9567,8653,9548,9558,503,55,9539,2394,9540,500,501,698],"class_list":{"0":"post-68350437","1":"product","2":"type-product","3":"status-publish","4":"has-post-thumbnail","6":"product_brand-afe-power","7":"product_cat-durango-64-ansaugung","8":"product_cat-grand-cherokee-64-ansaugung","9":"product_tag-24-90120","10":"product_tag-54-13063r","11":"product_tag-57-10014r","12":"product_tag-advanced-flow-engineering","13":"product_tag-afe","14":"product_tag-afe-luftfilter","15":"product_tag-afe-power","16":"product_tag-baumwollgewebe","17":"product_tag-ersatzfilter","18":"product_tag-filtereinsatz","19":"product_tag-flow","20":"product_tag-kraftwerk","21":"product_tag-luftfilter","22":"product_tag-luftfilter-ersatz","23":"product_tag-luftfilter-ersatzteile","24":"product_tag-luftfilter-kaufen","25":"product_tag-luftfilter-upgrade","26":"product_tag-luftfilter-zubehoer","27":"product_tag-luftfiltereinsatz","28":"product_tag-magnum","29":"product_tag-magnum-flow","30":"product_tag-pro","31":"product_tag-pro-5r","32":"product_tag-sportluftfilter","33":"product_tag-tauschfilter","34":"product_tag-wiederverwendbar","36":"first","37":"instock","38":"taxable","39":"shipping-taxable","40":"purchasable","41":"product-type-simple"},"bundled_by":[],"bundle_stock_status":"instock","bundle_stock_quantity":1,"bundle_virtual":false,"bundle_layout":"","bundle_add_to_cart_form_location":"","bundle_editable_in_cart":false,"bundle_sold_individually_context":"","bundle_item_grouping":"","bundle_min_size":"","bundle_max_size":"","bundle_price":[],"bundled_items":[],"bundle_sell_ids":[],"exclude_global_add_ons":[],"addons":[],"acf":[],"_links":{"self":[{"href":"https:\/\/kraftwerk-shop.cc\/es\/wp-json\/wp\/v2\/product\/68350437","targetHints":{"allow":["GET"]}}],"collection":[{"href":"https:\/\/kraftwerk-shop.cc\/es\/wp-json\/wp\/v2\/product"}],"about":[{"href":"https:\/\/kraftwerk-shop.cc\/es\/wp-json\/wp\/v2\/types\/product"}],"replies":[{"embeddable":true,"href":"https:\/\/kraftwerk-shop.cc\/es\/wp-json\/wp\/v2\/comments?post=68350437"}],"version-history":[{"count":0,"href":"https:\/\/kraftwerk-shop.cc\/es\/wp-json\/wp\/v2\/product\/68350437\/revisions"}],"wp:featuredmedia":[{"embeddable":true,"href":"https:\/\/kraftwerk-shop.cc\/es\/wp-json\/wp\/v2\/media\/68350439"}],"wp:attachment":[{"href":"https:\/\/kraftwerk-shop.cc\/es\/wp-json\/wp\/v2\/media?parent=68350437"}],"wp:term":[{"taxonomy":"product_brand","embeddable":true,"href":"https:\/\/kraftwerk-shop.cc\/es\/wp-json\/wp\/v2\/product_brand?post=68350437"},{"taxonomy":"product_cat","embeddable":true,"href":"https:\/\/kraftwerk-shop.cc\/es\/wp-json\/wp\/v2\/product_cat?post=68350437"},{"taxonomy":"product_tag","embeddable":true,"href":"https:\/\/kraftwerk-shop.cc\/es\/wp-json\/wp\/v2\/product_tag?post=68350437"}],"curies":[{"name":"wp","href":"https:\/\/api.w.org\/{rel}","templated":true}]}}