{"id":68350511,"date":"2025-10-04T18:11:54","date_gmt":"2025-10-04T16:11:54","guid":{"rendered":"https:\/\/kraftwerk-shop.cc\/?post_type=product&#038;p=68350511"},"modified":"2026-02-23T14:36:49","modified_gmt":"2026-02-23T13:36:49","slug":"filtro-de-aire-afe-magnum-flow-24-91072","status":"publish","type":"product","link":"https:\/\/kraftwerk-shop.cc\/es\/produkt\/afe-magnum-flow-luftfilter-24-91072\/","title":{"rendered":"aFe Magnum FLOW Filtro de aire de recambio 24-91072"},"content":{"rendered":"<div class=\"description std\">\n<h1>Filtro de aire de recambio aFe Magnum FLOW Pro 5R 24-91072 adecuado para aFe 54-72102 &amp; 54-74103<\/h1>\n<\/div>\n<p>&nbsp;<\/p>\n<p>Con cinco capas de tejido de algod\u00f3n progresivamente m\u00e1s fino entre una superficie superior y una inferior de poliuretano 100 %, este filtro c\u00f3nico invertido \"engrasado\" de alto rendimiento garantiza un excelente flujo de aire para obtener la m\u00e1xima potencia y par motor.<br \/>\nLos pliegues altos, abiertos y uniformemente espaciados son lavables y reutilizables y ofrecen una excelente capacidad de retenci\u00f3n del polvo para prolongar los intervalos de mantenimiento entre limpiezas.<br \/>\nLa brida flexible de poliuretano con esp\u00e1rragos integrados garantiza un cierre herm\u00e9tico y sin fugas durante toda la vida \u00fatil del filtro.<\/p>\n<p>&nbsp;<\/p>\n<p><strong>Propiedades:<\/strong><\/p>\n<ul>\n<li class=\"value\">5F x 8B(INV) x 7T (INV) x 9H<\/li>\n<\/ul>\n<p>&nbsp;<\/p>\n<p><strong>Volumen de suministro:<\/strong><\/p>\n<ul>\n<li>1 filtro de aire aFe 24-91072<\/li>\n<\/ul>\n<p>&nbsp;<\/p>","protected":false},"excerpt":{"rendered":"<p>aFe Magnum FLOW Pro 5R Ersatz-Luftfilter 24-91072 passend f\u00fcr aFe 54-72102 &amp; 54-74103 &nbsp; Mit f\u00fcnf Schichten aus zunehmend feinerem<\/p>","protected":false},"featured_media":68350513,"comment_status":"open","ping_status":"closed","template":"","meta":{"_acf_changed":false},"product_brand":[16879],"product_cat":[3649,3683,3688,3705,3695,1512],"product_tag":[19186,887,3654,16880,498,9538,2441,9542,8515,502,2393,36,57,8665,9567,8653,9548,9558,503,55,9539,2394,9540,500,501,698],"class_list":{"0":"post-68350511","1":"product","2":"type-product","3":"status-publish","4":"has-post-thumbnail","6":"product_brand-afe-power","7":"product_cat-escalade-ansaugung","8":"product_cat-avalanche-ansaugung","9":"product_cat-silverado-ansaugung","10":"product_cat-suburban-ansaugung","11":"product_cat-tahoe-ansaugung","12":"product_cat-1500-57-2009-2018-classic-ansaugung","13":"product_tag-24-91072","14":"product_tag-54-72102","15":"product_tag-54-74103","16":"product_tag-advanced-flow-engineering","17":"product_tag-afe","18":"product_tag-afe-luftfilter","19":"product_tag-afe-power","20":"product_tag-baumwollgewebe","21":"product_tag-ersatzfilter","22":"product_tag-filtereinsatz","23":"product_tag-flow","24":"product_tag-kraftwerk","25":"product_tag-luftfilter","26":"product_tag-luftfilter-ersatz","27":"product_tag-luftfilter-ersatzteile","28":"product_tag-luftfilter-kaufen","29":"product_tag-luftfilter-upgrade","30":"product_tag-luftfilter-zubehoer","31":"product_tag-luftfiltereinsatz","32":"product_tag-magnum","33":"product_tag-magnum-flow","34":"product_tag-pro","35":"product_tag-pro-5r","36":"product_tag-sportluftfilter","37":"product_tag-tauschfilter","38":"product_tag-wiederverwendbar","40":"first","41":"instock","42":"taxable","43":"shipping-taxable","44":"purchasable","45":"product-type-simple"},"bundled_by":[],"bundle_stock_status":"instock","bundle_stock_quantity":1,"bundle_virtual":false,"bundle_layout":"","bundle_add_to_cart_form_location":"","bundle_editable_in_cart":false,"bundle_sold_individually_context":"","bundle_item_grouping":"","bundle_min_size":"","bundle_max_size":"","bundle_price":[],"bundled_items":[],"bundle_sell_ids":[],"exclude_global_add_ons":[],"addons":[],"acf":[],"_links":{"self":[{"href":"https:\/\/kraftwerk-shop.cc\/es\/wp-json\/wp\/v2\/product\/68350511","targetHints":{"allow":["GET"]}}],"collection":[{"href":"https:\/\/kraftwerk-shop.cc\/es\/wp-json\/wp\/v2\/product"}],"about":[{"href":"https:\/\/kraftwerk-shop.cc\/es\/wp-json\/wp\/v2\/types\/product"}],"replies":[{"embeddable":true,"href":"https:\/\/kraftwerk-shop.cc\/es\/wp-json\/wp\/v2\/comments?post=68350511"}],"version-history":[{"count":0,"href":"https:\/\/kraftwerk-shop.cc\/es\/wp-json\/wp\/v2\/product\/68350511\/revisions"}],"wp:featuredmedia":[{"embeddable":true,"href":"https:\/\/kraftwerk-shop.cc\/es\/wp-json\/wp\/v2\/media\/68350513"}],"wp:attachment":[{"href":"https:\/\/kraftwerk-shop.cc\/es\/wp-json\/wp\/v2\/media?parent=68350511"}],"wp:term":[{"taxonomy":"product_brand","embeddable":true,"href":"https:\/\/kraftwerk-shop.cc\/es\/wp-json\/wp\/v2\/product_brand?post=68350511"},{"taxonomy":"product_cat","embeddable":true,"href":"https:\/\/kraftwerk-shop.cc\/es\/wp-json\/wp\/v2\/product_cat?post=68350511"},{"taxonomy":"product_tag","embeddable":true,"href":"https:\/\/kraftwerk-shop.cc\/es\/wp-json\/wp\/v2\/product_tag?post=68350511"}],"curies":[{"name":"wp","href":"https:\/\/api.w.org\/{rel}","templated":true}]}}