{"id":68350791,"date":"2025-10-05T18:03:51","date_gmt":"2025-10-05T16:03:51","guid":{"rendered":"https:\/\/kraftwerk-shop.cc\/?post_type=product&#038;p=68350791"},"modified":"2026-02-23T14:42:30","modified_gmt":"2026-02-23T13:42:30","slug":"afe-protector-de-filtro-de-potencia-28-10153","status":"publish","type":"product","link":"https:\/\/kraftwerk-shop.cc\/es\/produkt\/afe-power-filter-guard-28-10153\/","title":{"rendered":"Prefiltro aFe POWER Filter GUARD 28-10153"},"content":{"rendered":"<div class=\"description std\">\n<h1>aFe Magnum SHIELD prefiltro 28-10153 adecuado para aFe 54-10712<\/h1>\n<\/div>\n<p>&nbsp;<\/p>\n<p>El prefiltro aFe Magnum SHIELD protege de forma \u00f3ptima su filtro de aire de alto rendimiento atrapando part\u00edculas gruesas como hojas, insectos y polvo en el flujo de aire. Esto prolonga los intervalos de limpieza del filtro principal y mantiene el rendimiento de su sistema de admisi\u00f3n de aire a largo plazo.<\/p>\n<p>&nbsp;<\/p>\n<p><strong>Protecci\u00f3n y longevidad<\/strong><br \/>\nEl prefiltro atrapa las part\u00edculas extra\u00f1as gruesas antes que el filtro principal y lo alivia. As\u00ed se prolongan los intervalos de limpieza y el filtro mantiene su eficacia durante m\u00e1s tiempo.<\/p>\n<p><strong>Material de alta calidad<\/strong><br \/>\nFabricado con poli\u00e9ster tejido en seco (dry-weave), que no atrae f\u00e1cilmente el agua ni la suciedad. El tejido tiene un efecto repelente al agua y reduce la acumulaci\u00f3n de dep\u00f3sitos.<\/p>\n<p><strong>F\u00e1cil limpieza<\/strong><br \/>\nEl prefiltro se limpia f\u00e1cilmente con agua y jab\u00f3n, sin necesidad de productos qu\u00edmicos especiales.<\/p>\n<p><strong>Montaje r\u00e1pido<\/strong><br \/>\nGracias a las pr\u00e1cticas leng\u00fcetas de tracci\u00f3n, el prefiltro puede colocarse f\u00e1cilmente en el filtro original. Est\u00e1 fabricado para ajustarse con precisi\u00f3n al sistema de filtrado correspondiente, de modo que pueda fijarse con exactitud.<\/p>\n<p><strong>Rendimiento neutro<\/strong><br \/>\nEl prefiltro apenas afecta al caudal de aire, es decir, sin p\u00e9rdida significativa de rendimiento.<\/p>\n<p>&nbsp;<\/p>\n<p><strong>Volumen de suministro:<\/strong><\/p>\n<ul>\n<li>1 prefiltro aFe 28-10153<\/li>\n<\/ul>\n<p>&nbsp;<\/p>","protected":false},"excerpt":{"rendered":"<p>aFe Magnum SHIELD Vorfilter 28-10153 passend f\u00fcr aFe 54-10712 &nbsp; Der aFe Magnum SHIELD Vorfilter sch\u00fctzt Ihren Hochleistungs-Luftfilter optimal, indem<\/p>","protected":false},"featured_media":68350793,"comment_status":"open","ping_status":"closed","template":"","meta":{"_acf_changed":false},"product_brand":[16879],"product_cat":[2506,2507,2501,2514,2502,2504,2503,2505],"product_tag":[19220,858,16880,498,9538,2441,19210,9542,8515,19211,502,2393,36,57,8665,9567,8653,19209,9548,9558,503,55,9539,19207,19208,2394,9540,500,7637,501,7823,698,673],"class_list":{"0":"post-68350791","1":"product","2":"type-product","3":"status-publish","4":"has-post-thumbnail","6":"product_brand-afe-power","7":"product_cat-300c-57-2005-2010-ansaugung","8":"product_cat-300c-61-ansaugung","9":"product_cat-challenger-57-ansaugung","10":"product_cat-challenger-61-ansaugung","11":"product_cat-charger-57-ansaugung","12":"product_cat-charger-61-ansaugung","13":"product_cat-magnum-57-ansaugung","14":"product_cat-magnum-61-ansaugung","15":"product_tag-28-10153","16":"product_tag-54-10712","17":"product_tag-advanced-flow-engineering","18":"product_tag-afe","19":"product_tag-afe-luftfilter","20":"product_tag-afe-power","21":"product_tag-ansaugsystem-zubehoer","22":"product_tag-baumwollgewebe","23":"product_tag-ersatzfilter","24":"product_tag-filterabdeckung-trockenvorfilter","25":"product_tag-filtereinsatz","26":"product_tag-flow","27":"product_tag-kraftwerk","28":"product_tag-luftfilter","29":"product_tag-luftfilter-ersatz","30":"product_tag-luftfilter-ersatzteile","31":"product_tag-luftfilter-kaufen","32":"product_tag-luftfilter-schmutzschutz","33":"product_tag-luftfilter-upgrade","34":"product_tag-luftfilter-zubehoer","35":"product_tag-luftfiltereinsatz","36":"product_tag-magnum","37":"product_tag-magnum-flow","38":"product_tag-magnum-shield","39":"product_tag-pre-filter","40":"product_tag-pro","41":"product_tag-pro-5r","42":"product_tag-sportluftfilter","43":"product_tag-staubschutz","44":"product_tag-tauschfilter","45":"product_tag-vorfilter","46":"product_tag-wiederverwendbar","47":"product_tag-zubehoer","49":"first","50":"instock","51":"taxable","52":"shipping-taxable","53":"purchasable","54":"product-type-simple"},"bundled_by":[],"bundle_stock_status":"instock","bundle_stock_quantity":2,"bundle_virtual":false,"bundle_layout":"","bundle_add_to_cart_form_location":"","bundle_editable_in_cart":false,"bundle_sold_individually_context":"","bundle_item_grouping":"","bundle_min_size":"","bundle_max_size":"","bundle_price":[],"bundled_items":[],"bundle_sell_ids":[],"exclude_global_add_ons":[],"addons":[],"acf":[],"_links":{"self":[{"href":"https:\/\/kraftwerk-shop.cc\/es\/wp-json\/wp\/v2\/product\/68350791","targetHints":{"allow":["GET"]}}],"collection":[{"href":"https:\/\/kraftwerk-shop.cc\/es\/wp-json\/wp\/v2\/product"}],"about":[{"href":"https:\/\/kraftwerk-shop.cc\/es\/wp-json\/wp\/v2\/types\/product"}],"replies":[{"embeddable":true,"href":"https:\/\/kraftwerk-shop.cc\/es\/wp-json\/wp\/v2\/comments?post=68350791"}],"version-history":[{"count":0,"href":"https:\/\/kraftwerk-shop.cc\/es\/wp-json\/wp\/v2\/product\/68350791\/revisions"}],"wp:featuredmedia":[{"embeddable":true,"href":"https:\/\/kraftwerk-shop.cc\/es\/wp-json\/wp\/v2\/media\/68350793"}],"wp:attachment":[{"href":"https:\/\/kraftwerk-shop.cc\/es\/wp-json\/wp\/v2\/media?parent=68350791"}],"wp:term":[{"taxonomy":"product_brand","embeddable":true,"href":"https:\/\/kraftwerk-shop.cc\/es\/wp-json\/wp\/v2\/product_brand?post=68350791"},{"taxonomy":"product_cat","embeddable":true,"href":"https:\/\/kraftwerk-shop.cc\/es\/wp-json\/wp\/v2\/product_cat?post=68350791"},{"taxonomy":"product_tag","embeddable":true,"href":"https:\/\/kraftwerk-shop.cc\/es\/wp-json\/wp\/v2\/product_tag?post=68350791"}],"curies":[{"name":"wp","href":"https:\/\/api.w.org\/{rel}","templated":true}]}}